{"id":750,"date":"2022-01-14T11:59:53","date_gmt":"2022-01-14T10:59:53","guid":{"rendered":"https:\/\/www.aryup.com\/fr\/?page_id=750"},"modified":"2022-06-08T11:18:02","modified_gmt":"2022-06-08T09:18:02","slug":"google-apps-email","status":"publish","type":"page","link":"https:\/\/www.aryup.com\/fr\/nom-de-domaine\/messagerie-email\/google-apps-email","title":{"rendered":"Google Workspace \u2013 Email"},"content":{"rendered":"\t\t<div data-elementor-type=\"wp-page\" data-elementor-id=\"750\" class=\"elementor elementor-750\">\n\t\t\t\t\t\t<section class=\"elementor-section elementor-top-section elementor-element elementor-element-9678bf0 elementor-section-boxed elementor-section-height-default elementor-section-height-default\" data-id=\"9678bf0\" data-element_type=\"section\">\n\t\t\t\t\t\t<div class=\"elementor-container elementor-column-gap-default\">\n\t\t\t\t\t<div class=\"elementor-column elementor-col-66 elementor-top-column elementor-element elementor-element-5af1ada\" data-id=\"5af1ada\" data-element_type=\"column\">\n\t\t\t<div class=\"elementor-widget-wrap elementor-element-populated\">\n\t\t\t\t\t\t<div class=\"elementor-element elementor-element-4cbe3e8 elementor-widget elementor-widget-spacer\" data-id=\"4cbe3e8\" data-element_type=\"widget\" data-widget_type=\"spacer.default\">\n\t\t\t\t<div class=\"elementor-widget-container\">\n\t\t\t\t\t\t\t<div class=\"elementor-spacer\">\n\t\t\t<div class=\"elementor-spacer-inner\"><\/div>\n\t\t<\/div>\n\t\t\t\t\t\t<\/div>\n\t\t\t\t<\/div>\n\t\t\t\t<div class=\"elementor-element elementor-element-790a7a3 elementor-widget elementor-widget-image\" data-id=\"790a7a3\" data-element_type=\"widget\" data-widget_type=\"image.default\">\n\t\t\t\t<div class=\"elementor-widget-container\">\n\t\t\t\t\t\t\t\t\t\t\t\t\t\t\t<img fetchpriority=\"high\" decoding=\"async\" width=\"300\" height=\"174\" src=\"https:\/\/www.aryup.com\/fr\/wp-content\/uploads\/2022\/02\/workspace-300x174.jpg\" class=\"attachment-medium size-medium wp-image-1964\" alt=\"\" srcset=\"https:\/\/www.aryup.com\/fr\/wp-content\/uploads\/2022\/02\/workspace-300x174.jpg 300w, https:\/\/www.aryup.com\/fr\/wp-content\/uploads\/2022\/02\/workspace.jpg 620w\" sizes=\"(max-width: 300px) 100vw, 300px\" \/>\t\t\t\t\t\t\t\t\t\t\t\t\t\t\t<\/div>\n\t\t\t\t<\/div>\n\t\t\t\t<div class=\"elementor-element elementor-element-18ffec8 elementor-widget elementor-widget-heading\" data-id=\"18ffec8\" data-element_type=\"widget\" data-widget_type=\"heading.default\">\n\t\t\t\t<div class=\"elementor-widget-container\">\n\t\t\t\t\t<h2 class=\"elementor-heading-title elementor-size-default\">Adoptez Google Workspace pour votre Entreprise !<\/h2>\t\t\t\t<\/div>\n\t\t\t\t<\/div>\n\t\t\t\t<div class=\"elementor-element elementor-element-f2c8e89 elementor-widget-divider--view-line elementor-widget elementor-widget-divider\" data-id=\"f2c8e89\" data-element_type=\"widget\" data-widget_type=\"divider.default\">\n\t\t\t\t<div class=\"elementor-widget-container\">\n\t\t\t\t\t\t\t<div class=\"elementor-divider\">\n\t\t\t<span class=\"elementor-divider-separator\">\n\t\t\t\t\t\t<\/span>\n\t\t<\/div>\n\t\t\t\t\t\t<\/div>\n\t\t\t\t<\/div>\n\t\t\t\t<div class=\"elementor-element elementor-element-f8e6177 elementor-widget elementor-widget-text-editor\" data-id=\"f8e6177\" data-element_type=\"widget\" data-widget_type=\"text-editor.default\">\n\t\t\t\t<div class=\"elementor-widget-container\">\n\t\t\t\t\t\t\t\t\t<div class=\"vc_custom_heading cms-custom-heading cms-h2 heading-underline\"><h3 class=\"cms-heading-inner normal \">R\u00e9duisez imm\u00e9diatement vos co\u00fbts de messagerie et de bureautique<\/h3><\/div><div class=\"wpb_text_column wpb_content_element \"><div class=\"wpb_wrapper\"><ul><li>Profitez des avantages du n\u00b01 mondial de la Messagerie, de la Bureautique Collaborative et des Intranets\/Extranets 2.0.<\/li><li>Augmentez votre productivit\u00e9 individuelle et collective pour seulement 50\u20ac \/ utilisateur \/ an<\/li><\/ul><\/div><\/div>\t\t\t\t\t\t\t\t<\/div>\n\t\t\t\t<\/div>\n\t\t\t\t<div class=\"elementor-element elementor-element-71d3d4a elementor-widget elementor-widget-text-editor\" data-id=\"71d3d4a\" data-element_type=\"widget\" data-widget_type=\"text-editor.default\">\n\t\t\t\t<div class=\"elementor-widget-container\">\n\t\t\t\t\t\t\t\t\t<table><tbody><tr><td style=\"background-color: #125c7f;\" colspan=\"4\"><p style=\"text-align: center; color: #fff;\"><b>Aryup votre unique interlocuteur pour Google Workspace<\/b><\/p><\/td><\/tr><tr><td><p style=\"text-align: center;\"><b>Licences G Suite<\/b> et <b>support<\/b> technique<\/p><\/td><td><p style=\"text-align: center;\"><b>D\u00e9ploiement <\/b>et<b> migration <\/b>de votre existant<\/p><\/td><td><p style=\"text-align: center;\"><b>Formation<\/b> et <b>accompagnement<\/b> des utilisateurs<\/p><\/td><td><p style=\"text-align: center;\"><b>D\u00e9veloppement et scripting<\/b> d&rsquo;applications<\/p><\/td><\/tr><\/tbody><\/table>\t\t\t\t\t\t\t\t<\/div>\n\t\t\t\t<\/div>\n\t\t\t\t<div class=\"elementor-element elementor-element-c994035 elementor-widget elementor-widget-text-editor\" data-id=\"c994035\" data-element_type=\"widget\" data-widget_type=\"text-editor.default\">\n\t\t\t\t<div class=\"elementor-widget-container\">\n\t\t\t\t\t\t\t\t\t<p>Google Workspace for Business est la solution de messagerie, de bureautique collaborative et d\u2019intranet 2.0 en ligne de Google, et des dizaines d\u2019entreprises ont d\u00e9j\u00e0 choisi Aryup pour les accompagner dans leur migration vers Google Workspace.<\/p>\t\t\t\t\t\t\t\t<\/div>\n\t\t\t\t<\/div>\n\t\t\t\t<div class=\"elementor-element elementor-element-cc485a9 elementor-widget elementor-widget-spacer\" data-id=\"cc485a9\" data-element_type=\"widget\" data-widget_type=\"spacer.default\">\n\t\t\t\t<div class=\"elementor-widget-container\">\n\t\t\t\t\t\t\t<div class=\"elementor-spacer\">\n\t\t\t<div class=\"elementor-spacer-inner\"><\/div>\n\t\t<\/div>\n\t\t\t\t\t\t<\/div>\n\t\t\t\t<\/div>\n\t\t\t\t<div class=\"elementor-element elementor-element-c2e30d7 elementor-widget elementor-widget-heading\" data-id=\"c2e30d7\" data-element_type=\"widget\" data-widget_type=\"heading.default\">\n\t\t\t\t<div class=\"elementor-widget-container\">\n\t\t\t\t\t<h2 class=\"elementor-heading-title elementor-size-default\">R\u00e9duction des co\u00fbts et am\u00e9lioration de la productivit\u00e9<\/h2>\t\t\t\t<\/div>\n\t\t\t\t<\/div>\n\t\t\t\t<div class=\"elementor-element elementor-element-c8c49fc elementor-widget-divider--view-line elementor-widget elementor-widget-divider\" data-id=\"c8c49fc\" data-element_type=\"widget\" data-widget_type=\"divider.default\">\n\t\t\t\t<div class=\"elementor-widget-container\">\n\t\t\t\t\t\t\t<div class=\"elementor-divider\">\n\t\t\t<span class=\"elementor-divider-separator\">\n\t\t\t\t\t\t<\/span>\n\t\t<\/div>\n\t\t\t\t\t\t<\/div>\n\t\t\t\t<\/div>\n\t\t\t\t<div class=\"elementor-element elementor-element-b3b8ecf elementor-widget elementor-widget-text-editor\" data-id=\"b3b8ecf\" data-element_type=\"widget\" data-widget_type=\"text-editor.default\">\n\t\t\t\t<div class=\"elementor-widget-container\">\n\t\t\t\t\t\t\t\t\t<div class=\"vc_custom_heading cms-custom-heading cms-h2 heading-underline\">\n<h3 class=\"cms-heading-inner normal \"><span style=\"color: #000000; font-family: var( --e-global-typography-text-font-family ), Sans-serif; font-weight: var( --e-global-typography-text-font-weight ); font-size: 1rem;\">Google Workspace c\u2019est aussi :<\/span><\/h3>\n<\/div>\n<div class=\"wpb_text_column wpb_content_element \">\n<div class=\"wpb_wrapper\">\n<ul>\n<li><strong>Une solution adopt\u00e9e massivement<\/strong>&nbsp;: Google Workspace for Business est la solution de messagerie et de bureautique collaborative en ligne de Google. Lanc\u00e9e en 2007, elle a d\u00e9j\u00e0 s\u00e9duit aujourd\u2019hui 3 millions d\u2019entreprises dans le monde, petite ou grandes et plus de 75 millions d\u2019utilisateurs.<\/li>\n<li><strong>Une solution d\u2019acc\u00e8s universel<\/strong>&nbsp;: les applications Google sont accessibles depuis n\u2019importe quel navigateur Web, en toute s\u00e9curit\u00e9, sans n\u00e9cessiter ni installation, ni logiciel sp\u00e9cifique, ni administration, ni maintenance ou mise \u00e0 jour, et int\u00e9grables avec le reste de votre syst\u00e8me d\u2019information.<\/li>\n<li><strong>Une solution peu on\u00e9reuse<\/strong>&nbsp;: la suite de messagerie et de collaboration la moins ch\u00e8re du march\u00e9 tout en offrant le meilleur ratio performance \/ s\u00e9curit\u00e9.<\/li>\n<\/ul>\n<p>Aryup est revendeur autoris\u00e9 et int\u00e9grateur de Google Workspace en France, Europe et Am\u00e9rique du Nord<\/p>\n<p><b>CONTACTEZ-NOUS RAPIDEMENT POUR EVALUER VOTRE PROJET<\/b><\/p>\n<p>ou&nbsp;<a href=\"https:\/\/www.aryup.com\/fr\/nom-de-domaine\/messagerie-email\/google-wordspace-email\/google-workspace-informations-details\/\">cliquez ici<\/a>&nbsp;pour en savoir plus sur Google Workspace<\/p>\n<\/div>\n<\/div>\t\t\t\t\t\t\t\t<\/div>\n\t\t\t\t<\/div>\n\t\t\t\t\t<\/div>\n\t\t<\/div>\n\t\t\t\t<div class=\"elementor-column elementor-col-33 elementor-top-column elementor-element elementor-element-94ff9cb\" data-id=\"94ff9cb\" data-element_type=\"column\">\n\t\t\t<div class=\"elementor-widget-wrap elementor-element-populated\">\n\t\t\t\t\t\t<div class=\"elementor-element elementor-element-f4177b3 elementor-widget elementor-widget-spacer\" data-id=\"f4177b3\" data-element_type=\"widget\" data-widget_type=\"spacer.default\">\n\t\t\t\t<div class=\"elementor-widget-container\">\n\t\t\t\t\t\t\t<div class=\"elementor-spacer\">\n\t\t\t<div class=\"elementor-spacer-inner\"><\/div>\n\t\t<\/div>\n\t\t\t\t\t\t<\/div>\n\t\t\t\t<\/div>\n\t\t\t\t<div class=\"elementor-element elementor-element-804e4ad elementor-widget elementor-widget-heading\" data-id=\"804e4ad\" data-element_type=\"widget\" data-widget_type=\"heading.default\">\n\t\t\t\t<div class=\"elementor-widget-container\">\n\t\t\t\t\t<h2 class=\"elementor-heading-title elementor-size-default\">Messagerie \u2013 Email<\/h2>\t\t\t\t<\/div>\n\t\t\t\t<\/div>\n\t\t\t\t<div class=\"elementor-element elementor-element-5df3a7e elementor-widget-divider--view-line elementor-widget elementor-widget-divider\" data-id=\"5df3a7e\" data-element_type=\"widget\" data-widget_type=\"divider.default\">\n\t\t\t\t<div class=\"elementor-widget-container\">\n\t\t\t\t\t\t\t<div class=\"elementor-divider\">\n\t\t\t<span class=\"elementor-divider-separator\">\n\t\t\t\t\t\t<\/span>\n\t\t<\/div>\n\t\t\t\t\t\t<\/div>\n\t\t\t\t<\/div>\n\t\t\t\t<div class=\"elementor-element elementor-element-b976bfc elementor-widget elementor-widget-sidebar\" data-id=\"b976bfc\" data-element_type=\"widget\" data-widget_type=\"sidebar.default\">\n\t\t\t\t<div class=\"elementor-widget-container\">\n\t\t\t\t\t<div class=\"menu-messagerie-email-container\"><ul id=\"menu-messagerie-email\" class=\"menu\"><li id=\"menu-item-2287\" class=\"menu-item menu-item-type-post_type menu-item-object-page menu-item-has-children menu-item-2287\"><a href=\"https:\/\/www.aryup.com\/fr\/nom-de-domaine\/messagerie-email\">Messagerie \u2013 Email<\/a>\n<ul class=\"sub-menu\">\n\t<li id=\"menu-item-2288\" class=\"menu-item menu-item-type-post_type menu-item-object-page menu-item-2288\"><a href=\"https:\/\/www.aryup.com\/fr\/nom-de-domaine\/messagerie-email\/google-apps-email\/google-apps-informations-details\">Google Workspace Informations \u2013 D\u00e9tails<\/a><\/li>\n\t<li id=\"menu-item-2289\" class=\"menu-item menu-item-type-post_type menu-item-object-page menu-item-2289\"><a href=\"https:\/\/www.aryup.com\/fr\/nom-de-domaine\/messagerie-email\/google-apps-email\">Google Workspace \u2013 Email<\/a><\/li>\n<\/ul>\n<\/li>\n<\/ul><\/div>\t\t\t\t<\/div>\n\t\t\t\t<\/div>\n\t\t\t\t<div class=\"elementor-element elementor-element-00f96c9 elementor-widget elementor-widget-sidebar\" data-id=\"00f96c9\" data-element_type=\"widget\" data-widget_type=\"sidebar.default\">\n\t\t\t\t<div class=\"elementor-widget-container\">\n\t\t\t\t\t<div class=\"textwidget custom-html-widget\"><div style=\"teXt-align:center\">\r\n<a href=\"https:\/\/www.aryup.com\/fr\/demande-d-information\" class=\"elementor-button-link elementor-button elementor-size-sm widget_button\" role=\"button\"><span class=\"elementor-button-content-wrapper\"><span class=\"elementor-button-text\">CONTACTEZ-NOUS GRATUITEMENT<\/span><\/span><\/a>\r\n\r\n<a href=\"https:\/\/www.aryup.com\/fr\/devis\" class=\"elementor-button-link elementor-button elementor-size-sm widget_button\" role=\"button\"><span class=\"elementor-button-content-wrapper\"><span class=\"elementor-button-text\">DEMANDER NOUS UN DEVIS<\/span><\/span><\/a>\r\n\t\t\r\n<\/div>\r\n<\/div>\t\t\t\t<\/div>\n\t\t\t\t<\/div>\n\t\t\t\t\t<\/div>\n\t\t<\/div>\n\t\t\t\t\t<\/div>\n\t\t<\/section>\n\t\t\t\t<\/div>\n\t\t","protected":false},"excerpt":{"rendered":"<p>Adoptez Google Workspace pour votre Entreprise ! R\u00e9duisez imm\u00e9diatement vos co\u00fbts de messagerie et de bureautique Profitez des avantages du n\u00b01 mondial de la Messagerie, de la Bureautique Collaborative et des Intranets\/Extranets 2.0. Augmentez votre productivit\u00e9 individuelle et collective pour seulement 50\u20ac \/ utilisateur \/ an Aryup votre unique interlocuteur pour Google Workspace Licences G [&hellip;]<\/p>\n","protected":false},"author":1,"featured_media":0,"parent":688,"menu_order":0,"comment_status":"closed","ping_status":"closed","template":"","meta":{"footnotes":""},"class_list":["post-750","page","type-page","status-publish","hentry"],"yoast_head":"<!-- This site is optimized with the Yoast SEO plugin v26.9 - https:\/\/yoast.com\/product\/yoast-seo-wordpress\/ -->\n<title>Google Workspace \u2013 Email - AGENCE WEB PARIS METZ LUXEMBOURG - SITE INTERNET - HEBERGEMENT - MARKETING - WEBDESIGN<\/title>\n<meta name=\"robots\" content=\"index, follow, max-snippet:-1, max-image-preview:large, max-video-preview:-1\" \/>\n<link rel=\"canonical\" href=\"https:\/\/www.aryup.com\/fr\/nom-de-domaine\/messagerie-email\/google-apps-email\" \/>\n<meta property=\"og:locale\" content=\"fr_FR\" \/>\n<meta property=\"og:type\" content=\"article\" \/>\n<meta property=\"og:title\" content=\"Google Workspace \u2013 Email - AGENCE WEB PARIS METZ LUXEMBOURG - SITE INTERNET - HEBERGEMENT - MARKETING - WEBDESIGN\" \/>\n<meta property=\"og:description\" content=\"Adoptez Google Workspace pour votre Entreprise ! R\u00e9duisez imm\u00e9diatement vos co\u00fbts de messagerie et de bureautique Profitez des avantages du n\u00b01 mondial de la Messagerie, de la Bureautique Collaborative et des Intranets\/Extranets 2.0. Augmentez votre productivit\u00e9 individuelle et collective pour seulement 50\u20ac \/ utilisateur \/ an Aryup votre unique interlocuteur pour Google Workspace Licences G [&hellip;]\" \/>\n<meta property=\"og:url\" content=\"https:\/\/www.aryup.com\/fr\/nom-de-domaine\/messagerie-email\/google-apps-email\" \/>\n<meta property=\"og:site_name\" content=\"AGENCE WEB PARIS METZ LUXEMBOURG - SITE INTERNET - HEBERGEMENT - MARKETING - WEBDESIGN\" \/>\n<meta property=\"article:modified_time\" content=\"2022-06-08T09:18:02+00:00\" \/>\n<meta property=\"og:image\" content=\"https:\/\/www.aryup.com\/fr\/wp-content\/uploads\/2022\/02\/workspace-300x174.jpg\" \/>\n<meta name=\"twitter:card\" content=\"summary_large_image\" \/>\n<meta name=\"twitter:label1\" content=\"Dur\u00e9e de lecture estim\u00e9e\" \/>\n\t<meta name=\"twitter:data1\" content=\"1 minute\" \/>\n<script type=\"application\/ld+json\" class=\"yoast-schema-graph\">{\"@context\":\"https:\/\/schema.org\",\"@graph\":[{\"@type\":\"WebPage\",\"@id\":\"https:\/\/www.aryup.com\/fr\/nom-de-domaine\/messagerie-email\/google-apps-email\",\"url\":\"https:\/\/www.aryup.com\/fr\/nom-de-domaine\/messagerie-email\/google-apps-email\",\"name\":\"Google Workspace \u2013 Email - AGENCE WEB PARIS METZ LUXEMBOURG - SITE INTERNET - HEBERGEMENT - MARKETING - WEBDESIGN\",\"isPartOf\":{\"@id\":\"https:\/\/www.aryup.com\/fr\/#website\"},\"primaryImageOfPage\":{\"@id\":\"https:\/\/www.aryup.com\/fr\/nom-de-domaine\/messagerie-email\/google-apps-email#primaryimage\"},\"image\":{\"@id\":\"https:\/\/www.aryup.com\/fr\/nom-de-domaine\/messagerie-email\/google-apps-email#primaryimage\"},\"thumbnailUrl\":\"https:\/\/www.aryup.com\/fr\/wp-content\/uploads\/2022\/02\/workspace-300x174.jpg\",\"datePublished\":\"2022-01-14T10:59:53+00:00\",\"dateModified\":\"2022-06-08T09:18:02+00:00\",\"breadcrumb\":{\"@id\":\"https:\/\/www.aryup.com\/fr\/nom-de-domaine\/messagerie-email\/google-apps-email#breadcrumb\"},\"inLanguage\":\"fr-FR\",\"potentialAction\":[{\"@type\":\"ReadAction\",\"target\":[\"https:\/\/www.aryup.com\/fr\/nom-de-domaine\/messagerie-email\/google-apps-email\"]}]},{\"@type\":\"ImageObject\",\"inLanguage\":\"fr-FR\",\"@id\":\"https:\/\/www.aryup.com\/fr\/nom-de-domaine\/messagerie-email\/google-apps-email#primaryimage\",\"url\":\"https:\/\/www.aryup.com\/fr\/wp-content\/uploads\/2022\/02\/workspace.jpg\",\"contentUrl\":\"https:\/\/www.aryup.com\/fr\/wp-content\/uploads\/2022\/02\/workspace.jpg\",\"width\":620,\"height\":360},{\"@type\":\"BreadcrumbList\",\"@id\":\"https:\/\/www.aryup.com\/fr\/nom-de-domaine\/messagerie-email\/google-apps-email#breadcrumb\",\"itemListElement\":[{\"@type\":\"ListItem\",\"position\":1,\"name\":\"Accueil\",\"item\":\"https:\/\/www.aryup.com\/fr\/\"},{\"@type\":\"ListItem\",\"position\":2,\"name\":\"Nom de domaine\",\"item\":\"https:\/\/www.aryup.com\/fr\/nom-de-domaine\"},{\"@type\":\"ListItem\",\"position\":3,\"name\":\"Messagerie \u2013 Email\",\"item\":\"https:\/\/www.aryup.com\/fr\/nom-de-domaine\/messagerie-email\"},{\"@type\":\"ListItem\",\"position\":4,\"name\":\"Google Workspace \u2013 Email\"}]},{\"@type\":\"WebSite\",\"@id\":\"https:\/\/www.aryup.com\/fr\/#website\",\"url\":\"https:\/\/www.aryup.com\/fr\/\",\"name\":\"AGENCE WEB PARIS METZ LUXEMBOURG - SITE INTERNET - HEBERGEMENT - MARKETING - WEBDESIGN\",\"description\":\"Internationaliser votre site Internet - Cr\u00e9ation de sites internet pour les entreprises et particuliers. Nos services: conception, CMS, h\u00e9b\u00e9rgement, r\u00e9f\u00e9rencement SEO\/SEA, nom de domaine, emailing, maintenance et support.\",\"publisher\":{\"@id\":\"https:\/\/www.aryup.com\/fr\/#organization\"},\"potentialAction\":[{\"@type\":\"SearchAction\",\"target\":{\"@type\":\"EntryPoint\",\"urlTemplate\":\"https:\/\/www.aryup.com\/fr\/?s={search_term_string}\"},\"query-input\":{\"@type\":\"PropertyValueSpecification\",\"valueRequired\":true,\"valueName\":\"search_term_string\"}}],\"inLanguage\":\"fr-FR\"},{\"@type\":\"Organization\",\"@id\":\"https:\/\/www.aryup.com\/fr\/#organization\",\"name\":\"Aryup\",\"url\":\"https:\/\/www.aryup.com\/fr\/\",\"logo\":{\"@type\":\"ImageObject\",\"inLanguage\":\"fr-FR\",\"@id\":\"https:\/\/www.aryup.com\/fr\/#\/schema\/logo\/image\/\",\"url\":\"https:\/\/www.aryup.com\/fr\/wp-content\/uploads\/2022\/01\/favicon-aryup-192.png\",\"contentUrl\":\"https:\/\/www.aryup.com\/fr\/wp-content\/uploads\/2022\/01\/favicon-aryup-192.png\",\"width\":192,\"height\":192,\"caption\":\"Aryup\"},\"image\":{\"@id\":\"https:\/\/www.aryup.com\/fr\/#\/schema\/logo\/image\/\"}}]}<\/script>\n<!-- \/ Yoast SEO plugin. -->","yoast_head_json":{"title":"Google Workspace \u2013 Email - AGENCE WEB PARIS METZ LUXEMBOURG - SITE INTERNET - HEBERGEMENT - MARKETING - WEBDESIGN","robots":{"index":"index","follow":"follow","max-snippet":"max-snippet:-1","max-image-preview":"max-image-preview:large","max-video-preview":"max-video-preview:-1"},"canonical":"https:\/\/www.aryup.com\/fr\/nom-de-domaine\/messagerie-email\/google-apps-email","og_locale":"fr_FR","og_type":"article","og_title":"Google Workspace \u2013 Email - AGENCE WEB PARIS METZ LUXEMBOURG - SITE INTERNET - HEBERGEMENT - MARKETING - WEBDESIGN","og_description":"Adoptez Google Workspace pour votre Entreprise ! R\u00e9duisez imm\u00e9diatement vos co\u00fbts de messagerie et de bureautique Profitez des avantages du n\u00b01 mondial de la Messagerie, de la Bureautique Collaborative et des Intranets\/Extranets 2.0. Augmentez votre productivit\u00e9 individuelle et collective pour seulement 50\u20ac \/ utilisateur \/ an Aryup votre unique interlocuteur pour Google Workspace Licences G [&hellip;]","og_url":"https:\/\/www.aryup.com\/fr\/nom-de-domaine\/messagerie-email\/google-apps-email","og_site_name":"AGENCE WEB PARIS METZ LUXEMBOURG - SITE INTERNET - HEBERGEMENT - MARKETING - WEBDESIGN","article_modified_time":"2022-06-08T09:18:02+00:00","og_image":[{"url":"https:\/\/www.aryup.com\/fr\/wp-content\/uploads\/2022\/02\/workspace-300x174.jpg","type":"","width":"","height":""}],"twitter_card":"summary_large_image","twitter_misc":{"Dur\u00e9e de lecture estim\u00e9e":"1 minute"},"schema":{"@context":"https:\/\/schema.org","@graph":[{"@type":"WebPage","@id":"https:\/\/www.aryup.com\/fr\/nom-de-domaine\/messagerie-email\/google-apps-email","url":"https:\/\/www.aryup.com\/fr\/nom-de-domaine\/messagerie-email\/google-apps-email","name":"Google Workspace \u2013 Email - AGENCE WEB PARIS METZ LUXEMBOURG - SITE INTERNET - HEBERGEMENT - MARKETING - WEBDESIGN","isPartOf":{"@id":"https:\/\/www.aryup.com\/fr\/#website"},"primaryImageOfPage":{"@id":"https:\/\/www.aryup.com\/fr\/nom-de-domaine\/messagerie-email\/google-apps-email#primaryimage"},"image":{"@id":"https:\/\/www.aryup.com\/fr\/nom-de-domaine\/messagerie-email\/google-apps-email#primaryimage"},"thumbnailUrl":"https:\/\/www.aryup.com\/fr\/wp-content\/uploads\/2022\/02\/workspace-300x174.jpg","datePublished":"2022-01-14T10:59:53+00:00","dateModified":"2022-06-08T09:18:02+00:00","breadcrumb":{"@id":"https:\/\/www.aryup.com\/fr\/nom-de-domaine\/messagerie-email\/google-apps-email#breadcrumb"},"inLanguage":"fr-FR","potentialAction":[{"@type":"ReadAction","target":["https:\/\/www.aryup.com\/fr\/nom-de-domaine\/messagerie-email\/google-apps-email"]}]},{"@type":"ImageObject","inLanguage":"fr-FR","@id":"https:\/\/www.aryup.com\/fr\/nom-de-domaine\/messagerie-email\/google-apps-email#primaryimage","url":"https:\/\/www.aryup.com\/fr\/wp-content\/uploads\/2022\/02\/workspace.jpg","contentUrl":"https:\/\/www.aryup.com\/fr\/wp-content\/uploads\/2022\/02\/workspace.jpg","width":620,"height":360},{"@type":"BreadcrumbList","@id":"https:\/\/www.aryup.com\/fr\/nom-de-domaine\/messagerie-email\/google-apps-email#breadcrumb","itemListElement":[{"@type":"ListItem","position":1,"name":"Accueil","item":"https:\/\/www.aryup.com\/fr\/"},{"@type":"ListItem","position":2,"name":"Nom de domaine","item":"https:\/\/www.aryup.com\/fr\/nom-de-domaine"},{"@type":"ListItem","position":3,"name":"Messagerie \u2013 Email","item":"https:\/\/www.aryup.com\/fr\/nom-de-domaine\/messagerie-email"},{"@type":"ListItem","position":4,"name":"Google Workspace \u2013 Email"}]},{"@type":"WebSite","@id":"https:\/\/www.aryup.com\/fr\/#website","url":"https:\/\/www.aryup.com\/fr\/","name":"AGENCE WEB PARIS METZ LUXEMBOURG - SITE INTERNET - HEBERGEMENT - MARKETING - WEBDESIGN","description":"Internationaliser votre site Internet - Cr\u00e9ation de sites internet pour les entreprises et particuliers. Nos services: conception, CMS, h\u00e9b\u00e9rgement, r\u00e9f\u00e9rencement SEO\/SEA, nom de domaine, emailing, maintenance et support.","publisher":{"@id":"https:\/\/www.aryup.com\/fr\/#organization"},"potentialAction":[{"@type":"SearchAction","target":{"@type":"EntryPoint","urlTemplate":"https:\/\/www.aryup.com\/fr\/?s={search_term_string}"},"query-input":{"@type":"PropertyValueSpecification","valueRequired":true,"valueName":"search_term_string"}}],"inLanguage":"fr-FR"},{"@type":"Organization","@id":"https:\/\/www.aryup.com\/fr\/#organization","name":"Aryup","url":"https:\/\/www.aryup.com\/fr\/","logo":{"@type":"ImageObject","inLanguage":"fr-FR","@id":"https:\/\/www.aryup.com\/fr\/#\/schema\/logo\/image\/","url":"https:\/\/www.aryup.com\/fr\/wp-content\/uploads\/2022\/01\/favicon-aryup-192.png","contentUrl":"https:\/\/www.aryup.com\/fr\/wp-content\/uploads\/2022\/01\/favicon-aryup-192.png","width":192,"height":192,"caption":"Aryup"},"image":{"@id":"https:\/\/www.aryup.com\/fr\/#\/schema\/logo\/image\/"}}]}},"_links":{"self":[{"href":"https:\/\/www.aryup.com\/fr\/wp-json\/wp\/v2\/pages\/750","targetHints":{"allow":["GET"]}}],"collection":[{"href":"https:\/\/www.aryup.com\/fr\/wp-json\/wp\/v2\/pages"}],"about":[{"href":"https:\/\/www.aryup.com\/fr\/wp-json\/wp\/v2\/types\/page"}],"author":[{"embeddable":true,"href":"https:\/\/www.aryup.com\/fr\/wp-json\/wp\/v2\/users\/1"}],"replies":[{"embeddable":true,"href":"https:\/\/www.aryup.com\/fr\/wp-json\/wp\/v2\/comments?post=750"}],"version-history":[{"count":21,"href":"https:\/\/www.aryup.com\/fr\/wp-json\/wp\/v2\/pages\/750\/revisions"}],"predecessor-version":[{"id":3736,"href":"https:\/\/www.aryup.com\/fr\/wp-json\/wp\/v2\/pages\/750\/revisions\/3736"}],"up":[{"embeddable":true,"href":"https:\/\/www.aryup.com\/fr\/wp-json\/wp\/v2\/pages\/688"}],"wp:attachment":[{"href":"https:\/\/www.aryup.com\/fr\/wp-json\/wp\/v2\/media?parent=750"}],"curies":[{"name":"wp","href":"https:\/\/api.w.org\/{rel}","templated":true}]}}