{"id":731,"date":"2022-01-14T11:51:39","date_gmt":"2022-01-14T10:51:39","guid":{"rendered":"https:\/\/www.aryup.com\/fr\/?page_id=731"},"modified":"2022-06-08T10:52:52","modified_gmt":"2022-06-08T08:52:52","slug":"notre-reseau","status":"publish","type":"page","link":"https:\/\/www.aryup.com\/fr\/hebergement\/notre-reseau","title":{"rendered":"Notre r\u00e9seau d\u2019h\u00e9bergement"},"content":{"rendered":"\t\t<div data-elementor-type=\"wp-page\" data-elementor-id=\"731\" class=\"elementor elementor-731\">\n\t\t\t\t\t\t<section class=\"elementor-section elementor-top-section elementor-element elementor-element-6c0fa74 elementor-section-boxed elementor-section-height-default elementor-section-height-default\" data-id=\"6c0fa74\" data-element_type=\"section\">\n\t\t\t\t\t\t<div class=\"elementor-container elementor-column-gap-default\">\n\t\t\t\t\t<div class=\"elementor-column elementor-col-66 elementor-top-column elementor-element elementor-element-a2057d9\" data-id=\"a2057d9\" data-element_type=\"column\">\n\t\t\t<div class=\"elementor-widget-wrap elementor-element-populated\">\n\t\t\t\t\t\t<div class=\"elementor-element elementor-element-6b4d77c elementor-widget elementor-widget-spacer\" data-id=\"6b4d77c\" data-element_type=\"widget\" data-widget_type=\"spacer.default\">\n\t\t\t\t<div class=\"elementor-widget-container\">\n\t\t\t\t\t\t\t<div class=\"elementor-spacer\">\n\t\t\t<div class=\"elementor-spacer-inner\"><\/div>\n\t\t<\/div>\n\t\t\t\t\t\t<\/div>\n\t\t\t\t<\/div>\n\t\t\t\t<div class=\"elementor-element elementor-element-1e85df6 elementor-widget elementor-widget-heading\" data-id=\"1e85df6\" data-element_type=\"widget\" data-widget_type=\"heading.default\">\n\t\t\t\t<div class=\"elementor-widget-container\">\n\t\t\t\t\t<h2 class=\"elementor-heading-title elementor-size-default\">Centres de donn\u00e9es utilis\u00e9s par le r\u00e9seau Aryup<\/h2>\t\t\t\t<\/div>\n\t\t\t\t<\/div>\n\t\t\t\t<div class=\"elementor-element elementor-element-e54dbe7 elementor-widget-divider--view-line elementor-widget elementor-widget-divider\" data-id=\"e54dbe7\" data-element_type=\"widget\" data-widget_type=\"divider.default\">\n\t\t\t\t<div class=\"elementor-widget-container\">\n\t\t\t\t\t\t\t<div class=\"elementor-divider\">\n\t\t\t<span class=\"elementor-divider-separator\">\n\t\t\t\t\t\t<\/span>\n\t\t<\/div>\n\t\t\t\t\t\t<\/div>\n\t\t\t\t<\/div>\n\t\t\t\t<div class=\"elementor-element elementor-element-d00c381 elementor-widget elementor-widget-text-editor\" data-id=\"d00c381\" data-element_type=\"widget\" data-widget_type=\"text-editor.default\">\n\t\t\t\t<div class=\"elementor-widget-container\">\n\t\t\t\t\t\t\t\t\t<table><tbody><tr><td><strong>Atlanta, G\u00e9orgie, \u00c9tats-Unis<\/strong> \u2013\u00a0<a title=\"Datacenter Atlanta \u2013 Georgia \u2013 USA\" href=\"https:\/\/www.aryup.com\/fr\/hebergement\/notre-reseau\/datacenter-atlanta-georgia-usa\/\">Plus d\u2019informations sur ce centre de donn\u00e9es<\/a><\/td><\/tr><tr><td>Partenaire : Capital Internet<\/td><\/tr><tr><td>Centre de donn\u00e9es : Capital Internet<\/td><\/tr><tr><td>R\u00e9seaux : Level3 &amp; Twtelecom (through as21560)<\/td><\/tr><tr><td>\u00a0<\/td><\/tr><tr><td><strong>Singapour, Asie<\/strong> \u2013\u00a0<a title=\"Datacenter Singapore \u2013 Asia\" href=\" https:\/\/www.aryup.com\/fr\/datacenter-singapore-asia\/\">Plus d\u2019informations sur ce centre de donn\u00e9es<\/a><\/td><\/tr><tr><td>Partenaire : NewMedia Express Pte. Ltd<\/td><\/tr><tr><td>Centre de donn\u00e9es : Equinix<\/td><\/tr><tr><td>R\u00e9seaux : Starhub, Pacific Internet, SingTel<\/td><\/tr><tr><td>\u00a0<\/td><\/tr><tr><td><strong>Paris, France<\/strong> \u2013\u00a0<a title=\"Datacenter Paris DC1\" href=\"https:\/\/www.aryup.com\/fr\/datacenter-paris-dc1\/\">Plus d\u2019informations sur ce centre de donn\u00e9es<\/a><\/td><\/tr><tr><td>Partenaire : DC1<\/td><\/tr><tr><td>Centre de donn\u00e9es : DC1 Paris 19th district<\/td><\/tr><tr><td>R\u00e9seaux : OVH (multiple carriers)<\/td><\/tr><tr><td>\u00a0<\/td><\/tr><tr><td><strong>Londre, Angleterre<\/strong> \u2013\u00a0<a title=\"Datacenter London \u2013 UK\" href=\"https:\/\/www.aryup.com\/fr\/hebergement\/notre-reseau\/datacenter-london-uk\/\">Plus d\u2019informations sur ce centre de donn\u00e9es<\/a><\/td><\/tr><tr><td>Partenaire : RapidSwitch<\/td><\/tr><tr><td>Centre de donn\u00e9es : RedBus Interhouse (Dockland)<\/td><\/tr><tr><td>R\u00e9seaux : Lecel3, Global Crossing, Deutsche telekom and Tiscali<\/td><\/tr><tr><td>\u00a0<\/td><\/tr><tr><td><strong>Barcelone, Espagne<\/strong> \u2013\u00a0<a title=\"Datacenter Barcelone, Espagne\" href=\" https:\/\/www.aryup.com\/fr\/hebergement\/notre-reseau\/datacenter-barcelone-espagne\/\">Plus d\u2019informations sur ce centre de donn\u00e9es<\/a><\/td><\/tr><tr><td>Partenaire : Centrodedatos<\/td><\/tr><tr><td>Centre de donn\u00e9es : centrodedatos<\/td><\/tr><tr><td>R\u00e9seaux : Level3, Cogent, Colt<\/td><\/tr><tr><td>\u00a0<\/td><\/tr><tr><td><strong>Seattle, Washington, \u00c9tats-Unis<\/strong> \u2013\u00a0<a title=\"Datacenter Seattle \u2013 USA\" href=\"https:\/\/www.aryup.com\/fr\/hebergement\/notre-reseau\/datacenter-seattle-usa\/\">Plus d\u2019informations sur ce centre de donn\u00e9es<\/a><\/td><\/tr><tr><td>Partenaire : World Link<\/td><\/tr><tr><td>Centre de donn\u00e9es : World Link<\/td><\/tr><tr><td>R\u00e9seaux : Internap, Global Crossing, Level3, Telia<\/td><\/tr><tr><td>\u00a0<\/td><\/tr><tr><td><strong>Sydney, Australie<\/strong> \u2013\u00a0<a title=\"Datacenter Sydney \u2013 Australia\" href=\" https:\/\/www.aryup.com\/fr\/hebergement\/notre-reseau\/datacenter-sydney-australia\/\">Plus d\u2019informations sur ce centre de donn\u00e9es<\/a><\/td><\/tr><tr><td>Partenaire : SublimeIP<\/td><\/tr><tr><td>Centre de donn\u00e9es : Global Switch<\/td><\/tr><tr><td>R\u00e9seaux : Verizon, Pacific Internet<\/td><\/tr><tr><td>\u00a0<\/td><\/tr><tr><td><strong>Ha\u00effa, Isra\u00ebl<\/strong> \u2013\u00a0<a title=\"Datacenter Haifa \u2013 Israel\" href=\" https:\/\/www.aryup.com\/fr\/hebergement\/notre-reseau\/datacenter-haifa-israel\/\">Plus d\u2019informations sur ce centre de donn\u00e9es<\/a><\/td><\/tr><tr><td>Partenaire : Netvision &amp; Shocksite<\/td><\/tr><tr><td>Centre de donn\u00e9es : Netvision (Netanya, Israel (20mn of tel Aviv))<\/td><\/tr><tr><td>R\u00e9seaux : LCU (UNNet) \/ Teleglobe<\/td><\/tr><tr><td>\u00a0<\/td><\/tr><tr><td><strong>Kuala Lumpur, Malaisie<\/strong> \u2013\u00a0<a title=\"Datacenter Kuala Lumpur \u2013 Malaysia\" href=\" https:\/\/www.aryup.com\/fr\/hebergement\/notre-reseau\/datacenter-kuala-lumpur-malaysia\/\">Plus d\u2019informations sur ce centre de donn\u00e9es<\/a><\/td><\/tr><tr><td>Partenaire : TMNet<\/td><\/tr><tr><td>Centre de donn\u00e9es : Cyberjaya TM Netmyne data centre<\/td><\/tr><tr><td>R\u00e9seaux : TM Net<\/td><\/tr><tr><td>\u00a0<\/td><\/tr><tr><td><strong>Zurich, Suisse<\/strong> \u2013\u00a0<a title=\"Datacenter Zurich \u2013 Switzerland\" href=\"https:\/\/www.aryup.com\/fr\/hebergement\/notre-reseau\/datacenter-zurich-switzerland\/\">Plus d\u2019informations sur ce centre de donn\u00e9es<\/a><\/td><\/tr><tr><td>Partenaire : Nine Internet Solution AG<\/td><\/tr><tr><td>Centre de donn\u00e9es : Colozuri.ch AG<\/td><\/tr><tr><td>R\u00e9seaux : Global Crossing, init7 et CHIX\/td&gt;<\/td><\/tr><\/tbody><\/table>\t\t\t\t\t\t\t\t<\/div>\n\t\t\t\t<\/div>\n\t\t\t\t\t<\/div>\n\t\t<\/div>\n\t\t\t\t<div class=\"elementor-column elementor-col-33 elementor-top-column elementor-element elementor-element-8e1e968\" data-id=\"8e1e968\" data-element_type=\"column\">\n\t\t\t<div class=\"elementor-widget-wrap elementor-element-populated\">\n\t\t\t\t\t\t<div class=\"elementor-element elementor-element-0558114 elementor-widget elementor-widget-spacer\" data-id=\"0558114\" data-element_type=\"widget\" data-widget_type=\"spacer.default\">\n\t\t\t\t<div class=\"elementor-widget-container\">\n\t\t\t\t\t\t\t<div class=\"elementor-spacer\">\n\t\t\t<div class=\"elementor-spacer-inner\"><\/div>\n\t\t<\/div>\n\t\t\t\t\t\t<\/div>\n\t\t\t\t<\/div>\n\t\t\t\t<div class=\"elementor-element elementor-element-a7f5d74 elementor-widget elementor-widget-heading\" data-id=\"a7f5d74\" data-element_type=\"widget\" data-widget_type=\"heading.default\">\n\t\t\t\t<div class=\"elementor-widget-container\">\n\t\t\t\t\t<h2 class=\"elementor-heading-title elementor-size-default\">H\u00e9bergement<\/h2>\t\t\t\t<\/div>\n\t\t\t\t<\/div>\n\t\t\t\t<div class=\"elementor-element elementor-element-0dbeae4 elementor-widget-divider--view-line elementor-widget elementor-widget-divider\" data-id=\"0dbeae4\" data-element_type=\"widget\" data-widget_type=\"divider.default\">\n\t\t\t\t<div class=\"elementor-widget-container\">\n\t\t\t\t\t\t\t<div class=\"elementor-divider\">\n\t\t\t<span class=\"elementor-divider-separator\">\n\t\t\t\t\t\t<\/span>\n\t\t<\/div>\n\t\t\t\t\t\t<\/div>\n\t\t\t\t<\/div>\n\t\t\t\t<div class=\"elementor-element elementor-element-27fa701 elementor-widget elementor-widget-sidebar\" data-id=\"27fa701\" data-element_type=\"widget\" data-widget_type=\"sidebar.default\">\n\t\t\t\t<div class=\"elementor-widget-container\">\n\t\t\t\t\t<div class=\"menu-hebergement-container\"><ul id=\"menu-hebergement\" class=\"menu\"><li id=\"menu-item-2219\" class=\"menu-item menu-item-type-post_type menu-item-object-page menu-item-has-children menu-item-2219\"><a href=\"https:\/\/www.aryup.com\/fr\/hebergement\">H\u00e9bergement<\/a>\n<ul class=\"sub-menu\">\n\t<li id=\"menu-item-2220\" class=\"menu-item menu-item-type-post_type menu-item-object-page menu-item-2220\"><a href=\"https:\/\/www.aryup.com\/fr\/hebergement\/audit-de-securite\">Audit de S\u00e9curit\u00e9<\/a><\/li>\n\t<li id=\"menu-item-2221\" class=\"menu-item menu-item-type-post_type menu-item-object-page menu-item-2221\"><a href=\"https:\/\/www.aryup.com\/fr\/hebergement\/cloud\">Cloud et Virtualisation<\/a><\/li>\n\t<li id=\"menu-item-2222\" class=\"menu-item menu-item-type-post_type menu-item-object-page menu-item-2222\"><a href=\"https:\/\/www.aryup.com\/fr\/hebergement\/dedie\">H\u00e9bergement D\u00e9di\u00e9<\/a><\/li>\n\t<li id=\"menu-item-2223\" class=\"menu-item menu-item-type-post_type menu-item-object-page menu-item-2223\"><a href=\"https:\/\/www.aryup.com\/fr\/hebergement\/mutualise\">H\u00e9bergement Mutualis\u00e9<\/a><\/li>\n\t<li id=\"menu-item-2224\" class=\"menu-item menu-item-type-post_type menu-item-object-page menu-item-has-children menu-item-2224\"><a href=\"https:\/\/www.aryup.com\/fr\/hebergement\/notre-reseau\">Notre r\u00e9seau d\u2019h\u00e9bergement<\/a>\n\t<ul class=\"sub-menu\">\n\t\t<li id=\"menu-item-2225\" class=\"menu-item menu-item-type-post_type menu-item-object-page menu-item-2225\"><a href=\"https:\/\/www.aryup.com\/fr\/hebergement\/notre-reseau\/datacenter-atlanta-georgia-usa\">Atlanta, G\u00e9orgie \u2013 \u00c9tats-Unis<\/a><\/li>\n\t\t<li id=\"menu-item-2226\" class=\"menu-item menu-item-type-post_type menu-item-object-page menu-item-2226\"><a href=\"https:\/\/www.aryup.com\/fr\/hebergement\/notre-reseau\/datacenter-barcelone-espagne\">Barcelone \u2013 Espagne<\/a><\/li>\n\t\t<li id=\"menu-item-2227\" class=\"menu-item menu-item-type-post_type menu-item-object-page menu-item-2227\"><a href=\"https:\/\/www.aryup.com\/fr\/hebergement\/notre-reseau\/datacenter-haifa-israel\">Ha\u00effa \u2013 Isra\u00ebl<\/a><\/li>\n\t\t<li id=\"menu-item-2228\" class=\"menu-item menu-item-type-post_type menu-item-object-page menu-item-2228\"><a href=\"https:\/\/www.aryup.com\/fr\/hebergement\/notre-reseau\/datacenter-kuala-lumpur-malaysia\">Kuala Lumpur \u2013 Malaisie<\/a><\/li>\n\t\t<li id=\"menu-item-2229\" class=\"menu-item menu-item-type-post_type menu-item-object-page menu-item-2229\"><a href=\"https:\/\/www.aryup.com\/fr\/hebergement\/notre-reseau\/datacenter-london-uk\">Londres \u2013 Royaume-Uni<\/a><\/li>\n\t\t<li id=\"menu-item-2230\" class=\"menu-item menu-item-type-post_type menu-item-object-page menu-item-2230\"><a href=\"https:\/\/www.aryup.com\/fr\/hebergement\/notre-reseau\/datacenter-paris-dc1\">Paris \u2013 France<\/a><\/li>\n\t\t<li id=\"menu-item-2231\" class=\"menu-item menu-item-type-post_type menu-item-object-page menu-item-2231\"><a href=\"https:\/\/www.aryup.com\/fr\/hebergement\/notre-reseau\/datacenter-seattle-usa\">Seattle, Washington \u2013 \u00c9tats-Unis<\/a><\/li>\n\t\t<li id=\"menu-item-2232\" class=\"menu-item menu-item-type-post_type menu-item-object-page menu-item-2232\"><a href=\"https:\/\/www.aryup.com\/fr\/hebergement\/notre-reseau\/datacenter-singapore-asia\">Singapour \u2013 Asie<\/a><\/li>\n\t\t<li id=\"menu-item-2233\" class=\"menu-item menu-item-type-post_type menu-item-object-page menu-item-2233\"><a href=\"https:\/\/www.aryup.com\/fr\/hebergement\/notre-reseau\/datacenter-sydney-australia\">Sydney \u2013 Australie<\/a><\/li>\n\t\t<li id=\"menu-item-2234\" class=\"menu-item menu-item-type-post_type menu-item-object-page menu-item-2234\"><a href=\"https:\/\/www.aryup.com\/fr\/hebergement\/notre-reseau\/datacenter-zurich-switzerland\">Zurich \u2013 Suisse<\/a><\/li>\n\t<\/ul>\n<\/li>\n<\/ul>\n<\/li>\n<\/ul><\/div>\t\t\t\t<\/div>\n\t\t\t\t<\/div>\n\t\t\t\t<div class=\"elementor-element elementor-element-26bfd21 elementor-widget elementor-widget-sidebar\" data-id=\"26bfd21\" data-element_type=\"widget\" data-widget_type=\"sidebar.default\">\n\t\t\t\t<div class=\"elementor-widget-container\">\n\t\t\t\t\t<div class=\"textwidget custom-html-widget\"><div style=\"teXt-align:center\">\r\n<a href=\"https:\/\/www.aryup.com\/fr\/demande-d-information\" class=\"elementor-button-link elementor-button elementor-size-sm widget_button\" role=\"button\"><span class=\"elementor-button-content-wrapper\"><span class=\"elementor-button-text\">CONTACTEZ-NOUS GRATUITEMENT<\/span><\/span><\/a>\r\n\r\n<a href=\"https:\/\/www.aryup.com\/fr\/devis\" class=\"elementor-button-link elementor-button elementor-size-sm widget_button\" role=\"button\"><span class=\"elementor-button-content-wrapper\"><span class=\"elementor-button-text\">DEMANDER NOUS UN DEVIS<\/span><\/span><\/a>\r\n\t\t\r\n<\/div>\r\n<\/div>\t\t\t\t<\/div>\n\t\t\t\t<\/div>\n\t\t\t\t\t<\/div>\n\t\t<\/div>\n\t\t\t\t\t<\/div>\n\t\t<\/section>\n\t\t\t\t<\/div>\n\t\t","protected":false},"excerpt":{"rendered":"<p>Centres de donn\u00e9es utilis\u00e9s par le r\u00e9seau Aryup Atlanta, G\u00e9orgie, \u00c9tats-Unis \u2013\u00a0Plus d\u2019informations sur ce centre de donn\u00e9es Partenaire : Capital Internet Centre de donn\u00e9es : Capital Internet R\u00e9seaux : Level3 &amp; Twtelecom (through as21560) \u00a0 Singapour, Asie \u2013\u00a0Plus d\u2019informations sur ce centre de donn\u00e9es Partenaire : NewMedia Express Pte. Ltd Centre de donn\u00e9es : [&hellip;]<\/p>\n","protected":false},"author":1,"featured_media":0,"parent":686,"menu_order":0,"comment_status":"closed","ping_status":"closed","template":"","meta":{"footnotes":""},"class_list":["post-731","page","type-page","status-publish","hentry"],"yoast_head":"<!-- This site is optimized with the Yoast SEO plugin v26.9 - https:\/\/yoast.com\/product\/yoast-seo-wordpress\/ -->\n<title>Notre r\u00e9seau d\u2019h\u00e9bergement - AGENCE WEB PARIS METZ LUXEMBOURG - SITE INTERNET - HEBERGEMENT - MARKETING - WEBDESIGN<\/title>\n<meta name=\"robots\" content=\"index, follow, max-snippet:-1, max-image-preview:large, max-video-preview:-1\" \/>\n<link rel=\"canonical\" href=\"https:\/\/www.aryup.com\/fr\/hebergement\/notre-reseau\" \/>\n<meta property=\"og:locale\" content=\"fr_FR\" \/>\n<meta property=\"og:type\" content=\"article\" \/>\n<meta property=\"og:title\" content=\"Notre r\u00e9seau d\u2019h\u00e9bergement - AGENCE WEB PARIS METZ LUXEMBOURG - SITE INTERNET - HEBERGEMENT - MARKETING - WEBDESIGN\" \/>\n<meta property=\"og:description\" content=\"Centres de donn\u00e9es utilis\u00e9s par le r\u00e9seau Aryup Atlanta, G\u00e9orgie, \u00c9tats-Unis \u2013\u00a0Plus d\u2019informations sur ce centre de donn\u00e9es Partenaire : Capital Internet Centre de donn\u00e9es : Capital Internet R\u00e9seaux : Level3 &amp; Twtelecom (through as21560) \u00a0 Singapour, Asie \u2013\u00a0Plus d\u2019informations sur ce centre de donn\u00e9es Partenaire : NewMedia Express Pte. Ltd Centre de donn\u00e9es : [&hellip;]\" \/>\n<meta property=\"og:url\" content=\"https:\/\/www.aryup.com\/fr\/hebergement\/notre-reseau\" \/>\n<meta property=\"og:site_name\" content=\"AGENCE WEB PARIS METZ LUXEMBOURG - SITE INTERNET - HEBERGEMENT - MARKETING - WEBDESIGN\" \/>\n<meta property=\"article:modified_time\" content=\"2022-06-08T08:52:52+00:00\" \/>\n<meta property=\"og:image\" content=\"https:\/\/www.aryup.com\/fr\/wp-content\/uploads\/2022\/01\/favicon-aryup-192.png\" \/>\n\t<meta property=\"og:image:width\" content=\"192\" \/>\n\t<meta property=\"og:image:height\" content=\"192\" \/>\n\t<meta property=\"og:image:type\" content=\"image\/png\" \/>\n<meta name=\"twitter:card\" content=\"summary_large_image\" \/>\n<meta name=\"twitter:label1\" content=\"Dur\u00e9e de lecture estim\u00e9e\" \/>\n\t<meta name=\"twitter:data1\" content=\"1 minute\" \/>\n<script type=\"application\/ld+json\" class=\"yoast-schema-graph\">{\"@context\":\"https:\/\/schema.org\",\"@graph\":[{\"@type\":\"WebPage\",\"@id\":\"https:\/\/www.aryup.com\/fr\/hebergement\/notre-reseau\",\"url\":\"https:\/\/www.aryup.com\/fr\/hebergement\/notre-reseau\",\"name\":\"Notre r\u00e9seau d\u2019h\u00e9bergement - AGENCE WEB PARIS METZ LUXEMBOURG - SITE INTERNET - HEBERGEMENT - MARKETING - WEBDESIGN\",\"isPartOf\":{\"@id\":\"https:\/\/www.aryup.com\/fr\/#website\"},\"datePublished\":\"2022-01-14T10:51:39+00:00\",\"dateModified\":\"2022-06-08T08:52:52+00:00\",\"breadcrumb\":{\"@id\":\"https:\/\/www.aryup.com\/fr\/hebergement\/notre-reseau#breadcrumb\"},\"inLanguage\":\"fr-FR\",\"potentialAction\":[{\"@type\":\"ReadAction\",\"target\":[\"https:\/\/www.aryup.com\/fr\/hebergement\/notre-reseau\"]}]},{\"@type\":\"BreadcrumbList\",\"@id\":\"https:\/\/www.aryup.com\/fr\/hebergement\/notre-reseau#breadcrumb\",\"itemListElement\":[{\"@type\":\"ListItem\",\"position\":1,\"name\":\"Accueil\",\"item\":\"https:\/\/www.aryup.com\/fr\/\"},{\"@type\":\"ListItem\",\"position\":2,\"name\":\"H\u00e9bergement\",\"item\":\"https:\/\/www.aryup.com\/fr\/hebergement\"},{\"@type\":\"ListItem\",\"position\":3,\"name\":\"Notre r\u00e9seau d\u2019h\u00e9bergement\"}]},{\"@type\":\"WebSite\",\"@id\":\"https:\/\/www.aryup.com\/fr\/#website\",\"url\":\"https:\/\/www.aryup.com\/fr\/\",\"name\":\"AGENCE WEB PARIS METZ LUXEMBOURG - SITE INTERNET - HEBERGEMENT - MARKETING - WEBDESIGN\",\"description\":\"Internationaliser votre site Internet - Cr\u00e9ation de sites internet pour les entreprises et particuliers. Nos services: conception, CMS, h\u00e9b\u00e9rgement, r\u00e9f\u00e9rencement SEO\/SEA, nom de domaine, emailing, maintenance et support.\",\"publisher\":{\"@id\":\"https:\/\/www.aryup.com\/fr\/#organization\"},\"potentialAction\":[{\"@type\":\"SearchAction\",\"target\":{\"@type\":\"EntryPoint\",\"urlTemplate\":\"https:\/\/www.aryup.com\/fr\/?s={search_term_string}\"},\"query-input\":{\"@type\":\"PropertyValueSpecification\",\"valueRequired\":true,\"valueName\":\"search_term_string\"}}],\"inLanguage\":\"fr-FR\"},{\"@type\":\"Organization\",\"@id\":\"https:\/\/www.aryup.com\/fr\/#organization\",\"name\":\"Aryup\",\"url\":\"https:\/\/www.aryup.com\/fr\/\",\"logo\":{\"@type\":\"ImageObject\",\"inLanguage\":\"fr-FR\",\"@id\":\"https:\/\/www.aryup.com\/fr\/#\/schema\/logo\/image\/\",\"url\":\"https:\/\/www.aryup.com\/fr\/wp-content\/uploads\/2022\/01\/favicon-aryup-192.png\",\"contentUrl\":\"https:\/\/www.aryup.com\/fr\/wp-content\/uploads\/2022\/01\/favicon-aryup-192.png\",\"width\":192,\"height\":192,\"caption\":\"Aryup\"},\"image\":{\"@id\":\"https:\/\/www.aryup.com\/fr\/#\/schema\/logo\/image\/\"}}]}<\/script>\n<!-- \/ Yoast SEO plugin. -->","yoast_head_json":{"title":"Notre r\u00e9seau d\u2019h\u00e9bergement - AGENCE WEB PARIS METZ LUXEMBOURG - SITE INTERNET - HEBERGEMENT - MARKETING - WEBDESIGN","robots":{"index":"index","follow":"follow","max-snippet":"max-snippet:-1","max-image-preview":"max-image-preview:large","max-video-preview":"max-video-preview:-1"},"canonical":"https:\/\/www.aryup.com\/fr\/hebergement\/notre-reseau","og_locale":"fr_FR","og_type":"article","og_title":"Notre r\u00e9seau d\u2019h\u00e9bergement - AGENCE WEB PARIS METZ LUXEMBOURG - SITE INTERNET - HEBERGEMENT - MARKETING - WEBDESIGN","og_description":"Centres de donn\u00e9es utilis\u00e9s par le r\u00e9seau Aryup Atlanta, G\u00e9orgie, \u00c9tats-Unis \u2013\u00a0Plus d\u2019informations sur ce centre de donn\u00e9es Partenaire : Capital Internet Centre de donn\u00e9es : Capital Internet R\u00e9seaux : Level3 &amp; Twtelecom (through as21560) \u00a0 Singapour, Asie \u2013\u00a0Plus d\u2019informations sur ce centre de donn\u00e9es Partenaire : NewMedia Express Pte. Ltd Centre de donn\u00e9es : [&hellip;]","og_url":"https:\/\/www.aryup.com\/fr\/hebergement\/notre-reseau","og_site_name":"AGENCE WEB PARIS METZ LUXEMBOURG - SITE INTERNET - HEBERGEMENT - MARKETING - WEBDESIGN","article_modified_time":"2022-06-08T08:52:52+00:00","og_image":[{"width":192,"height":192,"url":"https:\/\/www.aryup.com\/fr\/wp-content\/uploads\/2022\/01\/favicon-aryup-192.png","type":"image\/png"}],"twitter_card":"summary_large_image","twitter_misc":{"Dur\u00e9e de lecture estim\u00e9e":"1 minute"},"schema":{"@context":"https:\/\/schema.org","@graph":[{"@type":"WebPage","@id":"https:\/\/www.aryup.com\/fr\/hebergement\/notre-reseau","url":"https:\/\/www.aryup.com\/fr\/hebergement\/notre-reseau","name":"Notre r\u00e9seau d\u2019h\u00e9bergement - AGENCE WEB PARIS METZ LUXEMBOURG - SITE INTERNET - HEBERGEMENT - MARKETING - WEBDESIGN","isPartOf":{"@id":"https:\/\/www.aryup.com\/fr\/#website"},"datePublished":"2022-01-14T10:51:39+00:00","dateModified":"2022-06-08T08:52:52+00:00","breadcrumb":{"@id":"https:\/\/www.aryup.com\/fr\/hebergement\/notre-reseau#breadcrumb"},"inLanguage":"fr-FR","potentialAction":[{"@type":"ReadAction","target":["https:\/\/www.aryup.com\/fr\/hebergement\/notre-reseau"]}]},{"@type":"BreadcrumbList","@id":"https:\/\/www.aryup.com\/fr\/hebergement\/notre-reseau#breadcrumb","itemListElement":[{"@type":"ListItem","position":1,"name":"Accueil","item":"https:\/\/www.aryup.com\/fr\/"},{"@type":"ListItem","position":2,"name":"H\u00e9bergement","item":"https:\/\/www.aryup.com\/fr\/hebergement"},{"@type":"ListItem","position":3,"name":"Notre r\u00e9seau d\u2019h\u00e9bergement"}]},{"@type":"WebSite","@id":"https:\/\/www.aryup.com\/fr\/#website","url":"https:\/\/www.aryup.com\/fr\/","name":"AGENCE WEB PARIS METZ LUXEMBOURG - SITE INTERNET - HEBERGEMENT - MARKETING - WEBDESIGN","description":"Internationaliser votre site Internet - Cr\u00e9ation de sites internet pour les entreprises et particuliers. Nos services: conception, CMS, h\u00e9b\u00e9rgement, r\u00e9f\u00e9rencement SEO\/SEA, nom de domaine, emailing, maintenance et support.","publisher":{"@id":"https:\/\/www.aryup.com\/fr\/#organization"},"potentialAction":[{"@type":"SearchAction","target":{"@type":"EntryPoint","urlTemplate":"https:\/\/www.aryup.com\/fr\/?s={search_term_string}"},"query-input":{"@type":"PropertyValueSpecification","valueRequired":true,"valueName":"search_term_string"}}],"inLanguage":"fr-FR"},{"@type":"Organization","@id":"https:\/\/www.aryup.com\/fr\/#organization","name":"Aryup","url":"https:\/\/www.aryup.com\/fr\/","logo":{"@type":"ImageObject","inLanguage":"fr-FR","@id":"https:\/\/www.aryup.com\/fr\/#\/schema\/logo\/image\/","url":"https:\/\/www.aryup.com\/fr\/wp-content\/uploads\/2022\/01\/favicon-aryup-192.png","contentUrl":"https:\/\/www.aryup.com\/fr\/wp-content\/uploads\/2022\/01\/favicon-aryup-192.png","width":192,"height":192,"caption":"Aryup"},"image":{"@id":"https:\/\/www.aryup.com\/fr\/#\/schema\/logo\/image\/"}}]}},"_links":{"self":[{"href":"https:\/\/www.aryup.com\/fr\/wp-json\/wp\/v2\/pages\/731","targetHints":{"allow":["GET"]}}],"collection":[{"href":"https:\/\/www.aryup.com\/fr\/wp-json\/wp\/v2\/pages"}],"about":[{"href":"https:\/\/www.aryup.com\/fr\/wp-json\/wp\/v2\/types\/page"}],"author":[{"embeddable":true,"href":"https:\/\/www.aryup.com\/fr\/wp-json\/wp\/v2\/users\/1"}],"replies":[{"embeddable":true,"href":"https:\/\/www.aryup.com\/fr\/wp-json\/wp\/v2\/comments?post=731"}],"version-history":[{"count":61,"href":"https:\/\/www.aryup.com\/fr\/wp-json\/wp\/v2\/pages\/731\/revisions"}],"predecessor-version":[{"id":3712,"href":"https:\/\/www.aryup.com\/fr\/wp-json\/wp\/v2\/pages\/731\/revisions\/3712"}],"up":[{"embeddable":true,"href":"https:\/\/www.aryup.com\/fr\/wp-json\/wp\/v2\/pages\/686"}],"wp:attachment":[{"href":"https:\/\/www.aryup.com\/fr\/wp-json\/wp\/v2\/media?parent=731"}],"curies":[{"name":"wp","href":"https:\/\/api.w.org\/{rel}","templated":true}]}}