{"id":727,"date":"2022-01-14T11:50:47","date_gmt":"2022-01-14T10:50:47","guid":{"rendered":"https:\/\/www.aryup.com\/fr\/?page_id=727"},"modified":"2022-03-21T09:56:46","modified_gmt":"2022-03-21T08:56:46","slug":"dedie","status":"publish","type":"page","link":"https:\/\/www.aryup.com\/fr\/hebergement\/dedie","title":{"rendered":"H\u00e9bergement D\u00e9di\u00e9"},"content":{"rendered":"\t\t<div data-elementor-type=\"wp-page\" data-elementor-id=\"727\" class=\"elementor elementor-727\">\n\t\t\t\t\t\t<section class=\"elementor-section elementor-top-section elementor-element elementor-element-3046287 elementor-section-boxed elementor-section-height-default elementor-section-height-default\" data-id=\"3046287\" data-element_type=\"section\">\n\t\t\t\t\t\t<div class=\"elementor-container elementor-column-gap-default\">\n\t\t\t\t\t<div class=\"elementor-column elementor-col-66 elementor-top-column elementor-element elementor-element-a51ed44\" data-id=\"a51ed44\" data-element_type=\"column\">\n\t\t\t<div class=\"elementor-widget-wrap elementor-element-populated\">\n\t\t\t\t\t\t<div class=\"elementor-element elementor-element-e4e4e45 elementor-widget elementor-widget-spacer\" data-id=\"e4e4e45\" data-element_type=\"widget\" data-widget_type=\"spacer.default\">\n\t\t\t\t<div class=\"elementor-widget-container\">\n\t\t\t\t\t\t\t<div class=\"elementor-spacer\">\n\t\t\t<div class=\"elementor-spacer-inner\"><\/div>\n\t\t<\/div>\n\t\t\t\t\t\t<\/div>\n\t\t\t\t<\/div>\n\t\t\t\t<div class=\"elementor-element elementor-element-b2003ff elementor-widget elementor-widget-heading\" data-id=\"b2003ff\" data-element_type=\"widget\" data-widget_type=\"heading.default\">\n\t\t\t\t<div class=\"elementor-widget-container\">\n\t\t\t\t\t<h2 class=\"elementor-heading-title elementor-size-default\">H\u00c9BERGEMENT, SERVEUR D\u00c9DI\u00c9<\/h2>\t\t\t\t<\/div>\n\t\t\t\t<\/div>\n\t\t\t\t<div class=\"elementor-element elementor-element-f30f070 elementor-widget-divider--view-line elementor-widget elementor-widget-divider\" data-id=\"f30f070\" data-element_type=\"widget\" data-widget_type=\"divider.default\">\n\t\t\t\t<div class=\"elementor-widget-container\">\n\t\t\t\t\t\t\t<div class=\"elementor-divider\">\n\t\t\t<span class=\"elementor-divider-separator\">\n\t\t\t\t\t\t<\/span>\n\t\t<\/div>\n\t\t\t\t\t\t<\/div>\n\t\t\t\t<\/div>\n\t\t\t\t<div class=\"elementor-element elementor-element-c8e5ab1 elementor-widget elementor-widget-text-editor\" data-id=\"c8e5ab1\" data-element_type=\"widget\" data-widget_type=\"text-editor.default\">\n\t\t\t\t<div class=\"elementor-widget-container\">\n\t\t\t\t\t\t\t\t\t<div class=\"vc_row wpb_row vc_row-fluid\"><div class=\"wpb_column vc_column_container vc_col-sm-12 relative\"><div class=\"vc_column-inner \"><div class=\"wpb_wrapper\"><div class=\"wpb_text_column wpb_content_element \"><div class=\"wpb_wrapper\"><p>C\u2019est le haut de gamme de l\u2019h\u00e9bergement web. Le serveur d\u00e9di\u00e9 consiste \u00e0 mettre \u00e0 disposition d\u2019un utilisateur une machine uniquement r\u00e9serv\u00e9e \u00e0 son propre usage.<\/p><\/div><\/div><\/div><\/div><\/div><\/div><div class=\"vc_row wpb_row vc_row-fluid\"><div class=\"wpb_column vc_column_container vc_col-sm-12 relative\"><div class=\"vc_column-inner \"><div class=\"wpb_wrapper\"><div class=\"wpb_text_column wpb_content_element \"><div class=\"wpb_wrapper\"><p>Vous disposez donc de toutes les ressources hardware du serveur, sans limitations, ainsi que d\u2019une totale libert\u00e9 de configuration des programmes du serveur, d\u2019installation de biblioth\u00e8ques ou de programmation de t\u00e2ches.<\/p><p>Les h\u00e9bergements d\u00e9di\u00e9s sont ainsi plus co\u00fbteux que les h\u00e9bergements mutualis\u00e9s, mais enti\u00e8rement personnalisables selon vos besoins. Des connaissances d\u2019administration de serveurs sont requises, \u00e0 moins de nous en confier l\u2019enti\u00e8re administration.<\/p><\/div><\/div><\/div><\/div><\/div><\/div>\t\t\t\t\t\t\t\t<\/div>\n\t\t\t\t<\/div>\n\t\t\t\t\t<\/div>\n\t\t<\/div>\n\t\t\t\t<div class=\"elementor-column elementor-col-33 elementor-top-column elementor-element elementor-element-fda61cd\" data-id=\"fda61cd\" data-element_type=\"column\">\n\t\t\t<div class=\"elementor-widget-wrap elementor-element-populated\">\n\t\t\t\t\t\t<div class=\"elementor-element elementor-element-f4ae835 elementor-widget elementor-widget-spacer\" data-id=\"f4ae835\" data-element_type=\"widget\" data-widget_type=\"spacer.default\">\n\t\t\t\t<div class=\"elementor-widget-container\">\n\t\t\t\t\t\t\t<div class=\"elementor-spacer\">\n\t\t\t<div class=\"elementor-spacer-inner\"><\/div>\n\t\t<\/div>\n\t\t\t\t\t\t<\/div>\n\t\t\t\t<\/div>\n\t\t\t\t<div class=\"elementor-element elementor-element-b5fdbac elementor-widget elementor-widget-heading\" data-id=\"b5fdbac\" data-element_type=\"widget\" data-widget_type=\"heading.default\">\n\t\t\t\t<div class=\"elementor-widget-container\">\n\t\t\t\t\t<h2 class=\"elementor-heading-title elementor-size-default\">H\u00e9bergement<\/h2>\t\t\t\t<\/div>\n\t\t\t\t<\/div>\n\t\t\t\t<div class=\"elementor-element elementor-element-48c38a4 elementor-widget-divider--view-line elementor-widget elementor-widget-divider\" data-id=\"48c38a4\" data-element_type=\"widget\" data-widget_type=\"divider.default\">\n\t\t\t\t<div class=\"elementor-widget-container\">\n\t\t\t\t\t\t\t<div class=\"elementor-divider\">\n\t\t\t<span class=\"elementor-divider-separator\">\n\t\t\t\t\t\t<\/span>\n\t\t<\/div>\n\t\t\t\t\t\t<\/div>\n\t\t\t\t<\/div>\n\t\t\t\t<div class=\"elementor-element elementor-element-8032a58 elementor-widget elementor-widget-sidebar\" data-id=\"8032a58\" data-element_type=\"widget\" data-widget_type=\"sidebar.default\">\n\t\t\t\t<div class=\"elementor-widget-container\">\n\t\t\t\t\t<div class=\"menu-hebergement-container\"><ul id=\"menu-hebergement\" class=\"menu\"><li id=\"menu-item-2219\" class=\"menu-item menu-item-type-post_type menu-item-object-page menu-item-has-children menu-item-2219\"><a href=\"https:\/\/www.aryup.com\/fr\/hebergement\">H\u00e9bergement<\/a>\n<ul class=\"sub-menu\">\n\t<li id=\"menu-item-2220\" class=\"menu-item menu-item-type-post_type menu-item-object-page menu-item-2220\"><a href=\"https:\/\/www.aryup.com\/fr\/hebergement\/audit-de-securite\">Audit de S\u00e9curit\u00e9<\/a><\/li>\n\t<li id=\"menu-item-2221\" class=\"menu-item menu-item-type-post_type menu-item-object-page menu-item-2221\"><a href=\"https:\/\/www.aryup.com\/fr\/hebergement\/cloud\">Cloud et Virtualisation<\/a><\/li>\n\t<li id=\"menu-item-2222\" class=\"menu-item menu-item-type-post_type menu-item-object-page menu-item-2222\"><a href=\"https:\/\/www.aryup.com\/fr\/hebergement\/dedie\">H\u00e9bergement D\u00e9di\u00e9<\/a><\/li>\n\t<li id=\"menu-item-2223\" class=\"menu-item menu-item-type-post_type menu-item-object-page menu-item-2223\"><a href=\"https:\/\/www.aryup.com\/fr\/hebergement\/mutualise\">H\u00e9bergement Mutualis\u00e9<\/a><\/li>\n\t<li id=\"menu-item-2224\" class=\"menu-item menu-item-type-post_type menu-item-object-page menu-item-has-children menu-item-2224\"><a href=\"https:\/\/www.aryup.com\/fr\/hebergement\/notre-reseau\">Notre r\u00e9seau d\u2019h\u00e9bergement<\/a>\n\t<ul class=\"sub-menu\">\n\t\t<li id=\"menu-item-2225\" class=\"menu-item menu-item-type-post_type menu-item-object-page menu-item-2225\"><a href=\"https:\/\/www.aryup.com\/fr\/hebergement\/notre-reseau\/datacenter-atlanta-georgia-usa\">Atlanta, G\u00e9orgie \u2013 \u00c9tats-Unis<\/a><\/li>\n\t\t<li id=\"menu-item-2226\" class=\"menu-item menu-item-type-post_type menu-item-object-page menu-item-2226\"><a href=\"https:\/\/www.aryup.com\/fr\/hebergement\/notre-reseau\/datacenter-barcelone-espagne\">Barcelone \u2013 Espagne<\/a><\/li>\n\t\t<li id=\"menu-item-2227\" class=\"menu-item menu-item-type-post_type menu-item-object-page menu-item-2227\"><a href=\"https:\/\/www.aryup.com\/fr\/hebergement\/notre-reseau\/datacenter-haifa-israel\">Ha\u00effa \u2013 Isra\u00ebl<\/a><\/li>\n\t\t<li id=\"menu-item-2228\" class=\"menu-item menu-item-type-post_type menu-item-object-page menu-item-2228\"><a href=\"https:\/\/www.aryup.com\/fr\/hebergement\/notre-reseau\/datacenter-kuala-lumpur-malaysia\">Kuala Lumpur \u2013 Malaisie<\/a><\/li>\n\t\t<li id=\"menu-item-2229\" class=\"menu-item menu-item-type-post_type menu-item-object-page menu-item-2229\"><a href=\"https:\/\/www.aryup.com\/fr\/hebergement\/notre-reseau\/datacenter-london-uk\">Londres \u2013 Royaume-Uni<\/a><\/li>\n\t\t<li id=\"menu-item-2230\" class=\"menu-item menu-item-type-post_type menu-item-object-page menu-item-2230\"><a href=\"https:\/\/www.aryup.com\/fr\/hebergement\/notre-reseau\/datacenter-paris-dc1\">Paris \u2013 France<\/a><\/li>\n\t\t<li id=\"menu-item-2231\" class=\"menu-item menu-item-type-post_type menu-item-object-page menu-item-2231\"><a href=\"https:\/\/www.aryup.com\/fr\/hebergement\/notre-reseau\/datacenter-seattle-usa\">Seattle, Washington \u2013 \u00c9tats-Unis<\/a><\/li>\n\t\t<li id=\"menu-item-2232\" class=\"menu-item menu-item-type-post_type menu-item-object-page menu-item-2232\"><a href=\"https:\/\/www.aryup.com\/fr\/hebergement\/notre-reseau\/datacenter-singapore-asia\">Singapour \u2013 Asie<\/a><\/li>\n\t\t<li id=\"menu-item-2233\" class=\"menu-item menu-item-type-post_type menu-item-object-page menu-item-2233\"><a href=\"https:\/\/www.aryup.com\/fr\/hebergement\/notre-reseau\/datacenter-sydney-australia\">Sydney \u2013 Australie<\/a><\/li>\n\t\t<li id=\"menu-item-2234\" class=\"menu-item menu-item-type-post_type menu-item-object-page menu-item-2234\"><a href=\"https:\/\/www.aryup.com\/fr\/hebergement\/notre-reseau\/datacenter-zurich-switzerland\">Zurich \u2013 Suisse<\/a><\/li>\n\t<\/ul>\n<\/li>\n<\/ul>\n<\/li>\n<\/ul><\/div>\t\t\t\t<\/div>\n\t\t\t\t<\/div>\n\t\t\t\t<div class=\"elementor-element elementor-element-64752fb elementor-widget elementor-widget-sidebar\" data-id=\"64752fb\" data-element_type=\"widget\" data-widget_type=\"sidebar.default\">\n\t\t\t\t<div class=\"elementor-widget-container\">\n\t\t\t\t\t<div class=\"textwidget custom-html-widget\"><div style=\"teXt-align:center\">\r\n<a href=\"https:\/\/www.aryup.com\/fr\/demande-d-information\" class=\"elementor-button-link elementor-button elementor-size-sm widget_button\" role=\"button\"><span class=\"elementor-button-content-wrapper\"><span class=\"elementor-button-text\">CONTACTEZ-NOUS GRATUITEMENT<\/span><\/span><\/a>\r\n\r\n<a href=\"https:\/\/www.aryup.com\/fr\/devis\" class=\"elementor-button-link elementor-button elementor-size-sm widget_button\" role=\"button\"><span class=\"elementor-button-content-wrapper\"><span class=\"elementor-button-text\">DEMANDER NOUS UN DEVIS<\/span><\/span><\/a>\r\n\t\t\r\n<\/div>\r\n<\/div>\t\t\t\t<\/div>\n\t\t\t\t<\/div>\n\t\t\t\t\t<\/div>\n\t\t<\/div>\n\t\t\t\t\t<\/div>\n\t\t<\/section>\n\t\t\t\t<\/div>\n\t\t","protected":false},"excerpt":{"rendered":"<p>H\u00c9BERGEMENT, SERVEUR D\u00c9DI\u00c9 C\u2019est le haut de gamme de l\u2019h\u00e9bergement web. Le serveur d\u00e9di\u00e9 consiste \u00e0 mettre \u00e0 disposition d\u2019un utilisateur une machine uniquement r\u00e9serv\u00e9e \u00e0 son propre usage. Vous disposez donc de toutes les ressources hardware du serveur, sans limitations, ainsi que d\u2019une totale libert\u00e9 de configuration des programmes du serveur, d\u2019installation de biblioth\u00e8ques [&hellip;]<\/p>\n","protected":false},"author":1,"featured_media":0,"parent":686,"menu_order":0,"comment_status":"closed","ping_status":"closed","template":"","meta":{"footnotes":""},"class_list":["post-727","page","type-page","status-publish","hentry"],"yoast_head":"<!-- This site is optimized with the Yoast SEO plugin v26.9 - https:\/\/yoast.com\/product\/yoast-seo-wordpress\/ -->\n<title>H\u00e9bergement D\u00e9di\u00e9 - AGENCE WEB PARIS METZ LUXEMBOURG - SITE INTERNET - HEBERGEMENT - MARKETING - WEBDESIGN<\/title>\n<meta name=\"robots\" content=\"index, follow, max-snippet:-1, max-image-preview:large, max-video-preview:-1\" \/>\n<link rel=\"canonical\" href=\"https:\/\/www.aryup.com\/fr\/hebergement\/dedie\" \/>\n<meta property=\"og:locale\" content=\"fr_FR\" \/>\n<meta property=\"og:type\" content=\"article\" \/>\n<meta property=\"og:title\" content=\"H\u00e9bergement D\u00e9di\u00e9 - AGENCE WEB PARIS METZ LUXEMBOURG - SITE INTERNET - HEBERGEMENT - MARKETING - WEBDESIGN\" \/>\n<meta property=\"og:description\" content=\"H\u00c9BERGEMENT, SERVEUR D\u00c9DI\u00c9 C\u2019est le haut de gamme de l\u2019h\u00e9bergement web. Le serveur d\u00e9di\u00e9 consiste \u00e0 mettre \u00e0 disposition d\u2019un utilisateur une machine uniquement r\u00e9serv\u00e9e \u00e0 son propre usage. Vous disposez donc de toutes les ressources hardware du serveur, sans limitations, ainsi que d\u2019une totale libert\u00e9 de configuration des programmes du serveur, d\u2019installation de biblioth\u00e8ques [&hellip;]\" \/>\n<meta property=\"og:url\" content=\"https:\/\/www.aryup.com\/fr\/hebergement\/dedie\" \/>\n<meta property=\"og:site_name\" content=\"AGENCE WEB PARIS METZ LUXEMBOURG - SITE INTERNET - HEBERGEMENT - MARKETING - WEBDESIGN\" \/>\n<meta property=\"article:modified_time\" content=\"2022-03-21T08:56:46+00:00\" \/>\n<meta property=\"og:image\" content=\"https:\/\/www.aryup.com\/fr\/wp-content\/uploads\/2022\/01\/favicon-aryup-192.png\" \/>\n\t<meta property=\"og:image:width\" content=\"192\" \/>\n\t<meta property=\"og:image:height\" content=\"192\" \/>\n\t<meta property=\"og:image:type\" content=\"image\/png\" \/>\n<meta name=\"twitter:card\" content=\"summary_large_image\" \/>\n<meta name=\"twitter:label1\" content=\"Dur\u00e9e de lecture estim\u00e9e\" \/>\n\t<meta name=\"twitter:data1\" content=\"1 minute\" \/>\n<script type=\"application\/ld+json\" class=\"yoast-schema-graph\">{\"@context\":\"https:\/\/schema.org\",\"@graph\":[{\"@type\":\"WebPage\",\"@id\":\"https:\/\/www.aryup.com\/fr\/hebergement\/dedie\",\"url\":\"https:\/\/www.aryup.com\/fr\/hebergement\/dedie\",\"name\":\"H\u00e9bergement D\u00e9di\u00e9 - AGENCE WEB PARIS METZ LUXEMBOURG - SITE INTERNET - HEBERGEMENT - MARKETING - WEBDESIGN\",\"isPartOf\":{\"@id\":\"https:\/\/www.aryup.com\/fr\/#website\"},\"datePublished\":\"2022-01-14T10:50:47+00:00\",\"dateModified\":\"2022-03-21T08:56:46+00:00\",\"breadcrumb\":{\"@id\":\"https:\/\/www.aryup.com\/fr\/hebergement\/dedie#breadcrumb\"},\"inLanguage\":\"fr-FR\",\"potentialAction\":[{\"@type\":\"ReadAction\",\"target\":[\"https:\/\/www.aryup.com\/fr\/hebergement\/dedie\"]}]},{\"@type\":\"BreadcrumbList\",\"@id\":\"https:\/\/www.aryup.com\/fr\/hebergement\/dedie#breadcrumb\",\"itemListElement\":[{\"@type\":\"ListItem\",\"position\":1,\"name\":\"Accueil\",\"item\":\"https:\/\/www.aryup.com\/fr\/\"},{\"@type\":\"ListItem\",\"position\":2,\"name\":\"H\u00e9bergement\",\"item\":\"https:\/\/www.aryup.com\/fr\/hebergement\"},{\"@type\":\"ListItem\",\"position\":3,\"name\":\"H\u00e9bergement D\u00e9di\u00e9\"}]},{\"@type\":\"WebSite\",\"@id\":\"https:\/\/www.aryup.com\/fr\/#website\",\"url\":\"https:\/\/www.aryup.com\/fr\/\",\"name\":\"AGENCE WEB PARIS METZ LUXEMBOURG - SITE INTERNET - HEBERGEMENT - MARKETING - WEBDESIGN\",\"description\":\"Internationaliser votre site Internet - Cr\u00e9ation de sites internet pour les entreprises et particuliers. Nos services: conception, CMS, h\u00e9b\u00e9rgement, r\u00e9f\u00e9rencement SEO\/SEA, nom de domaine, emailing, maintenance et support.\",\"publisher\":{\"@id\":\"https:\/\/www.aryup.com\/fr\/#organization\"},\"potentialAction\":[{\"@type\":\"SearchAction\",\"target\":{\"@type\":\"EntryPoint\",\"urlTemplate\":\"https:\/\/www.aryup.com\/fr\/?s={search_term_string}\"},\"query-input\":{\"@type\":\"PropertyValueSpecification\",\"valueRequired\":true,\"valueName\":\"search_term_string\"}}],\"inLanguage\":\"fr-FR\"},{\"@type\":\"Organization\",\"@id\":\"https:\/\/www.aryup.com\/fr\/#organization\",\"name\":\"Aryup\",\"url\":\"https:\/\/www.aryup.com\/fr\/\",\"logo\":{\"@type\":\"ImageObject\",\"inLanguage\":\"fr-FR\",\"@id\":\"https:\/\/www.aryup.com\/fr\/#\/schema\/logo\/image\/\",\"url\":\"https:\/\/www.aryup.com\/fr\/wp-content\/uploads\/2022\/01\/favicon-aryup-192.png\",\"contentUrl\":\"https:\/\/www.aryup.com\/fr\/wp-content\/uploads\/2022\/01\/favicon-aryup-192.png\",\"width\":192,\"height\":192,\"caption\":\"Aryup\"},\"image\":{\"@id\":\"https:\/\/www.aryup.com\/fr\/#\/schema\/logo\/image\/\"}}]}<\/script>\n<!-- \/ Yoast SEO plugin. -->","yoast_head_json":{"title":"H\u00e9bergement D\u00e9di\u00e9 - AGENCE WEB PARIS METZ LUXEMBOURG - SITE INTERNET - HEBERGEMENT - MARKETING - WEBDESIGN","robots":{"index":"index","follow":"follow","max-snippet":"max-snippet:-1","max-image-preview":"max-image-preview:large","max-video-preview":"max-video-preview:-1"},"canonical":"https:\/\/www.aryup.com\/fr\/hebergement\/dedie","og_locale":"fr_FR","og_type":"article","og_title":"H\u00e9bergement D\u00e9di\u00e9 - AGENCE WEB PARIS METZ LUXEMBOURG - SITE INTERNET - HEBERGEMENT - MARKETING - WEBDESIGN","og_description":"H\u00c9BERGEMENT, SERVEUR D\u00c9DI\u00c9 C\u2019est le haut de gamme de l\u2019h\u00e9bergement web. Le serveur d\u00e9di\u00e9 consiste \u00e0 mettre \u00e0 disposition d\u2019un utilisateur une machine uniquement r\u00e9serv\u00e9e \u00e0 son propre usage. Vous disposez donc de toutes les ressources hardware du serveur, sans limitations, ainsi que d\u2019une totale libert\u00e9 de configuration des programmes du serveur, d\u2019installation de biblioth\u00e8ques [&hellip;]","og_url":"https:\/\/www.aryup.com\/fr\/hebergement\/dedie","og_site_name":"AGENCE WEB PARIS METZ LUXEMBOURG - SITE INTERNET - HEBERGEMENT - MARKETING - WEBDESIGN","article_modified_time":"2022-03-21T08:56:46+00:00","og_image":[{"width":192,"height":192,"url":"https:\/\/www.aryup.com\/fr\/wp-content\/uploads\/2022\/01\/favicon-aryup-192.png","type":"image\/png"}],"twitter_card":"summary_large_image","twitter_misc":{"Dur\u00e9e de lecture estim\u00e9e":"1 minute"},"schema":{"@context":"https:\/\/schema.org","@graph":[{"@type":"WebPage","@id":"https:\/\/www.aryup.com\/fr\/hebergement\/dedie","url":"https:\/\/www.aryup.com\/fr\/hebergement\/dedie","name":"H\u00e9bergement D\u00e9di\u00e9 - AGENCE WEB PARIS METZ LUXEMBOURG - SITE INTERNET - HEBERGEMENT - MARKETING - WEBDESIGN","isPartOf":{"@id":"https:\/\/www.aryup.com\/fr\/#website"},"datePublished":"2022-01-14T10:50:47+00:00","dateModified":"2022-03-21T08:56:46+00:00","breadcrumb":{"@id":"https:\/\/www.aryup.com\/fr\/hebergement\/dedie#breadcrumb"},"inLanguage":"fr-FR","potentialAction":[{"@type":"ReadAction","target":["https:\/\/www.aryup.com\/fr\/hebergement\/dedie"]}]},{"@type":"BreadcrumbList","@id":"https:\/\/www.aryup.com\/fr\/hebergement\/dedie#breadcrumb","itemListElement":[{"@type":"ListItem","position":1,"name":"Accueil","item":"https:\/\/www.aryup.com\/fr\/"},{"@type":"ListItem","position":2,"name":"H\u00e9bergement","item":"https:\/\/www.aryup.com\/fr\/hebergement"},{"@type":"ListItem","position":3,"name":"H\u00e9bergement D\u00e9di\u00e9"}]},{"@type":"WebSite","@id":"https:\/\/www.aryup.com\/fr\/#website","url":"https:\/\/www.aryup.com\/fr\/","name":"AGENCE WEB PARIS METZ LUXEMBOURG - SITE INTERNET - HEBERGEMENT - MARKETING - WEBDESIGN","description":"Internationaliser votre site Internet - Cr\u00e9ation de sites internet pour les entreprises et particuliers. Nos services: conception, CMS, h\u00e9b\u00e9rgement, r\u00e9f\u00e9rencement SEO\/SEA, nom de domaine, emailing, maintenance et support.","publisher":{"@id":"https:\/\/www.aryup.com\/fr\/#organization"},"potentialAction":[{"@type":"SearchAction","target":{"@type":"EntryPoint","urlTemplate":"https:\/\/www.aryup.com\/fr\/?s={search_term_string}"},"query-input":{"@type":"PropertyValueSpecification","valueRequired":true,"valueName":"search_term_string"}}],"inLanguage":"fr-FR"},{"@type":"Organization","@id":"https:\/\/www.aryup.com\/fr\/#organization","name":"Aryup","url":"https:\/\/www.aryup.com\/fr\/","logo":{"@type":"ImageObject","inLanguage":"fr-FR","@id":"https:\/\/www.aryup.com\/fr\/#\/schema\/logo\/image\/","url":"https:\/\/www.aryup.com\/fr\/wp-content\/uploads\/2022\/01\/favicon-aryup-192.png","contentUrl":"https:\/\/www.aryup.com\/fr\/wp-content\/uploads\/2022\/01\/favicon-aryup-192.png","width":192,"height":192,"caption":"Aryup"},"image":{"@id":"https:\/\/www.aryup.com\/fr\/#\/schema\/logo\/image\/"}}]}},"_links":{"self":[{"href":"https:\/\/www.aryup.com\/fr\/wp-json\/wp\/v2\/pages\/727","targetHints":{"allow":["GET"]}}],"collection":[{"href":"https:\/\/www.aryup.com\/fr\/wp-json\/wp\/v2\/pages"}],"about":[{"href":"https:\/\/www.aryup.com\/fr\/wp-json\/wp\/v2\/types\/page"}],"author":[{"embeddable":true,"href":"https:\/\/www.aryup.com\/fr\/wp-json\/wp\/v2\/users\/1"}],"replies":[{"embeddable":true,"href":"https:\/\/www.aryup.com\/fr\/wp-json\/wp\/v2\/comments?post=727"}],"version-history":[{"count":10,"href":"https:\/\/www.aryup.com\/fr\/wp-json\/wp\/v2\/pages\/727\/revisions"}],"predecessor-version":[{"id":2308,"href":"https:\/\/www.aryup.com\/fr\/wp-json\/wp\/v2\/pages\/727\/revisions\/2308"}],"up":[{"embeddable":true,"href":"https:\/\/www.aryup.com\/fr\/wp-json\/wp\/v2\/pages\/686"}],"wp:attachment":[{"href":"https:\/\/www.aryup.com\/fr\/wp-json\/wp\/v2\/media?parent=727"}],"curies":[{"name":"wp","href":"https:\/\/api.w.org\/{rel}","templated":true}]}}