{"id":725,"date":"2022-01-14T11:50:27","date_gmt":"2022-01-14T10:50:27","guid":{"rendered":"https:\/\/www.aryup.com\/fr\/?page_id=725"},"modified":"2022-06-09T15:13:21","modified_gmt":"2022-06-09T13:13:21","slug":"cloud","status":"publish","type":"page","link":"https:\/\/www.aryup.com\/fr\/hebergement\/cloud","title":{"rendered":"Cloud et Virtualisation"},"content":{"rendered":"<h2>H\u00c9BERGEMENT, CLOUD, VIRTUALISATION<\/h2>\n<h3>Performance<\/h3>\n<p>Haute disponibilit\u00e9 des ressources, qualit\u00e9 des \u00e9quipements et des partenariats de confiance.<\/p>\n<h3>\u00c9volutivit\u00e9<\/h3>\n<p>Scalabilit\u00e9 et modularit\u00e9 en fonction de vos probl\u00e9matiques et vos besoins \u00e0 co\u00fbts transparents.<\/p>\n<h3>Expertise<\/h3>\n<p>Plus de 10 ann\u00e9es d&rsquo;exp\u00e9rience en conseil, architecture, mise en oeuvre, d\u00e9ploiement, formation&#8230;<\/p>\n<h3>S\u00e9curit\u00e9<\/h3>\n<p>R\u00e9paration de charges, redondances, outils de d\u00e9tection de faille de s\u00e9curit\u00e9, scan FTP&#8230;<\/p>\n<h3>Disponibilit\u00e9<\/h3>\n<p>Une \u00e9quipe d&rsquo;experts disponibles 7 jours sur 7, 24 heures sur 24 et 365 jours par an.<\/p>\n<h3>International<\/h3>\n<p>Des baies et serveurs g\u00e9olocalis\u00e9s aux quatre coins du monde sur diff\u00e9rents sites distincts.<\/p>\n<p><b style=\"font-size: 21px;\">Infrastructure d\u2019h\u00e9bergement cloud infog\u00e9r\u00e9 d\u00e9di\u00e9 aux entreprises et aux associations<\/b><b><br \/>\n<\/b>Voici l\u2019architecture d\u2019h\u00e9bergement la plus souvent adapt\u00e9e aux entreprises et aux associations pour sa souplesse, sa tol\u00e9rance aux pannes et sa scalabilit\u00e9.<br \/>\nEn effet, ce mod\u00e8le d\u2019infrastructure r\u00e9pond tr\u00e8s bien aux besoins car il a \u00e9t\u00e9 construit en se basant sur leurs probl\u00e9matiques.<\/p>\n<p><b style=\"letter-spacing: -0.4px; font-size: 21px;\"><br \/>\nUne plate-forme d\u2019h\u00e9bergement d\u00e9di\u00e9 qui permet une souplesse de fonctionnement au quotidien :<\/b><\/p>\n<p>L\u2019infrastructure d\u2019h\u00e9bergement web \u00e9volue en permanence : Le nombre de machines augmente ou diminue en fonction du nombre de clients et des ressources utilis\u00e9es par vos clients (taille des projets).<\/p>\n<p><b style=\"font-size: 21px;\"><br \/>\nInfrastructure web avec tol\u00e9rance de panne :<\/b><b><br \/>\n<\/b>L\u2019architecture web infog\u00e9r\u00e9e et propos\u00e9e ici par notre \u00e9quipe est enti\u00e8rement redond\u00e9e. Ainsi en cas de panne d\u2019une machine (Host), VM Ware r\u00e9\u00e9quilibre automatiquement la charge sur les autres hosts disponibles. Si une machine virtuelle ne r\u00e9pond plus, HaProxy la retire de suite du cluster concern\u00e9, les autres instances se r\u00e9partissent sa charge et notre monitoring nous informe d\u2019un dysfonctionnement pour que nous puissions intervenir.<\/p>\n<p><b style=\"font-size: 21px;\"><br \/>\nPerformance, scalabilit\u00e9 et SEO de ce type d\u2019h\u00e9bergement :<\/b><b><br \/>\n<\/b>Les services de cette infrastructure d\u2019h\u00e9bergement sont d\u00e9coup\u00e9s en cluster, tout est donc 100% \u00e9volutif en quelques minutes. Nous monitorons la qualit\u00e9 de service de chacun des services et nous ajoutons aux besoins des machines pour am\u00e9liorer la performance.<\/p>\n<p>Pour votre SEO (ou r\u00e9f\u00e9rencement naturel) les performances sont \u00e9galement importantes et les \u00e9changes entre machines se faisant via un r\u00e9seau local sur des machines situ\u00e9es dans les m\u00eames datacentres, les temps de connexion sont tr\u00e8s faibles.<\/p>\n<p>D\u2019ailleurs, concernant le SEO, cette infrastructure permet d\u2019installer autant d\u2019ips g\u00e9olocalis\u00e9s que voulus qui pointent toutes sur les load balancers. Ainsi, on consid\u00e8re plusieurs g\u00e9olocalisations possibles pour vos projets au sein d\u2019un m\u00eame h\u00e9bergement.<\/p>\n<p><b style=\"font-size: 21px;\"><br \/>\nLa s\u00e9curit\u00e9 de l\u2019infrastructure :<\/b><b><br \/>\n<\/b>La s\u00e9curit\u00e9 est un facteur d\u00e9terminant lorsque tout est h\u00e9berg\u00e9 au sein d\u2019une m\u00eame infrastructure. Pour optimiser cela, nos \u00e9quipes isolent vos machines au sein d\u2019un VLAN priv\u00e9 de sorte qu\u2019aucune connexion ne puisse se faire depuis l\u2019ext\u00e9rieur.<\/p>\n<p>Le load balancer est le seul point de connexion accessible depuis l\u2019ext\u00e9rieur. Selon vos solutions de d\u00e9ploiement et les modes de connexion souhait\u00e9s \u00e0 l&rsquo;infrastructure (VPN, SSH\u2026), nous pourrons encore vous proposer d\u2019autres options en mati\u00e8re de s\u00e9curit\u00e9.<\/p>\n<p><strong style=\"font-size: 21px;\"><br \/>\nMise en service \/ Livraison :<\/strong><br \/>\nUne \u00e9tude sera men\u00e9e conjointement par notre \u00e9quipe commerciale et notre \u00e9quipe technique pour valider les ressources n\u00e9cessaires selon les informations que vous aurez pu nous fournir (trafic, consommation des ressources actuelles\u2026). Un devis vous sera alors transmis sous 48H.<\/p>\n<p>Apr\u00e8s validation du devis et paiement de la premi\u00e8re \u00e9ch\u00e9ance, il faut compter 48H pour la livraison et l\u2019installation de cette architecture d\u2019h\u00e9bergement (sans compter la migration).<\/p>\n<p>Si vous \u00eates d\u00e9j\u00e0 client, la migration sera gratuite et prise en charge par notre support technique.<\/p>\n<p>Pour un devis sur mesure, je vous invite \u00e0 contacter notre \u00e9quipe commerciale.<\/p>\n<h2>H\u00e9bergement<\/h2>\n","protected":false},"excerpt":{"rendered":"<p>H\u00c9BERGEMENT, CLOUD, VIRTUALISATION Performance Haute disponibilit\u00e9 des ressources, qualit\u00e9 des \u00e9quipements et des partenariats de confiance. \u00c9volutivit\u00e9 Scalabilit\u00e9 et modularit\u00e9 en fonction de vos probl\u00e9matiques et vos besoins \u00e0 co\u00fbts transparents. Expertise Plus de 10 ann\u00e9es d&rsquo;exp\u00e9rience en conseil, architecture, mise en oeuvre, d\u00e9ploiement, formation&#8230; S\u00e9curit\u00e9 R\u00e9paration de charges, redondances, outils de d\u00e9tection de faille [&hellip;]<\/p>\n","protected":false},"author":1,"featured_media":0,"parent":686,"menu_order":0,"comment_status":"closed","ping_status":"closed","template":"","meta":{"footnotes":""},"class_list":["post-725","page","type-page","status-publish","hentry"],"yoast_head":"<!-- This site is optimized with the Yoast SEO plugin v26.9 - https:\/\/yoast.com\/product\/yoast-seo-wordpress\/ -->\n<title>Cloud et Virtualisation - AGENCE WEB PARIS METZ LUXEMBOURG - SITE INTERNET - HEBERGEMENT - MARKETING - WEBDESIGN<\/title>\n<meta name=\"robots\" content=\"index, follow, max-snippet:-1, max-image-preview:large, max-video-preview:-1\" \/>\n<link rel=\"canonical\" href=\"https:\/\/www.aryup.com\/fr\/hebergement\/cloud\" \/>\n<meta property=\"og:locale\" content=\"fr_FR\" \/>\n<meta property=\"og:type\" content=\"article\" \/>\n<meta property=\"og:title\" content=\"Cloud et Virtualisation - AGENCE WEB PARIS METZ LUXEMBOURG - SITE INTERNET - HEBERGEMENT - MARKETING - WEBDESIGN\" \/>\n<meta property=\"og:description\" content=\"H\u00c9BERGEMENT, CLOUD, VIRTUALISATION Performance Haute disponibilit\u00e9 des ressources, qualit\u00e9 des \u00e9quipements et des partenariats de confiance. \u00c9volutivit\u00e9 Scalabilit\u00e9 et modularit\u00e9 en fonction de vos probl\u00e9matiques et vos besoins \u00e0 co\u00fbts transparents. Expertise Plus de 10 ann\u00e9es d&rsquo;exp\u00e9rience en conseil, architecture, mise en oeuvre, d\u00e9ploiement, formation&#8230; S\u00e9curit\u00e9 R\u00e9paration de charges, redondances, outils de d\u00e9tection de faille [&hellip;]\" \/>\n<meta property=\"og:url\" content=\"https:\/\/www.aryup.com\/fr\/hebergement\/cloud\" \/>\n<meta property=\"og:site_name\" content=\"AGENCE WEB PARIS METZ LUXEMBOURG - SITE INTERNET - HEBERGEMENT - MARKETING - WEBDESIGN\" \/>\n<meta property=\"article:modified_time\" content=\"2022-06-09T13:13:21+00:00\" \/>\n<meta property=\"og:image\" content=\"https:\/\/www.aryup.com\/fr\/wp-content\/uploads\/2022\/01\/favicon-aryup-192.png\" \/>\n\t<meta property=\"og:image:width\" content=\"192\" \/>\n\t<meta property=\"og:image:height\" content=\"192\" \/>\n\t<meta property=\"og:image:type\" content=\"image\/png\" \/>\n<meta name=\"twitter:card\" content=\"summary_large_image\" \/>\n<meta name=\"twitter:label1\" content=\"Dur\u00e9e de lecture estim\u00e9e\" \/>\n\t<meta name=\"twitter:data1\" content=\"3 minutes\" \/>\n<script type=\"application\/ld+json\" class=\"yoast-schema-graph\">{\"@context\":\"https:\/\/schema.org\",\"@graph\":[{\"@type\":\"WebPage\",\"@id\":\"https:\/\/www.aryup.com\/fr\/hebergement\/cloud\",\"url\":\"https:\/\/www.aryup.com\/fr\/hebergement\/cloud\",\"name\":\"Cloud et Virtualisation - AGENCE WEB PARIS METZ LUXEMBOURG - SITE INTERNET - HEBERGEMENT - MARKETING - WEBDESIGN\",\"isPartOf\":{\"@id\":\"https:\/\/www.aryup.com\/fr\/#website\"},\"datePublished\":\"2022-01-14T10:50:27+00:00\",\"dateModified\":\"2022-06-09T13:13:21+00:00\",\"breadcrumb\":{\"@id\":\"https:\/\/www.aryup.com\/fr\/hebergement\/cloud#breadcrumb\"},\"inLanguage\":\"fr-FR\",\"potentialAction\":[{\"@type\":\"ReadAction\",\"target\":[\"https:\/\/www.aryup.com\/fr\/hebergement\/cloud\"]}]},{\"@type\":\"BreadcrumbList\",\"@id\":\"https:\/\/www.aryup.com\/fr\/hebergement\/cloud#breadcrumb\",\"itemListElement\":[{\"@type\":\"ListItem\",\"position\":1,\"name\":\"Accueil\",\"item\":\"https:\/\/www.aryup.com\/fr\/\"},{\"@type\":\"ListItem\",\"position\":2,\"name\":\"H\u00e9bergement\",\"item\":\"https:\/\/www.aryup.com\/fr\/hebergement\"},{\"@type\":\"ListItem\",\"position\":3,\"name\":\"Cloud et Virtualisation\"}]},{\"@type\":\"WebSite\",\"@id\":\"https:\/\/www.aryup.com\/fr\/#website\",\"url\":\"https:\/\/www.aryup.com\/fr\/\",\"name\":\"AGENCE WEB PARIS METZ LUXEMBOURG - SITE INTERNET - HEBERGEMENT - MARKETING - WEBDESIGN\",\"description\":\"Internationaliser votre site Internet - Cr\u00e9ation de sites internet pour les entreprises et particuliers. Nos services: conception, CMS, h\u00e9b\u00e9rgement, r\u00e9f\u00e9rencement SEO\/SEA, nom de domaine, emailing, maintenance et support.\",\"publisher\":{\"@id\":\"https:\/\/www.aryup.com\/fr\/#organization\"},\"potentialAction\":[{\"@type\":\"SearchAction\",\"target\":{\"@type\":\"EntryPoint\",\"urlTemplate\":\"https:\/\/www.aryup.com\/fr\/?s={search_term_string}\"},\"query-input\":{\"@type\":\"PropertyValueSpecification\",\"valueRequired\":true,\"valueName\":\"search_term_string\"}}],\"inLanguage\":\"fr-FR\"},{\"@type\":\"Organization\",\"@id\":\"https:\/\/www.aryup.com\/fr\/#organization\",\"name\":\"Aryup\",\"url\":\"https:\/\/www.aryup.com\/fr\/\",\"logo\":{\"@type\":\"ImageObject\",\"inLanguage\":\"fr-FR\",\"@id\":\"https:\/\/www.aryup.com\/fr\/#\/schema\/logo\/image\/\",\"url\":\"https:\/\/www.aryup.com\/fr\/wp-content\/uploads\/2022\/01\/favicon-aryup-192.png\",\"contentUrl\":\"https:\/\/www.aryup.com\/fr\/wp-content\/uploads\/2022\/01\/favicon-aryup-192.png\",\"width\":192,\"height\":192,\"caption\":\"Aryup\"},\"image\":{\"@id\":\"https:\/\/www.aryup.com\/fr\/#\/schema\/logo\/image\/\"}}]}<\/script>\n<!-- \/ Yoast SEO plugin. -->","yoast_head_json":{"title":"Cloud et Virtualisation - AGENCE WEB PARIS METZ LUXEMBOURG - SITE INTERNET - HEBERGEMENT - MARKETING - WEBDESIGN","robots":{"index":"index","follow":"follow","max-snippet":"max-snippet:-1","max-image-preview":"max-image-preview:large","max-video-preview":"max-video-preview:-1"},"canonical":"https:\/\/www.aryup.com\/fr\/hebergement\/cloud","og_locale":"fr_FR","og_type":"article","og_title":"Cloud et Virtualisation - AGENCE WEB PARIS METZ LUXEMBOURG - SITE INTERNET - HEBERGEMENT - MARKETING - WEBDESIGN","og_description":"H\u00c9BERGEMENT, CLOUD, VIRTUALISATION Performance Haute disponibilit\u00e9 des ressources, qualit\u00e9 des \u00e9quipements et des partenariats de confiance. \u00c9volutivit\u00e9 Scalabilit\u00e9 et modularit\u00e9 en fonction de vos probl\u00e9matiques et vos besoins \u00e0 co\u00fbts transparents. Expertise Plus de 10 ann\u00e9es d&rsquo;exp\u00e9rience en conseil, architecture, mise en oeuvre, d\u00e9ploiement, formation&#8230; S\u00e9curit\u00e9 R\u00e9paration de charges, redondances, outils de d\u00e9tection de faille [&hellip;]","og_url":"https:\/\/www.aryup.com\/fr\/hebergement\/cloud","og_site_name":"AGENCE WEB PARIS METZ LUXEMBOURG - SITE INTERNET - HEBERGEMENT - MARKETING - WEBDESIGN","article_modified_time":"2022-06-09T13:13:21+00:00","og_image":[{"width":192,"height":192,"url":"https:\/\/www.aryup.com\/fr\/wp-content\/uploads\/2022\/01\/favicon-aryup-192.png","type":"image\/png"}],"twitter_card":"summary_large_image","twitter_misc":{"Dur\u00e9e de lecture estim\u00e9e":"3 minutes"},"schema":{"@context":"https:\/\/schema.org","@graph":[{"@type":"WebPage","@id":"https:\/\/www.aryup.com\/fr\/hebergement\/cloud","url":"https:\/\/www.aryup.com\/fr\/hebergement\/cloud","name":"Cloud et Virtualisation - AGENCE WEB PARIS METZ LUXEMBOURG - SITE INTERNET - HEBERGEMENT - MARKETING - WEBDESIGN","isPartOf":{"@id":"https:\/\/www.aryup.com\/fr\/#website"},"datePublished":"2022-01-14T10:50:27+00:00","dateModified":"2022-06-09T13:13:21+00:00","breadcrumb":{"@id":"https:\/\/www.aryup.com\/fr\/hebergement\/cloud#breadcrumb"},"inLanguage":"fr-FR","potentialAction":[{"@type":"ReadAction","target":["https:\/\/www.aryup.com\/fr\/hebergement\/cloud"]}]},{"@type":"BreadcrumbList","@id":"https:\/\/www.aryup.com\/fr\/hebergement\/cloud#breadcrumb","itemListElement":[{"@type":"ListItem","position":1,"name":"Accueil","item":"https:\/\/www.aryup.com\/fr\/"},{"@type":"ListItem","position":2,"name":"H\u00e9bergement","item":"https:\/\/www.aryup.com\/fr\/hebergement"},{"@type":"ListItem","position":3,"name":"Cloud et Virtualisation"}]},{"@type":"WebSite","@id":"https:\/\/www.aryup.com\/fr\/#website","url":"https:\/\/www.aryup.com\/fr\/","name":"AGENCE WEB PARIS METZ LUXEMBOURG - SITE INTERNET - HEBERGEMENT - MARKETING - WEBDESIGN","description":"Internationaliser votre site Internet - Cr\u00e9ation de sites internet pour les entreprises et particuliers. Nos services: conception, CMS, h\u00e9b\u00e9rgement, r\u00e9f\u00e9rencement SEO\/SEA, nom de domaine, emailing, maintenance et support.","publisher":{"@id":"https:\/\/www.aryup.com\/fr\/#organization"},"potentialAction":[{"@type":"SearchAction","target":{"@type":"EntryPoint","urlTemplate":"https:\/\/www.aryup.com\/fr\/?s={search_term_string}"},"query-input":{"@type":"PropertyValueSpecification","valueRequired":true,"valueName":"search_term_string"}}],"inLanguage":"fr-FR"},{"@type":"Organization","@id":"https:\/\/www.aryup.com\/fr\/#organization","name":"Aryup","url":"https:\/\/www.aryup.com\/fr\/","logo":{"@type":"ImageObject","inLanguage":"fr-FR","@id":"https:\/\/www.aryup.com\/fr\/#\/schema\/logo\/image\/","url":"https:\/\/www.aryup.com\/fr\/wp-content\/uploads\/2022\/01\/favicon-aryup-192.png","contentUrl":"https:\/\/www.aryup.com\/fr\/wp-content\/uploads\/2022\/01\/favicon-aryup-192.png","width":192,"height":192,"caption":"Aryup"},"image":{"@id":"https:\/\/www.aryup.com\/fr\/#\/schema\/logo\/image\/"}}]}},"_links":{"self":[{"href":"https:\/\/www.aryup.com\/fr\/wp-json\/wp\/v2\/pages\/725","targetHints":{"allow":["GET"]}}],"collection":[{"href":"https:\/\/www.aryup.com\/fr\/wp-json\/wp\/v2\/pages"}],"about":[{"href":"https:\/\/www.aryup.com\/fr\/wp-json\/wp\/v2\/types\/page"}],"author":[{"embeddable":true,"href":"https:\/\/www.aryup.com\/fr\/wp-json\/wp\/v2\/users\/1"}],"replies":[{"embeddable":true,"href":"https:\/\/www.aryup.com\/fr\/wp-json\/wp\/v2\/comments?post=725"}],"version-history":[{"count":48,"href":"https:\/\/www.aryup.com\/fr\/wp-json\/wp\/v2\/pages\/725\/revisions"}],"predecessor-version":[{"id":3956,"href":"https:\/\/www.aryup.com\/fr\/wp-json\/wp\/v2\/pages\/725\/revisions\/3956"}],"up":[{"embeddable":true,"href":"https:\/\/www.aryup.com\/fr\/wp-json\/wp\/v2\/pages\/686"}],"wp:attachment":[{"href":"https:\/\/www.aryup.com\/fr\/wp-json\/wp\/v2\/media?parent=725"}],"curies":[{"name":"wp","href":"https:\/\/api.w.org\/{rel}","templated":true}]}}