{"id":723,"date":"2022-01-14T11:50:12","date_gmt":"2022-01-14T10:50:12","guid":{"rendered":"https:\/\/www.aryup.com\/fr\/?page_id=723"},"modified":"2022-06-08T09:50:42","modified_gmt":"2022-06-08T07:50:42","slug":"audit-de-securite","status":"publish","type":"page","link":"https:\/\/www.aryup.com\/fr\/hebergement\/audit-de-securite","title":{"rendered":"Audit de S\u00e9curit\u00e9"},"content":{"rendered":"\t\t<div data-elementor-type=\"wp-page\" data-elementor-id=\"723\" class=\"elementor elementor-723\">\n\t\t\t\t\t\t<section class=\"elementor-section elementor-top-section elementor-element elementor-element-2335a03 elementor-section-boxed elementor-section-height-default elementor-section-height-default\" data-id=\"2335a03\" data-element_type=\"section\">\n\t\t\t\t\t\t<div class=\"elementor-container elementor-column-gap-default\">\n\t\t\t\t\t<div class=\"elementor-column elementor-col-66 elementor-top-column elementor-element elementor-element-2321fe2\" data-id=\"2321fe2\" data-element_type=\"column\">\n\t\t\t<div class=\"elementor-widget-wrap elementor-element-populated\">\n\t\t\t\t\t\t<div class=\"elementor-element elementor-element-7c75939 elementor-widget elementor-widget-spacer\" data-id=\"7c75939\" data-element_type=\"widget\" data-widget_type=\"spacer.default\">\n\t\t\t\t<div class=\"elementor-widget-container\">\n\t\t\t\t\t\t\t<div class=\"elementor-spacer\">\n\t\t\t<div class=\"elementor-spacer-inner\"><\/div>\n\t\t<\/div>\n\t\t\t\t\t\t<\/div>\n\t\t\t\t<\/div>\n\t\t\t\t<div class=\"elementor-element elementor-element-b446728 elementor-widget elementor-widget-text-editor\" data-id=\"b446728\" data-element_type=\"widget\" data-widget_type=\"text-editor.default\">\n\t\t\t\t<div class=\"elementor-widget-container\">\n\t\t\t\t\t\t\t\t\t<p>De nos jours, le d\u00e9veloppement sur Internet, l\u2019interconnexion des r\u00e9seaux et des appareils au sein d\u2019une entreprise sont autant de facteurs renfor\u00e7ant les nombreux risques informatiques, qu\u2019ils soient internes ou externes.<\/p><p>Afin d\u2019assurer l\u2019int\u00e9grit\u00e9 de vos donn\u00e9es ainsi que de leur capital informationnel, vous ne devez pas n\u00e9gliger vos vuln\u00e9rabilit\u00e9s et mettre en place des politiques de protection et de s\u00e9curit\u00e9 pleinement adapt\u00e9es \u00e0 votre fonctionnement et \u00e0 votre syst\u00e8me d\u2019information.<\/p>\t\t\t\t\t\t\t\t<\/div>\n\t\t\t\t<\/div>\n\t\t\t\t<div class=\"elementor-element elementor-element-67e7ae5 elementor-widget elementor-widget-heading\" data-id=\"67e7ae5\" data-element_type=\"widget\" data-widget_type=\"heading.default\">\n\t\t\t\t<div class=\"elementor-widget-container\">\n\t\t\t\t\t<h2 class=\"elementor-heading-title elementor-size-default\">Qu'est-ce qu'un audit de s\u00e9curit\u00e9 informatique ?<\/h2>\t\t\t\t<\/div>\n\t\t\t\t<\/div>\n\t\t\t\t<div class=\"elementor-element elementor-element-e7ddd32 elementor-widget-divider--view-line elementor-widget elementor-widget-divider\" data-id=\"e7ddd32\" data-element_type=\"widget\" data-widget_type=\"divider.default\">\n\t\t\t\t<div class=\"elementor-widget-container\">\n\t\t\t\t\t\t\t<div class=\"elementor-divider\">\n\t\t\t<span class=\"elementor-divider-separator\">\n\t\t\t\t\t\t<\/span>\n\t\t<\/div>\n\t\t\t\t\t\t<\/div>\n\t\t\t\t<\/div>\n\t\t\t\t<div class=\"elementor-element elementor-element-4b3636a elementor-widget elementor-widget-text-editor\" data-id=\"4b3636a\" data-element_type=\"widget\" data-widget_type=\"text-editor.default\">\n\t\t\t\t<div class=\"elementor-widget-container\">\n\t\t\t\t\t\t\t\t\t<p>L\u2019audit de s\u00e9curit\u00e9 informatique permet de conna\u00eetre le niveau de s\u00e9curit\u00e9 global de votre syst\u00e8me d\u2019information, mais \u00e9galement de mettre en place une politique d\u2019acc\u00e8s aux donn\u00e9es de votre entreprise et \u00e0 vos diff\u00e9rentes configurations r\u00e9seau.<\/p><p>Il vous garantit la disponibilit\u00e9 de votre syst\u00e8me d\u2019information, l\u2019int\u00e9grit\u00e9 de vos donn\u00e9es, la confidentialit\u00e9 de vos acc\u00e8s et vous fournit des preuves qui permettent de savoir quel individu acc\u00e8de \u00e0 telle ou telle donn\u00e9e ou application et \u00e0 quel moment.<\/p><p>Aryup vous propose un audit de s\u00e9curit\u00e9 informatique comportant les \u00e9l\u00e9ments suivants :<\/p><ul><li>La d\u00e9finition des objectifs strat\u00e9giques de votre audit \u00e0 travers une lettre de mission<\/li><li>L\u2019analyse de votre audit actuel (audit de l\u2019infrastructure physique, du syst\u00e8me, du r\u00e9seau et de l\u2019organisation)<\/li><li>La r\u00e9alisation de tests tels que des tests d\u2019intrusion et de vuln\u00e9rabilit\u00e9s<\/li><li>La d\u00e9livrance de recommandations ainsi que d\u2019un plan d\u2019action nous permettant de corriger vos vuln\u00e9rabilit\u00e9s et ainsi r\u00e9duire les risques<\/li><\/ul><p>Ces diff\u00e9rentes \u00e9tapes nous permettront d\u2019\u00e9valuer :<\/p><ul><li>La gestion de vos mises \u00e0 jour de s\u00e9curit\u00e9<\/li><li>La politique d\u2019acc\u00e8s \u00e0 vos donn\u00e9es<\/li><li>La gestion de vos sauvegardes<\/li><li>Les \u00e9ventuels plans de reprise ou de continuit\u00e9 de votre activit\u00e9<\/li><li>Les configurations de votre r\u00e9seau (Firewall, routeurs, Reverse-proxy, etc)<\/li><\/ul>\t\t\t\t\t\t\t\t<\/div>\n\t\t\t\t<\/div>\n\t\t\t\t<div class=\"elementor-element elementor-element-cfcaf5c elementor-widget elementor-widget-spacer\" data-id=\"cfcaf5c\" data-element_type=\"widget\" data-widget_type=\"spacer.default\">\n\t\t\t\t<div class=\"elementor-widget-container\">\n\t\t\t\t\t\t\t<div class=\"elementor-spacer\">\n\t\t\t<div class=\"elementor-spacer-inner\"><\/div>\n\t\t<\/div>\n\t\t\t\t\t\t<\/div>\n\t\t\t\t<\/div>\n\t\t\t\t<div class=\"elementor-element elementor-element-a525e78 elementor-widget elementor-widget-heading\" data-id=\"a525e78\" data-element_type=\"widget\" data-widget_type=\"heading.default\">\n\t\t\t\t<div class=\"elementor-widget-container\">\n\t\t\t\t\t<h2 class=\"elementor-heading-title elementor-size-default\">Pourquoi disposer d'un audit de s\u00e9curit\u00e9 pour votre CMS ?<\/h2>\t\t\t\t<\/div>\n\t\t\t\t<\/div>\n\t\t\t\t<div class=\"elementor-element elementor-element-c1b6912 elementor-widget-divider--view-line elementor-widget elementor-widget-divider\" data-id=\"c1b6912\" data-element_type=\"widget\" data-widget_type=\"divider.default\">\n\t\t\t\t<div class=\"elementor-widget-container\">\n\t\t\t\t\t\t\t<div class=\"elementor-divider\">\n\t\t\t<span class=\"elementor-divider-separator\">\n\t\t\t\t\t\t<\/span>\n\t\t<\/div>\n\t\t\t\t\t\t<\/div>\n\t\t\t\t<\/div>\n\t\t\t\t<div class=\"elementor-element elementor-element-bdd48ad elementor-widget elementor-widget-text-editor\" data-id=\"bdd48ad\" data-element_type=\"widget\" data-widget_type=\"text-editor.default\">\n\t\t\t\t<div class=\"elementor-widget-container\">\n\t\t\t\t\t\t\t\t\t<ul><li>Pour les CMS Drupal, Joomla et WordPress<\/li><li>Pour les ports de votre serveur<\/li><li>Pour les vuln\u00e9rabilit\u00e9s de vos services<\/li><li>Pour les injections SQL<\/li><li>Pour les probl\u00e8mes de configuration ou de scripts<\/li><li>Pour faire du fingerprint (d\u00e9terminer les versions de vos logiciels)<\/li><li>Pour en savoir plus sur votre domaine<\/li><li>Pour obtenir des infos sur vos CMS, fameworks, serveur, emplacement g\u00e9ographique, etc.<\/li><\/ul>\t\t\t\t\t\t\t\t<\/div>\n\t\t\t\t<\/div>\n\t\t\t\t\t<\/div>\n\t\t<\/div>\n\t\t\t\t<div class=\"elementor-column elementor-col-33 elementor-top-column elementor-element elementor-element-fc5ccbf\" data-id=\"fc5ccbf\" data-element_type=\"column\">\n\t\t\t<div class=\"elementor-widget-wrap elementor-element-populated\">\n\t\t\t\t\t\t<div class=\"elementor-element elementor-element-5e1e158 elementor-widget elementor-widget-spacer\" data-id=\"5e1e158\" data-element_type=\"widget\" data-widget_type=\"spacer.default\">\n\t\t\t\t<div class=\"elementor-widget-container\">\n\t\t\t\t\t\t\t<div class=\"elementor-spacer\">\n\t\t\t<div class=\"elementor-spacer-inner\"><\/div>\n\t\t<\/div>\n\t\t\t\t\t\t<\/div>\n\t\t\t\t<\/div>\n\t\t\t\t<div class=\"elementor-element elementor-element-4644f9a elementor-widget elementor-widget-heading\" data-id=\"4644f9a\" data-element_type=\"widget\" data-widget_type=\"heading.default\">\n\t\t\t\t<div class=\"elementor-widget-container\">\n\t\t\t\t\t<h2 class=\"elementor-heading-title elementor-size-default\">H\u00e9bergement<\/h2>\t\t\t\t<\/div>\n\t\t\t\t<\/div>\n\t\t\t\t<div class=\"elementor-element elementor-element-c25679c elementor-widget-divider--view-line elementor-widget elementor-widget-divider\" data-id=\"c25679c\" data-element_type=\"widget\" data-widget_type=\"divider.default\">\n\t\t\t\t<div class=\"elementor-widget-container\">\n\t\t\t\t\t\t\t<div class=\"elementor-divider\">\n\t\t\t<span class=\"elementor-divider-separator\">\n\t\t\t\t\t\t<\/span>\n\t\t<\/div>\n\t\t\t\t\t\t<\/div>\n\t\t\t\t<\/div>\n\t\t\t\t<div class=\"elementor-element elementor-element-d08fc7e elementor-widget elementor-widget-sidebar\" data-id=\"d08fc7e\" data-element_type=\"widget\" data-widget_type=\"sidebar.default\">\n\t\t\t\t<div class=\"elementor-widget-container\">\n\t\t\t\t\t<div class=\"menu-hebergement-container\"><ul id=\"menu-hebergement\" class=\"menu\"><li id=\"menu-item-2219\" class=\"menu-item menu-item-type-post_type menu-item-object-page menu-item-has-children menu-item-2219\"><a href=\"https:\/\/www.aryup.com\/fr\/hebergement\">H\u00e9bergement<\/a>\n<ul class=\"sub-menu\">\n\t<li id=\"menu-item-2220\" class=\"menu-item menu-item-type-post_type menu-item-object-page menu-item-2220\"><a href=\"https:\/\/www.aryup.com\/fr\/hebergement\/audit-de-securite\">Audit de S\u00e9curit\u00e9<\/a><\/li>\n\t<li id=\"menu-item-2221\" class=\"menu-item menu-item-type-post_type menu-item-object-page menu-item-2221\"><a href=\"https:\/\/www.aryup.com\/fr\/hebergement\/cloud\">Cloud et Virtualisation<\/a><\/li>\n\t<li id=\"menu-item-2222\" class=\"menu-item menu-item-type-post_type menu-item-object-page menu-item-2222\"><a href=\"https:\/\/www.aryup.com\/fr\/hebergement\/dedie\">H\u00e9bergement D\u00e9di\u00e9<\/a><\/li>\n\t<li id=\"menu-item-2223\" class=\"menu-item menu-item-type-post_type menu-item-object-page menu-item-2223\"><a href=\"https:\/\/www.aryup.com\/fr\/hebergement\/mutualise\">H\u00e9bergement Mutualis\u00e9<\/a><\/li>\n\t<li id=\"menu-item-2224\" class=\"menu-item menu-item-type-post_type menu-item-object-page menu-item-has-children menu-item-2224\"><a href=\"https:\/\/www.aryup.com\/fr\/hebergement\/notre-reseau\">Notre r\u00e9seau d\u2019h\u00e9bergement<\/a>\n\t<ul class=\"sub-menu\">\n\t\t<li id=\"menu-item-2225\" class=\"menu-item menu-item-type-post_type menu-item-object-page menu-item-2225\"><a href=\"https:\/\/www.aryup.com\/fr\/hebergement\/notre-reseau\/datacenter-atlanta-georgia-usa\">Atlanta, G\u00e9orgie \u2013 \u00c9tats-Unis<\/a><\/li>\n\t\t<li id=\"menu-item-2226\" class=\"menu-item menu-item-type-post_type menu-item-object-page menu-item-2226\"><a href=\"https:\/\/www.aryup.com\/fr\/hebergement\/notre-reseau\/datacenter-barcelone-espagne\">Barcelone \u2013 Espagne<\/a><\/li>\n\t\t<li id=\"menu-item-2227\" class=\"menu-item menu-item-type-post_type menu-item-object-page menu-item-2227\"><a href=\"https:\/\/www.aryup.com\/fr\/hebergement\/notre-reseau\/datacenter-haifa-israel\">Ha\u00effa \u2013 Isra\u00ebl<\/a><\/li>\n\t\t<li id=\"menu-item-2228\" class=\"menu-item menu-item-type-post_type menu-item-object-page menu-item-2228\"><a href=\"https:\/\/www.aryup.com\/fr\/hebergement\/notre-reseau\/datacenter-kuala-lumpur-malaysia\">Kuala Lumpur \u2013 Malaisie<\/a><\/li>\n\t\t<li id=\"menu-item-2229\" class=\"menu-item menu-item-type-post_type menu-item-object-page menu-item-2229\"><a href=\"https:\/\/www.aryup.com\/fr\/hebergement\/notre-reseau\/datacenter-london-uk\">Londres \u2013 Royaume-Uni<\/a><\/li>\n\t\t<li id=\"menu-item-2230\" class=\"menu-item menu-item-type-post_type menu-item-object-page menu-item-2230\"><a href=\"https:\/\/www.aryup.com\/fr\/hebergement\/notre-reseau\/datacenter-paris-dc1\">Paris \u2013 France<\/a><\/li>\n\t\t<li id=\"menu-item-2231\" class=\"menu-item menu-item-type-post_type menu-item-object-page menu-item-2231\"><a href=\"https:\/\/www.aryup.com\/fr\/hebergement\/notre-reseau\/datacenter-seattle-usa\">Seattle, Washington \u2013 \u00c9tats-Unis<\/a><\/li>\n\t\t<li id=\"menu-item-2232\" class=\"menu-item menu-item-type-post_type menu-item-object-page menu-item-2232\"><a href=\"https:\/\/www.aryup.com\/fr\/hebergement\/notre-reseau\/datacenter-singapore-asia\">Singapour \u2013 Asie<\/a><\/li>\n\t\t<li id=\"menu-item-2233\" class=\"menu-item menu-item-type-post_type menu-item-object-page menu-item-2233\"><a href=\"https:\/\/www.aryup.com\/fr\/hebergement\/notre-reseau\/datacenter-sydney-australia\">Sydney \u2013 Australie<\/a><\/li>\n\t\t<li id=\"menu-item-2234\" class=\"menu-item menu-item-type-post_type menu-item-object-page menu-item-2234\"><a href=\"https:\/\/www.aryup.com\/fr\/hebergement\/notre-reseau\/datacenter-zurich-switzerland\">Zurich \u2013 Suisse<\/a><\/li>\n\t<\/ul>\n<\/li>\n<\/ul>\n<\/li>\n<\/ul><\/div>\t\t\t\t<\/div>\n\t\t\t\t<\/div>\n\t\t\t\t<div class=\"elementor-element elementor-element-8d61fd2 elementor-widget elementor-widget-sidebar\" data-id=\"8d61fd2\" data-element_type=\"widget\" data-widget_type=\"sidebar.default\">\n\t\t\t\t<div class=\"elementor-widget-container\">\n\t\t\t\t\t<div class=\"textwidget custom-html-widget\"><div style=\"teXt-align:center\">\r\n<a href=\"https:\/\/www.aryup.com\/fr\/demande-d-information\" class=\"elementor-button-link elementor-button elementor-size-sm widget_button\" role=\"button\"><span class=\"elementor-button-content-wrapper\"><span class=\"elementor-button-text\">CONTACTEZ-NOUS GRATUITEMENT<\/span><\/span><\/a>\r\n\r\n<a href=\"https:\/\/www.aryup.com\/fr\/devis\" class=\"elementor-button-link elementor-button elementor-size-sm widget_button\" role=\"button\"><span class=\"elementor-button-content-wrapper\"><span class=\"elementor-button-text\">DEMANDER NOUS UN DEVIS<\/span><\/span><\/a>\r\n\t\t\r\n<\/div>\r\n<\/div>\t\t\t\t<\/div>\n\t\t\t\t<\/div>\n\t\t\t\t\t<\/div>\n\t\t<\/div>\n\t\t\t\t\t<\/div>\n\t\t<\/section>\n\t\t\t\t<\/div>\n\t\t","protected":false},"excerpt":{"rendered":"<p>De nos jours, le d\u00e9veloppement sur Internet, l\u2019interconnexion des r\u00e9seaux et des appareils au sein d\u2019une entreprise sont autant de facteurs renfor\u00e7ant les nombreux risques informatiques, qu\u2019ils soient internes ou externes. Afin d\u2019assurer l\u2019int\u00e9grit\u00e9 de vos donn\u00e9es ainsi que de leur capital informationnel, vous ne devez pas n\u00e9gliger vos vuln\u00e9rabilit\u00e9s et mettre en place des [&hellip;]<\/p>\n","protected":false},"author":1,"featured_media":0,"parent":686,"menu_order":0,"comment_status":"closed","ping_status":"closed","template":"","meta":{"footnotes":""},"class_list":["post-723","page","type-page","status-publish","hentry"],"yoast_head":"<!-- This site is optimized with the Yoast SEO plugin v26.9 - https:\/\/yoast.com\/product\/yoast-seo-wordpress\/ -->\n<title>Audit de S\u00e9curit\u00e9 - AGENCE WEB PARIS METZ LUXEMBOURG - SITE INTERNET - HEBERGEMENT - MARKETING - WEBDESIGN<\/title>\n<meta name=\"robots\" content=\"index, follow, max-snippet:-1, max-image-preview:large, max-video-preview:-1\" \/>\n<link rel=\"canonical\" href=\"https:\/\/www.aryup.com\/fr\/hebergement\/audit-de-securite\" \/>\n<meta property=\"og:locale\" content=\"fr_FR\" \/>\n<meta property=\"og:type\" content=\"article\" \/>\n<meta property=\"og:title\" content=\"Audit de S\u00e9curit\u00e9 - AGENCE WEB PARIS METZ LUXEMBOURG - SITE INTERNET - HEBERGEMENT - MARKETING - WEBDESIGN\" \/>\n<meta property=\"og:description\" content=\"De nos jours, le d\u00e9veloppement sur Internet, l\u2019interconnexion des r\u00e9seaux et des appareils au sein d\u2019une entreprise sont autant de facteurs renfor\u00e7ant les nombreux risques informatiques, qu\u2019ils soient internes ou externes. Afin d\u2019assurer l\u2019int\u00e9grit\u00e9 de vos donn\u00e9es ainsi que de leur capital informationnel, vous ne devez pas n\u00e9gliger vos vuln\u00e9rabilit\u00e9s et mettre en place des [&hellip;]\" \/>\n<meta property=\"og:url\" content=\"https:\/\/www.aryup.com\/fr\/hebergement\/audit-de-securite\" \/>\n<meta property=\"og:site_name\" content=\"AGENCE WEB PARIS METZ LUXEMBOURG - SITE INTERNET - HEBERGEMENT - MARKETING - WEBDESIGN\" \/>\n<meta property=\"article:modified_time\" content=\"2022-06-08T07:50:42+00:00\" \/>\n<meta property=\"og:image\" content=\"https:\/\/www.aryup.com\/fr\/wp-content\/uploads\/2022\/01\/favicon-aryup-192.png\" \/>\n\t<meta property=\"og:image:width\" content=\"192\" \/>\n\t<meta property=\"og:image:height\" content=\"192\" \/>\n\t<meta property=\"og:image:type\" content=\"image\/png\" \/>\n<meta name=\"twitter:card\" content=\"summary_large_image\" \/>\n<meta name=\"twitter:label1\" content=\"Dur\u00e9e de lecture estim\u00e9e\" \/>\n\t<meta name=\"twitter:data1\" content=\"2 minutes\" \/>\n<script type=\"application\/ld+json\" class=\"yoast-schema-graph\">{\"@context\":\"https:\/\/schema.org\",\"@graph\":[{\"@type\":\"WebPage\",\"@id\":\"https:\/\/www.aryup.com\/fr\/hebergement\/audit-de-securite\",\"url\":\"https:\/\/www.aryup.com\/fr\/hebergement\/audit-de-securite\",\"name\":\"Audit de S\u00e9curit\u00e9 - AGENCE WEB PARIS METZ LUXEMBOURG - SITE INTERNET - HEBERGEMENT - MARKETING - WEBDESIGN\",\"isPartOf\":{\"@id\":\"https:\/\/www.aryup.com\/fr\/#website\"},\"datePublished\":\"2022-01-14T10:50:12+00:00\",\"dateModified\":\"2022-06-08T07:50:42+00:00\",\"breadcrumb\":{\"@id\":\"https:\/\/www.aryup.com\/fr\/hebergement\/audit-de-securite#breadcrumb\"},\"inLanguage\":\"fr-FR\",\"potentialAction\":[{\"@type\":\"ReadAction\",\"target\":[\"https:\/\/www.aryup.com\/fr\/hebergement\/audit-de-securite\"]}]},{\"@type\":\"BreadcrumbList\",\"@id\":\"https:\/\/www.aryup.com\/fr\/hebergement\/audit-de-securite#breadcrumb\",\"itemListElement\":[{\"@type\":\"ListItem\",\"position\":1,\"name\":\"Accueil\",\"item\":\"https:\/\/www.aryup.com\/fr\/\"},{\"@type\":\"ListItem\",\"position\":2,\"name\":\"H\u00e9bergement\",\"item\":\"https:\/\/www.aryup.com\/fr\/hebergement\"},{\"@type\":\"ListItem\",\"position\":3,\"name\":\"Audit de S\u00e9curit\u00e9\"}]},{\"@type\":\"WebSite\",\"@id\":\"https:\/\/www.aryup.com\/fr\/#website\",\"url\":\"https:\/\/www.aryup.com\/fr\/\",\"name\":\"AGENCE WEB PARIS METZ LUXEMBOURG - SITE INTERNET - HEBERGEMENT - MARKETING - WEBDESIGN\",\"description\":\"Internationaliser votre site Internet - Cr\u00e9ation de sites internet pour les entreprises et particuliers. Nos services: conception, CMS, h\u00e9b\u00e9rgement, r\u00e9f\u00e9rencement SEO\/SEA, nom de domaine, emailing, maintenance et support.\",\"publisher\":{\"@id\":\"https:\/\/www.aryup.com\/fr\/#organization\"},\"potentialAction\":[{\"@type\":\"SearchAction\",\"target\":{\"@type\":\"EntryPoint\",\"urlTemplate\":\"https:\/\/www.aryup.com\/fr\/?s={search_term_string}\"},\"query-input\":{\"@type\":\"PropertyValueSpecification\",\"valueRequired\":true,\"valueName\":\"search_term_string\"}}],\"inLanguage\":\"fr-FR\"},{\"@type\":\"Organization\",\"@id\":\"https:\/\/www.aryup.com\/fr\/#organization\",\"name\":\"Aryup\",\"url\":\"https:\/\/www.aryup.com\/fr\/\",\"logo\":{\"@type\":\"ImageObject\",\"inLanguage\":\"fr-FR\",\"@id\":\"https:\/\/www.aryup.com\/fr\/#\/schema\/logo\/image\/\",\"url\":\"https:\/\/www.aryup.com\/fr\/wp-content\/uploads\/2022\/01\/favicon-aryup-192.png\",\"contentUrl\":\"https:\/\/www.aryup.com\/fr\/wp-content\/uploads\/2022\/01\/favicon-aryup-192.png\",\"width\":192,\"height\":192,\"caption\":\"Aryup\"},\"image\":{\"@id\":\"https:\/\/www.aryup.com\/fr\/#\/schema\/logo\/image\/\"}}]}<\/script>\n<!-- \/ Yoast SEO plugin. -->","yoast_head_json":{"title":"Audit de S\u00e9curit\u00e9 - AGENCE WEB PARIS METZ LUXEMBOURG - SITE INTERNET - HEBERGEMENT - MARKETING - WEBDESIGN","robots":{"index":"index","follow":"follow","max-snippet":"max-snippet:-1","max-image-preview":"max-image-preview:large","max-video-preview":"max-video-preview:-1"},"canonical":"https:\/\/www.aryup.com\/fr\/hebergement\/audit-de-securite","og_locale":"fr_FR","og_type":"article","og_title":"Audit de S\u00e9curit\u00e9 - AGENCE WEB PARIS METZ LUXEMBOURG - SITE INTERNET - HEBERGEMENT - MARKETING - WEBDESIGN","og_description":"De nos jours, le d\u00e9veloppement sur Internet, l\u2019interconnexion des r\u00e9seaux et des appareils au sein d\u2019une entreprise sont autant de facteurs renfor\u00e7ant les nombreux risques informatiques, qu\u2019ils soient internes ou externes. Afin d\u2019assurer l\u2019int\u00e9grit\u00e9 de vos donn\u00e9es ainsi que de leur capital informationnel, vous ne devez pas n\u00e9gliger vos vuln\u00e9rabilit\u00e9s et mettre en place des [&hellip;]","og_url":"https:\/\/www.aryup.com\/fr\/hebergement\/audit-de-securite","og_site_name":"AGENCE WEB PARIS METZ LUXEMBOURG - SITE INTERNET - HEBERGEMENT - MARKETING - WEBDESIGN","article_modified_time":"2022-06-08T07:50:42+00:00","og_image":[{"width":192,"height":192,"url":"https:\/\/www.aryup.com\/fr\/wp-content\/uploads\/2022\/01\/favicon-aryup-192.png","type":"image\/png"}],"twitter_card":"summary_large_image","twitter_misc":{"Dur\u00e9e de lecture estim\u00e9e":"2 minutes"},"schema":{"@context":"https:\/\/schema.org","@graph":[{"@type":"WebPage","@id":"https:\/\/www.aryup.com\/fr\/hebergement\/audit-de-securite","url":"https:\/\/www.aryup.com\/fr\/hebergement\/audit-de-securite","name":"Audit de S\u00e9curit\u00e9 - AGENCE WEB PARIS METZ LUXEMBOURG - SITE INTERNET - HEBERGEMENT - MARKETING - WEBDESIGN","isPartOf":{"@id":"https:\/\/www.aryup.com\/fr\/#website"},"datePublished":"2022-01-14T10:50:12+00:00","dateModified":"2022-06-08T07:50:42+00:00","breadcrumb":{"@id":"https:\/\/www.aryup.com\/fr\/hebergement\/audit-de-securite#breadcrumb"},"inLanguage":"fr-FR","potentialAction":[{"@type":"ReadAction","target":["https:\/\/www.aryup.com\/fr\/hebergement\/audit-de-securite"]}]},{"@type":"BreadcrumbList","@id":"https:\/\/www.aryup.com\/fr\/hebergement\/audit-de-securite#breadcrumb","itemListElement":[{"@type":"ListItem","position":1,"name":"Accueil","item":"https:\/\/www.aryup.com\/fr\/"},{"@type":"ListItem","position":2,"name":"H\u00e9bergement","item":"https:\/\/www.aryup.com\/fr\/hebergement"},{"@type":"ListItem","position":3,"name":"Audit de S\u00e9curit\u00e9"}]},{"@type":"WebSite","@id":"https:\/\/www.aryup.com\/fr\/#website","url":"https:\/\/www.aryup.com\/fr\/","name":"AGENCE WEB PARIS METZ LUXEMBOURG - SITE INTERNET - HEBERGEMENT - MARKETING - WEBDESIGN","description":"Internationaliser votre site Internet - Cr\u00e9ation de sites internet pour les entreprises et particuliers. Nos services: conception, CMS, h\u00e9b\u00e9rgement, r\u00e9f\u00e9rencement SEO\/SEA, nom de domaine, emailing, maintenance et support.","publisher":{"@id":"https:\/\/www.aryup.com\/fr\/#organization"},"potentialAction":[{"@type":"SearchAction","target":{"@type":"EntryPoint","urlTemplate":"https:\/\/www.aryup.com\/fr\/?s={search_term_string}"},"query-input":{"@type":"PropertyValueSpecification","valueRequired":true,"valueName":"search_term_string"}}],"inLanguage":"fr-FR"},{"@type":"Organization","@id":"https:\/\/www.aryup.com\/fr\/#organization","name":"Aryup","url":"https:\/\/www.aryup.com\/fr\/","logo":{"@type":"ImageObject","inLanguage":"fr-FR","@id":"https:\/\/www.aryup.com\/fr\/#\/schema\/logo\/image\/","url":"https:\/\/www.aryup.com\/fr\/wp-content\/uploads\/2022\/01\/favicon-aryup-192.png","contentUrl":"https:\/\/www.aryup.com\/fr\/wp-content\/uploads\/2022\/01\/favicon-aryup-192.png","width":192,"height":192,"caption":"Aryup"},"image":{"@id":"https:\/\/www.aryup.com\/fr\/#\/schema\/logo\/image\/"}}]}},"_links":{"self":[{"href":"https:\/\/www.aryup.com\/fr\/wp-json\/wp\/v2\/pages\/723","targetHints":{"allow":["GET"]}}],"collection":[{"href":"https:\/\/www.aryup.com\/fr\/wp-json\/wp\/v2\/pages"}],"about":[{"href":"https:\/\/www.aryup.com\/fr\/wp-json\/wp\/v2\/types\/page"}],"author":[{"embeddable":true,"href":"https:\/\/www.aryup.com\/fr\/wp-json\/wp\/v2\/users\/1"}],"replies":[{"embeddable":true,"href":"https:\/\/www.aryup.com\/fr\/wp-json\/wp\/v2\/comments?post=723"}],"version-history":[{"count":46,"href":"https:\/\/www.aryup.com\/fr\/wp-json\/wp\/v2\/pages\/723\/revisions"}],"predecessor-version":[{"id":3686,"href":"https:\/\/www.aryup.com\/fr\/wp-json\/wp\/v2\/pages\/723\/revisions\/3686"}],"up":[{"embeddable":true,"href":"https:\/\/www.aryup.com\/fr\/wp-json\/wp\/v2\/pages\/686"}],"wp:attachment":[{"href":"https:\/\/www.aryup.com\/fr\/wp-json\/wp\/v2\/media?parent=723"}],"curies":[{"name":"wp","href":"https:\/\/api.w.org\/{rel}","templated":true}]}}