{"id":688,"date":"2022-01-14T11:29:16","date_gmt":"2022-01-14T10:29:16","guid":{"rendered":"https:\/\/www.aryup.com\/fr\/?page_id=688"},"modified":"2022-06-08T11:13:36","modified_gmt":"2022-06-08T09:13:36","slug":"messagerie-email","status":"publish","type":"page","link":"https:\/\/www.aryup.com\/fr\/nom-de-domaine\/messagerie-email","title":{"rendered":"Messagerie \u2013 Email"},"content":{"rendered":"\t\t<div data-elementor-type=\"wp-page\" data-elementor-id=\"688\" class=\"elementor elementor-688\">\n\t\t\t\t\t\t<section class=\"elementor-section elementor-top-section elementor-element elementor-element-31936c8 elementor-section-boxed elementor-section-height-default elementor-section-height-default\" data-id=\"31936c8\" data-element_type=\"section\">\n\t\t\t\t\t\t<div class=\"elementor-container elementor-column-gap-default\">\n\t\t\t\t\t<div class=\"elementor-column elementor-col-66 elementor-top-column elementor-element elementor-element-afb77c0\" data-id=\"afb77c0\" data-element_type=\"column\">\n\t\t\t<div class=\"elementor-widget-wrap elementor-element-populated\">\n\t\t\t\t\t\t<div class=\"elementor-element elementor-element-0ddce05 elementor-widget elementor-widget-spacer\" data-id=\"0ddce05\" data-element_type=\"widget\" data-widget_type=\"spacer.default\">\n\t\t\t\t<div class=\"elementor-widget-container\">\n\t\t\t\t\t\t\t<div class=\"elementor-spacer\">\n\t\t\t<div class=\"elementor-spacer-inner\"><\/div>\n\t\t<\/div>\n\t\t\t\t\t\t<\/div>\n\t\t\t\t<\/div>\n\t\t\t\t<div class=\"elementor-element elementor-element-0910b00 elementor-widget elementor-widget-text-editor\" data-id=\"0910b00\" data-element_type=\"widget\" data-widget_type=\"text-editor.default\">\n\t\t\t\t<div class=\"elementor-widget-container\">\n\t\t\t\t\t\t\t\t\t<div>\n<h2 style=\"text-align: center; font-size: 22px;\"><strong>La messagerie et la gestion des emails sont aujourd&rsquo;hui tr\u00e8s importantes. <\/strong><\/h2>\n<p><strong>En France, les cadres d&rsquo;entreprises re\u00e7oivent g\u00e9n\u00e9ralement 25 emails par jour, \u00e0 une moyenne de 1 email toutes les 15 minutes, en heures ouvrables. Ces emails doivent donc \u00eatre g\u00e9r\u00e9s par un professionnel pour minimiser les risques de perte et faciliter la communication \u00e0 l&rsquo;int\u00e9rieur comme \u00e0 l&rsquo;ext\u00e9rieur de l&rsquo;entreprise.<\/strong><\/p>\n<p style=\"text-align: center;\">Consulter nos offres Google Workspace : <a title=\"Google Apps \u2013 Email\" href=\"https:\/\/www.aryup.com\/fr\/nom-de-domaine\/messagerie-email\/google-apps-email\">Cliquez ici<\/a><\/p>\n<\/div>\n<table class=\"messagerie-email\" cellspacing=\"0\" cellpadding=\"0\">\n<tbody>\n<tr>\n<th><\/th>\n<th><\/th>\n<th><\/th>\n<th><\/th>\n<th><\/th>\n<th><\/th>\n<\/tr>\n<tr style=\"color: #fff; height: 32px; background-color: #125c7f;\">\n<td>Nombre d&rsquo;adresses emails<\/td>\n<td style=\"text-align: center;\"><strong>1<\/strong><\/td>\n<td style=\"text-align: center;\"><strong>5<\/strong><\/td>\n<td style=\"text-align: center;\"><strong>10<\/strong><\/td>\n<td style=\"text-align: center;\"><strong>100<\/strong><\/td>\n<td style=\"text-align: center;\"><strong>illimit\u00e9<\/strong><\/td>\n<\/tr>\n<tr>\n<td style=\"color: #fff; height: 32px; background-color: #125c7f;\">Administration<\/td>\n<td style=\"text-align: center;\"><strong>cPanel + WebMail<\/strong><\/td>\n<td style=\"text-align: center;\"><strong>cPanel + WebMail<\/strong><\/td>\n<td style=\"text-align: center;\"><strong>cPanel + WebMail<\/strong><\/td>\n<td style=\"text-align: center;\"><strong>cPanel + WebMail<\/strong><\/td>\n<td style=\"text-align: center;\"><strong>cPanel + WebMail<\/strong><\/td>\n<\/tr>\n<tr>\n<td style=\"color: #fff; height: 32px; background-color: #125c7f;\">Acc\u00e8s WebMail<\/td>\n<td style=\"text-align: center;\" valign=\"middle\">\n<p style=\"color: green; font-size: 28px; font-weight: bold;\">\u2713<\/p>\n<\/td>\n<td style=\"text-align: center;\" valign=\"middle\">\n<p style=\"color: green; font-size: 28px; font-weight: bold;\">\u2713<\/p>\n<\/td>\n<td style=\"text-align: center;\" valign=\"middle\">\n<p style=\"color: green; font-size: 28px; font-weight: bold;\">\u2713<\/p>\n<\/td>\n<td style=\"text-align: center;\" valign=\"middle\">\n<p style=\"color: green; font-size: 28px; font-weight: bold;\">\u2713<\/p>\n<\/td>\n<td style=\"text-align: center;\" valign=\"middle\">\n<p style=\"color: green; font-size: 28px; font-weight: bold;\">\u2713<\/p>\n<\/td>\n<\/tr>\n<tr>\n<td style=\"color: #fff; height: 32px; background-color: #125c7f;\">Pop\/Smtp\/Imap<\/td>\n<td style=\"text-align: center;\" valign=\"middle\">\n<p style=\"color: green; font-size: 28px; font-weight: bold;\">\u2713<\/p>\n<\/td>\n<td style=\"text-align: center;\" valign=\"middle\">\n<p style=\"color: green; font-size: 28px; font-weight: bold;\">\u2713<\/p>\n<\/td>\n<td style=\"text-align: center;\" valign=\"middle\">\n<p style=\"color: green; font-size: 28px; font-weight: bold;\">\u2713<\/p>\n<\/td>\n<td style=\"text-align: center;\" valign=\"middle\">\n<p style=\"color: green; font-size: 28px; font-weight: bold;\">\u2713<\/p>\n<\/td>\n<td style=\"text-align: center;\" valign=\"middle\">\n<p style=\"color: green; font-size: 28px; font-weight: bold;\">\u2713<\/p>\n<\/td>\n<\/tr>\n<tr>\n<td style=\"color: #fff; height: 32px; background-color: #125c7f;\">Anti-Spam<\/td>\n<td style=\"text-align: center;\" valign=\"middle\">\n<p style=\"color: green; font-size: 28px; font-weight: bold;\">\u2713<\/p>\n<\/td>\n<td style=\"text-align: center;\" valign=\"middle\">\n<p style=\"color: green; font-size: 28px; font-weight: bold;\">\u2713<\/p>\n<\/td>\n<td style=\"text-align: center;\" valign=\"middle\">\n<p style=\"color: green; font-size: 28px; font-weight: bold;\">\u2713<\/p>\n<\/td>\n<td style=\"text-align: center;\" valign=\"middle\">\n<p style=\"color: green; font-size: 28px; font-weight: bold;\">\u2713<\/p>\n<\/td>\n<td style=\"text-align: center;\" valign=\"middle\">\n<p style=\"color: green; font-size: 28px; font-weight: bold;\">\u2713<\/p>\n<\/td>\n<\/tr>\n<tr>\n<td style=\"color: #fff; height: 32px; background-color: #125c7f;\">Anti-Virus<\/td>\n<td style=\"text-align: center;\" valign=\"middle\">\n<p style=\"color: green; font-size: 28px; font-weight: bold;\">\u2713<\/p>\n<\/td>\n<td style=\"text-align: center;\" valign=\"middle\">\n<p style=\"color: green; font-size: 28px; font-weight: bold;\">\u2713<\/p>\n<\/td>\n<td style=\"text-align: center;\" valign=\"middle\">\n<p style=\"color: green; font-size: 28px; font-weight: bold;\">\u2713<\/p>\n<\/td>\n<td style=\"text-align: center;\" valign=\"middle\">\n<p style=\"color: green; font-size: 28px; font-weight: bold;\">\u2713<\/p>\n<\/td>\n<td style=\"text-align: center;\" valign=\"middle\">\n<p style=\"color: green; font-size: 28px; font-weight: bold;\">\u2713<\/p>\n<\/td>\n<\/tr>\n<tr>\n<td style=\"color: #fff; height: 32px; background-color: #125c7f;\">R\u00e9pondeurs automatiques<\/td>\n<td style=\"text-align: center;\" valign=\"middle\">\n<p style=\"color: green; font-size: 28px; font-weight: bold;\">\u2713<\/p>\n<\/td>\n<td style=\"text-align: center;\" valign=\"middle\">\n<p style=\"color: green; font-size: 28px; font-weight: bold;\">\u2713<\/p>\n<\/td>\n<td style=\"text-align: center;\" valign=\"middle\">\n<p style=\"color: green; font-size: 28px; font-weight: bold;\">\u2713<\/p>\n<\/td>\n<td style=\"text-align: center;\" valign=\"middle\">\n<p style=\"color: green; font-size: 28px; font-weight: bold;\">\u2713<\/p>\n<\/td>\n<td style=\"text-align: center;\" valign=\"middle\">\n<p style=\"color: green; font-size: 28px; font-weight: bold;\">\u2713<\/p>\n<\/td>\n<\/tr>\n<tr>\n<td style=\"color: #fff; height: 32px; background-color: #125c7f;\">Alias Domaines<\/td>\n<td style=\"text-align: center;\"><strong>0<\/strong><\/td>\n<td style=\"text-align: center;\"><strong>1<\/strong><\/td>\n<td style=\"text-align: center;\"><strong>5<\/strong><\/td>\n<td style=\"text-align: center;\"><strong>illimit\u00e9s<\/strong><\/td>\n<td style=\"text-align: center;\"><strong>illimit\u00e9s<\/strong><\/td>\n<\/tr>\n<tr>\n<td style=\"color: #fff; height: 32px; background-color: #125c7f;\">Alias Emails<\/td>\n<td style=\"text-align: center;\"><strong>0<\/strong><\/td>\n<td style=\"text-align: center;\"><strong>10<\/strong><\/td>\n<td style=\"text-align: center;\"><strong>50<\/strong><\/td>\n<td style=\"text-align: center;\"><strong>illimit\u00e9s<\/strong><\/td>\n<td style=\"text-align: center;\"><strong>illimit\u00e9s<\/strong><\/td>\n<\/tr>\n<tr>\n<td style=\"color: #fff; height: 32px; background-color: #125c7f;\">Auto-Backup Quotidien<\/td>\n<td style=\"text-align: center;\" valign=\"middle\">\n<p style=\"color: green; font-size: 28px; font-weight: bold;\">\u2713<\/p>\n<\/td>\n<td style=\"text-align: center;\" valign=\"middle\">\n<p style=\"color: green; font-size: 28px; font-weight: bold;\">\u2713<\/p>\n<\/td>\n<td style=\"text-align: center;\" valign=\"middle\">\n<p style=\"color: green; font-size: 28px; font-weight: bold;\">\u2713<\/p>\n<\/td>\n<td style=\"text-align: center;\" valign=\"middle\">\n<p style=\"color: green; font-size: 28px; font-weight: bold;\">\u2713<\/p>\n<\/td>\n<td style=\"text-align: center;\" valign=\"middle\">\n<p style=\"color: green; font-size: 28px; font-weight: bold;\">\u2713<\/p>\n<\/td>\n<\/tr>\n<tr>\n<td style=\"color: #fff; height: 32px; background-color: #125c7f;\">Backup Manuel<\/td>\n<td style=\"text-align: center;\" valign=\"middle\">\n<p style=\"color: green; font-size: 28px; font-weight: bold;\">\u2713<\/p>\n<\/td>\n<td style=\"text-align: center;\" valign=\"middle\">\n<p style=\"color: green; font-size: 28px; font-weight: bold;\">\u2713<\/p>\n<\/td>\n<td style=\"text-align: center;\" valign=\"middle\">\n<p style=\"color: green; font-size: 28px; font-weight: bold;\">\u2713<\/p>\n<\/td>\n<td style=\"text-align: center;\" valign=\"middle\">\n<p style=\"color: green; font-size: 28px; font-weight: bold;\">\u2713<\/p>\n<\/td>\n<td style=\"text-align: center;\" valign=\"middle\">\n<p style=\"color: green; font-size: 28px; font-weight: bold;\">\u2713<\/p>\n<\/td>\n<\/tr>\n<tr>\n<td style=\"color: #fff; height: 32px; background-color: #125c7f;\">Prix Mensuel TTC<\/td>\n<td style=\"text-align: center;\" valign=\"middle\">\n<p style=\"color: green; font-size: 28px; font-weight: bold;\">\u2713<\/p>\n<\/td>\n<td style=\"text-align: center;\" valign=\"middle\">\n<p style=\"color: green; font-size: 28px; font-weight: bold;\">\u2713<\/p>\n<\/td>\n<td style=\"text-align: center;\" valign=\"middle\">\n<p style=\"color: green; font-size: 28px; font-weight: bold;\">\u2713<\/p>\n<\/td>\n<td style=\"text-align: center;\" valign=\"middle\">\n<p style=\"color: green; font-size: 28px; font-weight: bold;\">\u2713<\/p>\n<\/td>\n<td style=\"text-align: center;\" valign=\"middle\">\n<p style=\"color: green; font-size: 28px; font-weight: bold;\">\u2713<\/p>\n<\/td>\n<\/tr>\n<tr>\n<td style=\"color: #fff; height: 32px; background-color: #125c7f;\">Prix Annuel TTC<\/td>\n<td style=\"text-align: center;\" valign=\"middle\">\n<p style=\"color: green; font-size: 28px; font-weight: bold;\">\u2713<\/p>\n<\/td>\n<td style=\"text-align: center;\" valign=\"middle\">\n<p style=\"color: green; font-size: 28px; font-weight: bold;\">\u2713<\/p>\n<\/td>\n<td style=\"text-align: center;\" valign=\"middle\">\n<p style=\"color: green; font-size: 28px; font-weight: bold;\">\u2713<\/p>\n<\/td>\n<td style=\"text-align: center;\" valign=\"middle\">\n<p style=\"color: green; font-size: 28px; font-weight: bold;\">\u2713<\/p>\n<\/td>\n<td style=\"text-align: center;\" valign=\"middle\">\n<p style=\"color: green; font-size: 28px; font-weight: bold;\">\u2713<\/p>\n<\/td>\n<\/tr>\n<tr>\n<td style=\"color: #fff; height: 32px; background-color: #125c7f;\">Frais de mise en service<\/td>\n<td style=\"text-align: center;\"><strong>Offerts<\/strong><\/td>\n<td style=\"text-align: center;\"><strong>Offerts<\/strong><\/td>\n<td style=\"text-align: center;\"><strong>Offerts<\/strong><\/td>\n<td style=\"text-align: center;\"><strong>Offerts<\/strong><\/td>\n<td style=\"text-align: center;\"><strong>Offerts<\/strong><\/td>\n<\/tr>\n<tr>\n<td style=\"color: #fff; height: 32px; background-color: #125c7f;\">D\u00e9lais d&rsquo;activation<\/td>\n<td style=\"text-align: center;\"><strong>5 minutes<\/strong><\/td>\n<td style=\"text-align: center;\"><strong>5 minutes<\/strong><\/td>\n<td style=\"text-align: center;\"><strong>5 minutes<\/strong><\/td>\n<td style=\"text-align: center;\"><strong>5 minutes<\/strong><\/td>\n<td style=\"text-align: center;\"><strong>5 minutes<\/strong><\/td>\n<\/tr>\n<tr>\n<td><\/td>\n<td><\/td>\n<td><\/td>\n<td><\/td>\n<td><\/td>\n<td><\/td>\n<\/tr>\n<\/tbody>\n<\/table>\n<div>* Le pack mail perso est gratuit avec l&rsquo;achat ou le transfert de tout nom de domaine. Les autres packs comprennent un domaine gratuit si le paiement est fait annuellement.<\/div>\t\t\t\t\t\t\t\t<\/div>\n\t\t\t\t<\/div>\n\t\t\t\t\t<\/div>\n\t\t<\/div>\n\t\t\t\t<div class=\"elementor-column elementor-col-33 elementor-top-column elementor-element elementor-element-2bdd8f6\" data-id=\"2bdd8f6\" data-element_type=\"column\">\n\t\t\t<div class=\"elementor-widget-wrap elementor-element-populated\">\n\t\t\t\t\t\t<div class=\"elementor-element elementor-element-cb59cc5 elementor-widget elementor-widget-spacer\" data-id=\"cb59cc5\" data-element_type=\"widget\" data-widget_type=\"spacer.default\">\n\t\t\t\t<div class=\"elementor-widget-container\">\n\t\t\t\t\t\t\t<div class=\"elementor-spacer\">\n\t\t\t<div class=\"elementor-spacer-inner\"><\/div>\n\t\t<\/div>\n\t\t\t\t\t\t<\/div>\n\t\t\t\t<\/div>\n\t\t\t\t<div class=\"elementor-element elementor-element-3f95791 elementor-widget elementor-widget-heading\" data-id=\"3f95791\" data-element_type=\"widget\" data-widget_type=\"heading.default\">\n\t\t\t\t<div class=\"elementor-widget-container\">\n\t\t\t\t\t<h2 class=\"elementor-heading-title elementor-size-default\">Messagerie \u2013 Email\n<\/h2>\t\t\t\t<\/div>\n\t\t\t\t<\/div>\n\t\t\t\t<div class=\"elementor-element elementor-element-181ffd1 elementor-widget-divider--view-line elementor-widget elementor-widget-divider\" data-id=\"181ffd1\" data-element_type=\"widget\" data-widget_type=\"divider.default\">\n\t\t\t\t<div class=\"elementor-widget-container\">\n\t\t\t\t\t\t\t<div class=\"elementor-divider\">\n\t\t\t<span class=\"elementor-divider-separator\">\n\t\t\t\t\t\t<\/span>\n\t\t<\/div>\n\t\t\t\t\t\t<\/div>\n\t\t\t\t<\/div>\n\t\t\t\t<div class=\"elementor-element elementor-element-836467f elementor-widget elementor-widget-sidebar\" data-id=\"836467f\" data-element_type=\"widget\" data-widget_type=\"sidebar.default\">\n\t\t\t\t<div class=\"elementor-widget-container\">\n\t\t\t\t\t<div class=\"menu-messagerie-email-container\"><ul id=\"menu-messagerie-email\" class=\"menu\"><li id=\"menu-item-2287\" class=\"menu-item menu-item-type-post_type menu-item-object-page menu-item-has-children menu-item-2287\"><a href=\"https:\/\/www.aryup.com\/fr\/nom-de-domaine\/messagerie-email\">Messagerie \u2013 Email<\/a>\n<ul class=\"sub-menu\">\n\t<li id=\"menu-item-2288\" class=\"menu-item menu-item-type-post_type menu-item-object-page menu-item-2288\"><a href=\"https:\/\/www.aryup.com\/fr\/nom-de-domaine\/messagerie-email\/google-apps-email\/google-apps-informations-details\">Google Workspace Informations \u2013 D\u00e9tails<\/a><\/li>\n\t<li id=\"menu-item-2289\" class=\"menu-item menu-item-type-post_type menu-item-object-page menu-item-2289\"><a href=\"https:\/\/www.aryup.com\/fr\/nom-de-domaine\/messagerie-email\/google-apps-email\">Google Workspace \u2013 Email<\/a><\/li>\n<\/ul>\n<\/li>\n<\/ul><\/div>\t\t\t\t<\/div>\n\t\t\t\t<\/div>\n\t\t\t\t<div class=\"elementor-element elementor-element-c8b3db6 elementor-widget elementor-widget-sidebar\" data-id=\"c8b3db6\" data-element_type=\"widget\" data-widget_type=\"sidebar.default\">\n\t\t\t\t<div class=\"elementor-widget-container\">\n\t\t\t\t\t<div class=\"textwidget custom-html-widget\"><div style=\"teXt-align:center\">\r\n<a href=\"https:\/\/www.aryup.com\/fr\/demande-d-information\" class=\"elementor-button-link elementor-button elementor-size-sm widget_button\" role=\"button\"><span class=\"elementor-button-content-wrapper\"><span class=\"elementor-button-text\">CONTACTEZ-NOUS GRATUITEMENT<\/span><\/span><\/a>\r\n\r\n<a href=\"https:\/\/www.aryup.com\/fr\/devis\" class=\"elementor-button-link elementor-button elementor-size-sm widget_button\" role=\"button\"><span class=\"elementor-button-content-wrapper\"><span class=\"elementor-button-text\">DEMANDER NOUS UN DEVIS<\/span><\/span><\/a>\r\n\t\t\r\n<\/div>\r\n<\/div>\t\t\t\t<\/div>\n\t\t\t\t<\/div>\n\t\t\t\t\t<\/div>\n\t\t<\/div>\n\t\t\t\t\t<\/div>\n\t\t<\/section>\n\t\t\t\t<\/div>\n\t\t","protected":false},"excerpt":{"rendered":"<p>La messagerie et la gestion des emails sont aujourd&rsquo;hui tr\u00e8s importantes. En France, les cadres d&rsquo;entreprises re\u00e7oivent g\u00e9n\u00e9ralement 25 emails par jour, \u00e0 une moyenne de 1 email toutes les 15 minutes, en heures ouvrables. Ces emails doivent donc \u00eatre g\u00e9r\u00e9s par un professionnel pour minimiser les risques de perte et faciliter la communication \u00e0 [&hellip;]<\/p>\n","protected":false},"author":1,"featured_media":0,"parent":690,"menu_order":0,"comment_status":"closed","ping_status":"closed","template":"","meta":{"footnotes":""},"class_list":["post-688","page","type-page","status-publish","hentry"],"yoast_head":"<!-- This site is optimized with the Yoast SEO plugin v26.9 - https:\/\/yoast.com\/product\/yoast-seo-wordpress\/ -->\n<title>Messagerie \u2013 Email - AGENCE WEB PARIS METZ LUXEMBOURG - SITE INTERNET - HEBERGEMENT - MARKETING - WEBDESIGN<\/title>\n<meta name=\"robots\" content=\"index, follow, max-snippet:-1, max-image-preview:large, max-video-preview:-1\" \/>\n<link rel=\"canonical\" href=\"https:\/\/www.aryup.com\/fr\/nom-de-domaine\/messagerie-email\" \/>\n<meta property=\"og:locale\" content=\"fr_FR\" \/>\n<meta property=\"og:type\" content=\"article\" \/>\n<meta property=\"og:title\" content=\"Messagerie \u2013 Email - AGENCE WEB PARIS METZ LUXEMBOURG - SITE INTERNET - HEBERGEMENT - MARKETING - WEBDESIGN\" \/>\n<meta property=\"og:description\" content=\"La messagerie et la gestion des emails sont aujourd&rsquo;hui tr\u00e8s importantes. En France, les cadres d&rsquo;entreprises re\u00e7oivent g\u00e9n\u00e9ralement 25 emails par jour, \u00e0 une moyenne de 1 email toutes les 15 minutes, en heures ouvrables. Ces emails doivent donc \u00eatre g\u00e9r\u00e9s par un professionnel pour minimiser les risques de perte et faciliter la communication \u00e0 [&hellip;]\" \/>\n<meta property=\"og:url\" content=\"https:\/\/www.aryup.com\/fr\/nom-de-domaine\/messagerie-email\" \/>\n<meta property=\"og:site_name\" content=\"AGENCE WEB PARIS METZ LUXEMBOURG - SITE INTERNET - HEBERGEMENT - MARKETING - WEBDESIGN\" \/>\n<meta property=\"article:modified_time\" content=\"2022-06-08T09:13:36+00:00\" \/>\n<meta property=\"og:image\" content=\"https:\/\/www.aryup.com\/fr\/wp-content\/uploads\/2010\/07\/checked.png\" \/>\n<meta name=\"twitter:card\" content=\"summary_large_image\" \/>\n<meta name=\"twitter:label1\" content=\"Dur\u00e9e de lecture estim\u00e9e\" \/>\n\t<meta name=\"twitter:data1\" content=\"1 minute\" \/>\n<script type=\"application\/ld+json\" class=\"yoast-schema-graph\">{\"@context\":\"https:\/\/schema.org\",\"@graph\":[{\"@type\":\"WebPage\",\"@id\":\"https:\/\/www.aryup.com\/fr\/nom-de-domaine\/messagerie-email\",\"url\":\"https:\/\/www.aryup.com\/fr\/nom-de-domaine\/messagerie-email\",\"name\":\"Messagerie \u2013 Email - AGENCE WEB PARIS METZ LUXEMBOURG - SITE INTERNET - HEBERGEMENT - MARKETING - WEBDESIGN\",\"isPartOf\":{\"@id\":\"https:\/\/www.aryup.com\/fr\/#website\"},\"datePublished\":\"2022-01-14T10:29:16+00:00\",\"dateModified\":\"2022-06-08T09:13:36+00:00\",\"breadcrumb\":{\"@id\":\"https:\/\/www.aryup.com\/fr\/nom-de-domaine\/messagerie-email#breadcrumb\"},\"inLanguage\":\"fr-FR\",\"potentialAction\":[{\"@type\":\"ReadAction\",\"target\":[\"https:\/\/www.aryup.com\/fr\/nom-de-domaine\/messagerie-email\"]}]},{\"@type\":\"BreadcrumbList\",\"@id\":\"https:\/\/www.aryup.com\/fr\/nom-de-domaine\/messagerie-email#breadcrumb\",\"itemListElement\":[{\"@type\":\"ListItem\",\"position\":1,\"name\":\"Accueil\",\"item\":\"https:\/\/www.aryup.com\/fr\/\"},{\"@type\":\"ListItem\",\"position\":2,\"name\":\"Nom de domaine\",\"item\":\"https:\/\/www.aryup.com\/fr\/nom-de-domaine\"},{\"@type\":\"ListItem\",\"position\":3,\"name\":\"Messagerie \u2013 Email\"}]},{\"@type\":\"WebSite\",\"@id\":\"https:\/\/www.aryup.com\/fr\/#website\",\"url\":\"https:\/\/www.aryup.com\/fr\/\",\"name\":\"AGENCE WEB PARIS METZ LUXEMBOURG - SITE INTERNET - HEBERGEMENT - MARKETING - WEBDESIGN\",\"description\":\"Internationaliser votre site Internet - Cr\u00e9ation de sites internet pour les entreprises et particuliers. Nos services: conception, CMS, h\u00e9b\u00e9rgement, r\u00e9f\u00e9rencement SEO\/SEA, nom de domaine, emailing, maintenance et support.\",\"publisher\":{\"@id\":\"https:\/\/www.aryup.com\/fr\/#organization\"},\"potentialAction\":[{\"@type\":\"SearchAction\",\"target\":{\"@type\":\"EntryPoint\",\"urlTemplate\":\"https:\/\/www.aryup.com\/fr\/?s={search_term_string}\"},\"query-input\":{\"@type\":\"PropertyValueSpecification\",\"valueRequired\":true,\"valueName\":\"search_term_string\"}}],\"inLanguage\":\"fr-FR\"},{\"@type\":\"Organization\",\"@id\":\"https:\/\/www.aryup.com\/fr\/#organization\",\"name\":\"Aryup\",\"url\":\"https:\/\/www.aryup.com\/fr\/\",\"logo\":{\"@type\":\"ImageObject\",\"inLanguage\":\"fr-FR\",\"@id\":\"https:\/\/www.aryup.com\/fr\/#\/schema\/logo\/image\/\",\"url\":\"https:\/\/www.aryup.com\/fr\/wp-content\/uploads\/2022\/01\/favicon-aryup-192.png\",\"contentUrl\":\"https:\/\/www.aryup.com\/fr\/wp-content\/uploads\/2022\/01\/favicon-aryup-192.png\",\"width\":192,\"height\":192,\"caption\":\"Aryup\"},\"image\":{\"@id\":\"https:\/\/www.aryup.com\/fr\/#\/schema\/logo\/image\/\"}}]}<\/script>\n<!-- \/ Yoast SEO plugin. -->","yoast_head_json":{"title":"Messagerie \u2013 Email - AGENCE WEB PARIS METZ LUXEMBOURG - SITE INTERNET - HEBERGEMENT - MARKETING - WEBDESIGN","robots":{"index":"index","follow":"follow","max-snippet":"max-snippet:-1","max-image-preview":"max-image-preview:large","max-video-preview":"max-video-preview:-1"},"canonical":"https:\/\/www.aryup.com\/fr\/nom-de-domaine\/messagerie-email","og_locale":"fr_FR","og_type":"article","og_title":"Messagerie \u2013 Email - AGENCE WEB PARIS METZ LUXEMBOURG - SITE INTERNET - HEBERGEMENT - MARKETING - WEBDESIGN","og_description":"La messagerie et la gestion des emails sont aujourd&rsquo;hui tr\u00e8s importantes. En France, les cadres d&rsquo;entreprises re\u00e7oivent g\u00e9n\u00e9ralement 25 emails par jour, \u00e0 une moyenne de 1 email toutes les 15 minutes, en heures ouvrables. Ces emails doivent donc \u00eatre g\u00e9r\u00e9s par un professionnel pour minimiser les risques de perte et faciliter la communication \u00e0 [&hellip;]","og_url":"https:\/\/www.aryup.com\/fr\/nom-de-domaine\/messagerie-email","og_site_name":"AGENCE WEB PARIS METZ LUXEMBOURG - SITE INTERNET - HEBERGEMENT - MARKETING - WEBDESIGN","article_modified_time":"2022-06-08T09:13:36+00:00","og_image":[{"url":"https:\/\/www.aryup.com\/fr\/wp-content\/uploads\/2010\/07\/checked.png","type":"","width":"","height":""}],"twitter_card":"summary_large_image","twitter_misc":{"Dur\u00e9e de lecture estim\u00e9e":"1 minute"},"schema":{"@context":"https:\/\/schema.org","@graph":[{"@type":"WebPage","@id":"https:\/\/www.aryup.com\/fr\/nom-de-domaine\/messagerie-email","url":"https:\/\/www.aryup.com\/fr\/nom-de-domaine\/messagerie-email","name":"Messagerie \u2013 Email - AGENCE WEB PARIS METZ LUXEMBOURG - SITE INTERNET - HEBERGEMENT - MARKETING - WEBDESIGN","isPartOf":{"@id":"https:\/\/www.aryup.com\/fr\/#website"},"datePublished":"2022-01-14T10:29:16+00:00","dateModified":"2022-06-08T09:13:36+00:00","breadcrumb":{"@id":"https:\/\/www.aryup.com\/fr\/nom-de-domaine\/messagerie-email#breadcrumb"},"inLanguage":"fr-FR","potentialAction":[{"@type":"ReadAction","target":["https:\/\/www.aryup.com\/fr\/nom-de-domaine\/messagerie-email"]}]},{"@type":"BreadcrumbList","@id":"https:\/\/www.aryup.com\/fr\/nom-de-domaine\/messagerie-email#breadcrumb","itemListElement":[{"@type":"ListItem","position":1,"name":"Accueil","item":"https:\/\/www.aryup.com\/fr\/"},{"@type":"ListItem","position":2,"name":"Nom de domaine","item":"https:\/\/www.aryup.com\/fr\/nom-de-domaine"},{"@type":"ListItem","position":3,"name":"Messagerie \u2013 Email"}]},{"@type":"WebSite","@id":"https:\/\/www.aryup.com\/fr\/#website","url":"https:\/\/www.aryup.com\/fr\/","name":"AGENCE WEB PARIS METZ LUXEMBOURG - SITE INTERNET - HEBERGEMENT - MARKETING - WEBDESIGN","description":"Internationaliser votre site Internet - Cr\u00e9ation de sites internet pour les entreprises et particuliers. Nos services: conception, CMS, h\u00e9b\u00e9rgement, r\u00e9f\u00e9rencement SEO\/SEA, nom de domaine, emailing, maintenance et support.","publisher":{"@id":"https:\/\/www.aryup.com\/fr\/#organization"},"potentialAction":[{"@type":"SearchAction","target":{"@type":"EntryPoint","urlTemplate":"https:\/\/www.aryup.com\/fr\/?s={search_term_string}"},"query-input":{"@type":"PropertyValueSpecification","valueRequired":true,"valueName":"search_term_string"}}],"inLanguage":"fr-FR"},{"@type":"Organization","@id":"https:\/\/www.aryup.com\/fr\/#organization","name":"Aryup","url":"https:\/\/www.aryup.com\/fr\/","logo":{"@type":"ImageObject","inLanguage":"fr-FR","@id":"https:\/\/www.aryup.com\/fr\/#\/schema\/logo\/image\/","url":"https:\/\/www.aryup.com\/fr\/wp-content\/uploads\/2022\/01\/favicon-aryup-192.png","contentUrl":"https:\/\/www.aryup.com\/fr\/wp-content\/uploads\/2022\/01\/favicon-aryup-192.png","width":192,"height":192,"caption":"Aryup"},"image":{"@id":"https:\/\/www.aryup.com\/fr\/#\/schema\/logo\/image\/"}}]}},"_links":{"self":[{"href":"https:\/\/www.aryup.com\/fr\/wp-json\/wp\/v2\/pages\/688","targetHints":{"allow":["GET"]}}],"collection":[{"href":"https:\/\/www.aryup.com\/fr\/wp-json\/wp\/v2\/pages"}],"about":[{"href":"https:\/\/www.aryup.com\/fr\/wp-json\/wp\/v2\/types\/page"}],"author":[{"embeddable":true,"href":"https:\/\/www.aryup.com\/fr\/wp-json\/wp\/v2\/users\/1"}],"replies":[{"embeddable":true,"href":"https:\/\/www.aryup.com\/fr\/wp-json\/wp\/v2\/comments?post=688"}],"version-history":[{"count":34,"href":"https:\/\/www.aryup.com\/fr\/wp-json\/wp\/v2\/pages\/688\/revisions"}],"predecessor-version":[{"id":3730,"href":"https:\/\/www.aryup.com\/fr\/wp-json\/wp\/v2\/pages\/688\/revisions\/3730"}],"up":[{"embeddable":true,"href":"https:\/\/www.aryup.com\/fr\/wp-json\/wp\/v2\/pages\/690"}],"wp:attachment":[{"href":"https:\/\/www.aryup.com\/fr\/wp-json\/wp\/v2\/media?parent=688"}],"curies":[{"name":"wp","href":"https:\/\/api.w.org\/{rel}","templated":true}]}}