{"id":2687,"date":"2022-03-22T14:49:25","date_gmt":"2022-03-22T13:49:25","guid":{"rendered":"https:\/\/www.aryup.com\/fr\/?page_id=2687"},"modified":"2022-12-19T17:10:46","modified_gmt":"2022-12-19T16:10:46","slug":"informations-relatives-a-lenregistrement-du-nom-de-domaine","status":"publish","type":"page","link":"https:\/\/www.aryup.com\/fr\/nom-de-domaine\/informations-relatives-a-lenregistrement-du-nom-de-domaine","title":{"rendered":"Informations relatives \u00e0 l\u2019enregistrement du nom de domaine"},"content":{"rendered":"\t\t<div data-elementor-type=\"wp-page\" data-elementor-id=\"2687\" class=\"elementor elementor-2687\">\n\t\t\t\t\t\t<section class=\"elementor-section elementor-top-section elementor-element elementor-element-9e1e824 elementor-section-boxed elementor-section-height-default elementor-section-height-default\" data-id=\"9e1e824\" data-element_type=\"section\">\n\t\t\t\t\t\t<div class=\"elementor-container elementor-column-gap-default\">\n\t\t\t\t\t<div class=\"elementor-column elementor-col-66 elementor-top-column elementor-element elementor-element-f574a0d\" data-id=\"f574a0d\" data-element_type=\"column\">\n\t\t\t<div class=\"elementor-widget-wrap elementor-element-populated\">\n\t\t\t\t\t\t<div class=\"elementor-element elementor-element-a29e895 elementor-widget elementor-widget-text-editor\" data-id=\"a29e895\" data-element_type=\"widget\" data-widget_type=\"text-editor.default\">\n\t\t\t\t<div class=\"elementor-widget-container\">\n\t\t\t\t\t\t\t\t\t<h3 align=\"center\">1. Qu&rsquo;est-ce qu&rsquo;un nom de domaine ?<\/h3>\n<p align=\"center\"><iframe src=\"https:\/\/www.youtube.com\/embed\/2ZUQ2Szu-JI\" width=\"560\" height=\"315\" frameborder=\"0\" allowfullscreen=\"allowfullscreen\"><\/iframe><\/p>\n\n<h3 align=\"center\">2. Qu&rsquo;est-ce qu&rsquo;un registraire ?<\/h3>\n<p align=\"center\"><iframe src=\"https:\/\/www.youtube.com\/embed\/bxN14sauJPA\" width=\"560\" height=\"315\" frameborder=\"0\" allowfullscreen=\"allowfullscreen\"><\/iframe><\/p>\n\n<h3 align=\"center\">3. Comment puis-je renouveler mon nom de domaine ?<\/h3>\n<p align=\"center\"><iframe src=\"https:\/\/www.youtube.com\/embed\/dcwG9mKSS0A\" width=\"560\" height=\"315\" frameborder=\"0\" allowfullscreen=\"allowfullscreen\"><\/iframe><\/p>\n\n<h3 align=\"center\">4. Et si j&rsquo;oublie de renouveler mon nom de domaine ?<\/h3>\n<p align=\"center\"><iframe src=\"https:\/\/www.youtube.com\/embed\/umt3uZmOaAY\" width=\"560\" height=\"315\" frameborder=\"0\" allowfullscreen=\"allowfullscreen\"><\/iframe><\/p>\t\t\t\t\t\t\t\t<\/div>\n\t\t\t\t<\/div>\n\t\t\t\t\t<\/div>\n\t\t<\/div>\n\t\t\t\t<div class=\"elementor-column elementor-col-33 elementor-top-column elementor-element elementor-element-0405a8d\" data-id=\"0405a8d\" data-element_type=\"column\">\n\t\t\t<div class=\"elementor-widget-wrap elementor-element-populated\">\n\t\t\t\t\t\t<div class=\"elementor-element elementor-element-608a9b1 elementor-widget elementor-widget-spacer\" data-id=\"608a9b1\" data-element_type=\"widget\" data-widget_type=\"spacer.default\">\n\t\t\t\t<div class=\"elementor-widget-container\">\n\t\t\t\t\t\t\t<div class=\"elementor-spacer\">\n\t\t\t<div class=\"elementor-spacer-inner\"><\/div>\n\t\t<\/div>\n\t\t\t\t\t\t<\/div>\n\t\t\t\t<\/div>\n\t\t\t\t<div class=\"elementor-element elementor-element-e0cc8cc elementor-widget elementor-widget-heading\" data-id=\"e0cc8cc\" data-element_type=\"widget\" data-widget_type=\"heading.default\">\n\t\t\t\t<div class=\"elementor-widget-container\">\n\t\t\t\t\t<h2 class=\"elementor-heading-title elementor-size-default\">Nom De Domaine<\/h2>\t\t\t\t<\/div>\n\t\t\t\t<\/div>\n\t\t\t\t<div class=\"elementor-element elementor-element-0373f90 elementor-widget-divider--view-line elementor-widget elementor-widget-divider\" data-id=\"0373f90\" data-element_type=\"widget\" data-widget_type=\"divider.default\">\n\t\t\t\t<div class=\"elementor-widget-container\">\n\t\t\t\t\t\t\t<div class=\"elementor-divider\">\n\t\t\t<span class=\"elementor-divider-separator\">\n\t\t\t\t\t\t<\/span>\n\t\t<\/div>\n\t\t\t\t\t\t<\/div>\n\t\t\t\t<\/div>\n\t\t\t\t<div class=\"elementor-element elementor-element-6e0c5c0 elementor-widget elementor-widget-sidebar\" data-id=\"6e0c5c0\" data-element_type=\"widget\" data-widget_type=\"sidebar.default\">\n\t\t\t\t<div class=\"elementor-widget-container\">\n\t\t\t\t\t<div class=\"menu-nom-de-domaine-container\"><ul id=\"menu-nom-de-domaine\" class=\"menu\"><li id=\"menu-item-2706\" class=\"menu-item menu-item-type-post_type menu-item-object-page menu-item-has-children menu-item-2706\"><a href=\"https:\/\/www.aryup.com\/fr\/nom-de-domaine\">Nom de domaine<\/a>\n<ul class=\"sub-menu\">\n\t<li id=\"menu-item-2707\" class=\"menu-item menu-item-type-post_type menu-item-object-page menu-item-has-children menu-item-2707\"><a href=\"https:\/\/www.aryup.com\/fr\/nom-de-domaine\/enregistrement\">Enregistrement du nom de domaine<\/a>\n\t<ul class=\"sub-menu\">\n\t\t<li id=\"menu-item-2708\" class=\"menu-item menu-item-type-post_type menu-item-object-page menu-item-2708\"><a href=\"https:\/\/www.aryup.com\/fr\/nom-de-domaine\/avantages-et-responsabilites-des-titulaires-de-noms-de-domaine\">Avantages et responsabilit\u00e9s des titulaires de noms de domaine<\/a><\/li>\n\t\t<li id=\"menu-item-2709\" class=\"menu-item menu-item-type-post_type menu-item-object-page menu-item-2709\"><a href=\"https:\/\/www.aryup.com\/fr\/nom-de-domaine\/enregistrement\/enregistrement-be\">Enregistrement .BE<\/a><\/li>\n\t\t<li id=\"menu-item-2710\" class=\"menu-item menu-item-type-post_type menu-item-object-page menu-item-2710\"><a href=\"https:\/\/www.aryup.com\/fr\/nom-de-domaine\/enregistrement\/enregistrement-biz\">Enregistrement .biz<\/a><\/li>\n\t\t<li id=\"menu-item-2711\" class=\"menu-item menu-item-type-post_type menu-item-object-page menu-item-2711\"><a href=\"https:\/\/www.aryup.com\/fr\/nom-de-domaine\/enregistrement\/enregistrement-com\">Enregistrement .Com<\/a><\/li>\n\t\t<li id=\"menu-item-2712\" class=\"menu-item menu-item-type-post_type menu-item-object-page menu-item-2712\"><a href=\"https:\/\/www.aryup.com\/fr\/nom-de-domaine\/enregistrement\/enregistrement-eu\">Enregistrement .EU<\/a><\/li>\n\t\t<li id=\"menu-item-2713\" class=\"menu-item menu-item-type-post_type menu-item-object-page menu-item-2713\"><a href=\"https:\/\/www.aryup.com\/fr\/nom-de-domaine\/enregistrement\/enregistrement-fr\">Enregistrement .FR<\/a><\/li>\n\t\t<li id=\"menu-item-2714\" class=\"menu-item menu-item-type-post_type menu-item-object-page menu-item-2714\"><a href=\"https:\/\/www.aryup.com\/fr\/nom-de-domaine\/enregistrement\/enregistrement-info\">Enregistrement .Info<\/a><\/li>\n\t\t<li id=\"menu-item-2715\" class=\"menu-item menu-item-type-post_type menu-item-object-page menu-item-2715\"><a href=\"https:\/\/www.aryup.com\/fr\/nom-de-domaine\/enregistrement\/enregistrement-mobi\">Enregistrement .Mobi<\/a><\/li>\n\t\t<li id=\"menu-item-2716\" class=\"menu-item menu-item-type-post_type menu-item-object-page menu-item-2716\"><a href=\"https:\/\/www.aryup.com\/fr\/nom-de-domaine\/enregistrement\/enregistrement-name\">Enregistrement .Name<\/a><\/li>\n\t\t<li id=\"menu-item-2717\" class=\"menu-item menu-item-type-post_type menu-item-object-page menu-item-2717\"><a href=\"https:\/\/www.aryup.com\/fr\/nom-de-domaine\/enregistrement\/enregistrement-net\">Enregistrement .net<\/a><\/li>\n\t\t<li id=\"menu-item-2718\" class=\"menu-item menu-item-type-post_type menu-item-object-page menu-item-2718\"><a href=\"https:\/\/www.aryup.com\/fr\/nom-de-domaine\/enregistrement\/enregistrement-org\">Enregistrement .ORG<\/a><\/li>\n\t\t<li id=\"menu-item-2719\" class=\"menu-item menu-item-type-post_type menu-item-object-page menu-item-2719\"><a href=\"https:\/\/www.aryup.com\/fr\/nom-de-domaine\/informations-relatives-a-lenregistrement-du-nom-de-domaine\">Informations relatives \u00e0 l\u2019enregistrement du nom de domaine<\/a><\/li>\n\t\t<li id=\"menu-item-2720\" class=\"menu-item menu-item-type-post_type menu-item-object-page menu-item-2720\"><a href=\"https:\/\/www.aryup.com\/fr\/nom-de-domaine\/transfert-nom-de-domaine\">Transfert<\/a><\/li>\n\t<\/ul>\n<\/li>\n\t<li id=\"menu-item-2721\" class=\"menu-item menu-item-type-post_type menu-item-object-page menu-item-2721\"><a href=\"https:\/\/www.aryup.com\/fr\/nom-de-domaine\/evaluation-nom-de-domaine\">Evaluation du nom de domaine<\/a><\/li>\n\t<li id=\"menu-item-2722\" class=\"menu-item menu-item-type-post_type menu-item-object-page menu-item-2722\"><a href=\"https:\/\/www.aryup.com\/fr\/hebergement\/infogerance\">Infog\u00e9rance<\/a><\/li>\n\t<li id=\"menu-item-2723\" class=\"menu-item menu-item-type-post_type menu-item-object-page menu-item-2723\"><a href=\"https:\/\/www.aryup.com\/fr\/nom-de-domaine\/protection\">Protection<\/a><\/li>\n\t<li id=\"menu-item-2724\" class=\"menu-item menu-item-type-post_type menu-item-object-page menu-item-2724\"><a href=\"https:\/\/www.aryup.com\/fr\/hebergement\/sauvegarde\">Sauvegarde<\/a><\/li>\n\t<li id=\"menu-item-2725\" class=\"menu-item menu-item-type-post_type menu-item-object-page menu-item-2725\"><a href=\"https:\/\/www.aryup.com\/fr\/hebergement\/securite-des-donnees\">S\u00e9curit\u00e9 des donn\u00e9es<\/a><\/li>\n<\/ul>\n<\/li>\n<\/ul><\/div>\t\t\t\t<\/div>\n\t\t\t\t<\/div>\n\t\t\t\t<div class=\"elementor-element elementor-element-74923a5 elementor-widget elementor-widget-sidebar\" data-id=\"74923a5\" data-element_type=\"widget\" data-widget_type=\"sidebar.default\">\n\t\t\t\t<div class=\"elementor-widget-container\">\n\t\t\t\t\t<div class=\"textwidget custom-html-widget\"><div style=\"teXt-align:center\">\r\n<a href=\"https:\/\/www.aryup.com\/fr\/demande-d-information\" class=\"elementor-button-link elementor-button elementor-size-sm widget_button\" role=\"button\"><span class=\"elementor-button-content-wrapper\"><span class=\"elementor-button-text\">CONTACTEZ-NOUS GRATUITEMENT<\/span><\/span><\/a>\r\n\r\n<a href=\"https:\/\/www.aryup.com\/fr\/devis\" class=\"elementor-button-link elementor-button elementor-size-sm widget_button\" role=\"button\"><span class=\"elementor-button-content-wrapper\"><span class=\"elementor-button-text\">DEMANDER NOUS UN DEVIS<\/span><\/span><\/a>\r\n\t\t\r\n<\/div>\r\n<\/div>\t\t\t\t<\/div>\n\t\t\t\t<\/div>\n\t\t\t\t\t<\/div>\n\t\t<\/div>\n\t\t\t\t\t<\/div>\n\t\t<\/section>\n\t\t\t\t<\/div>\n\t\t","protected":false},"excerpt":{"rendered":"<p>1. Qu&rsquo;est-ce qu&rsquo;un nom de domaine ? 2. Qu&rsquo;est-ce qu&rsquo;un registraire ? 3. Comment puis-je renouveler mon nom de domaine ? 4. Et si j&rsquo;oublie de renouveler mon nom de domaine ? Nom De Domaine<\/p>\n","protected":false},"author":1,"featured_media":0,"parent":690,"menu_order":0,"comment_status":"closed","ping_status":"closed","template":"","meta":{"footnotes":""},"class_list":["post-2687","page","type-page","status-publish","hentry"],"yoast_head":"<!-- This site is optimized with the Yoast SEO plugin v26.9 - https:\/\/yoast.com\/product\/yoast-seo-wordpress\/ -->\n<title>Informations relatives \u00e0 l\u2019enregistrement du nom de domaine - AGENCE WEB PARIS METZ LUXEMBOURG - SITE INTERNET - HEBERGEMENT - MARKETING - WEBDESIGN<\/title>\n<meta name=\"robots\" content=\"index, follow, max-snippet:-1, max-image-preview:large, max-video-preview:-1\" \/>\n<link rel=\"canonical\" href=\"https:\/\/www.aryup.com\/fr\/nom-de-domaine\/registrant-educational-materials\" \/>\n<meta property=\"og:locale\" content=\"fr_FR\" \/>\n<meta property=\"og:type\" content=\"article\" \/>\n<meta property=\"og:title\" content=\"Informations relatives \u00e0 l\u2019enregistrement du nom de domaine - AGENCE WEB PARIS METZ LUXEMBOURG - SITE INTERNET - HEBERGEMENT - MARKETING - WEBDESIGN\" \/>\n<meta property=\"og:description\" content=\"1. Qu&rsquo;est-ce qu&rsquo;un nom de domaine ? 2. Qu&rsquo;est-ce qu&rsquo;un registraire ? 3. Comment puis-je renouveler mon nom de domaine ? 4. Et si j&rsquo;oublie de renouveler mon nom de domaine ? Nom De Domaine\" \/>\n<meta property=\"og:url\" content=\"https:\/\/www.aryup.com\/fr\/nom-de-domaine\/registrant-educational-materials\" \/>\n<meta property=\"og:site_name\" content=\"AGENCE WEB PARIS METZ LUXEMBOURG - SITE INTERNET - HEBERGEMENT - MARKETING - WEBDESIGN\" \/>\n<meta property=\"article:modified_time\" content=\"2022-12-19T16:10:46+00:00\" \/>\n<meta property=\"og:image\" content=\"https:\/\/www.aryup.com\/fr\/wp-content\/uploads\/2022\/01\/favicon-aryup-192.png\" \/>\n\t<meta property=\"og:image:width\" content=\"192\" \/>\n\t<meta property=\"og:image:height\" content=\"192\" \/>\n\t<meta property=\"og:image:type\" content=\"image\/png\" \/>\n<meta name=\"twitter:card\" content=\"summary_large_image\" \/>\n<script type=\"application\/ld+json\" class=\"yoast-schema-graph\">{\"@context\":\"https:\/\/schema.org\",\"@graph\":[{\"@type\":\"WebPage\",\"@id\":\"https:\/\/www.aryup.com\/fr\/nom-de-domaine\/registrant-educational-materials\",\"url\":\"https:\/\/www.aryup.com\/fr\/nom-de-domaine\/registrant-educational-materials\",\"name\":\"Informations relatives \u00e0 l\u2019enregistrement du nom de domaine - AGENCE WEB PARIS METZ LUXEMBOURG - SITE INTERNET - HEBERGEMENT - MARKETING - WEBDESIGN\",\"isPartOf\":{\"@id\":\"https:\/\/www.aryup.com\/fr\/#website\"},\"datePublished\":\"2022-03-22T13:49:25+00:00\",\"dateModified\":\"2022-12-19T16:10:46+00:00\",\"breadcrumb\":{\"@id\":\"https:\/\/www.aryup.com\/fr\/nom-de-domaine\/registrant-educational-materials#breadcrumb\"},\"inLanguage\":\"fr-FR\",\"potentialAction\":[{\"@type\":\"ReadAction\",\"target\":[\"https:\/\/www.aryup.com\/fr\/nom-de-domaine\/registrant-educational-materials\"]}]},{\"@type\":\"BreadcrumbList\",\"@id\":\"https:\/\/www.aryup.com\/fr\/nom-de-domaine\/registrant-educational-materials#breadcrumb\",\"itemListElement\":[{\"@type\":\"ListItem\",\"position\":1,\"name\":\"Accueil\",\"item\":\"https:\/\/www.aryup.com\/fr\/\"},{\"@type\":\"ListItem\",\"position\":2,\"name\":\"Nom de domaine\",\"item\":\"https:\/\/www.aryup.com\/fr\/nom-de-domaine\"},{\"@type\":\"ListItem\",\"position\":3,\"name\":\"Informations relatives \u00e0 l\u2019enregistrement du nom de domaine Accueil\"}]},{\"@type\":\"WebSite\",\"@id\":\"https:\/\/www.aryup.com\/fr\/#website\",\"url\":\"https:\/\/www.aryup.com\/fr\/\",\"name\":\"AGENCE WEB PARIS METZ LUXEMBOURG - SITE INTERNET - HEBERGEMENT - MARKETING - WEBDESIGN\",\"description\":\"Internationaliser votre site Internet - Cr\u00e9ation de sites internet pour les entreprises et particuliers. Nos services: conception, CMS, h\u00e9b\u00e9rgement, r\u00e9f\u00e9rencement SEO\/SEA, nom de domaine, emailing, maintenance et support.\",\"publisher\":{\"@id\":\"https:\/\/www.aryup.com\/fr\/#organization\"},\"potentialAction\":[{\"@type\":\"SearchAction\",\"target\":{\"@type\":\"EntryPoint\",\"urlTemplate\":\"https:\/\/www.aryup.com\/fr\/?s={search_term_string}\"},\"query-input\":{\"@type\":\"PropertyValueSpecification\",\"valueRequired\":true,\"valueName\":\"search_term_string\"}}],\"inLanguage\":\"fr-FR\"},{\"@type\":\"Organization\",\"@id\":\"https:\/\/www.aryup.com\/fr\/#organization\",\"name\":\"Aryup\",\"url\":\"https:\/\/www.aryup.com\/fr\/\",\"logo\":{\"@type\":\"ImageObject\",\"inLanguage\":\"fr-FR\",\"@id\":\"https:\/\/www.aryup.com\/fr\/#\/schema\/logo\/image\/\",\"url\":\"https:\/\/www.aryup.com\/fr\/wp-content\/uploads\/2022\/01\/favicon-aryup-192.png\",\"contentUrl\":\"https:\/\/www.aryup.com\/fr\/wp-content\/uploads\/2022\/01\/favicon-aryup-192.png\",\"width\":192,\"height\":192,\"caption\":\"Aryup\"},\"image\":{\"@id\":\"https:\/\/www.aryup.com\/fr\/#\/schema\/logo\/image\/\"}}]}<\/script>\n<!-- \/ Yoast SEO plugin. -->","yoast_head_json":{"title":"Informations relatives \u00e0 l\u2019enregistrement du nom de domaine - AGENCE WEB PARIS METZ LUXEMBOURG - SITE INTERNET - HEBERGEMENT - MARKETING - WEBDESIGN","robots":{"index":"index","follow":"follow","max-snippet":"max-snippet:-1","max-image-preview":"max-image-preview:large","max-video-preview":"max-video-preview:-1"},"canonical":"https:\/\/www.aryup.com\/fr\/nom-de-domaine\/registrant-educational-materials","og_locale":"fr_FR","og_type":"article","og_title":"Informations relatives \u00e0 l\u2019enregistrement du nom de domaine - AGENCE WEB PARIS METZ LUXEMBOURG - SITE INTERNET - HEBERGEMENT - MARKETING - WEBDESIGN","og_description":"1. Qu&rsquo;est-ce qu&rsquo;un nom de domaine ? 2. Qu&rsquo;est-ce qu&rsquo;un registraire ? 3. Comment puis-je renouveler mon nom de domaine ? 4. Et si j&rsquo;oublie de renouveler mon nom de domaine ? Nom De Domaine","og_url":"https:\/\/www.aryup.com\/fr\/nom-de-domaine\/registrant-educational-materials","og_site_name":"AGENCE WEB PARIS METZ LUXEMBOURG - SITE INTERNET - HEBERGEMENT - MARKETING - WEBDESIGN","article_modified_time":"2022-12-19T16:10:46+00:00","og_image":[{"width":192,"height":192,"url":"https:\/\/www.aryup.com\/fr\/wp-content\/uploads\/2022\/01\/favicon-aryup-192.png","type":"image\/png"}],"twitter_card":"summary_large_image","schema":{"@context":"https:\/\/schema.org","@graph":[{"@type":"WebPage","@id":"https:\/\/www.aryup.com\/fr\/nom-de-domaine\/registrant-educational-materials","url":"https:\/\/www.aryup.com\/fr\/nom-de-domaine\/registrant-educational-materials","name":"Informations relatives \u00e0 l\u2019enregistrement du nom de domaine - AGENCE WEB PARIS METZ LUXEMBOURG - SITE INTERNET - HEBERGEMENT - MARKETING - WEBDESIGN","isPartOf":{"@id":"https:\/\/www.aryup.com\/fr\/#website"},"datePublished":"2022-03-22T13:49:25+00:00","dateModified":"2022-12-19T16:10:46+00:00","breadcrumb":{"@id":"https:\/\/www.aryup.com\/fr\/nom-de-domaine\/registrant-educational-materials#breadcrumb"},"inLanguage":"fr-FR","potentialAction":[{"@type":"ReadAction","target":["https:\/\/www.aryup.com\/fr\/nom-de-domaine\/registrant-educational-materials"]}]},{"@type":"BreadcrumbList","@id":"https:\/\/www.aryup.com\/fr\/nom-de-domaine\/registrant-educational-materials#breadcrumb","itemListElement":[{"@type":"ListItem","position":1,"name":"Accueil","item":"https:\/\/www.aryup.com\/fr\/"},{"@type":"ListItem","position":2,"name":"Nom de domaine","item":"https:\/\/www.aryup.com\/fr\/nom-de-domaine"},{"@type":"ListItem","position":3,"name":"Informations relatives \u00e0 l\u2019enregistrement du nom de domaine Accueil"}]},{"@type":"WebSite","@id":"https:\/\/www.aryup.com\/fr\/#website","url":"https:\/\/www.aryup.com\/fr\/","name":"AGENCE WEB PARIS METZ LUXEMBOURG - SITE INTERNET - HEBERGEMENT - MARKETING - WEBDESIGN","description":"Internationaliser votre site Internet - Cr\u00e9ation de sites internet pour les entreprises et particuliers. Nos services: conception, CMS, h\u00e9b\u00e9rgement, r\u00e9f\u00e9rencement SEO\/SEA, nom de domaine, emailing, maintenance et support.","publisher":{"@id":"https:\/\/www.aryup.com\/fr\/#organization"},"potentialAction":[{"@type":"SearchAction","target":{"@type":"EntryPoint","urlTemplate":"https:\/\/www.aryup.com\/fr\/?s={search_term_string}"},"query-input":{"@type":"PropertyValueSpecification","valueRequired":true,"valueName":"search_term_string"}}],"inLanguage":"fr-FR"},{"@type":"Organization","@id":"https:\/\/www.aryup.com\/fr\/#organization","name":"Aryup","url":"https:\/\/www.aryup.com\/fr\/","logo":{"@type":"ImageObject","inLanguage":"fr-FR","@id":"https:\/\/www.aryup.com\/fr\/#\/schema\/logo\/image\/","url":"https:\/\/www.aryup.com\/fr\/wp-content\/uploads\/2022\/01\/favicon-aryup-192.png","contentUrl":"https:\/\/www.aryup.com\/fr\/wp-content\/uploads\/2022\/01\/favicon-aryup-192.png","width":192,"height":192,"caption":"Aryup"},"image":{"@id":"https:\/\/www.aryup.com\/fr\/#\/schema\/logo\/image\/"}}]}},"_links":{"self":[{"href":"https:\/\/www.aryup.com\/fr\/wp-json\/wp\/v2\/pages\/2687","targetHints":{"allow":["GET"]}}],"collection":[{"href":"https:\/\/www.aryup.com\/fr\/wp-json\/wp\/v2\/pages"}],"about":[{"href":"https:\/\/www.aryup.com\/fr\/wp-json\/wp\/v2\/types\/page"}],"author":[{"embeddable":true,"href":"https:\/\/www.aryup.com\/fr\/wp-json\/wp\/v2\/users\/1"}],"replies":[{"embeddable":true,"href":"https:\/\/www.aryup.com\/fr\/wp-json\/wp\/v2\/comments?post=2687"}],"version-history":[{"count":11,"href":"https:\/\/www.aryup.com\/fr\/wp-json\/wp\/v2\/pages\/2687\/revisions"}],"predecessor-version":[{"id":4066,"href":"https:\/\/www.aryup.com\/fr\/wp-json\/wp\/v2\/pages\/2687\/revisions\/4066"}],"up":[{"embeddable":true,"href":"https:\/\/www.aryup.com\/fr\/wp-json\/wp\/v2\/pages\/690"}],"wp:attachment":[{"href":"https:\/\/www.aryup.com\/fr\/wp-json\/wp\/v2\/media?parent=2687"}],"curies":[{"name":"wp","href":"https:\/\/api.w.org\/{rel}","templated":true}]}}