{"id":2653,"date":"2022-03-22T14:08:11","date_gmt":"2022-03-22T13:08:11","guid":{"rendered":"https:\/\/www.aryup.com\/fr\/?page_id=2653"},"modified":"2022-03-23T11:40:16","modified_gmt":"2022-03-23T10:40:16","slug":"enregistrement-fr","status":"publish","type":"page","link":"https:\/\/www.aryup.com\/fr\/nom-de-domaine\/enregistrement\/enregistrement-fr","title":{"rendered":"Enregistrement .FR"},"content":{"rendered":"\t\t<div data-elementor-type=\"wp-page\" data-elementor-id=\"2653\" class=\"elementor elementor-2653\">\n\t\t\t\t\t\t<section class=\"elementor-section elementor-top-section elementor-element elementor-element-222f762 elementor-section-boxed elementor-section-height-default elementor-section-height-default\" data-id=\"222f762\" data-element_type=\"section\">\n\t\t\t\t\t\t<div class=\"elementor-container elementor-column-gap-default\">\n\t\t\t\t\t<div class=\"elementor-column elementor-col-66 elementor-top-column elementor-element elementor-element-642a632\" data-id=\"642a632\" data-element_type=\"column\">\n\t\t\t<div class=\"elementor-widget-wrap elementor-element-populated\">\n\t\t\t\t\t\t<div class=\"elementor-element elementor-element-e92d37d elementor-widget elementor-widget-spacer\" data-id=\"e92d37d\" data-element_type=\"widget\" data-widget_type=\"spacer.default\">\n\t\t\t\t<div class=\"elementor-widget-container\">\n\t\t\t\t\t\t\t<div class=\"elementor-spacer\">\n\t\t\t<div class=\"elementor-spacer-inner\"><\/div>\n\t\t<\/div>\n\t\t\t\t\t\t<\/div>\n\t\t\t\t<\/div>\n\t\t\t\t<div class=\"elementor-element elementor-element-850aaf0 elementor-widget elementor-widget-text-editor\" data-id=\"850aaf0\" data-element_type=\"widget\" data-widget_type=\"text-editor.default\">\n\t\t\t\t<div class=\"elementor-widget-container\">\n\t\t\t\t\t\t\t\t\t<p>Aryup vous simplifie l\u2019enregistrement de votre nom de domaine.<\/p><p>Voici trois fa\u00e7ons diff\u00e9rentes de r\u00e9server votre domaine avec nous :<\/p><ol><li><b>Cr\u00e9ez et enregistrez un nouveau nom de domaine<\/b> (nous l\u2019h\u00e9bergerons temporairement (Free parking) votre nom de domaine gratuitement jusqu\u2019\u00e0 ce que vous soyez pr\u00eats \u00e0 mettre votre site Web en ligne).<\/li><li><b>Transf\u00e9rez votre nom de domaine actuel avec aryup<\/b>, notre solution d\u2019h\u00e9bergement Web, et achetez un an d\u2019enregistrement de nom domaine en plus de votre p\u00e9riode d\u2019enregistrement actuelle.<\/li><li><b>Choisissez une solution aryup et h\u00e9bergez votre site Web <\/b>\u2014 sans quitter votre registraire de nom de domaine actuel.<\/li><\/ol><p style=\"text-align: center;\"><strong>\u00a0<\/strong><\/p><p style=\"text-align: center;\"><strong>Nom de domaine .FR (France)<\/strong><\/p><p><strong>L\u2019essentiel sur les noms de domaine .FR<\/strong><\/p><p>Le .FR est l\u2019extension nationale fran\u00e7aise. L\u2019enregistrement des noms de domaine fran\u00e7ais sous .FR est ouvert aux entreprises, administrations et particuliers bas\u00e9s en france. Le choix du nom de domaine est libre selon la r\u00e8gle du premier arriv\u00e9, premier servi.<\/p><p><strong>Informations clefs sur les domaines .FR<\/strong><\/p><ul><li>Ouvert aux entreprises<\/li><li>Ouvert aux particuliers<\/li><li>Ouvert aux administrations<\/li><li>Libert\u00e9 dans le choix du nom<\/li><li>R\u00e8gle du premier arriv\u00e9, premier servi<\/li><li>Enregistrement valable 1 an renouvelable<\/li><li>L\u2019enregistrement d\u2019un nom de domaine .FR est soumis \u00e0 la charte de nommage AFNIC.<\/li><\/ul><p><strong>Conseils<\/strong><\/p><p>Pour mieux prot\u00e9ger votre nom de domaine sur internet, nous recommandons d\u2019enregistrer, en compl\u00e9ment du FR, votre nom de domaine en COM et, selon votre zone de chalandise en EU.<\/p><p><strong>Conditions sp\u00e9cifiques d\u2019\u00e9ligibilit\u00e9 \u00e0 un .FR<\/strong><\/p><p>Vous \u00eates une entreprise bas\u00e9e en France ?<\/p><ul><li>Vous pouvez enregistrer le nom de domaine (ou les noms) de votre choix en .FR<\/li><li>L\u2019enregistrement de votre nom de domaine en .FR est soumis \u00e0 la fourniture de votre num\u00e9ro SIREN\/SIRET<\/li><\/ul><p>Vous disposez d\u2019une marque enregistr\u00e9e aupr\u00e8s de l\u2019INPI ou d\u2019un num\u00e9ro RCS ?<\/p><ul><li>Vous pouvez enregistrer le nom de domaine (ou les noms) de votre choix en .FR<\/li><li>L\u2019enregistrement de votre nom de domaine en .FR est soumis \u00e0 la fourniture du num\u00e9ro d\u2019enregistrement INPI ou du num\u00e9ro RCS<\/li><\/ul><p>Vous \u00eates une association bas\u00e9e en France avec un num\u00e9ro INSEE ?<\/p><ul><li>Vous pouvez demander l\u2019enregistrement de votre nom de domaine directement en .FR<\/li><li>L\u2019enregistrement de votre nom de domaine en .FR est soumis \u00e0 la fourniture du num\u00e9ro INSEE.<\/li><\/ul><p>Vous \u00eates une association bas\u00e9e en France sans num\u00e9ro INSEE ?<\/p><ul><li>Vous pouvez pr\u00e9tendre \u00e0 l\u2019enregistrement de votre nom de domaine en .ASSO.FR sous la forme :<\/li><li>nomdemonassociation.asso<\/li><li>.fr\u201d ou \u201ccigle.asso.fr\u201d.<br \/>L\u2019enregistrement en ASSO.FR est soumis \u00e0 la fourniture de justificatifs.\/li&gt;<\/li><\/ul><p>Vous \u00eates un particulier ?<\/p><ul><li>Vous pouvez enregistrer, le nom de domaine .FR de votre choix.<\/li><li>Une adresse postale en France est obligatoire.<\/li><\/ul><p><strong>Informations techniques et contraintes syntaxiques<\/strong><\/p><p>Si vous h\u00e9bergez vous-m\u00eame votre nom de domaine FR, veuillez noter que l\u2019AFNIC effectue un contr\u00f4le de zone pr\u00e9alable (zonecheck) \u00e0 toute installation\/modification des nameserveurs.<\/p><p>Les caract\u00e8res accept\u00e9s pour l\u2019enregistrement d\u2019un nom de domaine FR sont les suivant : [a-z,A-Z,0-9,-] ;<br \/>Tous les noms sont admis sauf ceux :<\/p><ul><li>compos\u00e9s d\u2019un caractere unique,<\/li><li>compos\u00e9s de 2 lettres uniquement,<\/li><li>d\u00e9butant ou se terminant par \u201c-\u201c<\/li><li>d\u00e9butant par \u201cxn--<\/li><\/ul>\t\t\t\t\t\t\t\t<\/div>\n\t\t\t\t<\/div>\n\t\t\t\t<div class=\"elementor-element elementor-element-3b28e97 elementor-widget elementor-widget-spacer\" data-id=\"3b28e97\" data-element_type=\"widget\" data-widget_type=\"spacer.default\">\n\t\t\t\t<div class=\"elementor-widget-container\">\n\t\t\t\t\t\t\t<div class=\"elementor-spacer\">\n\t\t\t<div class=\"elementor-spacer-inner\"><\/div>\n\t\t<\/div>\n\t\t\t\t\t\t<\/div>\n\t\t\t\t<\/div>\n\t\t\t\t<div class=\"elementor-element elementor-element-2baa0cc elementor-align-center elementor-widget elementor-widget-button\" data-id=\"2baa0cc\" data-element_type=\"widget\" data-widget_type=\"button.default\">\n\t\t\t\t<div class=\"elementor-widget-container\">\n\t\t\t\t\t\t\t\t\t<div class=\"elementor-button-wrapper\">\n\t\t\t\t\t<a class=\"elementor-button elementor-button-link elementor-size-md\" href=\"https:\/\/www.aryup.com\/fr\/contact\/\">\n\t\t\t\t\t\t<span class=\"elementor-button-content-wrapper\">\n\t\t\t\t\t\t\t\t\t<span class=\"elementor-button-text\">Contacter un chef de projet<\/span>\n\t\t\t\t\t<\/span>\n\t\t\t\t\t<\/a>\n\t\t\t\t<\/div>\n\t\t\t\t\t\t\t\t<\/div>\n\t\t\t\t<\/div>\n\t\t\t\t\t<\/div>\n\t\t<\/div>\n\t\t\t\t<div class=\"elementor-column elementor-col-33 elementor-top-column elementor-element elementor-element-4667840\" data-id=\"4667840\" data-element_type=\"column\">\n\t\t\t<div class=\"elementor-widget-wrap elementor-element-populated\">\n\t\t\t\t\t\t<div class=\"elementor-element elementor-element-f96994b elementor-widget elementor-widget-spacer\" data-id=\"f96994b\" data-element_type=\"widget\" data-widget_type=\"spacer.default\">\n\t\t\t\t<div class=\"elementor-widget-container\">\n\t\t\t\t\t\t\t<div class=\"elementor-spacer\">\n\t\t\t<div class=\"elementor-spacer-inner\"><\/div>\n\t\t<\/div>\n\t\t\t\t\t\t<\/div>\n\t\t\t\t<\/div>\n\t\t\t\t<div class=\"elementor-element elementor-element-466efec elementor-widget elementor-widget-heading\" data-id=\"466efec\" data-element_type=\"widget\" data-widget_type=\"heading.default\">\n\t\t\t\t<div class=\"elementor-widget-container\">\n\t\t\t\t\t<h2 class=\"elementor-heading-title elementor-size-default\">Nom De Domaine<\/h2>\t\t\t\t<\/div>\n\t\t\t\t<\/div>\n\t\t\t\t<div class=\"elementor-element elementor-element-2e081a9 elementor-widget-divider--view-line elementor-widget elementor-widget-divider\" data-id=\"2e081a9\" data-element_type=\"widget\" data-widget_type=\"divider.default\">\n\t\t\t\t<div class=\"elementor-widget-container\">\n\t\t\t\t\t\t\t<div class=\"elementor-divider\">\n\t\t\t<span class=\"elementor-divider-separator\">\n\t\t\t\t\t\t<\/span>\n\t\t<\/div>\n\t\t\t\t\t\t<\/div>\n\t\t\t\t<\/div>\n\t\t\t\t<div class=\"elementor-element elementor-element-03f2bb5 elementor-widget elementor-widget-sidebar\" data-id=\"03f2bb5\" data-element_type=\"widget\" data-widget_type=\"sidebar.default\">\n\t\t\t\t<div class=\"elementor-widget-container\">\n\t\t\t\t\t<div class=\"menu-nom-de-domaine-container\"><ul id=\"menu-nom-de-domaine\" class=\"menu\"><li id=\"menu-item-2706\" class=\"menu-item menu-item-type-post_type menu-item-object-page menu-item-has-children menu-item-2706\"><a href=\"https:\/\/www.aryup.com\/fr\/nom-de-domaine\">Nom de domaine<\/a>\n<ul class=\"sub-menu\">\n\t<li id=\"menu-item-2707\" class=\"menu-item menu-item-type-post_type menu-item-object-page menu-item-has-children menu-item-2707\"><a href=\"https:\/\/www.aryup.com\/fr\/nom-de-domaine\/enregistrement\">Enregistrement du nom de domaine<\/a>\n\t<ul class=\"sub-menu\">\n\t\t<li id=\"menu-item-2708\" class=\"menu-item menu-item-type-post_type menu-item-object-page menu-item-2708\"><a href=\"https:\/\/www.aryup.com\/fr\/nom-de-domaine\/avantages-et-responsabilites-des-titulaires-de-noms-de-domaine\">Avantages et responsabilit\u00e9s des titulaires de noms de domaine<\/a><\/li>\n\t\t<li id=\"menu-item-2709\" class=\"menu-item menu-item-type-post_type menu-item-object-page menu-item-2709\"><a href=\"https:\/\/www.aryup.com\/fr\/nom-de-domaine\/enregistrement\/enregistrement-be\">Enregistrement .BE<\/a><\/li>\n\t\t<li id=\"menu-item-2710\" class=\"menu-item menu-item-type-post_type menu-item-object-page menu-item-2710\"><a href=\"https:\/\/www.aryup.com\/fr\/nom-de-domaine\/enregistrement\/enregistrement-biz\">Enregistrement .biz<\/a><\/li>\n\t\t<li id=\"menu-item-2711\" class=\"menu-item menu-item-type-post_type menu-item-object-page menu-item-2711\"><a href=\"https:\/\/www.aryup.com\/fr\/nom-de-domaine\/enregistrement\/enregistrement-com\">Enregistrement .Com<\/a><\/li>\n\t\t<li id=\"menu-item-2712\" class=\"menu-item menu-item-type-post_type menu-item-object-page menu-item-2712\"><a href=\"https:\/\/www.aryup.com\/fr\/nom-de-domaine\/enregistrement\/enregistrement-eu\">Enregistrement .EU<\/a><\/li>\n\t\t<li id=\"menu-item-2713\" class=\"menu-item menu-item-type-post_type menu-item-object-page menu-item-2713\"><a href=\"https:\/\/www.aryup.com\/fr\/nom-de-domaine\/enregistrement\/enregistrement-fr\">Enregistrement .FR<\/a><\/li>\n\t\t<li id=\"menu-item-2714\" class=\"menu-item menu-item-type-post_type menu-item-object-page menu-item-2714\"><a href=\"https:\/\/www.aryup.com\/fr\/nom-de-domaine\/enregistrement\/enregistrement-info\">Enregistrement .Info<\/a><\/li>\n\t\t<li id=\"menu-item-2715\" class=\"menu-item menu-item-type-post_type menu-item-object-page menu-item-2715\"><a href=\"https:\/\/www.aryup.com\/fr\/nom-de-domaine\/enregistrement\/enregistrement-mobi\">Enregistrement .Mobi<\/a><\/li>\n\t\t<li id=\"menu-item-2716\" class=\"menu-item menu-item-type-post_type menu-item-object-page menu-item-2716\"><a href=\"https:\/\/www.aryup.com\/fr\/nom-de-domaine\/enregistrement\/enregistrement-name\">Enregistrement .Name<\/a><\/li>\n\t\t<li id=\"menu-item-2717\" class=\"menu-item menu-item-type-post_type menu-item-object-page menu-item-2717\"><a href=\"https:\/\/www.aryup.com\/fr\/nom-de-domaine\/enregistrement\/enregistrement-net\">Enregistrement .net<\/a><\/li>\n\t\t<li id=\"menu-item-2718\" class=\"menu-item menu-item-type-post_type menu-item-object-page menu-item-2718\"><a href=\"https:\/\/www.aryup.com\/fr\/nom-de-domaine\/enregistrement\/enregistrement-org\">Enregistrement .ORG<\/a><\/li>\n\t\t<li id=\"menu-item-2719\" class=\"menu-item menu-item-type-post_type menu-item-object-page menu-item-2719\"><a href=\"https:\/\/www.aryup.com\/fr\/nom-de-domaine\/informations-relatives-a-lenregistrement-du-nom-de-domaine\">Informations relatives \u00e0 l\u2019enregistrement du nom de domaine<\/a><\/li>\n\t\t<li id=\"menu-item-2720\" class=\"menu-item menu-item-type-post_type menu-item-object-page menu-item-2720\"><a href=\"https:\/\/www.aryup.com\/fr\/nom-de-domaine\/transfert-nom-de-domaine\">Transfert<\/a><\/li>\n\t<\/ul>\n<\/li>\n\t<li id=\"menu-item-2721\" class=\"menu-item menu-item-type-post_type menu-item-object-page menu-item-2721\"><a href=\"https:\/\/www.aryup.com\/fr\/nom-de-domaine\/evaluation-nom-de-domaine\">Evaluation du nom de domaine<\/a><\/li>\n\t<li id=\"menu-item-2722\" class=\"menu-item menu-item-type-post_type menu-item-object-page menu-item-2722\"><a href=\"https:\/\/www.aryup.com\/fr\/hebergement\/infogerance\">Infog\u00e9rance<\/a><\/li>\n\t<li id=\"menu-item-2723\" class=\"menu-item menu-item-type-post_type menu-item-object-page menu-item-2723\"><a href=\"https:\/\/www.aryup.com\/fr\/nom-de-domaine\/protection\">Protection<\/a><\/li>\n\t<li id=\"menu-item-2724\" class=\"menu-item menu-item-type-post_type menu-item-object-page menu-item-2724\"><a href=\"https:\/\/www.aryup.com\/fr\/hebergement\/sauvegarde\">Sauvegarde<\/a><\/li>\n\t<li id=\"menu-item-2725\" class=\"menu-item menu-item-type-post_type menu-item-object-page menu-item-2725\"><a href=\"https:\/\/www.aryup.com\/fr\/hebergement\/securite-des-donnees\">S\u00e9curit\u00e9 des donn\u00e9es<\/a><\/li>\n<\/ul>\n<\/li>\n<\/ul><\/div>\t\t\t\t<\/div>\n\t\t\t\t<\/div>\n\t\t\t\t<div class=\"elementor-element elementor-element-f9b20fc elementor-widget elementor-widget-sidebar\" data-id=\"f9b20fc\" data-element_type=\"widget\" data-widget_type=\"sidebar.default\">\n\t\t\t\t<div class=\"elementor-widget-container\">\n\t\t\t\t\t<div class=\"textwidget custom-html-widget\"><div style=\"teXt-align:center\">\r\n<a href=\"https:\/\/www.aryup.com\/fr\/demande-d-information\" class=\"elementor-button-link elementor-button elementor-size-sm widget_button\" role=\"button\"><span class=\"elementor-button-content-wrapper\"><span class=\"elementor-button-text\">CONTACTEZ-NOUS GRATUITEMENT<\/span><\/span><\/a>\r\n\r\n<a href=\"https:\/\/www.aryup.com\/fr\/devis\" class=\"elementor-button-link elementor-button elementor-size-sm widget_button\" role=\"button\"><span class=\"elementor-button-content-wrapper\"><span class=\"elementor-button-text\">DEMANDER NOUS UN DEVIS<\/span><\/span><\/a>\r\n\t\t\r\n<\/div>\r\n<\/div>\t\t\t\t<\/div>\n\t\t\t\t<\/div>\n\t\t\t\t\t<\/div>\n\t\t<\/div>\n\t\t\t\t\t<\/div>\n\t\t<\/section>\n\t\t\t\t<\/div>\n\t\t","protected":false},"excerpt":{"rendered":"<p>Aryup vous simplifie l\u2019enregistrement de votre nom de domaine. Voici trois fa\u00e7ons diff\u00e9rentes de r\u00e9server votre domaine avec nous : Cr\u00e9ez et enregistrez un nouveau nom de domaine (nous l\u2019h\u00e9bergerons temporairement (Free parking) votre nom de domaine gratuitement jusqu\u2019\u00e0 ce que vous soyez pr\u00eats \u00e0 mettre votre site Web en ligne). Transf\u00e9rez votre nom de [&hellip;]<\/p>\n","protected":false},"author":1,"featured_media":0,"parent":756,"menu_order":0,"comment_status":"closed","ping_status":"closed","template":"","meta":{"footnotes":""},"class_list":["post-2653","page","type-page","status-publish","hentry"],"yoast_head":"<!-- This site is optimized with the Yoast SEO plugin v26.9 - https:\/\/yoast.com\/product\/yoast-seo-wordpress\/ -->\n<title>Enregistrement .FR - AGENCE WEB PARIS METZ LUXEMBOURG - SITE INTERNET - HEBERGEMENT - MARKETING - WEBDESIGN<\/title>\n<meta name=\"robots\" content=\"index, follow, max-snippet:-1, max-image-preview:large, max-video-preview:-1\" \/>\n<link rel=\"canonical\" href=\"https:\/\/www.aryup.com\/fr\/nom-de-domaine\/enregistrement\/enregistrement-fr\" \/>\n<meta property=\"og:locale\" content=\"fr_FR\" \/>\n<meta property=\"og:type\" content=\"article\" \/>\n<meta property=\"og:title\" content=\"Enregistrement .FR - AGENCE WEB PARIS METZ LUXEMBOURG - SITE INTERNET - HEBERGEMENT - MARKETING - WEBDESIGN\" \/>\n<meta property=\"og:description\" content=\"Aryup vous simplifie l\u2019enregistrement de votre nom de domaine. Voici trois fa\u00e7ons diff\u00e9rentes de r\u00e9server votre domaine avec nous : Cr\u00e9ez et enregistrez un nouveau nom de domaine (nous l\u2019h\u00e9bergerons temporairement (Free parking) votre nom de domaine gratuitement jusqu\u2019\u00e0 ce que vous soyez pr\u00eats \u00e0 mettre votre site Web en ligne). Transf\u00e9rez votre nom de [&hellip;]\" \/>\n<meta property=\"og:url\" content=\"https:\/\/www.aryup.com\/fr\/nom-de-domaine\/enregistrement\/enregistrement-fr\" \/>\n<meta property=\"og:site_name\" content=\"AGENCE WEB PARIS METZ LUXEMBOURG - SITE INTERNET - HEBERGEMENT - MARKETING - WEBDESIGN\" \/>\n<meta property=\"article:modified_time\" content=\"2022-03-23T10:40:16+00:00\" \/>\n<meta property=\"og:image\" content=\"https:\/\/www.aryup.com\/fr\/wp-content\/uploads\/2022\/01\/favicon-aryup-192.png\" \/>\n\t<meta property=\"og:image:width\" content=\"192\" \/>\n\t<meta property=\"og:image:height\" content=\"192\" \/>\n\t<meta property=\"og:image:type\" content=\"image\/png\" \/>\n<meta name=\"twitter:card\" content=\"summary_large_image\" \/>\n<meta name=\"twitter:label1\" content=\"Dur\u00e9e de lecture estim\u00e9e\" \/>\n\t<meta name=\"twitter:data1\" content=\"3 minutes\" \/>\n<script type=\"application\/ld+json\" class=\"yoast-schema-graph\">{\"@context\":\"https:\/\/schema.org\",\"@graph\":[{\"@type\":\"WebPage\",\"@id\":\"https:\/\/www.aryup.com\/fr\/nom-de-domaine\/enregistrement\/enregistrement-fr\",\"url\":\"https:\/\/www.aryup.com\/fr\/nom-de-domaine\/enregistrement\/enregistrement-fr\",\"name\":\"Enregistrement .FR - AGENCE WEB PARIS METZ LUXEMBOURG - SITE INTERNET - HEBERGEMENT - MARKETING - WEBDESIGN\",\"isPartOf\":{\"@id\":\"https:\/\/www.aryup.com\/fr\/#website\"},\"datePublished\":\"2022-03-22T13:08:11+00:00\",\"dateModified\":\"2022-03-23T10:40:16+00:00\",\"breadcrumb\":{\"@id\":\"https:\/\/www.aryup.com\/fr\/nom-de-domaine\/enregistrement\/enregistrement-fr#breadcrumb\"},\"inLanguage\":\"fr-FR\",\"potentialAction\":[{\"@type\":\"ReadAction\",\"target\":[\"https:\/\/www.aryup.com\/fr\/nom-de-domaine\/enregistrement\/enregistrement-fr\"]}]},{\"@type\":\"BreadcrumbList\",\"@id\":\"https:\/\/www.aryup.com\/fr\/nom-de-domaine\/enregistrement\/enregistrement-fr#breadcrumb\",\"itemListElement\":[{\"@type\":\"ListItem\",\"position\":1,\"name\":\"Accueil\",\"item\":\"https:\/\/www.aryup.com\/fr\/\"},{\"@type\":\"ListItem\",\"position\":2,\"name\":\"Nom de domaine\",\"item\":\"https:\/\/www.aryup.com\/fr\/nom-de-domaine\"},{\"@type\":\"ListItem\",\"position\":3,\"name\":\"Enregistrement du nom de domaine\",\"item\":\"https:\/\/www.aryup.com\/fr\/nom-de-domaine\/enregistrement\"},{\"@type\":\"ListItem\",\"position\":4,\"name\":\"Enregistrement .FR\"}]},{\"@type\":\"WebSite\",\"@id\":\"https:\/\/www.aryup.com\/fr\/#website\",\"url\":\"https:\/\/www.aryup.com\/fr\/\",\"name\":\"AGENCE WEB PARIS METZ LUXEMBOURG - SITE INTERNET - HEBERGEMENT - MARKETING - WEBDESIGN\",\"description\":\"Internationaliser votre site Internet - Cr\u00e9ation de sites internet pour les entreprises et particuliers. Nos services: conception, CMS, h\u00e9b\u00e9rgement, r\u00e9f\u00e9rencement SEO\/SEA, nom de domaine, emailing, maintenance et support.\",\"publisher\":{\"@id\":\"https:\/\/www.aryup.com\/fr\/#organization\"},\"potentialAction\":[{\"@type\":\"SearchAction\",\"target\":{\"@type\":\"EntryPoint\",\"urlTemplate\":\"https:\/\/www.aryup.com\/fr\/?s={search_term_string}\"},\"query-input\":{\"@type\":\"PropertyValueSpecification\",\"valueRequired\":true,\"valueName\":\"search_term_string\"}}],\"inLanguage\":\"fr-FR\"},{\"@type\":\"Organization\",\"@id\":\"https:\/\/www.aryup.com\/fr\/#organization\",\"name\":\"Aryup\",\"url\":\"https:\/\/www.aryup.com\/fr\/\",\"logo\":{\"@type\":\"ImageObject\",\"inLanguage\":\"fr-FR\",\"@id\":\"https:\/\/www.aryup.com\/fr\/#\/schema\/logo\/image\/\",\"url\":\"https:\/\/www.aryup.com\/fr\/wp-content\/uploads\/2022\/01\/favicon-aryup-192.png\",\"contentUrl\":\"https:\/\/www.aryup.com\/fr\/wp-content\/uploads\/2022\/01\/favicon-aryup-192.png\",\"width\":192,\"height\":192,\"caption\":\"Aryup\"},\"image\":{\"@id\":\"https:\/\/www.aryup.com\/fr\/#\/schema\/logo\/image\/\"}}]}<\/script>\n<!-- \/ Yoast SEO plugin. -->","yoast_head_json":{"title":"Enregistrement .FR - AGENCE WEB PARIS METZ LUXEMBOURG - SITE INTERNET - HEBERGEMENT - MARKETING - WEBDESIGN","robots":{"index":"index","follow":"follow","max-snippet":"max-snippet:-1","max-image-preview":"max-image-preview:large","max-video-preview":"max-video-preview:-1"},"canonical":"https:\/\/www.aryup.com\/fr\/nom-de-domaine\/enregistrement\/enregistrement-fr","og_locale":"fr_FR","og_type":"article","og_title":"Enregistrement .FR - AGENCE WEB PARIS METZ LUXEMBOURG - SITE INTERNET - HEBERGEMENT - MARKETING - WEBDESIGN","og_description":"Aryup vous simplifie l\u2019enregistrement de votre nom de domaine. Voici trois fa\u00e7ons diff\u00e9rentes de r\u00e9server votre domaine avec nous : Cr\u00e9ez et enregistrez un nouveau nom de domaine (nous l\u2019h\u00e9bergerons temporairement (Free parking) votre nom de domaine gratuitement jusqu\u2019\u00e0 ce que vous soyez pr\u00eats \u00e0 mettre votre site Web en ligne). Transf\u00e9rez votre nom de [&hellip;]","og_url":"https:\/\/www.aryup.com\/fr\/nom-de-domaine\/enregistrement\/enregistrement-fr","og_site_name":"AGENCE WEB PARIS METZ LUXEMBOURG - SITE INTERNET - HEBERGEMENT - MARKETING - WEBDESIGN","article_modified_time":"2022-03-23T10:40:16+00:00","og_image":[{"width":192,"height":192,"url":"https:\/\/www.aryup.com\/fr\/wp-content\/uploads\/2022\/01\/favicon-aryup-192.png","type":"image\/png"}],"twitter_card":"summary_large_image","twitter_misc":{"Dur\u00e9e de lecture estim\u00e9e":"3 minutes"},"schema":{"@context":"https:\/\/schema.org","@graph":[{"@type":"WebPage","@id":"https:\/\/www.aryup.com\/fr\/nom-de-domaine\/enregistrement\/enregistrement-fr","url":"https:\/\/www.aryup.com\/fr\/nom-de-domaine\/enregistrement\/enregistrement-fr","name":"Enregistrement .FR - AGENCE WEB PARIS METZ LUXEMBOURG - SITE INTERNET - HEBERGEMENT - MARKETING - WEBDESIGN","isPartOf":{"@id":"https:\/\/www.aryup.com\/fr\/#website"},"datePublished":"2022-03-22T13:08:11+00:00","dateModified":"2022-03-23T10:40:16+00:00","breadcrumb":{"@id":"https:\/\/www.aryup.com\/fr\/nom-de-domaine\/enregistrement\/enregistrement-fr#breadcrumb"},"inLanguage":"fr-FR","potentialAction":[{"@type":"ReadAction","target":["https:\/\/www.aryup.com\/fr\/nom-de-domaine\/enregistrement\/enregistrement-fr"]}]},{"@type":"BreadcrumbList","@id":"https:\/\/www.aryup.com\/fr\/nom-de-domaine\/enregistrement\/enregistrement-fr#breadcrumb","itemListElement":[{"@type":"ListItem","position":1,"name":"Accueil","item":"https:\/\/www.aryup.com\/fr\/"},{"@type":"ListItem","position":2,"name":"Nom de domaine","item":"https:\/\/www.aryup.com\/fr\/nom-de-domaine"},{"@type":"ListItem","position":3,"name":"Enregistrement du nom de domaine","item":"https:\/\/www.aryup.com\/fr\/nom-de-domaine\/enregistrement"},{"@type":"ListItem","position":4,"name":"Enregistrement .FR"}]},{"@type":"WebSite","@id":"https:\/\/www.aryup.com\/fr\/#website","url":"https:\/\/www.aryup.com\/fr\/","name":"AGENCE WEB PARIS METZ LUXEMBOURG - SITE INTERNET - HEBERGEMENT - MARKETING - WEBDESIGN","description":"Internationaliser votre site Internet - Cr\u00e9ation de sites internet pour les entreprises et particuliers. Nos services: conception, CMS, h\u00e9b\u00e9rgement, r\u00e9f\u00e9rencement SEO\/SEA, nom de domaine, emailing, maintenance et support.","publisher":{"@id":"https:\/\/www.aryup.com\/fr\/#organization"},"potentialAction":[{"@type":"SearchAction","target":{"@type":"EntryPoint","urlTemplate":"https:\/\/www.aryup.com\/fr\/?s={search_term_string}"},"query-input":{"@type":"PropertyValueSpecification","valueRequired":true,"valueName":"search_term_string"}}],"inLanguage":"fr-FR"},{"@type":"Organization","@id":"https:\/\/www.aryup.com\/fr\/#organization","name":"Aryup","url":"https:\/\/www.aryup.com\/fr\/","logo":{"@type":"ImageObject","inLanguage":"fr-FR","@id":"https:\/\/www.aryup.com\/fr\/#\/schema\/logo\/image\/","url":"https:\/\/www.aryup.com\/fr\/wp-content\/uploads\/2022\/01\/favicon-aryup-192.png","contentUrl":"https:\/\/www.aryup.com\/fr\/wp-content\/uploads\/2022\/01\/favicon-aryup-192.png","width":192,"height":192,"caption":"Aryup"},"image":{"@id":"https:\/\/www.aryup.com\/fr\/#\/schema\/logo\/image\/"}}]}},"_links":{"self":[{"href":"https:\/\/www.aryup.com\/fr\/wp-json\/wp\/v2\/pages\/2653","targetHints":{"allow":["GET"]}}],"collection":[{"href":"https:\/\/www.aryup.com\/fr\/wp-json\/wp\/v2\/pages"}],"about":[{"href":"https:\/\/www.aryup.com\/fr\/wp-json\/wp\/v2\/types\/page"}],"author":[{"embeddable":true,"href":"https:\/\/www.aryup.com\/fr\/wp-json\/wp\/v2\/users\/1"}],"replies":[{"embeddable":true,"href":"https:\/\/www.aryup.com\/fr\/wp-json\/wp\/v2\/comments?post=2653"}],"version-history":[{"count":10,"href":"https:\/\/www.aryup.com\/fr\/wp-json\/wp\/v2\/pages\/2653\/revisions"}],"predecessor-version":[{"id":2848,"href":"https:\/\/www.aryup.com\/fr\/wp-json\/wp\/v2\/pages\/2653\/revisions\/2848"}],"up":[{"embeddable":true,"href":"https:\/\/www.aryup.com\/fr\/wp-json\/wp\/v2\/pages\/756"}],"wp:attachment":[{"href":"https:\/\/www.aryup.com\/fr\/wp-json\/wp\/v2\/media?parent=2653"}],"curies":[{"name":"wp","href":"https:\/\/api.w.org\/{rel}","templated":true}]}}