{"id":2634,"date":"2022-03-22T13:44:06","date_gmt":"2022-03-22T12:44:06","guid":{"rendered":"https:\/\/www.aryup.com\/fr\/?page_id=2634"},"modified":"2022-03-23T11:40:01","modified_gmt":"2022-03-23T10:40:01","slug":"enregistrement-biz","status":"publish","type":"page","link":"https:\/\/www.aryup.com\/fr\/nom-de-domaine\/enregistrement\/enregistrement-biz","title":{"rendered":"Enregistrement .biz"},"content":{"rendered":"\t\t<div data-elementor-type=\"wp-page\" data-elementor-id=\"2634\" class=\"elementor elementor-2634\">\n\t\t\t\t\t\t<section class=\"elementor-section elementor-top-section elementor-element elementor-element-f4dc0e6 elementor-section-boxed elementor-section-height-default elementor-section-height-default\" data-id=\"f4dc0e6\" data-element_type=\"section\">\n\t\t\t\t\t\t<div class=\"elementor-container elementor-column-gap-default\">\n\t\t\t\t\t<div class=\"elementor-column elementor-col-66 elementor-top-column elementor-element elementor-element-9b3b985\" data-id=\"9b3b985\" data-element_type=\"column\">\n\t\t\t<div class=\"elementor-widget-wrap elementor-element-populated\">\n\t\t\t\t\t\t<div class=\"elementor-element elementor-element-741afdd elementor-widget elementor-widget-spacer\" data-id=\"741afdd\" data-element_type=\"widget\" data-widget_type=\"spacer.default\">\n\t\t\t\t<div class=\"elementor-widget-container\">\n\t\t\t\t\t\t\t<div class=\"elementor-spacer\">\n\t\t\t<div class=\"elementor-spacer-inner\"><\/div>\n\t\t<\/div>\n\t\t\t\t\t\t<\/div>\n\t\t\t\t<\/div>\n\t\t\t\t<div class=\"elementor-element elementor-element-f5fd2cc elementor-widget elementor-widget-text-editor\" data-id=\"f5fd2cc\" data-element_type=\"widget\" data-widget_type=\"text-editor.default\">\n\t\t\t\t<div class=\"elementor-widget-container\">\n\t\t\t\t\t\t\t\t\t<p>Aryup vous simplifie l\u2019enregistrement de votre nom de domaine.<\/p>\n<p>Voici trois fa\u00e7ons diff\u00e9rentes de r\u00e9server votre domaine avec nous :<\/p>\n<ol>\n<li><strong>Cr\u00e9ez et enregistrez un nouveau nom de domaine<\/strong> (nous l\u2019h\u00e9bergerons temporairement (Free parking) votre nom de domaine gratuitement jusqu\u2019\u00e0 ce que vous soyez pr\u00eats \u00e0 mettre votre site Web en ligne).<\/li>\n<li><strong>Transf\u00e9rez votre nom de domaine actuel avec aryup<\/strong>, notre solution d\u2019h\u00e9bergement Web, et achetez un an d\u2019enregistrement de nom domaine en plus de votre p\u00e9riode d\u2019enregistrement actuelle.<\/li>\n<li><b>C<\/b><strong>hoisissez une solution aryup et h\u00e9bergez votre site Web<\/strong> \u2014 sans quitter votre registraire de nom de domaine actuel.<\/li>\n<\/ol>\n<p style=\"text-align: center;\"><strong><br><\/strong><\/p>\n<p style=\"text-align: center;\"><strong>Nom de domaine .BIZ (G\u00e9n\u00e9rique)<\/strong><\/p>\n<p style=\"text-align: left;\"><strong>L\u2019essentiel sur les noms de domaine .BIZ<\/strong><\/p>\n<p>Le .BIZ est l\u2019extension de premier niveau. L\u2019enregistrement des noms de domaine sous .BIZ est ouvert \u00e0 tous, sans restrictions. Le choix du nom de domaine est libre selon la r\u00e8gle du premier arriv\u00e9, premier servi.<\/p>\n<p><strong>Informations clefs sur les domaines .BIZ<\/strong><\/p>\n<ul>\n<li>Ouvert \u00e0 tous<\/li>\n<li>Libert\u00e9 dans le choix du nom<\/li>\n<li>R\u00e8gle du premier arriv\u00e9, premier servi<\/li>\n<li>Enregistrement valable de 1 \u00e0 10 ans<\/li>\n<li>renouvelable<\/li>\n<li><br><\/li>\n<\/ul>\t\t\t\t\t\t\t\t<\/div>\n\t\t\t\t<\/div>\n\t\t\t\t<div class=\"elementor-element elementor-element-b730d20 elementor-widget elementor-widget-spacer\" data-id=\"b730d20\" data-element_type=\"widget\" data-widget_type=\"spacer.default\">\n\t\t\t\t<div class=\"elementor-widget-container\">\n\t\t\t\t\t\t\t<div class=\"elementor-spacer\">\n\t\t\t<div class=\"elementor-spacer-inner\"><\/div>\n\t\t<\/div>\n\t\t\t\t\t\t<\/div>\n\t\t\t\t<\/div>\n\t\t\t\t<div class=\"elementor-element elementor-element-2956ced elementor-align-center elementor-widget elementor-widget-button\" data-id=\"2956ced\" data-element_type=\"widget\" data-widget_type=\"button.default\">\n\t\t\t\t<div class=\"elementor-widget-container\">\n\t\t\t\t\t\t\t\t\t<div class=\"elementor-button-wrapper\">\n\t\t\t\t\t<a class=\"elementor-button elementor-button-link elementor-size-md\" href=\"https:\/\/www.aryup.com\/fr\/contact\/\">\n\t\t\t\t\t\t<span class=\"elementor-button-content-wrapper\">\n\t\t\t\t\t\t\t\t\t<span class=\"elementor-button-text\">Contacter un chef de projet<\/span>\n\t\t\t\t\t<\/span>\n\t\t\t\t\t<\/a>\n\t\t\t\t<\/div>\n\t\t\t\t\t\t\t\t<\/div>\n\t\t\t\t<\/div>\n\t\t\t\t\t<\/div>\n\t\t<\/div>\n\t\t\t\t<div class=\"elementor-column elementor-col-33 elementor-top-column elementor-element elementor-element-b7a943b\" data-id=\"b7a943b\" data-element_type=\"column\">\n\t\t\t<div class=\"elementor-widget-wrap elementor-element-populated\">\n\t\t\t\t\t\t<div class=\"elementor-element elementor-element-9e78329 elementor-widget elementor-widget-spacer\" data-id=\"9e78329\" data-element_type=\"widget\" data-widget_type=\"spacer.default\">\n\t\t\t\t<div class=\"elementor-widget-container\">\n\t\t\t\t\t\t\t<div class=\"elementor-spacer\">\n\t\t\t<div class=\"elementor-spacer-inner\"><\/div>\n\t\t<\/div>\n\t\t\t\t\t\t<\/div>\n\t\t\t\t<\/div>\n\t\t\t\t<div class=\"elementor-element elementor-element-cd7af82 elementor-widget elementor-widget-heading\" data-id=\"cd7af82\" data-element_type=\"widget\" data-widget_type=\"heading.default\">\n\t\t\t\t<div class=\"elementor-widget-container\">\n\t\t\t\t\t<h2 class=\"elementor-heading-title elementor-size-default\">Nom De Domaine<\/h2>\t\t\t\t<\/div>\n\t\t\t\t<\/div>\n\t\t\t\t<div class=\"elementor-element elementor-element-ebfdc0d elementor-widget-divider--view-line elementor-widget elementor-widget-divider\" data-id=\"ebfdc0d\" data-element_type=\"widget\" data-widget_type=\"divider.default\">\n\t\t\t\t<div class=\"elementor-widget-container\">\n\t\t\t\t\t\t\t<div class=\"elementor-divider\">\n\t\t\t<span class=\"elementor-divider-separator\">\n\t\t\t\t\t\t<\/span>\n\t\t<\/div>\n\t\t\t\t\t\t<\/div>\n\t\t\t\t<\/div>\n\t\t\t\t<div class=\"elementor-element elementor-element-b3e440e elementor-widget elementor-widget-sidebar\" data-id=\"b3e440e\" data-element_type=\"widget\" data-widget_type=\"sidebar.default\">\n\t\t\t\t<div class=\"elementor-widget-container\">\n\t\t\t\t\t<div class=\"menu-nom-de-domaine-container\"><ul id=\"menu-nom-de-domaine\" class=\"menu\"><li id=\"menu-item-2706\" class=\"menu-item menu-item-type-post_type menu-item-object-page menu-item-has-children menu-item-2706\"><a href=\"https:\/\/www.aryup.com\/fr\/nom-de-domaine\">Nom de domaine<\/a>\n<ul class=\"sub-menu\">\n\t<li id=\"menu-item-2707\" class=\"menu-item menu-item-type-post_type menu-item-object-page menu-item-has-children menu-item-2707\"><a href=\"https:\/\/www.aryup.com\/fr\/nom-de-domaine\/enregistrement\">Enregistrement du nom de domaine<\/a>\n\t<ul class=\"sub-menu\">\n\t\t<li id=\"menu-item-2708\" class=\"menu-item menu-item-type-post_type menu-item-object-page menu-item-2708\"><a href=\"https:\/\/www.aryup.com\/fr\/nom-de-domaine\/avantages-et-responsabilites-des-titulaires-de-noms-de-domaine\">Avantages et responsabilit\u00e9s des titulaires de noms de domaine<\/a><\/li>\n\t\t<li id=\"menu-item-2709\" class=\"menu-item menu-item-type-post_type menu-item-object-page menu-item-2709\"><a href=\"https:\/\/www.aryup.com\/fr\/nom-de-domaine\/enregistrement\/enregistrement-be\">Enregistrement .BE<\/a><\/li>\n\t\t<li id=\"menu-item-2710\" class=\"menu-item menu-item-type-post_type menu-item-object-page menu-item-2710\"><a href=\"https:\/\/www.aryup.com\/fr\/nom-de-domaine\/enregistrement\/enregistrement-biz\">Enregistrement .biz<\/a><\/li>\n\t\t<li id=\"menu-item-2711\" class=\"menu-item menu-item-type-post_type menu-item-object-page menu-item-2711\"><a href=\"https:\/\/www.aryup.com\/fr\/nom-de-domaine\/enregistrement\/enregistrement-com\">Enregistrement .Com<\/a><\/li>\n\t\t<li id=\"menu-item-2712\" class=\"menu-item menu-item-type-post_type menu-item-object-page menu-item-2712\"><a href=\"https:\/\/www.aryup.com\/fr\/nom-de-domaine\/enregistrement\/enregistrement-eu\">Enregistrement .EU<\/a><\/li>\n\t\t<li id=\"menu-item-2713\" class=\"menu-item menu-item-type-post_type menu-item-object-page menu-item-2713\"><a href=\"https:\/\/www.aryup.com\/fr\/nom-de-domaine\/enregistrement\/enregistrement-fr\">Enregistrement .FR<\/a><\/li>\n\t\t<li id=\"menu-item-2714\" class=\"menu-item menu-item-type-post_type menu-item-object-page menu-item-2714\"><a href=\"https:\/\/www.aryup.com\/fr\/nom-de-domaine\/enregistrement\/enregistrement-info\">Enregistrement .Info<\/a><\/li>\n\t\t<li id=\"menu-item-2715\" class=\"menu-item menu-item-type-post_type menu-item-object-page menu-item-2715\"><a href=\"https:\/\/www.aryup.com\/fr\/nom-de-domaine\/enregistrement\/enregistrement-mobi\">Enregistrement .Mobi<\/a><\/li>\n\t\t<li id=\"menu-item-2716\" class=\"menu-item menu-item-type-post_type menu-item-object-page menu-item-2716\"><a href=\"https:\/\/www.aryup.com\/fr\/nom-de-domaine\/enregistrement\/enregistrement-name\">Enregistrement .Name<\/a><\/li>\n\t\t<li id=\"menu-item-2717\" class=\"menu-item menu-item-type-post_type menu-item-object-page menu-item-2717\"><a href=\"https:\/\/www.aryup.com\/fr\/nom-de-domaine\/enregistrement\/enregistrement-net\">Enregistrement .net<\/a><\/li>\n\t\t<li id=\"menu-item-2718\" class=\"menu-item menu-item-type-post_type menu-item-object-page menu-item-2718\"><a href=\"https:\/\/www.aryup.com\/fr\/nom-de-domaine\/enregistrement\/enregistrement-org\">Enregistrement .ORG<\/a><\/li>\n\t\t<li id=\"menu-item-2719\" class=\"menu-item menu-item-type-post_type menu-item-object-page menu-item-2719\"><a href=\"https:\/\/www.aryup.com\/fr\/nom-de-domaine\/informations-relatives-a-lenregistrement-du-nom-de-domaine\">Informations relatives \u00e0 l\u2019enregistrement du nom de domaine<\/a><\/li>\n\t\t<li id=\"menu-item-2720\" class=\"menu-item menu-item-type-post_type menu-item-object-page menu-item-2720\"><a href=\"https:\/\/www.aryup.com\/fr\/nom-de-domaine\/transfert-nom-de-domaine\">Transfert<\/a><\/li>\n\t<\/ul>\n<\/li>\n\t<li id=\"menu-item-2721\" class=\"menu-item menu-item-type-post_type menu-item-object-page menu-item-2721\"><a href=\"https:\/\/www.aryup.com\/fr\/nom-de-domaine\/evaluation-nom-de-domaine\">Evaluation du nom de domaine<\/a><\/li>\n\t<li id=\"menu-item-2722\" class=\"menu-item menu-item-type-post_type menu-item-object-page menu-item-2722\"><a href=\"https:\/\/www.aryup.com\/fr\/hebergement\/infogerance\">Infog\u00e9rance<\/a><\/li>\n\t<li id=\"menu-item-2723\" class=\"menu-item menu-item-type-post_type menu-item-object-page menu-item-2723\"><a href=\"https:\/\/www.aryup.com\/fr\/nom-de-domaine\/protection\">Protection<\/a><\/li>\n\t<li id=\"menu-item-2724\" class=\"menu-item menu-item-type-post_type menu-item-object-page menu-item-2724\"><a href=\"https:\/\/www.aryup.com\/fr\/hebergement\/sauvegarde\">Sauvegarde<\/a><\/li>\n\t<li id=\"menu-item-2725\" class=\"menu-item menu-item-type-post_type menu-item-object-page menu-item-2725\"><a href=\"https:\/\/www.aryup.com\/fr\/hebergement\/securite-des-donnees\">S\u00e9curit\u00e9 des donn\u00e9es<\/a><\/li>\n<\/ul>\n<\/li>\n<\/ul><\/div>\t\t\t\t<\/div>\n\t\t\t\t<\/div>\n\t\t\t\t<div class=\"elementor-element elementor-element-61616e4 elementor-widget elementor-widget-sidebar\" data-id=\"61616e4\" data-element_type=\"widget\" data-widget_type=\"sidebar.default\">\n\t\t\t\t<div class=\"elementor-widget-container\">\n\t\t\t\t\t<div class=\"textwidget custom-html-widget\"><div style=\"teXt-align:center\">\r\n<a href=\"https:\/\/www.aryup.com\/fr\/demande-d-information\" class=\"elementor-button-link elementor-button elementor-size-sm widget_button\" role=\"button\"><span class=\"elementor-button-content-wrapper\"><span class=\"elementor-button-text\">CONTACTEZ-NOUS GRATUITEMENT<\/span><\/span><\/a>\r\n\r\n<a href=\"https:\/\/www.aryup.com\/fr\/devis\" class=\"elementor-button-link elementor-button elementor-size-sm widget_button\" role=\"button\"><span class=\"elementor-button-content-wrapper\"><span class=\"elementor-button-text\">DEMANDER NOUS UN DEVIS<\/span><\/span><\/a>\r\n\t\t\r\n<\/div>\r\n<\/div>\t\t\t\t<\/div>\n\t\t\t\t<\/div>\n\t\t\t\t\t<\/div>\n\t\t<\/div>\n\t\t\t\t\t<\/div>\n\t\t<\/section>\n\t\t\t\t<\/div>\n\t\t","protected":false},"excerpt":{"rendered":"<p>Aryup vous simplifie l\u2019enregistrement de votre nom de domaine. Voici trois fa\u00e7ons diff\u00e9rentes de r\u00e9server votre domaine avec nous : Cr\u00e9ez et enregistrez un nouveau nom de domaine (nous l\u2019h\u00e9bergerons temporairement (Free parking) votre nom de domaine gratuitement jusqu\u2019\u00e0 ce que vous soyez pr\u00eats \u00e0 mettre votre site Web en ligne). Transf\u00e9rez votre nom de [&hellip;]<\/p>\n","protected":false},"author":1,"featured_media":0,"parent":756,"menu_order":0,"comment_status":"closed","ping_status":"closed","template":"","meta":{"footnotes":""},"class_list":["post-2634","page","type-page","status-publish","hentry"],"yoast_head":"<!-- This site is optimized with the Yoast SEO plugin v26.9 - https:\/\/yoast.com\/product\/yoast-seo-wordpress\/ -->\n<title>Enregistrement .biz - AGENCE WEB PARIS METZ LUXEMBOURG - SITE INTERNET - HEBERGEMENT - MARKETING - WEBDESIGN<\/title>\n<meta name=\"robots\" content=\"index, follow, max-snippet:-1, max-image-preview:large, max-video-preview:-1\" \/>\n<link rel=\"canonical\" href=\"https:\/\/www.aryup.com\/fr\/nom-de-domaine\/enregistrement\/enregistrement-biz\" \/>\n<meta property=\"og:locale\" content=\"fr_FR\" \/>\n<meta property=\"og:type\" content=\"article\" \/>\n<meta property=\"og:title\" content=\"Enregistrement .biz - AGENCE WEB PARIS METZ LUXEMBOURG - SITE INTERNET - HEBERGEMENT - MARKETING - WEBDESIGN\" \/>\n<meta property=\"og:description\" content=\"Aryup vous simplifie l\u2019enregistrement de votre nom de domaine. Voici trois fa\u00e7ons diff\u00e9rentes de r\u00e9server votre domaine avec nous : Cr\u00e9ez et enregistrez un nouveau nom de domaine (nous l\u2019h\u00e9bergerons temporairement (Free parking) votre nom de domaine gratuitement jusqu\u2019\u00e0 ce que vous soyez pr\u00eats \u00e0 mettre votre site Web en ligne). Transf\u00e9rez votre nom de [&hellip;]\" \/>\n<meta property=\"og:url\" content=\"https:\/\/www.aryup.com\/fr\/nom-de-domaine\/enregistrement\/enregistrement-biz\" \/>\n<meta property=\"og:site_name\" content=\"AGENCE WEB PARIS METZ LUXEMBOURG - SITE INTERNET - HEBERGEMENT - MARKETING - WEBDESIGN\" \/>\n<meta property=\"article:modified_time\" content=\"2022-03-23T10:40:01+00:00\" \/>\n<meta property=\"og:image\" content=\"https:\/\/www.aryup.com\/fr\/wp-content\/uploads\/2022\/01\/favicon-aryup-192.png\" \/>\n\t<meta property=\"og:image:width\" content=\"192\" \/>\n\t<meta property=\"og:image:height\" content=\"192\" \/>\n\t<meta property=\"og:image:type\" content=\"image\/png\" \/>\n<meta name=\"twitter:card\" content=\"summary_large_image\" \/>\n<meta name=\"twitter:label1\" content=\"Dur\u00e9e de lecture estim\u00e9e\" \/>\n\t<meta name=\"twitter:data1\" content=\"1 minute\" \/>\n<script type=\"application\/ld+json\" class=\"yoast-schema-graph\">{\"@context\":\"https:\/\/schema.org\",\"@graph\":[{\"@type\":\"WebPage\",\"@id\":\"https:\/\/www.aryup.com\/fr\/nom-de-domaine\/enregistrement\/enregistrement-biz\",\"url\":\"https:\/\/www.aryup.com\/fr\/nom-de-domaine\/enregistrement\/enregistrement-biz\",\"name\":\"Enregistrement .biz - AGENCE WEB PARIS METZ LUXEMBOURG - SITE INTERNET - HEBERGEMENT - MARKETING - WEBDESIGN\",\"isPartOf\":{\"@id\":\"https:\/\/www.aryup.com\/fr\/#website\"},\"datePublished\":\"2022-03-22T12:44:06+00:00\",\"dateModified\":\"2022-03-23T10:40:01+00:00\",\"breadcrumb\":{\"@id\":\"https:\/\/www.aryup.com\/fr\/nom-de-domaine\/enregistrement\/enregistrement-biz#breadcrumb\"},\"inLanguage\":\"fr-FR\",\"potentialAction\":[{\"@type\":\"ReadAction\",\"target\":[\"https:\/\/www.aryup.com\/fr\/nom-de-domaine\/enregistrement\/enregistrement-biz\"]}]},{\"@type\":\"BreadcrumbList\",\"@id\":\"https:\/\/www.aryup.com\/fr\/nom-de-domaine\/enregistrement\/enregistrement-biz#breadcrumb\",\"itemListElement\":[{\"@type\":\"ListItem\",\"position\":1,\"name\":\"Accueil\",\"item\":\"https:\/\/www.aryup.com\/fr\/\"},{\"@type\":\"ListItem\",\"position\":2,\"name\":\"Nom de domaine\",\"item\":\"https:\/\/www.aryup.com\/fr\/nom-de-domaine\"},{\"@type\":\"ListItem\",\"position\":3,\"name\":\"Enregistrement du nom de domaine\",\"item\":\"https:\/\/www.aryup.com\/fr\/nom-de-domaine\/enregistrement\"},{\"@type\":\"ListItem\",\"position\":4,\"name\":\"Enregistrement .biz\"}]},{\"@type\":\"WebSite\",\"@id\":\"https:\/\/www.aryup.com\/fr\/#website\",\"url\":\"https:\/\/www.aryup.com\/fr\/\",\"name\":\"AGENCE WEB PARIS METZ LUXEMBOURG - SITE INTERNET - HEBERGEMENT - MARKETING - WEBDESIGN\",\"description\":\"Internationaliser votre site Internet - Cr\u00e9ation de sites internet pour les entreprises et particuliers. Nos services: conception, CMS, h\u00e9b\u00e9rgement, r\u00e9f\u00e9rencement SEO\/SEA, nom de domaine, emailing, maintenance et support.\",\"publisher\":{\"@id\":\"https:\/\/www.aryup.com\/fr\/#organization\"},\"potentialAction\":[{\"@type\":\"SearchAction\",\"target\":{\"@type\":\"EntryPoint\",\"urlTemplate\":\"https:\/\/www.aryup.com\/fr\/?s={search_term_string}\"},\"query-input\":{\"@type\":\"PropertyValueSpecification\",\"valueRequired\":true,\"valueName\":\"search_term_string\"}}],\"inLanguage\":\"fr-FR\"},{\"@type\":\"Organization\",\"@id\":\"https:\/\/www.aryup.com\/fr\/#organization\",\"name\":\"Aryup\",\"url\":\"https:\/\/www.aryup.com\/fr\/\",\"logo\":{\"@type\":\"ImageObject\",\"inLanguage\":\"fr-FR\",\"@id\":\"https:\/\/www.aryup.com\/fr\/#\/schema\/logo\/image\/\",\"url\":\"https:\/\/www.aryup.com\/fr\/wp-content\/uploads\/2022\/01\/favicon-aryup-192.png\",\"contentUrl\":\"https:\/\/www.aryup.com\/fr\/wp-content\/uploads\/2022\/01\/favicon-aryup-192.png\",\"width\":192,\"height\":192,\"caption\":\"Aryup\"},\"image\":{\"@id\":\"https:\/\/www.aryup.com\/fr\/#\/schema\/logo\/image\/\"}}]}<\/script>\n<!-- \/ Yoast SEO plugin. -->","yoast_head_json":{"title":"Enregistrement .biz - AGENCE WEB PARIS METZ LUXEMBOURG - SITE INTERNET - HEBERGEMENT - MARKETING - WEBDESIGN","robots":{"index":"index","follow":"follow","max-snippet":"max-snippet:-1","max-image-preview":"max-image-preview:large","max-video-preview":"max-video-preview:-1"},"canonical":"https:\/\/www.aryup.com\/fr\/nom-de-domaine\/enregistrement\/enregistrement-biz","og_locale":"fr_FR","og_type":"article","og_title":"Enregistrement .biz - AGENCE WEB PARIS METZ LUXEMBOURG - SITE INTERNET - HEBERGEMENT - MARKETING - WEBDESIGN","og_description":"Aryup vous simplifie l\u2019enregistrement de votre nom de domaine. Voici trois fa\u00e7ons diff\u00e9rentes de r\u00e9server votre domaine avec nous : Cr\u00e9ez et enregistrez un nouveau nom de domaine (nous l\u2019h\u00e9bergerons temporairement (Free parking) votre nom de domaine gratuitement jusqu\u2019\u00e0 ce que vous soyez pr\u00eats \u00e0 mettre votre site Web en ligne). Transf\u00e9rez votre nom de [&hellip;]","og_url":"https:\/\/www.aryup.com\/fr\/nom-de-domaine\/enregistrement\/enregistrement-biz","og_site_name":"AGENCE WEB PARIS METZ LUXEMBOURG - SITE INTERNET - HEBERGEMENT - MARKETING - WEBDESIGN","article_modified_time":"2022-03-23T10:40:01+00:00","og_image":[{"width":192,"height":192,"url":"https:\/\/www.aryup.com\/fr\/wp-content\/uploads\/2022\/01\/favicon-aryup-192.png","type":"image\/png"}],"twitter_card":"summary_large_image","twitter_misc":{"Dur\u00e9e de lecture estim\u00e9e":"1 minute"},"schema":{"@context":"https:\/\/schema.org","@graph":[{"@type":"WebPage","@id":"https:\/\/www.aryup.com\/fr\/nom-de-domaine\/enregistrement\/enregistrement-biz","url":"https:\/\/www.aryup.com\/fr\/nom-de-domaine\/enregistrement\/enregistrement-biz","name":"Enregistrement .biz - AGENCE WEB PARIS METZ LUXEMBOURG - SITE INTERNET - HEBERGEMENT - MARKETING - WEBDESIGN","isPartOf":{"@id":"https:\/\/www.aryup.com\/fr\/#website"},"datePublished":"2022-03-22T12:44:06+00:00","dateModified":"2022-03-23T10:40:01+00:00","breadcrumb":{"@id":"https:\/\/www.aryup.com\/fr\/nom-de-domaine\/enregistrement\/enregistrement-biz#breadcrumb"},"inLanguage":"fr-FR","potentialAction":[{"@type":"ReadAction","target":["https:\/\/www.aryup.com\/fr\/nom-de-domaine\/enregistrement\/enregistrement-biz"]}]},{"@type":"BreadcrumbList","@id":"https:\/\/www.aryup.com\/fr\/nom-de-domaine\/enregistrement\/enregistrement-biz#breadcrumb","itemListElement":[{"@type":"ListItem","position":1,"name":"Accueil","item":"https:\/\/www.aryup.com\/fr\/"},{"@type":"ListItem","position":2,"name":"Nom de domaine","item":"https:\/\/www.aryup.com\/fr\/nom-de-domaine"},{"@type":"ListItem","position":3,"name":"Enregistrement du nom de domaine","item":"https:\/\/www.aryup.com\/fr\/nom-de-domaine\/enregistrement"},{"@type":"ListItem","position":4,"name":"Enregistrement .biz"}]},{"@type":"WebSite","@id":"https:\/\/www.aryup.com\/fr\/#website","url":"https:\/\/www.aryup.com\/fr\/","name":"AGENCE WEB PARIS METZ LUXEMBOURG - SITE INTERNET - HEBERGEMENT - MARKETING - WEBDESIGN","description":"Internationaliser votre site Internet - Cr\u00e9ation de sites internet pour les entreprises et particuliers. Nos services: conception, CMS, h\u00e9b\u00e9rgement, r\u00e9f\u00e9rencement SEO\/SEA, nom de domaine, emailing, maintenance et support.","publisher":{"@id":"https:\/\/www.aryup.com\/fr\/#organization"},"potentialAction":[{"@type":"SearchAction","target":{"@type":"EntryPoint","urlTemplate":"https:\/\/www.aryup.com\/fr\/?s={search_term_string}"},"query-input":{"@type":"PropertyValueSpecification","valueRequired":true,"valueName":"search_term_string"}}],"inLanguage":"fr-FR"},{"@type":"Organization","@id":"https:\/\/www.aryup.com\/fr\/#organization","name":"Aryup","url":"https:\/\/www.aryup.com\/fr\/","logo":{"@type":"ImageObject","inLanguage":"fr-FR","@id":"https:\/\/www.aryup.com\/fr\/#\/schema\/logo\/image\/","url":"https:\/\/www.aryup.com\/fr\/wp-content\/uploads\/2022\/01\/favicon-aryup-192.png","contentUrl":"https:\/\/www.aryup.com\/fr\/wp-content\/uploads\/2022\/01\/favicon-aryup-192.png","width":192,"height":192,"caption":"Aryup"},"image":{"@id":"https:\/\/www.aryup.com\/fr\/#\/schema\/logo\/image\/"}}]}},"_links":{"self":[{"href":"https:\/\/www.aryup.com\/fr\/wp-json\/wp\/v2\/pages\/2634","targetHints":{"allow":["GET"]}}],"collection":[{"href":"https:\/\/www.aryup.com\/fr\/wp-json\/wp\/v2\/pages"}],"about":[{"href":"https:\/\/www.aryup.com\/fr\/wp-json\/wp\/v2\/types\/page"}],"author":[{"embeddable":true,"href":"https:\/\/www.aryup.com\/fr\/wp-json\/wp\/v2\/users\/1"}],"replies":[{"embeddable":true,"href":"https:\/\/www.aryup.com\/fr\/wp-json\/wp\/v2\/comments?post=2634"}],"version-history":[{"count":19,"href":"https:\/\/www.aryup.com\/fr\/wp-json\/wp\/v2\/pages\/2634\/revisions"}],"predecessor-version":[{"id":2839,"href":"https:\/\/www.aryup.com\/fr\/wp-json\/wp\/v2\/pages\/2634\/revisions\/2839"}],"up":[{"embeddable":true,"href":"https:\/\/www.aryup.com\/fr\/wp-json\/wp\/v2\/pages\/756"}],"wp:attachment":[{"href":"https:\/\/www.aryup.com\/fr\/wp-json\/wp\/v2\/media?parent=2634"}],"curies":[{"name":"wp","href":"https:\/\/api.w.org\/{rel}","templated":true}]}}