{"id":2611,"date":"2022-03-22T11:49:15","date_gmt":"2022-03-22T10:49:15","guid":{"rendered":"https:\/\/www.aryup.com\/fr\/?page_id=2611"},"modified":"2022-12-19T17:10:09","modified_gmt":"2022-12-19T16:10:09","slug":"avantages-et-responsabilites-des-titulaires-de-noms-de-domaine","status":"publish","type":"page","link":"https:\/\/www.aryup.com\/fr\/nom-de-domaine\/avantages-et-responsabilites-des-titulaires-de-noms-de-domaine","title":{"rendered":"Avantages et responsabilit\u00e9s des titulaires de noms de domaine"},"content":{"rendered":"\t\t<div data-elementor-type=\"wp-page\" data-elementor-id=\"2611\" class=\"elementor elementor-2611\">\n\t\t\t\t\t\t<section class=\"elementor-section elementor-top-section elementor-element elementor-element-066a9c7 elementor-section-boxed elementor-section-height-default elementor-section-height-default\" data-id=\"066a9c7\" data-element_type=\"section\">\n\t\t\t\t\t\t<div class=\"elementor-container elementor-column-gap-default\">\n\t\t\t\t\t<div class=\"elementor-column elementor-col-66 elementor-top-column elementor-element elementor-element-1624ebc\" data-id=\"1624ebc\" data-element_type=\"column\">\n\t\t\t<div class=\"elementor-widget-wrap elementor-element-populated\">\n\t\t\t\t\t\t<div class=\"elementor-element elementor-element-9e74bfe elementor-widget elementor-widget-spacer\" data-id=\"9e74bfe\" data-element_type=\"widget\" data-widget_type=\"spacer.default\">\n\t\t\t\t<div class=\"elementor-widget-container\">\n\t\t\t\t\t\t\t<div class=\"elementor-spacer\">\n\t\t\t<div class=\"elementor-spacer-inner\"><\/div>\n\t\t<\/div>\n\t\t\t\t\t\t<\/div>\n\t\t\t\t<\/div>\n\t\t\t\t<div class=\"elementor-element elementor-element-951a8c6 elementor-widget elementor-widget-heading\" data-id=\"951a8c6\" data-element_type=\"widget\" data-widget_type=\"heading.default\">\n\t\t\t\t<div class=\"elementor-widget-container\">\n\t\t\t\t\t<h2 class=\"elementor-heading-title elementor-size-default\">Avantages des registraires de noms de domaine<\/h2>\t\t\t\t<\/div>\n\t\t\t\t<\/div>\n\t\t\t\t<div class=\"elementor-element elementor-element-5eac8c6 elementor-widget-divider--view-line elementor-widget elementor-widget-divider\" data-id=\"5eac8c6\" data-element_type=\"widget\" data-widget_type=\"divider.default\">\n\t\t\t\t<div class=\"elementor-widget-container\">\n\t\t\t\t\t\t\t<div class=\"elementor-divider\">\n\t\t\t<span class=\"elementor-divider-separator\">\n\t\t\t\t\t\t<\/span>\n\t\t<\/div>\n\t\t\t\t\t\t<\/div>\n\t\t\t\t<\/div>\n\t\t\t\t<div class=\"elementor-element elementor-element-695ae0b elementor-widget elementor-widget-text-editor\" data-id=\"695ae0b\" data-element_type=\"widget\" data-widget_type=\"text-editor.default\">\n\t\t\t\t<div class=\"elementor-widget-container\">\n\t\t\t\t\t\t\t\t\t<p>1. L\u2019enregistrement de votre nom de domaine et tous les services de confidentialit\u00e9 \/ proxy que vous pouvez utiliser conjointement avec lui doivent \u00eatre soumis \u00e0 un accord d\u2019enregistrement avec un registraire accr\u00e9dit\u00e9 par l\u2019ICANN.<\/p><p>Vous avez le droit de consulter le pr\u00e9sent contrat d\u2019enregistrement \u00e0 tout moment et d\u2019en t\u00e9l\u00e9charger une copie pour vos dossiers.<\/p><p>2. Vous avez droit \u00e0 des informations pr\u00e9cises et accessibles sur :<br \/>\u2013 L\u2019identit\u00e9 de votre registraire accr\u00e9dit\u00e9 ICANN ;<br \/>\u2013 L\u2019identit\u00e9 de tout mandataire ou fournisseur de service de confidentialit\u00e9 affili\u00e9 \u00e0 votre bureau d\u2019enregistrement ;<br \/>\u2013 Les termes et conditions de votre bureau d\u2019enregistrement, y compris les informations tarifaires, applicables aux enregistrements de noms de domaine ;<br \/>\u2013 Les termes et conditions, y compris les informations sur les prix, applicables \u00e0 tous les services de confidentialit\u00e9 offerts par votre registraire ;<br \/>\u2013 Les services de support client propos\u00e9s par votre bureau d\u2019enregistrement et le fournisseur de services de confidentialit\u00e9, et comment y acc\u00e9der ;<br \/>\u2013 Comment soulever des pr\u00e9occupations et r\u00e9soudre les diff\u00e9rends avec votre registraire et tout service de protection de la vie priv\u00e9e offert par ceux-ci ;<br \/>\u2013 Des instructions expliquant les processus de votre registraire pour l\u2019enregistrement, la gestion, le transfert, le renouvellement et la restauration de vos enregistrements de noms de domaine, y compris par l\u2019interm\u00e9diaire de tout service de proxy ou de confidentialit\u00e9 mis \u00e0 votre disposition par votre bureau d\u2019enregistrement.<\/p><p>3. Vous ne serez pas soumis \u00e0 de fausses publicit\u00e9s ou \u00e0 des pratiques trompeuses de la part de votre bureau d\u2019enregistrement ou par le biais de tout service de proxy ou de confidentialit\u00e9 mis \u00e0 disposition par votre bureau d\u2019enregistrement. Cela inclut les avis trompeurs, les frais cach\u00e9s, et toutes les pratiques qui sont ill\u00e9gales en vertu de la loi sur la protection des consommateurs de votre r\u00e9sidence.<\/p>\t\t\t\t\t\t\t\t<\/div>\n\t\t\t\t<\/div>\n\t\t\t\t<div class=\"elementor-element elementor-element-421d49b elementor-widget elementor-widget-spacer\" data-id=\"421d49b\" data-element_type=\"widget\" data-widget_type=\"spacer.default\">\n\t\t\t\t<div class=\"elementor-widget-container\">\n\t\t\t\t\t\t\t<div class=\"elementor-spacer\">\n\t\t\t<div class=\"elementor-spacer-inner\"><\/div>\n\t\t<\/div>\n\t\t\t\t\t\t<\/div>\n\t\t\t\t<\/div>\n\t\t\t\t<div class=\"elementor-element elementor-element-1364724 elementor-widget elementor-widget-heading\" data-id=\"1364724\" data-element_type=\"widget\" data-widget_type=\"heading.default\">\n\t\t\t\t<div class=\"elementor-widget-container\">\n\t\t\t\t\t<h2 class=\"elementor-heading-title elementor-size-default\">Responsabilit\u00e9s des registraires de noms de domaine<\/h2>\t\t\t\t<\/div>\n\t\t\t\t<\/div>\n\t\t\t\t<div class=\"elementor-element elementor-element-4da14b5 elementor-widget-divider--view-line elementor-widget elementor-widget-divider\" data-id=\"4da14b5\" data-element_type=\"widget\" data-widget_type=\"divider.default\">\n\t\t\t\t<div class=\"elementor-widget-container\">\n\t\t\t\t\t\t\t<div class=\"elementor-divider\">\n\t\t\t<span class=\"elementor-divider-separator\">\n\t\t\t\t\t\t<\/span>\n\t\t<\/div>\n\t\t\t\t\t\t<\/div>\n\t\t\t\t<\/div>\n\t\t\t\t<div class=\"elementor-element elementor-element-7c10f7c elementor-widget elementor-widget-text-editor\" data-id=\"7c10f7c\" data-element_type=\"widget\" data-widget_type=\"text-editor.default\">\n\t\t\t\t<div class=\"elementor-widget-container\">\n\t\t\t\t\t\t\t\t\t<p>1. Vous devez respecter les termes et conditions publi\u00e9s par votre bureau d\u2019enregistrement, y compris les politiques applicables de votre bureau d\u2019enregistrement, du registre et de l\u2019ICANN.<\/p><p>2. Vous devez examiner le contrat d\u2019enregistrement actuel de votre registraire, ainsi que les mises \u00e0 jour.<\/p><p>3. Vous assumerez l\u2019enti\u00e8re responsabilit\u00e9 de l\u2019enregistrement et de l\u2019utilisation de votre nom de domaine.<\/p><p>4. Vous devez fournir des informations pr\u00e9cises pour la publication dans des annuaires tels que WHOIS, et les mettre \u00e0 jour rapidement pour refl\u00e9ter tout changement.<\/p><p>5. Vous devez r\u00e9pondre aux demandes de renseignements de votre registraire dans les quinze jours, et garder vos donn\u00e9es de compte registraire \u00e0 jour. Si vous choisissez de renouveler automatiquement votre enregistrement de nom de domaine, vous devez \u00e9galement conserver vos informations de paiement \u00e0 jour.<\/p>\t\t\t\t\t\t\t\t<\/div>\n\t\t\t\t<\/div>\n\t\t\t\t<div class=\"elementor-element elementor-element-dcc5c0c elementor-widget elementor-widget-spacer\" data-id=\"dcc5c0c\" data-element_type=\"widget\" data-widget_type=\"spacer.default\">\n\t\t\t\t<div class=\"elementor-widget-container\">\n\t\t\t\t\t\t\t<div class=\"elementor-spacer\">\n\t\t\t<div class=\"elementor-spacer-inner\"><\/div>\n\t\t<\/div>\n\t\t\t\t\t\t<\/div>\n\t\t\t\t<\/div>\n\t\t\t\t<div class=\"elementor-element elementor-element-1477002 elementor-align-center elementor-widget elementor-widget-button\" data-id=\"1477002\" data-element_type=\"widget\" data-widget_type=\"button.default\">\n\t\t\t\t<div class=\"elementor-widget-container\">\n\t\t\t\t\t\t\t\t\t<div class=\"elementor-button-wrapper\">\n\t\t\t\t\t<a class=\"elementor-button elementor-button-link elementor-size-md\" href=\"https:\/\/www.aryup.com\/fr\/contact\/\">\n\t\t\t\t\t\t<span class=\"elementor-button-content-wrapper\">\n\t\t\t\t\t\t\t\t\t<span class=\"elementor-button-text\">Contacter un chef de projet<\/span>\n\t\t\t\t\t<\/span>\n\t\t\t\t\t<\/a>\n\t\t\t\t<\/div>\n\t\t\t\t\t\t\t\t<\/div>\n\t\t\t\t<\/div>\n\t\t\t\t\t<\/div>\n\t\t<\/div>\n\t\t\t\t<div class=\"elementor-column elementor-col-33 elementor-top-column elementor-element elementor-element-a058d76\" data-id=\"a058d76\" data-element_type=\"column\">\n\t\t\t<div class=\"elementor-widget-wrap elementor-element-populated\">\n\t\t\t\t\t\t<div class=\"elementor-element elementor-element-bbdced6 elementor-widget elementor-widget-spacer\" data-id=\"bbdced6\" data-element_type=\"widget\" data-widget_type=\"spacer.default\">\n\t\t\t\t<div class=\"elementor-widget-container\">\n\t\t\t\t\t\t\t<div class=\"elementor-spacer\">\n\t\t\t<div class=\"elementor-spacer-inner\"><\/div>\n\t\t<\/div>\n\t\t\t\t\t\t<\/div>\n\t\t\t\t<\/div>\n\t\t\t\t<div class=\"elementor-element elementor-element-c4bafc8 elementor-widget elementor-widget-heading\" data-id=\"c4bafc8\" data-element_type=\"widget\" data-widget_type=\"heading.default\">\n\t\t\t\t<div class=\"elementor-widget-container\">\n\t\t\t\t\t<h2 class=\"elementor-heading-title elementor-size-default\">Nom De Domaine<\/h2>\t\t\t\t<\/div>\n\t\t\t\t<\/div>\n\t\t\t\t<div class=\"elementor-element elementor-element-6771f2f elementor-widget-divider--view-line elementor-widget elementor-widget-divider\" data-id=\"6771f2f\" data-element_type=\"widget\" data-widget_type=\"divider.default\">\n\t\t\t\t<div class=\"elementor-widget-container\">\n\t\t\t\t\t\t\t<div class=\"elementor-divider\">\n\t\t\t<span class=\"elementor-divider-separator\">\n\t\t\t\t\t\t<\/span>\n\t\t<\/div>\n\t\t\t\t\t\t<\/div>\n\t\t\t\t<\/div>\n\t\t\t\t<div class=\"elementor-element elementor-element-1dc05b8 elementor-widget elementor-widget-sidebar\" data-id=\"1dc05b8\" data-element_type=\"widget\" data-widget_type=\"sidebar.default\">\n\t\t\t\t<div class=\"elementor-widget-container\">\n\t\t\t\t\t<div class=\"menu-nom-de-domaine-container\"><ul id=\"menu-nom-de-domaine\" class=\"menu\"><li id=\"menu-item-2706\" class=\"menu-item menu-item-type-post_type menu-item-object-page menu-item-has-children menu-item-2706\"><a href=\"https:\/\/www.aryup.com\/fr\/nom-de-domaine\">Nom de domaine<\/a>\n<ul class=\"sub-menu\">\n\t<li id=\"menu-item-2707\" class=\"menu-item menu-item-type-post_type menu-item-object-page menu-item-has-children menu-item-2707\"><a href=\"https:\/\/www.aryup.com\/fr\/nom-de-domaine\/enregistrement\">Enregistrement du nom de domaine<\/a>\n\t<ul class=\"sub-menu\">\n\t\t<li id=\"menu-item-2708\" class=\"menu-item menu-item-type-post_type menu-item-object-page menu-item-2708\"><a href=\"https:\/\/www.aryup.com\/fr\/nom-de-domaine\/avantages-et-responsabilites-des-titulaires-de-noms-de-domaine\">Avantages et responsabilit\u00e9s des titulaires de noms de domaine<\/a><\/li>\n\t\t<li id=\"menu-item-2709\" class=\"menu-item menu-item-type-post_type menu-item-object-page menu-item-2709\"><a href=\"https:\/\/www.aryup.com\/fr\/nom-de-domaine\/enregistrement\/enregistrement-be\">Enregistrement .BE<\/a><\/li>\n\t\t<li id=\"menu-item-2710\" class=\"menu-item menu-item-type-post_type menu-item-object-page menu-item-2710\"><a href=\"https:\/\/www.aryup.com\/fr\/nom-de-domaine\/enregistrement\/enregistrement-biz\">Enregistrement .biz<\/a><\/li>\n\t\t<li id=\"menu-item-2711\" class=\"menu-item menu-item-type-post_type menu-item-object-page menu-item-2711\"><a href=\"https:\/\/www.aryup.com\/fr\/nom-de-domaine\/enregistrement\/enregistrement-com\">Enregistrement .Com<\/a><\/li>\n\t\t<li id=\"menu-item-2712\" class=\"menu-item menu-item-type-post_type menu-item-object-page menu-item-2712\"><a href=\"https:\/\/www.aryup.com\/fr\/nom-de-domaine\/enregistrement\/enregistrement-eu\">Enregistrement .EU<\/a><\/li>\n\t\t<li id=\"menu-item-2713\" class=\"menu-item menu-item-type-post_type menu-item-object-page menu-item-2713\"><a href=\"https:\/\/www.aryup.com\/fr\/nom-de-domaine\/enregistrement\/enregistrement-fr\">Enregistrement .FR<\/a><\/li>\n\t\t<li id=\"menu-item-2714\" class=\"menu-item menu-item-type-post_type menu-item-object-page menu-item-2714\"><a href=\"https:\/\/www.aryup.com\/fr\/nom-de-domaine\/enregistrement\/enregistrement-info\">Enregistrement .Info<\/a><\/li>\n\t\t<li id=\"menu-item-2715\" class=\"menu-item menu-item-type-post_type menu-item-object-page menu-item-2715\"><a href=\"https:\/\/www.aryup.com\/fr\/nom-de-domaine\/enregistrement\/enregistrement-mobi\">Enregistrement .Mobi<\/a><\/li>\n\t\t<li id=\"menu-item-2716\" class=\"menu-item menu-item-type-post_type menu-item-object-page menu-item-2716\"><a href=\"https:\/\/www.aryup.com\/fr\/nom-de-domaine\/enregistrement\/enregistrement-name\">Enregistrement .Name<\/a><\/li>\n\t\t<li id=\"menu-item-2717\" class=\"menu-item menu-item-type-post_type menu-item-object-page menu-item-2717\"><a href=\"https:\/\/www.aryup.com\/fr\/nom-de-domaine\/enregistrement\/enregistrement-net\">Enregistrement .net<\/a><\/li>\n\t\t<li id=\"menu-item-2718\" class=\"menu-item menu-item-type-post_type menu-item-object-page menu-item-2718\"><a href=\"https:\/\/www.aryup.com\/fr\/nom-de-domaine\/enregistrement\/enregistrement-org\">Enregistrement .ORG<\/a><\/li>\n\t\t<li id=\"menu-item-2719\" class=\"menu-item menu-item-type-post_type menu-item-object-page menu-item-2719\"><a href=\"https:\/\/www.aryup.com\/fr\/nom-de-domaine\/informations-relatives-a-lenregistrement-du-nom-de-domaine\">Informations relatives \u00e0 l\u2019enregistrement du nom de domaine<\/a><\/li>\n\t\t<li id=\"menu-item-2720\" class=\"menu-item menu-item-type-post_type menu-item-object-page menu-item-2720\"><a href=\"https:\/\/www.aryup.com\/fr\/nom-de-domaine\/transfert-nom-de-domaine\">Transfert<\/a><\/li>\n\t<\/ul>\n<\/li>\n\t<li id=\"menu-item-2721\" class=\"menu-item menu-item-type-post_type menu-item-object-page menu-item-2721\"><a href=\"https:\/\/www.aryup.com\/fr\/nom-de-domaine\/evaluation-nom-de-domaine\">Evaluation du nom de domaine<\/a><\/li>\n\t<li id=\"menu-item-2722\" class=\"menu-item menu-item-type-post_type menu-item-object-page menu-item-2722\"><a href=\"https:\/\/www.aryup.com\/fr\/hebergement\/infogerance\">Infog\u00e9rance<\/a><\/li>\n\t<li id=\"menu-item-2723\" class=\"menu-item menu-item-type-post_type menu-item-object-page menu-item-2723\"><a href=\"https:\/\/www.aryup.com\/fr\/nom-de-domaine\/protection\">Protection<\/a><\/li>\n\t<li id=\"menu-item-2724\" class=\"menu-item menu-item-type-post_type menu-item-object-page menu-item-2724\"><a href=\"https:\/\/www.aryup.com\/fr\/hebergement\/sauvegarde\">Sauvegarde<\/a><\/li>\n\t<li id=\"menu-item-2725\" class=\"menu-item menu-item-type-post_type menu-item-object-page menu-item-2725\"><a href=\"https:\/\/www.aryup.com\/fr\/hebergement\/securite-des-donnees\">S\u00e9curit\u00e9 des donn\u00e9es<\/a><\/li>\n<\/ul>\n<\/li>\n<\/ul><\/div>\t\t\t\t<\/div>\n\t\t\t\t<\/div>\n\t\t\t\t<div class=\"elementor-element elementor-element-a27d5b7 elementor-widget elementor-widget-sidebar\" data-id=\"a27d5b7\" data-element_type=\"widget\" data-widget_type=\"sidebar.default\">\n\t\t\t\t<div class=\"elementor-widget-container\">\n\t\t\t\t\t<div class=\"textwidget custom-html-widget\"><div style=\"teXt-align:center\">\r\n<a href=\"https:\/\/www.aryup.com\/fr\/demande-d-information\" class=\"elementor-button-link elementor-button elementor-size-sm widget_button\" role=\"button\"><span class=\"elementor-button-content-wrapper\"><span class=\"elementor-button-text\">CONTACTEZ-NOUS GRATUITEMENT<\/span><\/span><\/a>\r\n\r\n<a href=\"https:\/\/www.aryup.com\/fr\/devis\" class=\"elementor-button-link elementor-button elementor-size-sm widget_button\" role=\"button\"><span class=\"elementor-button-content-wrapper\"><span class=\"elementor-button-text\">DEMANDER NOUS UN DEVIS<\/span><\/span><\/a>\r\n\t\t\r\n<\/div>\r\n<\/div>\t\t\t\t<\/div>\n\t\t\t\t<\/div>\n\t\t\t\t\t<\/div>\n\t\t<\/div>\n\t\t\t\t\t<\/div>\n\t\t<\/section>\n\t\t\t\t<\/div>\n\t\t","protected":false},"excerpt":{"rendered":"<p>Avantages des registraires de noms de domaine 1. L\u2019enregistrement de votre nom de domaine et tous les services de confidentialit\u00e9 \/ proxy que vous pouvez utiliser conjointement avec lui doivent \u00eatre soumis \u00e0 un accord d\u2019enregistrement avec un registraire accr\u00e9dit\u00e9 par l\u2019ICANN. Vous avez le droit de consulter le pr\u00e9sent contrat d\u2019enregistrement \u00e0 tout moment [&hellip;]<\/p>\n","protected":false},"author":1,"featured_media":0,"parent":690,"menu_order":0,"comment_status":"closed","ping_status":"closed","template":"","meta":{"footnotes":""},"class_list":["post-2611","page","type-page","status-publish","hentry"],"yoast_head":"<!-- This site is optimized with the Yoast SEO plugin v26.9 - https:\/\/yoast.com\/product\/yoast-seo-wordpress\/ -->\n<title>Avantages et responsabilit\u00e9s des titulaires de noms de domaine - AGENCE WEB PARIS METZ LUXEMBOURG - SITE INTERNET - HEBERGEMENT - MARKETING - WEBDESIGN<\/title>\n<meta name=\"robots\" content=\"index, follow, max-snippet:-1, max-image-preview:large, max-video-preview:-1\" \/>\n<link rel=\"canonical\" href=\"https:\/\/www.aryup.com\/fr\/nom-de-domaine\/registrants-benefits-and-responsibilities\" \/>\n<meta property=\"og:locale\" content=\"fr_FR\" \/>\n<meta property=\"og:type\" content=\"article\" \/>\n<meta property=\"og:title\" content=\"Avantages et responsabilit\u00e9s des titulaires de noms de domaine - AGENCE WEB PARIS METZ LUXEMBOURG - SITE INTERNET - HEBERGEMENT - MARKETING - WEBDESIGN\" \/>\n<meta property=\"og:description\" content=\"Avantages des registraires de noms de domaine 1. L\u2019enregistrement de votre nom de domaine et tous les services de confidentialit\u00e9 \/ proxy que vous pouvez utiliser conjointement avec lui doivent \u00eatre soumis \u00e0 un accord d\u2019enregistrement avec un registraire accr\u00e9dit\u00e9 par l\u2019ICANN. Vous avez le droit de consulter le pr\u00e9sent contrat d\u2019enregistrement \u00e0 tout moment [&hellip;]\" \/>\n<meta property=\"og:url\" content=\"https:\/\/www.aryup.com\/fr\/nom-de-domaine\/registrants-benefits-and-responsibilities\" \/>\n<meta property=\"og:site_name\" content=\"AGENCE WEB PARIS METZ LUXEMBOURG - SITE INTERNET - HEBERGEMENT - MARKETING - WEBDESIGN\" \/>\n<meta property=\"article:modified_time\" content=\"2022-12-19T16:10:09+00:00\" \/>\n<meta property=\"og:image\" content=\"https:\/\/www.aryup.com\/fr\/wp-content\/uploads\/2022\/01\/favicon-aryup-192.png\" \/>\n\t<meta property=\"og:image:width\" content=\"192\" \/>\n\t<meta property=\"og:image:height\" content=\"192\" \/>\n\t<meta property=\"og:image:type\" content=\"image\/png\" \/>\n<meta name=\"twitter:card\" content=\"summary_large_image\" \/>\n<meta name=\"twitter:label1\" content=\"Dur\u00e9e de lecture estim\u00e9e\" \/>\n\t<meta name=\"twitter:data1\" content=\"2 minutes\" \/>\n<script type=\"application\/ld+json\" class=\"yoast-schema-graph\">{\"@context\":\"https:\/\/schema.org\",\"@graph\":[{\"@type\":\"WebPage\",\"@id\":\"https:\/\/www.aryup.com\/fr\/nom-de-domaine\/registrants-benefits-and-responsibilities\",\"url\":\"https:\/\/www.aryup.com\/fr\/nom-de-domaine\/registrants-benefits-and-responsibilities\",\"name\":\"Avantages et responsabilit\u00e9s des titulaires de noms de domaine - AGENCE WEB PARIS METZ LUXEMBOURG - SITE INTERNET - HEBERGEMENT - MARKETING - WEBDESIGN\",\"isPartOf\":{\"@id\":\"https:\/\/www.aryup.com\/fr\/#website\"},\"datePublished\":\"2022-03-22T10:49:15+00:00\",\"dateModified\":\"2022-12-19T16:10:09+00:00\",\"breadcrumb\":{\"@id\":\"https:\/\/www.aryup.com\/fr\/nom-de-domaine\/registrants-benefits-and-responsibilities#breadcrumb\"},\"inLanguage\":\"fr-FR\",\"potentialAction\":[{\"@type\":\"ReadAction\",\"target\":[\"https:\/\/www.aryup.com\/fr\/nom-de-domaine\/registrants-benefits-and-responsibilities\"]}]},{\"@type\":\"BreadcrumbList\",\"@id\":\"https:\/\/www.aryup.com\/fr\/nom-de-domaine\/registrants-benefits-and-responsibilities#breadcrumb\",\"itemListElement\":[{\"@type\":\"ListItem\",\"position\":1,\"name\":\"Accueil\",\"item\":\"https:\/\/www.aryup.com\/fr\/\"},{\"@type\":\"ListItem\",\"position\":2,\"name\":\"Nom de domaine\",\"item\":\"https:\/\/www.aryup.com\/fr\/nom-de-domaine\"},{\"@type\":\"ListItem\",\"position\":3,\"name\":\"Avantages et responsabilit\u00e9s des r\u00e9gistaires\"}]},{\"@type\":\"WebSite\",\"@id\":\"https:\/\/www.aryup.com\/fr\/#website\",\"url\":\"https:\/\/www.aryup.com\/fr\/\",\"name\":\"AGENCE WEB PARIS METZ LUXEMBOURG - SITE INTERNET - HEBERGEMENT - MARKETING - WEBDESIGN\",\"description\":\"Internationaliser votre site Internet - Cr\u00e9ation de sites internet pour les entreprises et particuliers. Nos services: conception, CMS, h\u00e9b\u00e9rgement, r\u00e9f\u00e9rencement SEO\/SEA, nom de domaine, emailing, maintenance et support.\",\"publisher\":{\"@id\":\"https:\/\/www.aryup.com\/fr\/#organization\"},\"potentialAction\":[{\"@type\":\"SearchAction\",\"target\":{\"@type\":\"EntryPoint\",\"urlTemplate\":\"https:\/\/www.aryup.com\/fr\/?s={search_term_string}\"},\"query-input\":{\"@type\":\"PropertyValueSpecification\",\"valueRequired\":true,\"valueName\":\"search_term_string\"}}],\"inLanguage\":\"fr-FR\"},{\"@type\":\"Organization\",\"@id\":\"https:\/\/www.aryup.com\/fr\/#organization\",\"name\":\"Aryup\",\"url\":\"https:\/\/www.aryup.com\/fr\/\",\"logo\":{\"@type\":\"ImageObject\",\"inLanguage\":\"fr-FR\",\"@id\":\"https:\/\/www.aryup.com\/fr\/#\/schema\/logo\/image\/\",\"url\":\"https:\/\/www.aryup.com\/fr\/wp-content\/uploads\/2022\/01\/favicon-aryup-192.png\",\"contentUrl\":\"https:\/\/www.aryup.com\/fr\/wp-content\/uploads\/2022\/01\/favicon-aryup-192.png\",\"width\":192,\"height\":192,\"caption\":\"Aryup\"},\"image\":{\"@id\":\"https:\/\/www.aryup.com\/fr\/#\/schema\/logo\/image\/\"}}]}<\/script>\n<!-- \/ Yoast SEO plugin. -->","yoast_head_json":{"title":"Avantages et responsabilit\u00e9s des titulaires de noms de domaine - AGENCE WEB PARIS METZ LUXEMBOURG - SITE INTERNET - HEBERGEMENT - MARKETING - WEBDESIGN","robots":{"index":"index","follow":"follow","max-snippet":"max-snippet:-1","max-image-preview":"max-image-preview:large","max-video-preview":"max-video-preview:-1"},"canonical":"https:\/\/www.aryup.com\/fr\/nom-de-domaine\/registrants-benefits-and-responsibilities","og_locale":"fr_FR","og_type":"article","og_title":"Avantages et responsabilit\u00e9s des titulaires de noms de domaine - AGENCE WEB PARIS METZ LUXEMBOURG - SITE INTERNET - HEBERGEMENT - MARKETING - WEBDESIGN","og_description":"Avantages des registraires de noms de domaine 1. L\u2019enregistrement de votre nom de domaine et tous les services de confidentialit\u00e9 \/ proxy que vous pouvez utiliser conjointement avec lui doivent \u00eatre soumis \u00e0 un accord d\u2019enregistrement avec un registraire accr\u00e9dit\u00e9 par l\u2019ICANN. Vous avez le droit de consulter le pr\u00e9sent contrat d\u2019enregistrement \u00e0 tout moment [&hellip;]","og_url":"https:\/\/www.aryup.com\/fr\/nom-de-domaine\/registrants-benefits-and-responsibilities","og_site_name":"AGENCE WEB PARIS METZ LUXEMBOURG - SITE INTERNET - HEBERGEMENT - MARKETING - WEBDESIGN","article_modified_time":"2022-12-19T16:10:09+00:00","og_image":[{"width":192,"height":192,"url":"https:\/\/www.aryup.com\/fr\/wp-content\/uploads\/2022\/01\/favicon-aryup-192.png","type":"image\/png"}],"twitter_card":"summary_large_image","twitter_misc":{"Dur\u00e9e de lecture estim\u00e9e":"2 minutes"},"schema":{"@context":"https:\/\/schema.org","@graph":[{"@type":"WebPage","@id":"https:\/\/www.aryup.com\/fr\/nom-de-domaine\/registrants-benefits-and-responsibilities","url":"https:\/\/www.aryup.com\/fr\/nom-de-domaine\/registrants-benefits-and-responsibilities","name":"Avantages et responsabilit\u00e9s des titulaires de noms de domaine - AGENCE WEB PARIS METZ LUXEMBOURG - SITE INTERNET - HEBERGEMENT - MARKETING - WEBDESIGN","isPartOf":{"@id":"https:\/\/www.aryup.com\/fr\/#website"},"datePublished":"2022-03-22T10:49:15+00:00","dateModified":"2022-12-19T16:10:09+00:00","breadcrumb":{"@id":"https:\/\/www.aryup.com\/fr\/nom-de-domaine\/registrants-benefits-and-responsibilities#breadcrumb"},"inLanguage":"fr-FR","potentialAction":[{"@type":"ReadAction","target":["https:\/\/www.aryup.com\/fr\/nom-de-domaine\/registrants-benefits-and-responsibilities"]}]},{"@type":"BreadcrumbList","@id":"https:\/\/www.aryup.com\/fr\/nom-de-domaine\/registrants-benefits-and-responsibilities#breadcrumb","itemListElement":[{"@type":"ListItem","position":1,"name":"Accueil","item":"https:\/\/www.aryup.com\/fr\/"},{"@type":"ListItem","position":2,"name":"Nom de domaine","item":"https:\/\/www.aryup.com\/fr\/nom-de-domaine"},{"@type":"ListItem","position":3,"name":"Avantages et responsabilit\u00e9s des r\u00e9gistaires"}]},{"@type":"WebSite","@id":"https:\/\/www.aryup.com\/fr\/#website","url":"https:\/\/www.aryup.com\/fr\/","name":"AGENCE WEB PARIS METZ LUXEMBOURG - SITE INTERNET - HEBERGEMENT - MARKETING - WEBDESIGN","description":"Internationaliser votre site Internet - Cr\u00e9ation de sites internet pour les entreprises et particuliers. Nos services: conception, CMS, h\u00e9b\u00e9rgement, r\u00e9f\u00e9rencement SEO\/SEA, nom de domaine, emailing, maintenance et support.","publisher":{"@id":"https:\/\/www.aryup.com\/fr\/#organization"},"potentialAction":[{"@type":"SearchAction","target":{"@type":"EntryPoint","urlTemplate":"https:\/\/www.aryup.com\/fr\/?s={search_term_string}"},"query-input":{"@type":"PropertyValueSpecification","valueRequired":true,"valueName":"search_term_string"}}],"inLanguage":"fr-FR"},{"@type":"Organization","@id":"https:\/\/www.aryup.com\/fr\/#organization","name":"Aryup","url":"https:\/\/www.aryup.com\/fr\/","logo":{"@type":"ImageObject","inLanguage":"fr-FR","@id":"https:\/\/www.aryup.com\/fr\/#\/schema\/logo\/image\/","url":"https:\/\/www.aryup.com\/fr\/wp-content\/uploads\/2022\/01\/favicon-aryup-192.png","contentUrl":"https:\/\/www.aryup.com\/fr\/wp-content\/uploads\/2022\/01\/favicon-aryup-192.png","width":192,"height":192,"caption":"Aryup"},"image":{"@id":"https:\/\/www.aryup.com\/fr\/#\/schema\/logo\/image\/"}}]}},"_links":{"self":[{"href":"https:\/\/www.aryup.com\/fr\/wp-json\/wp\/v2\/pages\/2611","targetHints":{"allow":["GET"]}}],"collection":[{"href":"https:\/\/www.aryup.com\/fr\/wp-json\/wp\/v2\/pages"}],"about":[{"href":"https:\/\/www.aryup.com\/fr\/wp-json\/wp\/v2\/types\/page"}],"author":[{"embeddable":true,"href":"https:\/\/www.aryup.com\/fr\/wp-json\/wp\/v2\/users\/1"}],"replies":[{"embeddable":true,"href":"https:\/\/www.aryup.com\/fr\/wp-json\/wp\/v2\/comments?post=2611"}],"version-history":[{"count":23,"href":"https:\/\/www.aryup.com\/fr\/wp-json\/wp\/v2\/pages\/2611\/revisions"}],"predecessor-version":[{"id":4065,"href":"https:\/\/www.aryup.com\/fr\/wp-json\/wp\/v2\/pages\/2611\/revisions\/4065"}],"up":[{"embeddable":true,"href":"https:\/\/www.aryup.com\/fr\/wp-json\/wp\/v2\/pages\/690"}],"wp:attachment":[{"href":"https:\/\/www.aryup.com\/fr\/wp-json\/wp\/v2\/media?parent=2611"}],"curies":[{"name":"wp","href":"https:\/\/api.w.org\/{rel}","templated":true}]}}