{"id":2325,"date":"2022-03-21T10:18:00","date_gmt":"2022-03-21T09:18:00","guid":{"rendered":"https:\/\/www.aryup.com\/fr\/?page_id=2325"},"modified":"2022-03-21T15:05:46","modified_gmt":"2022-03-21T14:05:46","slug":"creation-emailing","status":"publish","type":"page","link":"https:\/\/www.aryup.com\/fr\/marketing\/emailing-newsletter\/creation-emailing","title":{"rendered":"Cr\u00e9ation Emailing"},"content":{"rendered":"\t\t<div data-elementor-type=\"wp-page\" data-elementor-id=\"2325\" class=\"elementor elementor-2325\">\n\t\t\t\t\t\t<section class=\"elementor-section elementor-top-section elementor-element elementor-element-6db5d39 elementor-section-boxed elementor-section-height-default elementor-section-height-default\" data-id=\"6db5d39\" data-element_type=\"section\">\n\t\t\t\t\t\t<div class=\"elementor-container elementor-column-gap-default\">\n\t\t\t\t\t<div class=\"elementor-column elementor-col-66 elementor-top-column elementor-element elementor-element-58d0de1\" data-id=\"58d0de1\" data-element_type=\"column\">\n\t\t\t<div class=\"elementor-widget-wrap elementor-element-populated\">\n\t\t\t\t\t\t<div class=\"elementor-element elementor-element-628e9ec elementor-widget elementor-widget-spacer\" data-id=\"628e9ec\" data-element_type=\"widget\" data-widget_type=\"spacer.default\">\n\t\t\t\t<div class=\"elementor-widget-container\">\n\t\t\t\t\t\t\t<div class=\"elementor-spacer\">\n\t\t\t<div class=\"elementor-spacer-inner\"><\/div>\n\t\t<\/div>\n\t\t\t\t\t\t<\/div>\n\t\t\t\t<\/div>\n\t\t\t\t<div class=\"elementor-element elementor-element-cfb267a elementor-widget elementor-widget-heading\" data-id=\"cfb267a\" data-element_type=\"widget\" data-widget_type=\"heading.default\">\n\t\t\t\t<div class=\"elementor-widget-container\">\n\t\t\t\t\t<h2 class=\"elementor-heading-title elementor-size-default\">Campagnes d'Emailing et Email Marketing<\/h2>\t\t\t\t<\/div>\n\t\t\t\t<\/div>\n\t\t\t\t<div class=\"elementor-element elementor-element-417e6af elementor-widget-divider--view-line elementor-widget elementor-widget-divider\" data-id=\"417e6af\" data-element_type=\"widget\" data-widget_type=\"divider.default\">\n\t\t\t\t<div class=\"elementor-widget-container\">\n\t\t\t\t\t\t\t<div class=\"elementor-divider\">\n\t\t\t<span class=\"elementor-divider-separator\">\n\t\t\t\t\t\t<\/span>\n\t\t<\/div>\n\t\t\t\t\t\t<\/div>\n\t\t\t\t<\/div>\n\t\t\t\t<div class=\"elementor-element elementor-element-2ea01b1 elementor-widget elementor-widget-text-editor\" data-id=\"2ea01b1\" data-element_type=\"widget\" data-widget_type=\"text-editor.default\">\n\t\t\t\t<div class=\"elementor-widget-container\">\n\t\t\t\t\t\t\t\t\t<h4>Les campagnes emailing pour vous aider \u00e0 prospecter et \u00e0 fid\u00e9liser votre client\u00e8le.<\/h4>\nL\u2019emailing est \u00e0 l\u2019heure actuelle le canal privil\u00e9gi\u00e9 lors d\u2019op\u00e9rations marketing, car il permet de toucher une cible d\u00e9finie, en s\u2019adressant directement \u00e0 elle, et en obtenant un taux de retour plut\u00f4t int\u00e9ressant si l\u2019e-mailing est bien r\u00e9alis\u00e9. Toujours est-il qu\u2019il faut adopter les bons r\u00e9flexes.\n\nQu\u2019est ce qu\u2019un e-mailing ou une campagne emailing\u202f?\nL\u2019emailing est un v\u00e9ritable outil marketing dans le cadre d\u2019une strat\u00e9gie multicanal permettant l\u2019envoi de messages personnalis\u00e9s et instantan\u00e9s \u00e0 un ensemble de destinataires cibl\u00e9s (prospects, base clients, etc).\n\nL\u2019email est un moyen de communication rapide, personnalisable et fiable. L\u2019emailing vous assure un taux de retour 2 \u00e0 3 fois sup\u00e9rieur au mailing \u00ab papier \u00bb. Cependant, une campagne d\u2019emailing ou une newsletter ne se r\u00e9sume pas \u00e0 un envoi de quelques milliers d\u2019emails sans suivi.\n\nIl est imp\u00e9ratif de bien construire votre mail et votre proposition, de tenir votre base de donn\u00e9es prospect \u00e0 jour, et de respecter des r\u00e8gles simples lors de l\u2019envoi de vos campagnes de mails.\n\nTout cela ne s\u2019improvise pas, et n\u00e9cessite un certain savoir-faire et une exp\u00e9rience dans le mailing que vous apporte l\u2019agence web Alteo, via son logiciel Mailing Plus.\t\t\t\t\t\t\t\t<\/div>\n\t\t\t\t<\/div>\n\t\t\t\t<div class=\"elementor-element elementor-element-e7800d4 elementor-widget elementor-widget-spacer\" data-id=\"e7800d4\" data-element_type=\"widget\" data-widget_type=\"spacer.default\">\n\t\t\t\t<div class=\"elementor-widget-container\">\n\t\t\t\t\t\t\t<div class=\"elementor-spacer\">\n\t\t\t<div class=\"elementor-spacer-inner\"><\/div>\n\t\t<\/div>\n\t\t\t\t\t\t<\/div>\n\t\t\t\t<\/div>\n\t\t\t\t<div class=\"elementor-element elementor-element-f505f77 elementor-widget elementor-widget-text-editor\" data-id=\"f505f77\" data-element_type=\"widget\" data-widget_type=\"text-editor.default\">\n\t\t\t\t<div class=\"elementor-widget-container\">\n\t\t\t\t\t\t\t\t\t<h4>M\u00e9thode<\/h4><p>Comment r\u00e9aliser une campagne d\u2019e-mailing\u202f?<\/p><p>R\u00e9aliser un emailing c\u2019est envoyer en masse des emails personnalis\u00e9s. Il ne faut pas consid\u00e9rer \u00e0 la l\u00e9g\u00e8re ce type de communication : m\u00e9thode et logiciels sont tr\u00e8s importants pour une d\u00e9marche de qualit\u00e9. La collecte des destinataires est une \u00e9tape primordiale.<\/p><p>Une campagne r\u00e9ussie :<\/p><ul><li>De l\u2019information riche, pertinente, cibl\u00e9e et personnalis\u00e9e<\/li><li>La mise en forme\u00a0: un aspect sobre et d\u00e9clin\u00e9 selon votre charte graphique<\/li><li>Le logiciel Web\u00a0: le pilier de votre campagne<\/li><li>Une m\u00e9thodologie aboutie afin d\u2019accro\u00eetre vos r\u00e9sultats<\/li><li>Un objet (titre) accrocheur, un contenu pertinent et personnalis\u00e9 et une strat\u00e9gie de communication efficace<\/li><\/ul>\t\t\t\t\t\t\t\t<\/div>\n\t\t\t\t<\/div>\n\t\t\t\t<div class=\"elementor-element elementor-element-587f6b3 elementor-widget elementor-widget-spacer\" data-id=\"587f6b3\" data-element_type=\"widget\" data-widget_type=\"spacer.default\">\n\t\t\t\t<div class=\"elementor-widget-container\">\n\t\t\t\t\t\t\t<div class=\"elementor-spacer\">\n\t\t\t<div class=\"elementor-spacer-inner\"><\/div>\n\t\t<\/div>\n\t\t\t\t\t\t<\/div>\n\t\t\t\t<\/div>\n\t\t\t\t<div class=\"elementor-element elementor-element-0bcd182 elementor-widget elementor-widget-text-editor\" data-id=\"0bcd182\" data-element_type=\"widget\" data-widget_type=\"text-editor.default\">\n\t\t\t\t<div class=\"elementor-widget-container\">\n\t\t\t\t\t\t\t\t\t<h4>Conseil<\/h4><p class=\"block-summary__ttl\">Pr\u00e9paration du message\u00a0:<\/p><ul class=\"list\"><li>Conseil pour la r\u00e9daction du message,<\/li><li>Mise en page html de votre message,<\/li><li>Int\u00e9gration d\u2019outils interactifs pour la remont\u00e9e des statistiques (en corr\u00e9lation avec le logiciel utilis\u00e9),<\/li><li>Insertion des zones de personnalisation du message.<\/li><\/ul>\t\t\t\t\t\t\t\t<\/div>\n\t\t\t\t<\/div>\n\t\t\t\t\t<\/div>\n\t\t<\/div>\n\t\t\t\t<div class=\"elementor-column elementor-col-33 elementor-top-column elementor-element elementor-element-f820d19\" data-id=\"f820d19\" data-element_type=\"column\">\n\t\t\t<div class=\"elementor-widget-wrap elementor-element-populated\">\n\t\t\t\t\t\t<div class=\"elementor-element elementor-element-34e1a95 elementor-widget elementor-widget-spacer\" data-id=\"34e1a95\" data-element_type=\"widget\" data-widget_type=\"spacer.default\">\n\t\t\t\t<div class=\"elementor-widget-container\">\n\t\t\t\t\t\t\t<div class=\"elementor-spacer\">\n\t\t\t<div class=\"elementor-spacer-inner\"><\/div>\n\t\t<\/div>\n\t\t\t\t\t\t<\/div>\n\t\t\t\t<\/div>\n\t\t\t\t<div class=\"elementor-element elementor-element-617e74b elementor-widget elementor-widget-heading\" data-id=\"617e74b\" data-element_type=\"widget\" data-widget_type=\"heading.default\">\n\t\t\t\t<div class=\"elementor-widget-container\">\n\t\t\t\t\t<h2 class=\"elementor-heading-title elementor-size-default\">Marketing<\/h2>\t\t\t\t<\/div>\n\t\t\t\t<\/div>\n\t\t\t\t<div class=\"elementor-element elementor-element-f50b3fb elementor-widget-divider--view-line elementor-widget elementor-widget-divider\" data-id=\"f50b3fb\" data-element_type=\"widget\" data-widget_type=\"divider.default\">\n\t\t\t\t<div class=\"elementor-widget-container\">\n\t\t\t\t\t\t\t<div class=\"elementor-divider\">\n\t\t\t<span class=\"elementor-divider-separator\">\n\t\t\t\t\t\t<\/span>\n\t\t<\/div>\n\t\t\t\t\t\t<\/div>\n\t\t\t\t<\/div>\n\t\t\t\t<div class=\"elementor-element elementor-element-b05ce05 elementor-widget elementor-widget-sidebar\" data-id=\"b05ce05\" data-element_type=\"widget\" data-widget_type=\"sidebar.default\">\n\t\t\t\t<div class=\"elementor-widget-container\">\n\t\t\t\t\t<div class=\"menu-marketing-container\"><ul id=\"menu-marketing\" class=\"menu\"><li id=\"menu-item-2385\" class=\"menu-item menu-item-type-post_type menu-item-object-page menu-item-has-children menu-item-2385\"><a href=\"https:\/\/www.aryup.com\/fr\/marketing\">Marketing<\/a>\n<ul class=\"sub-menu\">\n\t<li id=\"menu-item-2386\" class=\"menu-item menu-item-type-post_type menu-item-object-page menu-item-2386\"><a href=\"https:\/\/www.aryup.com\/fr\/marketing\/emailing-newsletter\/audit-delivrabilite\">Audit D\u00e9livrabilit\u00e9<\/a><\/li>\n\t<li id=\"menu-item-2388\" class=\"menu-item menu-item-type-post_type menu-item-object-page menu-item-2388\"><a href=\"https:\/\/www.aryup.com\/fr\/marketing\/emailing-newsletter\/creation-emailing\">Cr\u00e9ation Emailing<\/a><\/li>\n\t<li id=\"menu-item-2387\" class=\"menu-item menu-item-type-post_type menu-item-object-page menu-item-2387\"><a href=\"https:\/\/www.aryup.com\/fr\/marketing\/emailing-newsletter\">Emailing \u2013 Newsletter<\/a><\/li>\n\t<li id=\"menu-item-2389\" class=\"menu-item menu-item-type-post_type menu-item-object-page menu-item-2389\"><a href=\"https:\/\/www.aryup.com\/fr\/gestion-projet\">Gestion de Projet<\/a><\/li>\n\t<li id=\"menu-item-2390\" class=\"menu-item menu-item-type-post_type menu-item-object-page menu-item-2390\"><a href=\"https:\/\/www.aryup.com\/fr\/marketing\/location-de-fichiers-base-de-donnees\">Location de fichiers \u2013 Base de donn\u00e9es<\/a><\/li>\n\t<li id=\"menu-item-2391\" class=\"menu-item menu-item-type-post_type menu-item-object-page menu-item-2391\"><a href=\"https:\/\/www.aryup.com\/fr\/referencement\">R\u00e9f\u00e9rencement<\/a><\/li>\n<\/ul>\n<\/li>\n<\/ul><\/div>\t\t\t\t<\/div>\n\t\t\t\t<\/div>\n\t\t\t\t<div class=\"elementor-element elementor-element-052c70f elementor-widget elementor-widget-sidebar\" data-id=\"052c70f\" data-element_type=\"widget\" data-widget_type=\"sidebar.default\">\n\t\t\t\t<div class=\"elementor-widget-container\">\n\t\t\t\t\t<div class=\"textwidget custom-html-widget\"><div style=\"teXt-align:center\">\r\n<a href=\"https:\/\/www.aryup.com\/fr\/demande-d-information\" class=\"elementor-button-link elementor-button elementor-size-sm widget_button\" role=\"button\"><span class=\"elementor-button-content-wrapper\"><span class=\"elementor-button-text\">CONTACTEZ-NOUS GRATUITEMENT<\/span><\/span><\/a>\r\n\r\n<a href=\"https:\/\/www.aryup.com\/fr\/devis\" class=\"elementor-button-link elementor-button elementor-size-sm widget_button\" role=\"button\"><span class=\"elementor-button-content-wrapper\"><span class=\"elementor-button-text\">DEMANDER NOUS UN DEVIS<\/span><\/span><\/a>\r\n\t\t\r\n<\/div>\r\n<\/div>\t\t\t\t<\/div>\n\t\t\t\t<\/div>\n\t\t\t\t\t<\/div>\n\t\t<\/div>\n\t\t\t\t\t<\/div>\n\t\t<\/section>\n\t\t\t\t<\/div>\n\t\t","protected":false},"excerpt":{"rendered":"<p>Campagnes d&rsquo;Emailing et Email Marketing Les campagnes emailing pour vous aider \u00e0 prospecter et \u00e0 fid\u00e9liser votre client\u00e8le. L\u2019emailing est \u00e0 l\u2019heure actuelle le canal privil\u00e9gi\u00e9 lors d\u2019op\u00e9rations marketing, car il permet de toucher une cible d\u00e9finie, en s\u2019adressant directement \u00e0 elle, et en obtenant un taux de retour plut\u00f4t int\u00e9ressant si l\u2019e-mailing est bien [&hellip;]<\/p>\n","protected":false},"author":1,"featured_media":0,"parent":2315,"menu_order":0,"comment_status":"closed","ping_status":"closed","template":"","meta":{"footnotes":""},"class_list":["post-2325","page","type-page","status-publish","hentry"],"yoast_head":"<!-- This site is optimized with the Yoast SEO plugin v26.9 - https:\/\/yoast.com\/product\/yoast-seo-wordpress\/ -->\n<title>Cr\u00e9ation Emailing - AGENCE WEB PARIS METZ LUXEMBOURG - SITE INTERNET - HEBERGEMENT - MARKETING - WEBDESIGN<\/title>\n<meta name=\"robots\" content=\"index, follow, max-snippet:-1, max-image-preview:large, max-video-preview:-1\" \/>\n<link rel=\"canonical\" href=\"https:\/\/www.aryup.com\/fr\/marketing\/emailing-newsletter\/creation-emailing\" \/>\n<meta property=\"og:locale\" content=\"fr_FR\" \/>\n<meta property=\"og:type\" content=\"article\" \/>\n<meta property=\"og:title\" content=\"Cr\u00e9ation Emailing - AGENCE WEB PARIS METZ LUXEMBOURG - SITE INTERNET - HEBERGEMENT - MARKETING - WEBDESIGN\" \/>\n<meta property=\"og:description\" content=\"Campagnes d&rsquo;Emailing et Email Marketing Les campagnes emailing pour vous aider \u00e0 prospecter et \u00e0 fid\u00e9liser votre client\u00e8le. L\u2019emailing est \u00e0 l\u2019heure actuelle le canal privil\u00e9gi\u00e9 lors d\u2019op\u00e9rations marketing, car il permet de toucher une cible d\u00e9finie, en s\u2019adressant directement \u00e0 elle, et en obtenant un taux de retour plut\u00f4t int\u00e9ressant si l\u2019e-mailing est bien [&hellip;]\" \/>\n<meta property=\"og:url\" content=\"https:\/\/www.aryup.com\/fr\/marketing\/emailing-newsletter\/creation-emailing\" \/>\n<meta property=\"og:site_name\" content=\"AGENCE WEB PARIS METZ LUXEMBOURG - SITE INTERNET - HEBERGEMENT - MARKETING - WEBDESIGN\" \/>\n<meta property=\"article:modified_time\" content=\"2022-03-21T14:05:46+00:00\" \/>\n<meta property=\"og:image\" content=\"https:\/\/www.aryup.com\/fr\/wp-content\/uploads\/2022\/01\/favicon-aryup-192.png\" \/>\n\t<meta property=\"og:image:width\" content=\"192\" \/>\n\t<meta property=\"og:image:height\" content=\"192\" \/>\n\t<meta property=\"og:image:type\" content=\"image\/png\" \/>\n<meta name=\"twitter:card\" content=\"summary_large_image\" \/>\n<meta name=\"twitter:label1\" content=\"Dur\u00e9e de lecture estim\u00e9e\" \/>\n\t<meta name=\"twitter:data1\" content=\"2 minutes\" \/>\n<script type=\"application\/ld+json\" class=\"yoast-schema-graph\">{\"@context\":\"https:\/\/schema.org\",\"@graph\":[{\"@type\":\"WebPage\",\"@id\":\"https:\/\/www.aryup.com\/fr\/marketing\/emailing-newsletter\/creation-emailing\",\"url\":\"https:\/\/www.aryup.com\/fr\/marketing\/emailing-newsletter\/creation-emailing\",\"name\":\"Cr\u00e9ation Emailing - AGENCE WEB PARIS METZ LUXEMBOURG - SITE INTERNET - HEBERGEMENT - MARKETING - WEBDESIGN\",\"isPartOf\":{\"@id\":\"https:\/\/www.aryup.com\/fr\/#website\"},\"datePublished\":\"2022-03-21T09:18:00+00:00\",\"dateModified\":\"2022-03-21T14:05:46+00:00\",\"breadcrumb\":{\"@id\":\"https:\/\/www.aryup.com\/fr\/marketing\/emailing-newsletter\/creation-emailing#breadcrumb\"},\"inLanguage\":\"fr-FR\",\"potentialAction\":[{\"@type\":\"ReadAction\",\"target\":[\"https:\/\/www.aryup.com\/fr\/marketing\/emailing-newsletter\/creation-emailing\"]}]},{\"@type\":\"BreadcrumbList\",\"@id\":\"https:\/\/www.aryup.com\/fr\/marketing\/emailing-newsletter\/creation-emailing#breadcrumb\",\"itemListElement\":[{\"@type\":\"ListItem\",\"position\":1,\"name\":\"Accueil\",\"item\":\"https:\/\/www.aryup.com\/fr\/\"},{\"@type\":\"ListItem\",\"position\":2,\"name\":\"Marketing\",\"item\":\"https:\/\/www.aryup.com\/fr\/marketing\"},{\"@type\":\"ListItem\",\"position\":3,\"name\":\"Emailing \u2013 Newsletter\",\"item\":\"https:\/\/www.aryup.com\/fr\/marketing\/emailing-newsletter\"},{\"@type\":\"ListItem\",\"position\":4,\"name\":\"Cr\u00e9ation Emailing\"}]},{\"@type\":\"WebSite\",\"@id\":\"https:\/\/www.aryup.com\/fr\/#website\",\"url\":\"https:\/\/www.aryup.com\/fr\/\",\"name\":\"AGENCE WEB PARIS METZ LUXEMBOURG - SITE INTERNET - HEBERGEMENT - MARKETING - WEBDESIGN\",\"description\":\"Internationaliser votre site Internet - Cr\u00e9ation de sites internet pour les entreprises et particuliers. Nos services: conception, CMS, h\u00e9b\u00e9rgement, r\u00e9f\u00e9rencement SEO\/SEA, nom de domaine, emailing, maintenance et support.\",\"publisher\":{\"@id\":\"https:\/\/www.aryup.com\/fr\/#organization\"},\"potentialAction\":[{\"@type\":\"SearchAction\",\"target\":{\"@type\":\"EntryPoint\",\"urlTemplate\":\"https:\/\/www.aryup.com\/fr\/?s={search_term_string}\"},\"query-input\":{\"@type\":\"PropertyValueSpecification\",\"valueRequired\":true,\"valueName\":\"search_term_string\"}}],\"inLanguage\":\"fr-FR\"},{\"@type\":\"Organization\",\"@id\":\"https:\/\/www.aryup.com\/fr\/#organization\",\"name\":\"Aryup\",\"url\":\"https:\/\/www.aryup.com\/fr\/\",\"logo\":{\"@type\":\"ImageObject\",\"inLanguage\":\"fr-FR\",\"@id\":\"https:\/\/www.aryup.com\/fr\/#\/schema\/logo\/image\/\",\"url\":\"https:\/\/www.aryup.com\/fr\/wp-content\/uploads\/2022\/01\/favicon-aryup-192.png\",\"contentUrl\":\"https:\/\/www.aryup.com\/fr\/wp-content\/uploads\/2022\/01\/favicon-aryup-192.png\",\"width\":192,\"height\":192,\"caption\":\"Aryup\"},\"image\":{\"@id\":\"https:\/\/www.aryup.com\/fr\/#\/schema\/logo\/image\/\"}}]}<\/script>\n<!-- \/ Yoast SEO plugin. -->","yoast_head_json":{"title":"Cr\u00e9ation Emailing - AGENCE WEB PARIS METZ LUXEMBOURG - SITE INTERNET - HEBERGEMENT - MARKETING - WEBDESIGN","robots":{"index":"index","follow":"follow","max-snippet":"max-snippet:-1","max-image-preview":"max-image-preview:large","max-video-preview":"max-video-preview:-1"},"canonical":"https:\/\/www.aryup.com\/fr\/marketing\/emailing-newsletter\/creation-emailing","og_locale":"fr_FR","og_type":"article","og_title":"Cr\u00e9ation Emailing - AGENCE WEB PARIS METZ LUXEMBOURG - SITE INTERNET - HEBERGEMENT - MARKETING - WEBDESIGN","og_description":"Campagnes d&rsquo;Emailing et Email Marketing Les campagnes emailing pour vous aider \u00e0 prospecter et \u00e0 fid\u00e9liser votre client\u00e8le. L\u2019emailing est \u00e0 l\u2019heure actuelle le canal privil\u00e9gi\u00e9 lors d\u2019op\u00e9rations marketing, car il permet de toucher une cible d\u00e9finie, en s\u2019adressant directement \u00e0 elle, et en obtenant un taux de retour plut\u00f4t int\u00e9ressant si l\u2019e-mailing est bien [&hellip;]","og_url":"https:\/\/www.aryup.com\/fr\/marketing\/emailing-newsletter\/creation-emailing","og_site_name":"AGENCE WEB PARIS METZ LUXEMBOURG - SITE INTERNET - HEBERGEMENT - MARKETING - WEBDESIGN","article_modified_time":"2022-03-21T14:05:46+00:00","og_image":[{"width":192,"height":192,"url":"https:\/\/www.aryup.com\/fr\/wp-content\/uploads\/2022\/01\/favicon-aryup-192.png","type":"image\/png"}],"twitter_card":"summary_large_image","twitter_misc":{"Dur\u00e9e de lecture estim\u00e9e":"2 minutes"},"schema":{"@context":"https:\/\/schema.org","@graph":[{"@type":"WebPage","@id":"https:\/\/www.aryup.com\/fr\/marketing\/emailing-newsletter\/creation-emailing","url":"https:\/\/www.aryup.com\/fr\/marketing\/emailing-newsletter\/creation-emailing","name":"Cr\u00e9ation Emailing - AGENCE WEB PARIS METZ LUXEMBOURG - SITE INTERNET - HEBERGEMENT - MARKETING - WEBDESIGN","isPartOf":{"@id":"https:\/\/www.aryup.com\/fr\/#website"},"datePublished":"2022-03-21T09:18:00+00:00","dateModified":"2022-03-21T14:05:46+00:00","breadcrumb":{"@id":"https:\/\/www.aryup.com\/fr\/marketing\/emailing-newsletter\/creation-emailing#breadcrumb"},"inLanguage":"fr-FR","potentialAction":[{"@type":"ReadAction","target":["https:\/\/www.aryup.com\/fr\/marketing\/emailing-newsletter\/creation-emailing"]}]},{"@type":"BreadcrumbList","@id":"https:\/\/www.aryup.com\/fr\/marketing\/emailing-newsletter\/creation-emailing#breadcrumb","itemListElement":[{"@type":"ListItem","position":1,"name":"Accueil","item":"https:\/\/www.aryup.com\/fr\/"},{"@type":"ListItem","position":2,"name":"Marketing","item":"https:\/\/www.aryup.com\/fr\/marketing"},{"@type":"ListItem","position":3,"name":"Emailing \u2013 Newsletter","item":"https:\/\/www.aryup.com\/fr\/marketing\/emailing-newsletter"},{"@type":"ListItem","position":4,"name":"Cr\u00e9ation Emailing"}]},{"@type":"WebSite","@id":"https:\/\/www.aryup.com\/fr\/#website","url":"https:\/\/www.aryup.com\/fr\/","name":"AGENCE WEB PARIS METZ LUXEMBOURG - SITE INTERNET - HEBERGEMENT - MARKETING - WEBDESIGN","description":"Internationaliser votre site Internet - Cr\u00e9ation de sites internet pour les entreprises et particuliers. Nos services: conception, CMS, h\u00e9b\u00e9rgement, r\u00e9f\u00e9rencement SEO\/SEA, nom de domaine, emailing, maintenance et support.","publisher":{"@id":"https:\/\/www.aryup.com\/fr\/#organization"},"potentialAction":[{"@type":"SearchAction","target":{"@type":"EntryPoint","urlTemplate":"https:\/\/www.aryup.com\/fr\/?s={search_term_string}"},"query-input":{"@type":"PropertyValueSpecification","valueRequired":true,"valueName":"search_term_string"}}],"inLanguage":"fr-FR"},{"@type":"Organization","@id":"https:\/\/www.aryup.com\/fr\/#organization","name":"Aryup","url":"https:\/\/www.aryup.com\/fr\/","logo":{"@type":"ImageObject","inLanguage":"fr-FR","@id":"https:\/\/www.aryup.com\/fr\/#\/schema\/logo\/image\/","url":"https:\/\/www.aryup.com\/fr\/wp-content\/uploads\/2022\/01\/favicon-aryup-192.png","contentUrl":"https:\/\/www.aryup.com\/fr\/wp-content\/uploads\/2022\/01\/favicon-aryup-192.png","width":192,"height":192,"caption":"Aryup"},"image":{"@id":"https:\/\/www.aryup.com\/fr\/#\/schema\/logo\/image\/"}}]}},"_links":{"self":[{"href":"https:\/\/www.aryup.com\/fr\/wp-json\/wp\/v2\/pages\/2325","targetHints":{"allow":["GET"]}}],"collection":[{"href":"https:\/\/www.aryup.com\/fr\/wp-json\/wp\/v2\/pages"}],"about":[{"href":"https:\/\/www.aryup.com\/fr\/wp-json\/wp\/v2\/types\/page"}],"author":[{"embeddable":true,"href":"https:\/\/www.aryup.com\/fr\/wp-json\/wp\/v2\/users\/1"}],"replies":[{"embeddable":true,"href":"https:\/\/www.aryup.com\/fr\/wp-json\/wp\/v2\/comments?post=2325"}],"version-history":[{"count":7,"href":"https:\/\/www.aryup.com\/fr\/wp-json\/wp\/v2\/pages\/2325\/revisions"}],"predecessor-version":[{"id":2403,"href":"https:\/\/www.aryup.com\/fr\/wp-json\/wp\/v2\/pages\/2325\/revisions\/2403"}],"up":[{"embeddable":true,"href":"https:\/\/www.aryup.com\/fr\/wp-json\/wp\/v2\/pages\/2315"}],"wp:attachment":[{"href":"https:\/\/www.aryup.com\/fr\/wp-json\/wp\/v2\/media?parent=2325"}],"curies":[{"name":"wp","href":"https:\/\/api.w.org\/{rel}","templated":true}]}}