{"id":2315,"date":"2022-03-21T10:04:13","date_gmt":"2022-03-21T09:04:13","guid":{"rendered":"https:\/\/www.aryup.com\/fr\/?page_id=2315"},"modified":"2022-03-21T15:08:21","modified_gmt":"2022-03-21T14:08:21","slug":"emailing-newsletter","status":"publish","type":"page","link":"https:\/\/www.aryup.com\/fr\/marketing\/emailing-newsletter","title":{"rendered":"Emailing \u2013 Newsletter"},"content":{"rendered":"\t\t<div data-elementor-type=\"wp-page\" data-elementor-id=\"2315\" class=\"elementor elementor-2315\">\n\t\t\t\t\t\t<section class=\"elementor-section elementor-top-section elementor-element elementor-element-a917b82 elementor-section-boxed elementor-section-height-default elementor-section-height-default\" data-id=\"a917b82\" data-element_type=\"section\">\n\t\t\t\t\t\t<div class=\"elementor-container elementor-column-gap-default\">\n\t\t\t\t\t<div class=\"elementor-column elementor-col-66 elementor-top-column elementor-element elementor-element-a615df0\" data-id=\"a615df0\" data-element_type=\"column\">\n\t\t\t<div class=\"elementor-widget-wrap elementor-element-populated\">\n\t\t\t\t\t\t<div class=\"elementor-element elementor-element-d0569c2 elementor-widget elementor-widget-spacer\" data-id=\"d0569c2\" data-element_type=\"widget\" data-widget_type=\"spacer.default\">\n\t\t\t\t<div class=\"elementor-widget-container\">\n\t\t\t\t\t\t\t<div class=\"elementor-spacer\">\n\t\t\t<div class=\"elementor-spacer-inner\"><\/div>\n\t\t<\/div>\n\t\t\t\t\t\t<\/div>\n\t\t\t\t<\/div>\n\t\t\t\t<div class=\"elementor-element elementor-element-0280f67 elementor-widget elementor-widget-text-editor\" data-id=\"0280f67\" data-element_type=\"widget\" data-widget_type=\"text-editor.default\">\n\t\t\t\t<div class=\"elementor-widget-container\">\n\t\t\t\t\t\t\t\t\t<h4>Comment passer les filtres antispam, optimiser ses relances ou \u00e9viter de surcharger ses destinataires ?<\/h4>\nOc2x\/Aryup est une agence professionnels de l&rsquo;e-marketing et nous pouvons vous aider\u2026\t\t\t\t\t\t\t\t<\/div>\n\t\t\t\t<\/div>\n\t\t\t\t<div class=\"elementor-element elementor-element-c5fd695 elementor-widget elementor-widget-spacer\" data-id=\"c5fd695\" data-element_type=\"widget\" data-widget_type=\"spacer.default\">\n\t\t\t\t<div class=\"elementor-widget-container\">\n\t\t\t\t\t\t\t<div class=\"elementor-spacer\">\n\t\t\t<div class=\"elementor-spacer-inner\"><\/div>\n\t\t<\/div>\n\t\t\t\t\t\t<\/div>\n\t\t\t\t<\/div>\n\t\t\t\t<div class=\"elementor-element elementor-element-01fce4a elementor-widget elementor-widget-heading\" data-id=\"01fce4a\" data-element_type=\"widget\" data-widget_type=\"heading.default\">\n\t\t\t\t<div class=\"elementor-widget-container\">\n\t\t\t\t\t<h2 class=\"elementor-heading-title elementor-size-default\">Agence Conseil & Strat\u00e9gie<\/h2>\t\t\t\t<\/div>\n\t\t\t\t<\/div>\n\t\t\t\t<div class=\"elementor-element elementor-element-5fc917f elementor-widget-divider--view-line elementor-widget elementor-widget-divider\" data-id=\"5fc917f\" data-element_type=\"widget\" data-widget_type=\"divider.default\">\n\t\t\t\t<div class=\"elementor-widget-container\">\n\t\t\t\t\t\t\t<div class=\"elementor-divider\">\n\t\t\t<span class=\"elementor-divider-separator\">\n\t\t\t\t\t\t<\/span>\n\t\t<\/div>\n\t\t\t\t\t\t<\/div>\n\t\t\t\t<\/div>\n\t\t\t\t<div class=\"elementor-element elementor-element-ca8dbaa elementor-widget elementor-widget-text-editor\" data-id=\"ca8dbaa\" data-element_type=\"widget\" data-widget_type=\"text-editor.default\">\n\t\t\t\t<div class=\"elementor-widget-container\">\n\t\t\t\t\t\t\t\t\t<ul><li>Un seul interlocuteur pour toute votre communication on-line.<\/li><li>Des experts en emailing et webmarketing sont disponibles pour vous conseiller dans votre communication on\/off line.<\/li><li>En amont de votre campagne, notre conseil marketing vous aidera \u00e0 d\u00e9finir une strat\u00e9gie, des objectifs et des moyens.<\/li><\/ul><ol style=\"list-style: none;\"><li><i class=\"fa fa-arrow-circle-right\" style=\"color: #f6931d;\" aria-hidden=\"true\"><\/i> Qu&rsquo;elle strat\u00e9gie emailing adopter ?<\/li><li><i class=\"fa fa-arrow-circle-right\" style=\"color: #f6931d;\" aria-hidden=\"true\"><\/i> Conqu\u00e9rir des prospects<\/li><li><i class=\"fa fa-arrow-circle-right\" style=\"color: #f6931d;\" aria-hidden=\"true\"><\/i> Fid\u00e9liser les clients<\/li><li><i class=\"fa fa-arrow-circle-right\" style=\"color: #f6931d;\" aria-hidden=\"true\"><\/i> Augmenter les ventes (en valeur ou en volume)<\/li><li><i class=\"fa fa-arrow-circle-right\" style=\"color: #f6931d;\" aria-hidden=\"true\"><\/i> G\u00e9rer les bases de contacts,\u2026<\/li><li><i class=\"fa fa-arrow-circle-right\" style=\"color: #f6931d;\" aria-hidden=\"true\"><\/i> Quels sont les objectifs possibles en r\u00e9ponse \u00e0 la strat\u00e9gie d\u00e9finie ?<\/li><li><i class=\"fa fa-arrow-circle-right\" style=\"color: #f6931d;\" aria-hidden=\"true\"><\/i> Contacter X prospects<\/li><li><i class=\"fa fa-arrow-circle-right\" style=\"color: #f6931d;\" aria-hidden=\"true\"><\/i> Augmenter les ventes de services associ\u00e9s (X %)<\/li><li><i class=\"fa fa-arrow-circle-right\" style=\"color: #f6931d;\" aria-hidden=\"true\"><\/i> Augmenter le panier moyen (X%)<\/li><li><i class=\"fa fa-arrow-circle-right\" style=\"color: #f6931d;\" aria-hidden=\"true\"><\/i> Mettre \u00e0 jour les bases<\/li><li><i class=\"fa fa-arrow-circle-right\" style=\"color: #f6931d;\" aria-hidden=\"true\"><\/i> Qualifier les bases pour de futurs envois cibl\u00e9s,\u2026<\/li><li><i class=\"fa fa-arrow-circle-right\" style=\"color: #f6931d;\" aria-hidden=\"true\"><\/i> Quels sont les moyens adapt\u00e9s aux objectifs ?<\/li><li><i class=\"fa fa-arrow-circle-right\" style=\"color: #f6931d;\" aria-hidden=\"true\"><\/i> Op\u00e9ration de fid\u00e9lisation : mise en place d&rsquo;une newsletter, nouvelle charte graphique,\u2026<\/li><li><i class=\"fa fa-arrow-circle-right\" style=\"color: #f6931d;\" aria-hidden=\"true\"><\/i> Op\u00e9ration de conqu\u00eate : location de base et invitation \u00e0 un s\u00e9minaire,\u2026<\/li><li><i class=\"fa fa-arrow-circle-right\" style=\"color: #f6931d;\" aria-hidden=\"true\"><\/i> Am\u00e9lioration des produits et services : enqu\u00eates et sondages,\u2026<\/li><li><i class=\"fa fa-arrow-circle-right\" style=\"color: #f6931d;\" aria-hidden=\"true\"><\/i> Augmentation des ventes : emailing ponctuel d&rsquo;information produits, tarifs,\u2026<\/li><li><i class=\"fa fa-arrow-circle-right\" style=\"color: #f6931d;\" aria-hidden=\"true\"><\/i> Voici quelques exemples d&rsquo;op\u00e9rations mises en place pour nos clients :<\/li><li><i class=\"fa fa-arrow-circle-right\" style=\"color: #f6931d;\" aria-hidden=\"true\"><\/i> Collecte de fichiers par le biais d&rsquo;un centre d&rsquo;appel et gestion de la base,<\/li><li><i class=\"fa fa-arrow-circle-right\" style=\"color: #f6931d;\" aria-hidden=\"true\"><\/i> Mise en place de jeux-concours (d\u00e9p\u00f4t chez huissier, achat d&rsquo;espaces pour g\u00e9n\u00e9rer du trafic, conception de mini-site,..)<\/li><li><i class=\"fa fa-arrow-circle-right\" style=\"color: #f6931d;\" aria-hidden=\"true\"><\/i> Gestion compl\u00e8te d&rsquo;\u00e9v\u00e8nements : d\u00e9finition de l&rsquo;op\u00e9ration (petit-d\u00e9jeuner, s\u00e9minaire, colloque), invitations par email, relances t\u00e9l\u00e9phoniques,\u2026<\/li><\/ol><p>\u00a0<\/p>\t\t\t\t\t\t\t\t<\/div>\n\t\t\t\t<\/div>\n\t\t\t\t<div class=\"elementor-element elementor-element-bf7f58e elementor-widget elementor-widget-text-editor\" data-id=\"bf7f58e\" data-element_type=\"widget\" data-widget_type=\"text-editor.default\">\n\t\t\t\t<div class=\"elementor-widget-container\">\n\t\t\t\t\t\t\t\t\t<h4 style=\"font-style: italic;\">N&rsquo;h\u00e9sitez pas \u00e0 contacter nos chefs de projets qui vous guideront dans les diff\u00e9rentes \u00e9tapes de votre campagne par email.<\/h4><p style=\"text-align: center;\">Visitez notre site d\u00e9di\u00e9 \u00e0 l&#8217;emailing : <a href=\"https:\/\/www.oc2x.com\">www.oc2x.com<\/a><\/p>\t\t\t\t\t\t\t\t<\/div>\n\t\t\t\t<\/div>\n\t\t\t\t\t<\/div>\n\t\t<\/div>\n\t\t\t\t<div class=\"elementor-column elementor-col-33 elementor-top-column elementor-element elementor-element-5d9e64a\" data-id=\"5d9e64a\" data-element_type=\"column\">\n\t\t\t<div class=\"elementor-widget-wrap elementor-element-populated\">\n\t\t\t\t\t\t<div class=\"elementor-element elementor-element-dd882dc elementor-widget elementor-widget-spacer\" data-id=\"dd882dc\" data-element_type=\"widget\" data-widget_type=\"spacer.default\">\n\t\t\t\t<div class=\"elementor-widget-container\">\n\t\t\t\t\t\t\t<div class=\"elementor-spacer\">\n\t\t\t<div class=\"elementor-spacer-inner\"><\/div>\n\t\t<\/div>\n\t\t\t\t\t\t<\/div>\n\t\t\t\t<\/div>\n\t\t\t\t<div class=\"elementor-element elementor-element-85edfa8 elementor-widget elementor-widget-heading\" data-id=\"85edfa8\" data-element_type=\"widget\" data-widget_type=\"heading.default\">\n\t\t\t\t<div class=\"elementor-widget-container\">\n\t\t\t\t\t<h2 class=\"elementor-heading-title elementor-size-default\">Marketing\n<\/h2>\t\t\t\t<\/div>\n\t\t\t\t<\/div>\n\t\t\t\t<div class=\"elementor-element elementor-element-0ec6815 elementor-widget-divider--view-line elementor-widget elementor-widget-divider\" data-id=\"0ec6815\" data-element_type=\"widget\" data-widget_type=\"divider.default\">\n\t\t\t\t<div class=\"elementor-widget-container\">\n\t\t\t\t\t\t\t<div class=\"elementor-divider\">\n\t\t\t<span class=\"elementor-divider-separator\">\n\t\t\t\t\t\t<\/span>\n\t\t<\/div>\n\t\t\t\t\t\t<\/div>\n\t\t\t\t<\/div>\n\t\t\t\t<div class=\"elementor-element elementor-element-d823400 elementor-widget elementor-widget-sidebar\" data-id=\"d823400\" data-element_type=\"widget\" data-widget_type=\"sidebar.default\">\n\t\t\t\t<div class=\"elementor-widget-container\">\n\t\t\t\t\t<div class=\"menu-marketing-container\"><ul id=\"menu-marketing\" class=\"menu\"><li id=\"menu-item-2385\" class=\"menu-item menu-item-type-post_type menu-item-object-page menu-item-has-children menu-item-2385\"><a href=\"https:\/\/www.aryup.com\/fr\/marketing\">Marketing<\/a>\n<ul class=\"sub-menu\">\n\t<li id=\"menu-item-2386\" class=\"menu-item menu-item-type-post_type menu-item-object-page menu-item-2386\"><a href=\"https:\/\/www.aryup.com\/fr\/marketing\/emailing-newsletter\/audit-delivrabilite\">Audit D\u00e9livrabilit\u00e9<\/a><\/li>\n\t<li id=\"menu-item-2388\" class=\"menu-item menu-item-type-post_type menu-item-object-page menu-item-2388\"><a href=\"https:\/\/www.aryup.com\/fr\/marketing\/emailing-newsletter\/creation-emailing\">Cr\u00e9ation Emailing<\/a><\/li>\n\t<li id=\"menu-item-2387\" class=\"menu-item menu-item-type-post_type menu-item-object-page menu-item-2387\"><a href=\"https:\/\/www.aryup.com\/fr\/marketing\/emailing-newsletter\">Emailing \u2013 Newsletter<\/a><\/li>\n\t<li id=\"menu-item-2389\" class=\"menu-item menu-item-type-post_type menu-item-object-page menu-item-2389\"><a href=\"https:\/\/www.aryup.com\/fr\/gestion-projet\">Gestion de Projet<\/a><\/li>\n\t<li id=\"menu-item-2390\" class=\"menu-item menu-item-type-post_type menu-item-object-page menu-item-2390\"><a href=\"https:\/\/www.aryup.com\/fr\/marketing\/location-de-fichiers-base-de-donnees\">Location de fichiers \u2013 Base de donn\u00e9es<\/a><\/li>\n\t<li id=\"menu-item-2391\" class=\"menu-item menu-item-type-post_type menu-item-object-page menu-item-2391\"><a href=\"https:\/\/www.aryup.com\/fr\/referencement\">R\u00e9f\u00e9rencement<\/a><\/li>\n<\/ul>\n<\/li>\n<\/ul><\/div>\t\t\t\t<\/div>\n\t\t\t\t<\/div>\n\t\t\t\t<div class=\"elementor-element elementor-element-faf9103 elementor-widget elementor-widget-sidebar\" data-id=\"faf9103\" data-element_type=\"widget\" data-widget_type=\"sidebar.default\">\n\t\t\t\t<div class=\"elementor-widget-container\">\n\t\t\t\t\t<div class=\"textwidget custom-html-widget\"><div style=\"teXt-align:center\">\r\n<a href=\"https:\/\/www.aryup.com\/fr\/demande-d-information\" class=\"elementor-button-link elementor-button elementor-size-sm widget_button\" role=\"button\"><span class=\"elementor-button-content-wrapper\"><span class=\"elementor-button-text\">CONTACTEZ-NOUS GRATUITEMENT<\/span><\/span><\/a>\r\n\r\n<a href=\"https:\/\/www.aryup.com\/fr\/devis\" class=\"elementor-button-link elementor-button elementor-size-sm widget_button\" role=\"button\"><span class=\"elementor-button-content-wrapper\"><span class=\"elementor-button-text\">DEMANDER NOUS UN DEVIS<\/span><\/span><\/a>\r\n\t\t\r\n<\/div>\r\n<\/div>\t\t\t\t<\/div>\n\t\t\t\t<\/div>\n\t\t\t\t\t<\/div>\n\t\t<\/div>\n\t\t\t\t\t<\/div>\n\t\t<\/section>\n\t\t\t\t<\/div>\n\t\t","protected":false},"excerpt":{"rendered":"<p>Comment passer les filtres antispam, optimiser ses relances ou \u00e9viter de surcharger ses destinataires ? Oc2x\/Aryup est une agence professionnels de l&rsquo;e-marketing et nous pouvons vous aider\u2026 Agence Conseil &#038; Strat\u00e9gie Un seul interlocuteur pour toute votre communication on-line. Des experts en emailing et webmarketing sont disponibles pour vous conseiller dans votre communication on\/off line. [&hellip;]<\/p>\n","protected":false},"author":1,"featured_media":0,"parent":744,"menu_order":0,"comment_status":"closed","ping_status":"closed","template":"","meta":{"footnotes":""},"class_list":["post-2315","page","type-page","status-publish","hentry"],"yoast_head":"<!-- This site is optimized with the Yoast SEO plugin v26.9 - https:\/\/yoast.com\/product\/yoast-seo-wordpress\/ -->\n<title>Emailing \u2013 Newsletter - AGENCE WEB PARIS METZ LUXEMBOURG - SITE INTERNET - HEBERGEMENT - MARKETING - WEBDESIGN<\/title>\n<meta name=\"robots\" content=\"index, follow, max-snippet:-1, max-image-preview:large, max-video-preview:-1\" \/>\n<link rel=\"canonical\" href=\"https:\/\/www.aryup.com\/fr\/marketing\/emailing-newsletter\" \/>\n<meta property=\"og:locale\" content=\"fr_FR\" \/>\n<meta property=\"og:type\" content=\"article\" \/>\n<meta property=\"og:title\" content=\"Emailing \u2013 Newsletter - AGENCE WEB PARIS METZ LUXEMBOURG - SITE INTERNET - HEBERGEMENT - MARKETING - WEBDESIGN\" \/>\n<meta property=\"og:description\" content=\"Comment passer les filtres antispam, optimiser ses relances ou \u00e9viter de surcharger ses destinataires ? Oc2x\/Aryup est une agence professionnels de l&rsquo;e-marketing et nous pouvons vous aider\u2026 Agence Conseil &#038; Strat\u00e9gie Un seul interlocuteur pour toute votre communication on-line. Des experts en emailing et webmarketing sont disponibles pour vous conseiller dans votre communication on\/off line. [&hellip;]\" \/>\n<meta property=\"og:url\" content=\"https:\/\/www.aryup.com\/fr\/marketing\/emailing-newsletter\" \/>\n<meta property=\"og:site_name\" content=\"AGENCE WEB PARIS METZ LUXEMBOURG - SITE INTERNET - HEBERGEMENT - MARKETING - WEBDESIGN\" \/>\n<meta property=\"article:modified_time\" content=\"2022-03-21T14:08:21+00:00\" \/>\n<meta property=\"og:image\" content=\"https:\/\/www.aryup.com\/fr\/wp-content\/uploads\/2022\/01\/favicon-aryup-192.png\" \/>\n\t<meta property=\"og:image:width\" content=\"192\" \/>\n\t<meta property=\"og:image:height\" content=\"192\" \/>\n\t<meta property=\"og:image:type\" content=\"image\/png\" \/>\n<meta name=\"twitter:card\" content=\"summary_large_image\" \/>\n<meta name=\"twitter:label1\" content=\"Dur\u00e9e de lecture estim\u00e9e\" \/>\n\t<meta name=\"twitter:data1\" content=\"1 minute\" \/>\n<script type=\"application\/ld+json\" class=\"yoast-schema-graph\">{\"@context\":\"https:\/\/schema.org\",\"@graph\":[{\"@type\":\"WebPage\",\"@id\":\"https:\/\/www.aryup.com\/fr\/marketing\/emailing-newsletter\",\"url\":\"https:\/\/www.aryup.com\/fr\/marketing\/emailing-newsletter\",\"name\":\"Emailing \u2013 Newsletter - AGENCE WEB PARIS METZ LUXEMBOURG - SITE INTERNET - HEBERGEMENT - MARKETING - WEBDESIGN\",\"isPartOf\":{\"@id\":\"https:\/\/www.aryup.com\/fr\/#website\"},\"datePublished\":\"2022-03-21T09:04:13+00:00\",\"dateModified\":\"2022-03-21T14:08:21+00:00\",\"breadcrumb\":{\"@id\":\"https:\/\/www.aryup.com\/fr\/marketing\/emailing-newsletter#breadcrumb\"},\"inLanguage\":\"fr-FR\",\"potentialAction\":[{\"@type\":\"ReadAction\",\"target\":[\"https:\/\/www.aryup.com\/fr\/marketing\/emailing-newsletter\"]}]},{\"@type\":\"BreadcrumbList\",\"@id\":\"https:\/\/www.aryup.com\/fr\/marketing\/emailing-newsletter#breadcrumb\",\"itemListElement\":[{\"@type\":\"ListItem\",\"position\":1,\"name\":\"Accueil\",\"item\":\"https:\/\/www.aryup.com\/fr\/\"},{\"@type\":\"ListItem\",\"position\":2,\"name\":\"Marketing\",\"item\":\"https:\/\/www.aryup.com\/fr\/marketing\"},{\"@type\":\"ListItem\",\"position\":3,\"name\":\"Emailing \u2013 Newsletter\"}]},{\"@type\":\"WebSite\",\"@id\":\"https:\/\/www.aryup.com\/fr\/#website\",\"url\":\"https:\/\/www.aryup.com\/fr\/\",\"name\":\"AGENCE WEB PARIS METZ LUXEMBOURG - SITE INTERNET - HEBERGEMENT - MARKETING - WEBDESIGN\",\"description\":\"Internationaliser votre site Internet - Cr\u00e9ation de sites internet pour les entreprises et particuliers. Nos services: conception, CMS, h\u00e9b\u00e9rgement, r\u00e9f\u00e9rencement SEO\/SEA, nom de domaine, emailing, maintenance et support.\",\"publisher\":{\"@id\":\"https:\/\/www.aryup.com\/fr\/#organization\"},\"potentialAction\":[{\"@type\":\"SearchAction\",\"target\":{\"@type\":\"EntryPoint\",\"urlTemplate\":\"https:\/\/www.aryup.com\/fr\/?s={search_term_string}\"},\"query-input\":{\"@type\":\"PropertyValueSpecification\",\"valueRequired\":true,\"valueName\":\"search_term_string\"}}],\"inLanguage\":\"fr-FR\"},{\"@type\":\"Organization\",\"@id\":\"https:\/\/www.aryup.com\/fr\/#organization\",\"name\":\"Aryup\",\"url\":\"https:\/\/www.aryup.com\/fr\/\",\"logo\":{\"@type\":\"ImageObject\",\"inLanguage\":\"fr-FR\",\"@id\":\"https:\/\/www.aryup.com\/fr\/#\/schema\/logo\/image\/\",\"url\":\"https:\/\/www.aryup.com\/fr\/wp-content\/uploads\/2022\/01\/favicon-aryup-192.png\",\"contentUrl\":\"https:\/\/www.aryup.com\/fr\/wp-content\/uploads\/2022\/01\/favicon-aryup-192.png\",\"width\":192,\"height\":192,\"caption\":\"Aryup\"},\"image\":{\"@id\":\"https:\/\/www.aryup.com\/fr\/#\/schema\/logo\/image\/\"}}]}<\/script>\n<!-- \/ Yoast SEO plugin. -->","yoast_head_json":{"title":"Emailing \u2013 Newsletter - AGENCE WEB PARIS METZ LUXEMBOURG - SITE INTERNET - HEBERGEMENT - MARKETING - WEBDESIGN","robots":{"index":"index","follow":"follow","max-snippet":"max-snippet:-1","max-image-preview":"max-image-preview:large","max-video-preview":"max-video-preview:-1"},"canonical":"https:\/\/www.aryup.com\/fr\/marketing\/emailing-newsletter","og_locale":"fr_FR","og_type":"article","og_title":"Emailing \u2013 Newsletter - AGENCE WEB PARIS METZ LUXEMBOURG - SITE INTERNET - HEBERGEMENT - MARKETING - WEBDESIGN","og_description":"Comment passer les filtres antispam, optimiser ses relances ou \u00e9viter de surcharger ses destinataires ? Oc2x\/Aryup est une agence professionnels de l&rsquo;e-marketing et nous pouvons vous aider\u2026 Agence Conseil &#038; Strat\u00e9gie Un seul interlocuteur pour toute votre communication on-line. Des experts en emailing et webmarketing sont disponibles pour vous conseiller dans votre communication on\/off line. [&hellip;]","og_url":"https:\/\/www.aryup.com\/fr\/marketing\/emailing-newsletter","og_site_name":"AGENCE WEB PARIS METZ LUXEMBOURG - SITE INTERNET - HEBERGEMENT - MARKETING - WEBDESIGN","article_modified_time":"2022-03-21T14:08:21+00:00","og_image":[{"width":192,"height":192,"url":"https:\/\/www.aryup.com\/fr\/wp-content\/uploads\/2022\/01\/favicon-aryup-192.png","type":"image\/png"}],"twitter_card":"summary_large_image","twitter_misc":{"Dur\u00e9e de lecture estim\u00e9e":"1 minute"},"schema":{"@context":"https:\/\/schema.org","@graph":[{"@type":"WebPage","@id":"https:\/\/www.aryup.com\/fr\/marketing\/emailing-newsletter","url":"https:\/\/www.aryup.com\/fr\/marketing\/emailing-newsletter","name":"Emailing \u2013 Newsletter - AGENCE WEB PARIS METZ LUXEMBOURG - SITE INTERNET - HEBERGEMENT - MARKETING - WEBDESIGN","isPartOf":{"@id":"https:\/\/www.aryup.com\/fr\/#website"},"datePublished":"2022-03-21T09:04:13+00:00","dateModified":"2022-03-21T14:08:21+00:00","breadcrumb":{"@id":"https:\/\/www.aryup.com\/fr\/marketing\/emailing-newsletter#breadcrumb"},"inLanguage":"fr-FR","potentialAction":[{"@type":"ReadAction","target":["https:\/\/www.aryup.com\/fr\/marketing\/emailing-newsletter"]}]},{"@type":"BreadcrumbList","@id":"https:\/\/www.aryup.com\/fr\/marketing\/emailing-newsletter#breadcrumb","itemListElement":[{"@type":"ListItem","position":1,"name":"Accueil","item":"https:\/\/www.aryup.com\/fr\/"},{"@type":"ListItem","position":2,"name":"Marketing","item":"https:\/\/www.aryup.com\/fr\/marketing"},{"@type":"ListItem","position":3,"name":"Emailing \u2013 Newsletter"}]},{"@type":"WebSite","@id":"https:\/\/www.aryup.com\/fr\/#website","url":"https:\/\/www.aryup.com\/fr\/","name":"AGENCE WEB PARIS METZ LUXEMBOURG - SITE INTERNET - HEBERGEMENT - MARKETING - WEBDESIGN","description":"Internationaliser votre site Internet - Cr\u00e9ation de sites internet pour les entreprises et particuliers. Nos services: conception, CMS, h\u00e9b\u00e9rgement, r\u00e9f\u00e9rencement SEO\/SEA, nom de domaine, emailing, maintenance et support.","publisher":{"@id":"https:\/\/www.aryup.com\/fr\/#organization"},"potentialAction":[{"@type":"SearchAction","target":{"@type":"EntryPoint","urlTemplate":"https:\/\/www.aryup.com\/fr\/?s={search_term_string}"},"query-input":{"@type":"PropertyValueSpecification","valueRequired":true,"valueName":"search_term_string"}}],"inLanguage":"fr-FR"},{"@type":"Organization","@id":"https:\/\/www.aryup.com\/fr\/#organization","name":"Aryup","url":"https:\/\/www.aryup.com\/fr\/","logo":{"@type":"ImageObject","inLanguage":"fr-FR","@id":"https:\/\/www.aryup.com\/fr\/#\/schema\/logo\/image\/","url":"https:\/\/www.aryup.com\/fr\/wp-content\/uploads\/2022\/01\/favicon-aryup-192.png","contentUrl":"https:\/\/www.aryup.com\/fr\/wp-content\/uploads\/2022\/01\/favicon-aryup-192.png","width":192,"height":192,"caption":"Aryup"},"image":{"@id":"https:\/\/www.aryup.com\/fr\/#\/schema\/logo\/image\/"}}]}},"_links":{"self":[{"href":"https:\/\/www.aryup.com\/fr\/wp-json\/wp\/v2\/pages\/2315","targetHints":{"allow":["GET"]}}],"collection":[{"href":"https:\/\/www.aryup.com\/fr\/wp-json\/wp\/v2\/pages"}],"about":[{"href":"https:\/\/www.aryup.com\/fr\/wp-json\/wp\/v2\/types\/page"}],"author":[{"embeddable":true,"href":"https:\/\/www.aryup.com\/fr\/wp-json\/wp\/v2\/users\/1"}],"replies":[{"embeddable":true,"href":"https:\/\/www.aryup.com\/fr\/wp-json\/wp\/v2\/comments?post=2315"}],"version-history":[{"count":10,"href":"https:\/\/www.aryup.com\/fr\/wp-json\/wp\/v2\/pages\/2315\/revisions"}],"predecessor-version":[{"id":2413,"href":"https:\/\/www.aryup.com\/fr\/wp-json\/wp\/v2\/pages\/2315\/revisions\/2413"}],"up":[{"embeddable":true,"href":"https:\/\/www.aryup.com\/fr\/wp-json\/wp\/v2\/pages\/744"}],"wp:attachment":[{"href":"https:\/\/www.aryup.com\/fr\/wp-json\/wp\/v2\/media?parent=2315"}],"curies":[{"name":"wp","href":"https:\/\/api.w.org\/{rel}","templated":true}]}}