{"id":2150,"date":"2022-03-03T14:37:38","date_gmt":"2022-03-03T13:37:38","guid":{"rendered":"https:\/\/www.aryup.com\/fr\/?page_id=2150"},"modified":"2022-03-03T14:40:20","modified_gmt":"2022-03-03T13:40:20","slug":"datacenter-kuala-lumpur-malaysia","status":"publish","type":"page","link":"https:\/\/www.aryup.com\/fr\/hebergement\/notre-reseau\/datacenter-kuala-lumpur-malaysia","title":{"rendered":"Kuala Lumpur \u2013 Malaisie"},"content":{"rendered":"\t\t<div data-elementor-type=\"wp-page\" data-elementor-id=\"2150\" class=\"elementor elementor-2150\">\n\t\t\t\t\t\t<section class=\"elementor-section elementor-top-section elementor-element elementor-element-da03d16 elementor-section-boxed elementor-section-height-default elementor-section-height-default\" data-id=\"da03d16\" data-element_type=\"section\">\n\t\t\t\t\t\t<div class=\"elementor-container elementor-column-gap-default\">\n\t\t\t\t\t<div class=\"elementor-column elementor-col-100 elementor-top-column elementor-element elementor-element-ab0ebc7\" data-id=\"ab0ebc7\" data-element_type=\"column\">\n\t\t\t<div class=\"elementor-widget-wrap elementor-element-populated\">\n\t\t\t\t\t\t<div class=\"elementor-element elementor-element-2fabd8b elementor-widget elementor-widget-heading\" data-id=\"2fabd8b\" data-element_type=\"widget\" data-widget_type=\"heading.default\">\n\t\t\t\t<div class=\"elementor-widget-container\">\n\t\t\t\t\t<h2 class=\"elementor-heading-title elementor-size-default\">Centres de donn\u00e9es utilis\u00e9s par le r\u00e9seau Aryup :<\/h2>\t\t\t\t<\/div>\n\t\t\t\t<\/div>\n\t\t\t\t<div class=\"elementor-element elementor-element-c64db44 elementor-widget-divider--view-line elementor-widget elementor-widget-divider\" data-id=\"c64db44\" data-element_type=\"widget\" data-widget_type=\"divider.default\">\n\t\t\t\t<div class=\"elementor-widget-container\">\n\t\t\t\t\t\t\t<div class=\"elementor-divider\">\n\t\t\t<span class=\"elementor-divider-separator\">\n\t\t\t\t\t\t<\/span>\n\t\t<\/div>\n\t\t\t\t\t\t<\/div>\n\t\t\t\t<\/div>\n\t\t\t\t<div class=\"elementor-element elementor-element-6d7b148 elementor-widget elementor-widget-text-editor\" data-id=\"6d7b148\" data-element_type=\"widget\" data-widget_type=\"text-editor.default\">\n\t\t\t\t<div class=\"elementor-widget-container\">\n\t\t\t\t\t\t\t\t\t<a href=\"https:\/\/www.aryup.com\/fr\/hebergement\/notre-reseau\/\">Retour \u00e0 la liste<\/a>\t\t\t\t\t\t\t\t<\/div>\n\t\t\t\t<\/div>\n\t\t\t\t<div class=\"elementor-element elementor-element-6c319ae elementor-widget elementor-widget-text-editor\" data-id=\"6c319ae\" data-element_type=\"widget\" data-widget_type=\"text-editor.default\">\n\t\t\t\t<div class=\"elementor-widget-container\">\n\t\t\t\t\t\t\t\t\t<p><strong><u>Emplacement :<br \/><\/u><\/strong>Centre de donn\u00e9es Cyberjaya TM Netmyne<br \/>Kuala Lumpur, Malaisie<\/p><p><strong><u>Emplacement :<br \/><\/u><\/strong>TM Net<\/p>\t\t\t\t\t\t\t\t<\/div>\n\t\t\t\t<\/div>\n\t\t\t\t\t<\/div>\n\t\t<\/div>\n\t\t\t\t\t<\/div>\n\t\t<\/section>\n\t\t\t\t<\/div>\n\t\t","protected":false},"excerpt":{"rendered":"<p>Centres de donn\u00e9es utilis\u00e9s par le r\u00e9seau Aryup : Retour \u00e0 la liste Emplacement :Centre de donn\u00e9es Cyberjaya TM NetmyneKuala Lumpur, Malaisie Emplacement :TM Net<\/p>\n","protected":false},"author":1,"featured_media":0,"parent":731,"menu_order":0,"comment_status":"closed","ping_status":"closed","template":"","meta":{"footnotes":""},"class_list":["post-2150","page","type-page","status-publish","hentry"],"yoast_head":"<!-- This site is optimized with the Yoast SEO plugin v26.9 - https:\/\/yoast.com\/product\/yoast-seo-wordpress\/ -->\n<title>Kuala Lumpur \u2013 Malaisie - AGENCE WEB PARIS METZ LUXEMBOURG - SITE INTERNET - HEBERGEMENT - MARKETING - WEBDESIGN<\/title>\n<meta name=\"robots\" content=\"index, follow, max-snippet:-1, max-image-preview:large, max-video-preview:-1\" \/>\n<link rel=\"canonical\" href=\"https:\/\/www.aryup.com\/fr\/hebergement\/notre-reseau\/datacenter-kuala-lumpur-malaysia\" \/>\n<meta property=\"og:locale\" content=\"fr_FR\" \/>\n<meta property=\"og:type\" content=\"article\" \/>\n<meta property=\"og:title\" content=\"Kuala Lumpur \u2013 Malaisie - AGENCE WEB PARIS METZ LUXEMBOURG - SITE INTERNET - HEBERGEMENT - MARKETING - WEBDESIGN\" \/>\n<meta property=\"og:description\" content=\"Centres de donn\u00e9es utilis\u00e9s par le r\u00e9seau Aryup : Retour \u00e0 la liste Emplacement :Centre de donn\u00e9es Cyberjaya TM NetmyneKuala Lumpur, Malaisie Emplacement :TM Net\" \/>\n<meta property=\"og:url\" content=\"https:\/\/www.aryup.com\/fr\/hebergement\/notre-reseau\/datacenter-kuala-lumpur-malaysia\" \/>\n<meta property=\"og:site_name\" content=\"AGENCE WEB PARIS METZ LUXEMBOURG - SITE INTERNET - HEBERGEMENT - MARKETING - WEBDESIGN\" \/>\n<meta property=\"article:modified_time\" content=\"2022-03-03T13:40:20+00:00\" \/>\n<meta property=\"og:image\" content=\"https:\/\/www.aryup.com\/fr\/wp-content\/uploads\/2022\/01\/favicon-aryup-192.png\" \/>\n\t<meta property=\"og:image:width\" content=\"192\" \/>\n\t<meta property=\"og:image:height\" content=\"192\" \/>\n\t<meta property=\"og:image:type\" content=\"image\/png\" \/>\n<meta name=\"twitter:card\" content=\"summary_large_image\" \/>\n<script type=\"application\/ld+json\" class=\"yoast-schema-graph\">{\"@context\":\"https:\/\/schema.org\",\"@graph\":[{\"@type\":\"WebPage\",\"@id\":\"https:\/\/www.aryup.com\/fr\/hebergement\/notre-reseau\/datacenter-kuala-lumpur-malaysia\",\"url\":\"https:\/\/www.aryup.com\/fr\/hebergement\/notre-reseau\/datacenter-kuala-lumpur-malaysia\",\"name\":\"Kuala Lumpur \u2013 Malaisie - AGENCE WEB PARIS METZ LUXEMBOURG - SITE INTERNET - HEBERGEMENT - MARKETING - WEBDESIGN\",\"isPartOf\":{\"@id\":\"https:\/\/www.aryup.com\/fr\/#website\"},\"datePublished\":\"2022-03-03T13:37:38+00:00\",\"dateModified\":\"2022-03-03T13:40:20+00:00\",\"breadcrumb\":{\"@id\":\"https:\/\/www.aryup.com\/fr\/hebergement\/notre-reseau\/datacenter-kuala-lumpur-malaysia#breadcrumb\"},\"inLanguage\":\"fr-FR\",\"potentialAction\":[{\"@type\":\"ReadAction\",\"target\":[\"https:\/\/www.aryup.com\/fr\/hebergement\/notre-reseau\/datacenter-kuala-lumpur-malaysia\"]}]},{\"@type\":\"BreadcrumbList\",\"@id\":\"https:\/\/www.aryup.com\/fr\/hebergement\/notre-reseau\/datacenter-kuala-lumpur-malaysia#breadcrumb\",\"itemListElement\":[{\"@type\":\"ListItem\",\"position\":1,\"name\":\"Accueil\",\"item\":\"https:\/\/www.aryup.com\/fr\/\"},{\"@type\":\"ListItem\",\"position\":2,\"name\":\"H\u00e9bergement\",\"item\":\"https:\/\/www.aryup.com\/fr\/hebergement\"},{\"@type\":\"ListItem\",\"position\":3,\"name\":\"Notre r\u00e9seau d\u2019h\u00e9bergement\",\"item\":\"https:\/\/www.aryup.com\/fr\/hebergement\/notre-reseau\"},{\"@type\":\"ListItem\",\"position\":4,\"name\":\"Kuala Lumpur \u2013 Malaisie\"}]},{\"@type\":\"WebSite\",\"@id\":\"https:\/\/www.aryup.com\/fr\/#website\",\"url\":\"https:\/\/www.aryup.com\/fr\/\",\"name\":\"AGENCE WEB PARIS METZ LUXEMBOURG - SITE INTERNET - HEBERGEMENT - MARKETING - WEBDESIGN\",\"description\":\"Internationaliser votre site Internet - Cr\u00e9ation de sites internet pour les entreprises et particuliers. Nos services: conception, CMS, h\u00e9b\u00e9rgement, r\u00e9f\u00e9rencement SEO\/SEA, nom de domaine, emailing, maintenance et support.\",\"publisher\":{\"@id\":\"https:\/\/www.aryup.com\/fr\/#organization\"},\"potentialAction\":[{\"@type\":\"SearchAction\",\"target\":{\"@type\":\"EntryPoint\",\"urlTemplate\":\"https:\/\/www.aryup.com\/fr\/?s={search_term_string}\"},\"query-input\":{\"@type\":\"PropertyValueSpecification\",\"valueRequired\":true,\"valueName\":\"search_term_string\"}}],\"inLanguage\":\"fr-FR\"},{\"@type\":\"Organization\",\"@id\":\"https:\/\/www.aryup.com\/fr\/#organization\",\"name\":\"Aryup\",\"url\":\"https:\/\/www.aryup.com\/fr\/\",\"logo\":{\"@type\":\"ImageObject\",\"inLanguage\":\"fr-FR\",\"@id\":\"https:\/\/www.aryup.com\/fr\/#\/schema\/logo\/image\/\",\"url\":\"https:\/\/www.aryup.com\/fr\/wp-content\/uploads\/2022\/01\/favicon-aryup-192.png\",\"contentUrl\":\"https:\/\/www.aryup.com\/fr\/wp-content\/uploads\/2022\/01\/favicon-aryup-192.png\",\"width\":192,\"height\":192,\"caption\":\"Aryup\"},\"image\":{\"@id\":\"https:\/\/www.aryup.com\/fr\/#\/schema\/logo\/image\/\"}}]}<\/script>\n<!-- \/ Yoast SEO plugin. -->","yoast_head_json":{"title":"Kuala Lumpur \u2013 Malaisie - AGENCE WEB PARIS METZ LUXEMBOURG - SITE INTERNET - HEBERGEMENT - MARKETING - WEBDESIGN","robots":{"index":"index","follow":"follow","max-snippet":"max-snippet:-1","max-image-preview":"max-image-preview:large","max-video-preview":"max-video-preview:-1"},"canonical":"https:\/\/www.aryup.com\/fr\/hebergement\/notre-reseau\/datacenter-kuala-lumpur-malaysia","og_locale":"fr_FR","og_type":"article","og_title":"Kuala Lumpur \u2013 Malaisie - AGENCE WEB PARIS METZ LUXEMBOURG - SITE INTERNET - HEBERGEMENT - MARKETING - WEBDESIGN","og_description":"Centres de donn\u00e9es utilis\u00e9s par le r\u00e9seau Aryup : Retour \u00e0 la liste Emplacement :Centre de donn\u00e9es Cyberjaya TM NetmyneKuala Lumpur, Malaisie Emplacement :TM Net","og_url":"https:\/\/www.aryup.com\/fr\/hebergement\/notre-reseau\/datacenter-kuala-lumpur-malaysia","og_site_name":"AGENCE WEB PARIS METZ LUXEMBOURG - SITE INTERNET - HEBERGEMENT - MARKETING - WEBDESIGN","article_modified_time":"2022-03-03T13:40:20+00:00","og_image":[{"width":192,"height":192,"url":"https:\/\/www.aryup.com\/fr\/wp-content\/uploads\/2022\/01\/favicon-aryup-192.png","type":"image\/png"}],"twitter_card":"summary_large_image","schema":{"@context":"https:\/\/schema.org","@graph":[{"@type":"WebPage","@id":"https:\/\/www.aryup.com\/fr\/hebergement\/notre-reseau\/datacenter-kuala-lumpur-malaysia","url":"https:\/\/www.aryup.com\/fr\/hebergement\/notre-reseau\/datacenter-kuala-lumpur-malaysia","name":"Kuala Lumpur \u2013 Malaisie - AGENCE WEB PARIS METZ LUXEMBOURG - SITE INTERNET - HEBERGEMENT - MARKETING - WEBDESIGN","isPartOf":{"@id":"https:\/\/www.aryup.com\/fr\/#website"},"datePublished":"2022-03-03T13:37:38+00:00","dateModified":"2022-03-03T13:40:20+00:00","breadcrumb":{"@id":"https:\/\/www.aryup.com\/fr\/hebergement\/notre-reseau\/datacenter-kuala-lumpur-malaysia#breadcrumb"},"inLanguage":"fr-FR","potentialAction":[{"@type":"ReadAction","target":["https:\/\/www.aryup.com\/fr\/hebergement\/notre-reseau\/datacenter-kuala-lumpur-malaysia"]}]},{"@type":"BreadcrumbList","@id":"https:\/\/www.aryup.com\/fr\/hebergement\/notre-reseau\/datacenter-kuala-lumpur-malaysia#breadcrumb","itemListElement":[{"@type":"ListItem","position":1,"name":"Accueil","item":"https:\/\/www.aryup.com\/fr\/"},{"@type":"ListItem","position":2,"name":"H\u00e9bergement","item":"https:\/\/www.aryup.com\/fr\/hebergement"},{"@type":"ListItem","position":3,"name":"Notre r\u00e9seau d\u2019h\u00e9bergement","item":"https:\/\/www.aryup.com\/fr\/hebergement\/notre-reseau"},{"@type":"ListItem","position":4,"name":"Kuala Lumpur \u2013 Malaisie"}]},{"@type":"WebSite","@id":"https:\/\/www.aryup.com\/fr\/#website","url":"https:\/\/www.aryup.com\/fr\/","name":"AGENCE WEB PARIS METZ LUXEMBOURG - SITE INTERNET - HEBERGEMENT - MARKETING - WEBDESIGN","description":"Internationaliser votre site Internet - Cr\u00e9ation de sites internet pour les entreprises et particuliers. Nos services: conception, CMS, h\u00e9b\u00e9rgement, r\u00e9f\u00e9rencement SEO\/SEA, nom de domaine, emailing, maintenance et support.","publisher":{"@id":"https:\/\/www.aryup.com\/fr\/#organization"},"potentialAction":[{"@type":"SearchAction","target":{"@type":"EntryPoint","urlTemplate":"https:\/\/www.aryup.com\/fr\/?s={search_term_string}"},"query-input":{"@type":"PropertyValueSpecification","valueRequired":true,"valueName":"search_term_string"}}],"inLanguage":"fr-FR"},{"@type":"Organization","@id":"https:\/\/www.aryup.com\/fr\/#organization","name":"Aryup","url":"https:\/\/www.aryup.com\/fr\/","logo":{"@type":"ImageObject","inLanguage":"fr-FR","@id":"https:\/\/www.aryup.com\/fr\/#\/schema\/logo\/image\/","url":"https:\/\/www.aryup.com\/fr\/wp-content\/uploads\/2022\/01\/favicon-aryup-192.png","contentUrl":"https:\/\/www.aryup.com\/fr\/wp-content\/uploads\/2022\/01\/favicon-aryup-192.png","width":192,"height":192,"caption":"Aryup"},"image":{"@id":"https:\/\/www.aryup.com\/fr\/#\/schema\/logo\/image\/"}}]}},"_links":{"self":[{"href":"https:\/\/www.aryup.com\/fr\/wp-json\/wp\/v2\/pages\/2150","targetHints":{"allow":["GET"]}}],"collection":[{"href":"https:\/\/www.aryup.com\/fr\/wp-json\/wp\/v2\/pages"}],"about":[{"href":"https:\/\/www.aryup.com\/fr\/wp-json\/wp\/v2\/types\/page"}],"author":[{"embeddable":true,"href":"https:\/\/www.aryup.com\/fr\/wp-json\/wp\/v2\/users\/1"}],"replies":[{"embeddable":true,"href":"https:\/\/www.aryup.com\/fr\/wp-json\/wp\/v2\/comments?post=2150"}],"version-history":[{"count":7,"href":"https:\/\/www.aryup.com\/fr\/wp-json\/wp\/v2\/pages\/2150\/revisions"}],"predecessor-version":[{"id":2160,"href":"https:\/\/www.aryup.com\/fr\/wp-json\/wp\/v2\/pages\/2150\/revisions\/2160"}],"up":[{"embeddable":true,"href":"https:\/\/www.aryup.com\/fr\/wp-json\/wp\/v2\/pages\/731"}],"wp:attachment":[{"href":"https:\/\/www.aryup.com\/fr\/wp-json\/wp\/v2\/media?parent=2150"}],"curies":[{"name":"wp","href":"https:\/\/api.w.org\/{rel}","templated":true}]}}