{"id":2136,"date":"2022-03-03T14:29:52","date_gmt":"2022-03-03T13:29:52","guid":{"rendered":"https:\/\/www.aryup.com\/fr\/?page_id=2136"},"modified":"2022-03-03T14:35:57","modified_gmt":"2022-03-03T13:35:57","slug":"datacenter-haifa-israel","status":"publish","type":"page","link":"https:\/\/www.aryup.com\/fr\/hebergement\/notre-reseau\/datacenter-haifa-israel","title":{"rendered":"Ha\u00effa \u2013 Isra\u00ebl"},"content":{"rendered":"\t\t<div data-elementor-type=\"wp-page\" data-elementor-id=\"2136\" class=\"elementor elementor-2136\">\n\t\t\t\t\t\t<section class=\"elementor-section elementor-top-section elementor-element elementor-element-bdd4ebd elementor-section-boxed elementor-section-height-default elementor-section-height-default\" data-id=\"bdd4ebd\" data-element_type=\"section\">\n\t\t\t\t\t\t<div class=\"elementor-container elementor-column-gap-default\">\n\t\t\t\t\t<div class=\"elementor-column elementor-col-100 elementor-top-column elementor-element elementor-element-c5c37cc\" data-id=\"c5c37cc\" data-element_type=\"column\">\n\t\t\t<div class=\"elementor-widget-wrap elementor-element-populated\">\n\t\t\t\t\t\t<div class=\"elementor-element elementor-element-6fe7fc2 elementor-widget elementor-widget-heading\" data-id=\"6fe7fc2\" data-element_type=\"widget\" data-widget_type=\"heading.default\">\n\t\t\t\t<div class=\"elementor-widget-container\">\n\t\t\t\t\t<h2 class=\"elementor-heading-title elementor-size-default\">Centres de donn\u00e9es utilis\u00e9s par le r\u00e9seau Aryup :<\/h2>\t\t\t\t<\/div>\n\t\t\t\t<\/div>\n\t\t\t\t<div class=\"elementor-element elementor-element-3537cdd elementor-widget-divider--view-line elementor-widget elementor-widget-divider\" data-id=\"3537cdd\" data-element_type=\"widget\" data-widget_type=\"divider.default\">\n\t\t\t\t<div class=\"elementor-widget-container\">\n\t\t\t\t\t\t\t<div class=\"elementor-divider\">\n\t\t\t<span class=\"elementor-divider-separator\">\n\t\t\t\t\t\t<\/span>\n\t\t<\/div>\n\t\t\t\t\t\t<\/div>\n\t\t\t\t<\/div>\n\t\t\t\t<div class=\"elementor-element elementor-element-aee52d9 elementor-widget elementor-widget-text-editor\" data-id=\"aee52d9\" data-element_type=\"widget\" data-widget_type=\"text-editor.default\">\n\t\t\t\t<div class=\"elementor-widget-container\">\n\t\t\t\t\t\t\t\t\t<a href=\"https:\/\/www.aryup.com\/fr\/hebergement\/notre-reseau\/\">Retour \u00e0 la liste<\/a>\t\t\t\t\t\t\t\t<\/div>\n\t\t\t\t<\/div>\n\t\t\t\t<div class=\"elementor-element elementor-element-b411940 elementor-widget elementor-widget-text-editor\" data-id=\"b411940\" data-element_type=\"widget\" data-widget_type=\"text-editor.default\">\n\t\t\t\t<div class=\"elementor-widget-container\">\n\t\t\t\t\t\t\t\t\t<p><strong><u>Emplacement :<br \/><\/u><\/strong>Netanya, Isra\u00ebl (20 mn de Tel Aviv)<\/p><p><strong><u>R\u00e9seau :<br \/><\/u><\/strong>MCI (UUNet) et T\u00e9l\u00e9globe livr\u00e9s par Netvision et le r\u00e9seau local de Netvision en Isra\u00ebl<\/p><p><strong><u>Centre de donn\u00e9es :<br \/><\/u><\/strong>Netvision, Ha\u00effa<\/p><p><strong><u>Commentaire :<br \/><\/u><\/strong>Shocksite est une soci\u00e9t\u00e9 isra\u00e9lienne qui a \u00e9t\u00e9 cr\u00e9\u00e9e en 1999 et qui d\u00e9marre ses activit\u00e9s en France en 1989). Shocksite a depuis lors \u00e9t\u00e9 un partenaire solide pour les grandes entreprises ou les petites entreprises dans les besoins de solutions informatiques incluant la s\u00e9curit\u00e9 des r\u00e9seaux, la gestion de bases de donn\u00e9es, l\u2019h\u00e9bergement, l\u2019intranet ou la construction internet.<\/p><p>En 2003, Shocksite et GPLHost \u00e0 travers le monde ont conclu un partenariat qui s\u2019est av\u00e9r\u00e9 tr\u00e8s efficace et rentable pour le client de GPLhost Isra\u00ebl.<\/p><p>En Isra\u00ebl La principale activit\u00e9 Internet de Shocksite (http:\/\/www.shocksite.com) est Netvision.<\/p><p>NetVision, la premi\u00e8re soci\u00e9t\u00e9 Internet d\u2019Isra\u00ebl, a \u00e9t\u00e9 cr\u00e9\u00e9e en mars 1994 par NetManage Ltd. et Elron Electronic Industries Ltd., qui sont toutes deux n\u00e9goci\u00e9es sur le Nasdaq.<\/p><p>NetVision est l\u2019entreprise isra\u00e9lienne la plus ancienne, la mieux inform\u00e9e et la plus exp\u00e9riment\u00e9e dans la fourniture de solutions Internet aux organisations, aux entreprises et aux utilisateurs priv\u00e9s. La soci\u00e9t\u00e9 fournit \u00e0 des centaines de milliers de clients une vari\u00e9t\u00e9 de services, de produits et de solutions Internet visant \u00e0 rendre la vie des utilisateurs plus facile et plus efficace.<\/p><p>NetVision fournit des services Internet \u00e0 env. 400 000 clients dans une vari\u00e9t\u00e9 de forfaits de services. NetVision estime sa client\u00e8le \u00e0 25% du march\u00e9 total des services Internet \u00e0 haut d\u00e9bit en Isra\u00ebl.<\/p><p>NetVision a une bande passante de 3 gigaoctets vers l\u2019Internet isra\u00e9lien eXchange et une bande passante d\u00e9di\u00e9e de 2,6 gigaoctets vers le backbone Internet international. La soci\u00e9t\u00e9 poss\u00e8de une architecture de r\u00e9seau unique en Isra\u00ebl en ce qu\u2019elle est construite en deux fournisseurs Internet distincts, permettant une disponibilit\u00e9 maximale en utilisant les communications locales et internationales de deux sites en Isra\u00ebl (Tel-Aviv et Ha\u00effa) vers deux sites aux \u00c9tats-Unis et en Europe.<\/p>\t\t\t\t\t\t\t\t<\/div>\n\t\t\t\t<\/div>\n\t\t\t\t<div class=\"elementor-element elementor-element-8f08a90 elementor-widget elementor-widget-image\" data-id=\"8f08a90\" data-element_type=\"widget\" data-widget_type=\"image.default\">\n\t\t\t\t<div class=\"elementor-widget-container\">\n\t\t\t\t\t\t\t\t\t\t\t\t\t\t\t<img fetchpriority=\"high\" decoding=\"async\" width=\"300\" height=\"221\" src=\"https:\/\/www.aryup.com\/fr\/wp-content\/uploads\/2022\/03\/netvision.jpg\" class=\"attachment-large size-large wp-image-2146\" alt=\"\" \/>\t\t\t\t\t\t\t\t\t\t\t\t\t\t\t<\/div>\n\t\t\t\t<\/div>\n\t\t\t\t\t<\/div>\n\t\t<\/div>\n\t\t\t\t\t<\/div>\n\t\t<\/section>\n\t\t\t\t<\/div>\n\t\t","protected":false},"excerpt":{"rendered":"<p>Centres de donn\u00e9es utilis\u00e9s par le r\u00e9seau Aryup : Retour \u00e0 la liste Emplacement :Netanya, Isra\u00ebl (20 mn de Tel Aviv) R\u00e9seau :MCI (UUNet) et T\u00e9l\u00e9globe livr\u00e9s par Netvision et le r\u00e9seau local de Netvision en Isra\u00ebl Centre de donn\u00e9es :Netvision, Ha\u00effa Commentaire :Shocksite est une soci\u00e9t\u00e9 isra\u00e9lienne qui a \u00e9t\u00e9 cr\u00e9\u00e9e en 1999 et [&hellip;]<\/p>\n","protected":false},"author":1,"featured_media":0,"parent":731,"menu_order":0,"comment_status":"closed","ping_status":"closed","template":"","meta":{"footnotes":""},"class_list":["post-2136","page","type-page","status-publish","hentry"],"yoast_head":"<!-- This site is optimized with the Yoast SEO plugin v26.9 - https:\/\/yoast.com\/product\/yoast-seo-wordpress\/ -->\n<title>Ha\u00effa \u2013 Isra\u00ebl - AGENCE WEB PARIS METZ LUXEMBOURG - SITE INTERNET - HEBERGEMENT - MARKETING - WEBDESIGN<\/title>\n<meta name=\"robots\" content=\"index, follow, max-snippet:-1, max-image-preview:large, max-video-preview:-1\" \/>\n<link rel=\"canonical\" href=\"https:\/\/www.aryup.com\/fr\/hebergement\/notre-reseau\/datacenter-haifa-israel\" \/>\n<meta property=\"og:locale\" content=\"fr_FR\" \/>\n<meta property=\"og:type\" content=\"article\" \/>\n<meta property=\"og:title\" content=\"Ha\u00effa \u2013 Isra\u00ebl - AGENCE WEB PARIS METZ LUXEMBOURG - SITE INTERNET - HEBERGEMENT - MARKETING - WEBDESIGN\" \/>\n<meta property=\"og:description\" content=\"Centres de donn\u00e9es utilis\u00e9s par le r\u00e9seau Aryup : Retour \u00e0 la liste Emplacement :Netanya, Isra\u00ebl (20 mn de Tel Aviv) R\u00e9seau :MCI (UUNet) et T\u00e9l\u00e9globe livr\u00e9s par Netvision et le r\u00e9seau local de Netvision en Isra\u00ebl Centre de donn\u00e9es :Netvision, Ha\u00effa Commentaire :Shocksite est une soci\u00e9t\u00e9 isra\u00e9lienne qui a \u00e9t\u00e9 cr\u00e9\u00e9e en 1999 et [&hellip;]\" \/>\n<meta property=\"og:url\" content=\"https:\/\/www.aryup.com\/fr\/hebergement\/notre-reseau\/datacenter-haifa-israel\" \/>\n<meta property=\"og:site_name\" content=\"AGENCE WEB PARIS METZ LUXEMBOURG - SITE INTERNET - HEBERGEMENT - MARKETING - WEBDESIGN\" \/>\n<meta property=\"article:modified_time\" content=\"2022-03-03T13:35:57+00:00\" \/>\n<meta property=\"og:image\" content=\"https:\/\/www.aryup.com\/fr\/wp-content\/uploads\/2022\/03\/netvision.jpg\" \/>\n<meta name=\"twitter:card\" content=\"summary_large_image\" \/>\n<meta name=\"twitter:label1\" content=\"Dur\u00e9e de lecture estim\u00e9e\" \/>\n\t<meta name=\"twitter:data1\" content=\"2 minutes\" \/>\n<script type=\"application\/ld+json\" class=\"yoast-schema-graph\">{\"@context\":\"https:\/\/schema.org\",\"@graph\":[{\"@type\":\"WebPage\",\"@id\":\"https:\/\/www.aryup.com\/fr\/hebergement\/notre-reseau\/datacenter-haifa-israel\",\"url\":\"https:\/\/www.aryup.com\/fr\/hebergement\/notre-reseau\/datacenter-haifa-israel\",\"name\":\"Ha\u00effa \u2013 Isra\u00ebl - AGENCE WEB PARIS METZ LUXEMBOURG - SITE INTERNET - HEBERGEMENT - MARKETING - WEBDESIGN\",\"isPartOf\":{\"@id\":\"https:\/\/www.aryup.com\/fr\/#website\"},\"primaryImageOfPage\":{\"@id\":\"https:\/\/www.aryup.com\/fr\/hebergement\/notre-reseau\/datacenter-haifa-israel#primaryimage\"},\"image\":{\"@id\":\"https:\/\/www.aryup.com\/fr\/hebergement\/notre-reseau\/datacenter-haifa-israel#primaryimage\"},\"thumbnailUrl\":\"https:\/\/www.aryup.com\/fr\/wp-content\/uploads\/2022\/03\/netvision.jpg\",\"datePublished\":\"2022-03-03T13:29:52+00:00\",\"dateModified\":\"2022-03-03T13:35:57+00:00\",\"breadcrumb\":{\"@id\":\"https:\/\/www.aryup.com\/fr\/hebergement\/notre-reseau\/datacenter-haifa-israel#breadcrumb\"},\"inLanguage\":\"fr-FR\",\"potentialAction\":[{\"@type\":\"ReadAction\",\"target\":[\"https:\/\/www.aryup.com\/fr\/hebergement\/notre-reseau\/datacenter-haifa-israel\"]}]},{\"@type\":\"ImageObject\",\"inLanguage\":\"fr-FR\",\"@id\":\"https:\/\/www.aryup.com\/fr\/hebergement\/notre-reseau\/datacenter-haifa-israel#primaryimage\",\"url\":\"https:\/\/www.aryup.com\/fr\/wp-content\/uploads\/2022\/03\/netvision.jpg\",\"contentUrl\":\"https:\/\/www.aryup.com\/fr\/wp-content\/uploads\/2022\/03\/netvision.jpg\",\"width\":300,\"height\":221},{\"@type\":\"BreadcrumbList\",\"@id\":\"https:\/\/www.aryup.com\/fr\/hebergement\/notre-reseau\/datacenter-haifa-israel#breadcrumb\",\"itemListElement\":[{\"@type\":\"ListItem\",\"position\":1,\"name\":\"Accueil\",\"item\":\"https:\/\/www.aryup.com\/fr\/\"},{\"@type\":\"ListItem\",\"position\":2,\"name\":\"H\u00e9bergement\",\"item\":\"https:\/\/www.aryup.com\/fr\/hebergement\"},{\"@type\":\"ListItem\",\"position\":3,\"name\":\"Notre r\u00e9seau d\u2019h\u00e9bergement\",\"item\":\"https:\/\/www.aryup.com\/fr\/hebergement\/notre-reseau\"},{\"@type\":\"ListItem\",\"position\":4,\"name\":\"Ha\u00effa \u2013 Isra\u00ebl\"}]},{\"@type\":\"WebSite\",\"@id\":\"https:\/\/www.aryup.com\/fr\/#website\",\"url\":\"https:\/\/www.aryup.com\/fr\/\",\"name\":\"AGENCE WEB PARIS METZ LUXEMBOURG - SITE INTERNET - HEBERGEMENT - MARKETING - WEBDESIGN\",\"description\":\"Internationaliser votre site Internet - Cr\u00e9ation de sites internet pour les entreprises et particuliers. Nos services: conception, CMS, h\u00e9b\u00e9rgement, r\u00e9f\u00e9rencement SEO\/SEA, nom de domaine, emailing, maintenance et support.\",\"publisher\":{\"@id\":\"https:\/\/www.aryup.com\/fr\/#organization\"},\"potentialAction\":[{\"@type\":\"SearchAction\",\"target\":{\"@type\":\"EntryPoint\",\"urlTemplate\":\"https:\/\/www.aryup.com\/fr\/?s={search_term_string}\"},\"query-input\":{\"@type\":\"PropertyValueSpecification\",\"valueRequired\":true,\"valueName\":\"search_term_string\"}}],\"inLanguage\":\"fr-FR\"},{\"@type\":\"Organization\",\"@id\":\"https:\/\/www.aryup.com\/fr\/#organization\",\"name\":\"Aryup\",\"url\":\"https:\/\/www.aryup.com\/fr\/\",\"logo\":{\"@type\":\"ImageObject\",\"inLanguage\":\"fr-FR\",\"@id\":\"https:\/\/www.aryup.com\/fr\/#\/schema\/logo\/image\/\",\"url\":\"https:\/\/www.aryup.com\/fr\/wp-content\/uploads\/2022\/01\/favicon-aryup-192.png\",\"contentUrl\":\"https:\/\/www.aryup.com\/fr\/wp-content\/uploads\/2022\/01\/favicon-aryup-192.png\",\"width\":192,\"height\":192,\"caption\":\"Aryup\"},\"image\":{\"@id\":\"https:\/\/www.aryup.com\/fr\/#\/schema\/logo\/image\/\"}}]}<\/script>\n<!-- \/ Yoast SEO plugin. -->","yoast_head_json":{"title":"Ha\u00effa \u2013 Isra\u00ebl - AGENCE WEB PARIS METZ LUXEMBOURG - SITE INTERNET - HEBERGEMENT - MARKETING - WEBDESIGN","robots":{"index":"index","follow":"follow","max-snippet":"max-snippet:-1","max-image-preview":"max-image-preview:large","max-video-preview":"max-video-preview:-1"},"canonical":"https:\/\/www.aryup.com\/fr\/hebergement\/notre-reseau\/datacenter-haifa-israel","og_locale":"fr_FR","og_type":"article","og_title":"Ha\u00effa \u2013 Isra\u00ebl - AGENCE WEB PARIS METZ LUXEMBOURG - SITE INTERNET - HEBERGEMENT - MARKETING - WEBDESIGN","og_description":"Centres de donn\u00e9es utilis\u00e9s par le r\u00e9seau Aryup : Retour \u00e0 la liste Emplacement :Netanya, Isra\u00ebl (20 mn de Tel Aviv) R\u00e9seau :MCI (UUNet) et T\u00e9l\u00e9globe livr\u00e9s par Netvision et le r\u00e9seau local de Netvision en Isra\u00ebl Centre de donn\u00e9es :Netvision, Ha\u00effa Commentaire :Shocksite est une soci\u00e9t\u00e9 isra\u00e9lienne qui a \u00e9t\u00e9 cr\u00e9\u00e9e en 1999 et [&hellip;]","og_url":"https:\/\/www.aryup.com\/fr\/hebergement\/notre-reseau\/datacenter-haifa-israel","og_site_name":"AGENCE WEB PARIS METZ LUXEMBOURG - SITE INTERNET - HEBERGEMENT - MARKETING - WEBDESIGN","article_modified_time":"2022-03-03T13:35:57+00:00","og_image":[{"url":"https:\/\/www.aryup.com\/fr\/wp-content\/uploads\/2022\/03\/netvision.jpg","type":"","width":"","height":""}],"twitter_card":"summary_large_image","twitter_misc":{"Dur\u00e9e de lecture estim\u00e9e":"2 minutes"},"schema":{"@context":"https:\/\/schema.org","@graph":[{"@type":"WebPage","@id":"https:\/\/www.aryup.com\/fr\/hebergement\/notre-reseau\/datacenter-haifa-israel","url":"https:\/\/www.aryup.com\/fr\/hebergement\/notre-reseau\/datacenter-haifa-israel","name":"Ha\u00effa \u2013 Isra\u00ebl - AGENCE WEB PARIS METZ LUXEMBOURG - SITE INTERNET - HEBERGEMENT - MARKETING - WEBDESIGN","isPartOf":{"@id":"https:\/\/www.aryup.com\/fr\/#website"},"primaryImageOfPage":{"@id":"https:\/\/www.aryup.com\/fr\/hebergement\/notre-reseau\/datacenter-haifa-israel#primaryimage"},"image":{"@id":"https:\/\/www.aryup.com\/fr\/hebergement\/notre-reseau\/datacenter-haifa-israel#primaryimage"},"thumbnailUrl":"https:\/\/www.aryup.com\/fr\/wp-content\/uploads\/2022\/03\/netvision.jpg","datePublished":"2022-03-03T13:29:52+00:00","dateModified":"2022-03-03T13:35:57+00:00","breadcrumb":{"@id":"https:\/\/www.aryup.com\/fr\/hebergement\/notre-reseau\/datacenter-haifa-israel#breadcrumb"},"inLanguage":"fr-FR","potentialAction":[{"@type":"ReadAction","target":["https:\/\/www.aryup.com\/fr\/hebergement\/notre-reseau\/datacenter-haifa-israel"]}]},{"@type":"ImageObject","inLanguage":"fr-FR","@id":"https:\/\/www.aryup.com\/fr\/hebergement\/notre-reseau\/datacenter-haifa-israel#primaryimage","url":"https:\/\/www.aryup.com\/fr\/wp-content\/uploads\/2022\/03\/netvision.jpg","contentUrl":"https:\/\/www.aryup.com\/fr\/wp-content\/uploads\/2022\/03\/netvision.jpg","width":300,"height":221},{"@type":"BreadcrumbList","@id":"https:\/\/www.aryup.com\/fr\/hebergement\/notre-reseau\/datacenter-haifa-israel#breadcrumb","itemListElement":[{"@type":"ListItem","position":1,"name":"Accueil","item":"https:\/\/www.aryup.com\/fr\/"},{"@type":"ListItem","position":2,"name":"H\u00e9bergement","item":"https:\/\/www.aryup.com\/fr\/hebergement"},{"@type":"ListItem","position":3,"name":"Notre r\u00e9seau d\u2019h\u00e9bergement","item":"https:\/\/www.aryup.com\/fr\/hebergement\/notre-reseau"},{"@type":"ListItem","position":4,"name":"Ha\u00effa \u2013 Isra\u00ebl"}]},{"@type":"WebSite","@id":"https:\/\/www.aryup.com\/fr\/#website","url":"https:\/\/www.aryup.com\/fr\/","name":"AGENCE WEB PARIS METZ LUXEMBOURG - SITE INTERNET - HEBERGEMENT - MARKETING - WEBDESIGN","description":"Internationaliser votre site Internet - Cr\u00e9ation de sites internet pour les entreprises et particuliers. Nos services: conception, CMS, h\u00e9b\u00e9rgement, r\u00e9f\u00e9rencement SEO\/SEA, nom de domaine, emailing, maintenance et support.","publisher":{"@id":"https:\/\/www.aryup.com\/fr\/#organization"},"potentialAction":[{"@type":"SearchAction","target":{"@type":"EntryPoint","urlTemplate":"https:\/\/www.aryup.com\/fr\/?s={search_term_string}"},"query-input":{"@type":"PropertyValueSpecification","valueRequired":true,"valueName":"search_term_string"}}],"inLanguage":"fr-FR"},{"@type":"Organization","@id":"https:\/\/www.aryup.com\/fr\/#organization","name":"Aryup","url":"https:\/\/www.aryup.com\/fr\/","logo":{"@type":"ImageObject","inLanguage":"fr-FR","@id":"https:\/\/www.aryup.com\/fr\/#\/schema\/logo\/image\/","url":"https:\/\/www.aryup.com\/fr\/wp-content\/uploads\/2022\/01\/favicon-aryup-192.png","contentUrl":"https:\/\/www.aryup.com\/fr\/wp-content\/uploads\/2022\/01\/favicon-aryup-192.png","width":192,"height":192,"caption":"Aryup"},"image":{"@id":"https:\/\/www.aryup.com\/fr\/#\/schema\/logo\/image\/"}}]}},"_links":{"self":[{"href":"https:\/\/www.aryup.com\/fr\/wp-json\/wp\/v2\/pages\/2136","targetHints":{"allow":["GET"]}}],"collection":[{"href":"https:\/\/www.aryup.com\/fr\/wp-json\/wp\/v2\/pages"}],"about":[{"href":"https:\/\/www.aryup.com\/fr\/wp-json\/wp\/v2\/types\/page"}],"author":[{"embeddable":true,"href":"https:\/\/www.aryup.com\/fr\/wp-json\/wp\/v2\/users\/1"}],"replies":[{"embeddable":true,"href":"https:\/\/www.aryup.com\/fr\/wp-json\/wp\/v2\/comments?post=2136"}],"version-history":[{"count":8,"href":"https:\/\/www.aryup.com\/fr\/wp-json\/wp\/v2\/pages\/2136\/revisions"}],"predecessor-version":[{"id":2149,"href":"https:\/\/www.aryup.com\/fr\/wp-json\/wp\/v2\/pages\/2136\/revisions\/2149"}],"up":[{"embeddable":true,"href":"https:\/\/www.aryup.com\/fr\/wp-json\/wp\/v2\/pages\/731"}],"wp:attachment":[{"href":"https:\/\/www.aryup.com\/fr\/wp-json\/wp\/v2\/media?parent=2136"}],"curies":[{"name":"wp","href":"https:\/\/api.w.org\/{rel}","templated":true}]}}