{"id":2127,"date":"2022-03-03T14:22:50","date_gmt":"2022-03-03T13:22:50","guid":{"rendered":"https:\/\/www.aryup.com\/fr\/?page_id=2127"},"modified":"2022-03-03T14:28:37","modified_gmt":"2022-03-03T13:28:37","slug":"datacenter-sydney-australia","status":"publish","type":"page","link":"https:\/\/www.aryup.com\/fr\/hebergement\/notre-reseau\/datacenter-sydney-australia","title":{"rendered":"Sydney \u2013 Australie"},"content":{"rendered":"\t\t<div data-elementor-type=\"wp-page\" data-elementor-id=\"2127\" class=\"elementor elementor-2127\">\n\t\t\t\t\t\t<section class=\"elementor-section elementor-top-section elementor-element elementor-element-b2f09d0 elementor-section-boxed elementor-section-height-default elementor-section-height-default\" data-id=\"b2f09d0\" data-element_type=\"section\">\n\t\t\t\t\t\t<div class=\"elementor-container elementor-column-gap-default\">\n\t\t\t\t\t<div class=\"elementor-column elementor-col-100 elementor-top-column elementor-element elementor-element-67dcc4f\" data-id=\"67dcc4f\" data-element_type=\"column\">\n\t\t\t<div class=\"elementor-widget-wrap elementor-element-populated\">\n\t\t\t\t\t\t<div class=\"elementor-element elementor-element-07fd8ba elementor-widget elementor-widget-heading\" data-id=\"07fd8ba\" data-element_type=\"widget\" data-widget_type=\"heading.default\">\n\t\t\t\t<div class=\"elementor-widget-container\">\n\t\t\t\t\t<h2 class=\"elementor-heading-title elementor-size-default\">Centres de donn\u00e9es utilis\u00e9s par le r\u00e9seau Aryup :<\/h2>\t\t\t\t<\/div>\n\t\t\t\t<\/div>\n\t\t\t\t<div class=\"elementor-element elementor-element-b3324cd elementor-widget-divider--view-line elementor-widget elementor-widget-divider\" data-id=\"b3324cd\" data-element_type=\"widget\" data-widget_type=\"divider.default\">\n\t\t\t\t<div class=\"elementor-widget-container\">\n\t\t\t\t\t\t\t<div class=\"elementor-divider\">\n\t\t\t<span class=\"elementor-divider-separator\">\n\t\t\t\t\t\t<\/span>\n\t\t<\/div>\n\t\t\t\t\t\t<\/div>\n\t\t\t\t<\/div>\n\t\t\t\t<div class=\"elementor-element elementor-element-c2a0327 elementor-widget elementor-widget-text-editor\" data-id=\"c2a0327\" data-element_type=\"widget\" data-widget_type=\"text-editor.default\">\n\t\t\t\t<div class=\"elementor-widget-container\">\n\t\t\t\t\t\t\t\t\t<a href=\"https:\/\/www.aryup.com\/fr\/hebergement\/notre-reseau\/\">Retour \u00e0 la liste<\/a>\t\t\t\t\t\t\t\t<\/div>\n\t\t\t\t<\/div>\n\t\t\t\t<div class=\"elementor-element elementor-element-68519ee elementor-widget elementor-widget-text-editor\" data-id=\"68519ee\" data-element_type=\"widget\" data-widget_type=\"text-editor.default\">\n\t\t\t\t<div class=\"elementor-widget-container\">\n\t\t\t\t\t\t\t\t\t<p><strong><u>Emplacement :<br \/><\/u><\/strong>Sydney, Australie<\/p><p><strong><u>R\u00e9seau :<br \/><\/u><\/strong>Verizon, Pacific Internet<\/p><p><strong><u>Centre de donn\u00e9es :<br \/><\/u><\/strong>Global Switch<\/p><p><strong><u>Commentaire :<br \/><\/u><\/strong>Global Switch Sydney est la plus grande entreprise neutre en Australie, offrant des espaces informatiques s\u00e9curis\u00e9s et hautement r\u00e9sistants, prot\u00e9g\u00e9s par des syst\u00e8mes d\u2019alimentation et de refroidissement r\u00e9silients, une protection incendie et de s\u00e9curit\u00e9 \u00e0 la pointe du progr\u00e8s et des services N + 1 sur les services critiques. Il est situ\u00e9 dans l\u2019une des zones les plus riches en fibres de la ville.<\/p><p>Nous sommes plus que satisfaits de la connectivit\u00e9 r\u00e9seau fournie par Sublime-IP. Le choix d\u2019utiliser \u00e0 la fois Verizon (tr\u00e8s bien connect\u00e9 aux USA) et Pacific Internet (tr\u00e8s bonnes connexions \u00e0 toute l\u2019Asie) est intelligent, et ils g\u00e8rent tr\u00e8s bien leur r\u00e9seau.<\/p><p>Ils ont choisi de quitter le centre de donn\u00e9es de MCI \u00e0 la toute fin de 2006, et nous avons d\u00e9m\u00e9nag\u00e9 avec eux, car nous aimons le service qu\u2019ils fournissent.<\/p>\t\t\t\t\t\t\t\t<\/div>\n\t\t\t\t<\/div>\n\t\t\t\t<div class=\"elementor-element elementor-element-965fc2f elementor-widget elementor-widget-image\" data-id=\"965fc2f\" data-element_type=\"widget\" data-widget_type=\"image.default\">\n\t\t\t\t<div class=\"elementor-widget-container\">\n\t\t\t\t\t\t\t\t\t\t\t\t\t\t\t<img decoding=\"async\" width=\"109\" height=\"112\" src=\"https:\/\/www.aryup.com\/fr\/wp-content\/uploads\/2022\/03\/global-switch.jpg\" class=\"attachment-large size-large wp-image-2132\" alt=\"\" \/>\t\t\t\t\t\t\t\t\t\t\t\t\t\t\t<\/div>\n\t\t\t\t<\/div>\n\t\t\t\t\t<\/div>\n\t\t<\/div>\n\t\t\t\t\t<\/div>\n\t\t<\/section>\n\t\t\t\t<\/div>\n\t\t","protected":false},"excerpt":{"rendered":"<p>Centres de donn\u00e9es utilis\u00e9s par le r\u00e9seau Aryup : Retour \u00e0 la liste Emplacement :Sydney, Australie R\u00e9seau :Verizon, Pacific Internet Centre de donn\u00e9es :Global Switch Commentaire :Global Switch Sydney est la plus grande entreprise neutre en Australie, offrant des espaces informatiques s\u00e9curis\u00e9s et hautement r\u00e9sistants, prot\u00e9g\u00e9s par des syst\u00e8mes d\u2019alimentation et de refroidissement r\u00e9silients, une [&hellip;]<\/p>\n","protected":false},"author":1,"featured_media":0,"parent":731,"menu_order":0,"comment_status":"closed","ping_status":"closed","template":"","meta":{"footnotes":""},"class_list":["post-2127","page","type-page","status-publish","hentry"],"yoast_head":"<!-- This site is optimized with the Yoast SEO plugin v26.9 - https:\/\/yoast.com\/product\/yoast-seo-wordpress\/ -->\n<title>Sydney \u2013 Australie - AGENCE WEB PARIS METZ LUXEMBOURG - SITE INTERNET - HEBERGEMENT - MARKETING - WEBDESIGN<\/title>\n<meta name=\"robots\" content=\"index, follow, max-snippet:-1, max-image-preview:large, max-video-preview:-1\" \/>\n<link rel=\"canonical\" href=\"https:\/\/www.aryup.com\/fr\/hebergement\/notre-reseau\/datacenter-sydney-australia\" \/>\n<meta property=\"og:locale\" content=\"fr_FR\" \/>\n<meta property=\"og:type\" content=\"article\" \/>\n<meta property=\"og:title\" content=\"Sydney \u2013 Australie - AGENCE WEB PARIS METZ LUXEMBOURG - SITE INTERNET - HEBERGEMENT - MARKETING - WEBDESIGN\" \/>\n<meta property=\"og:description\" content=\"Centres de donn\u00e9es utilis\u00e9s par le r\u00e9seau Aryup : Retour \u00e0 la liste Emplacement :Sydney, Australie R\u00e9seau :Verizon, Pacific Internet Centre de donn\u00e9es :Global Switch Commentaire :Global Switch Sydney est la plus grande entreprise neutre en Australie, offrant des espaces informatiques s\u00e9curis\u00e9s et hautement r\u00e9sistants, prot\u00e9g\u00e9s par des syst\u00e8mes d\u2019alimentation et de refroidissement r\u00e9silients, une [&hellip;]\" \/>\n<meta property=\"og:url\" content=\"https:\/\/www.aryup.com\/fr\/hebergement\/notre-reseau\/datacenter-sydney-australia\" \/>\n<meta property=\"og:site_name\" content=\"AGENCE WEB PARIS METZ LUXEMBOURG - SITE INTERNET - HEBERGEMENT - MARKETING - WEBDESIGN\" \/>\n<meta property=\"article:modified_time\" content=\"2022-03-03T13:28:37+00:00\" \/>\n<meta property=\"og:image\" content=\"https:\/\/www.aryup.com\/fr\/wp-content\/uploads\/2022\/03\/global-switch.jpg\" \/>\n<meta name=\"twitter:card\" content=\"summary_large_image\" \/>\n<meta name=\"twitter:label1\" content=\"Dur\u00e9e de lecture estim\u00e9e\" \/>\n\t<meta name=\"twitter:data1\" content=\"1 minute\" \/>\n<script type=\"application\/ld+json\" class=\"yoast-schema-graph\">{\"@context\":\"https:\/\/schema.org\",\"@graph\":[{\"@type\":\"WebPage\",\"@id\":\"https:\/\/www.aryup.com\/fr\/hebergement\/notre-reseau\/datacenter-sydney-australia\",\"url\":\"https:\/\/www.aryup.com\/fr\/hebergement\/notre-reseau\/datacenter-sydney-australia\",\"name\":\"Sydney \u2013 Australie - AGENCE WEB PARIS METZ LUXEMBOURG - SITE INTERNET - HEBERGEMENT - MARKETING - WEBDESIGN\",\"isPartOf\":{\"@id\":\"https:\/\/www.aryup.com\/fr\/#website\"},\"primaryImageOfPage\":{\"@id\":\"https:\/\/www.aryup.com\/fr\/hebergement\/notre-reseau\/datacenter-sydney-australia#primaryimage\"},\"image\":{\"@id\":\"https:\/\/www.aryup.com\/fr\/hebergement\/notre-reseau\/datacenter-sydney-australia#primaryimage\"},\"thumbnailUrl\":\"https:\/\/www.aryup.com\/fr\/wp-content\/uploads\/2022\/03\/global-switch.jpg\",\"datePublished\":\"2022-03-03T13:22:50+00:00\",\"dateModified\":\"2022-03-03T13:28:37+00:00\",\"breadcrumb\":{\"@id\":\"https:\/\/www.aryup.com\/fr\/hebergement\/notre-reseau\/datacenter-sydney-australia#breadcrumb\"},\"inLanguage\":\"fr-FR\",\"potentialAction\":[{\"@type\":\"ReadAction\",\"target\":[\"https:\/\/www.aryup.com\/fr\/hebergement\/notre-reseau\/datacenter-sydney-australia\"]}]},{\"@type\":\"ImageObject\",\"inLanguage\":\"fr-FR\",\"@id\":\"https:\/\/www.aryup.com\/fr\/hebergement\/notre-reseau\/datacenter-sydney-australia#primaryimage\",\"url\":\"https:\/\/www.aryup.com\/fr\/wp-content\/uploads\/2022\/03\/global-switch.jpg\",\"contentUrl\":\"https:\/\/www.aryup.com\/fr\/wp-content\/uploads\/2022\/03\/global-switch.jpg\",\"width\":109,\"height\":112},{\"@type\":\"BreadcrumbList\",\"@id\":\"https:\/\/www.aryup.com\/fr\/hebergement\/notre-reseau\/datacenter-sydney-australia#breadcrumb\",\"itemListElement\":[{\"@type\":\"ListItem\",\"position\":1,\"name\":\"Accueil\",\"item\":\"https:\/\/www.aryup.com\/fr\/\"},{\"@type\":\"ListItem\",\"position\":2,\"name\":\"H\u00e9bergement\",\"item\":\"https:\/\/www.aryup.com\/fr\/hebergement\"},{\"@type\":\"ListItem\",\"position\":3,\"name\":\"Notre r\u00e9seau d\u2019h\u00e9bergement\",\"item\":\"https:\/\/www.aryup.com\/fr\/hebergement\/notre-reseau\"},{\"@type\":\"ListItem\",\"position\":4,\"name\":\"Sydney \u2013 Australie\"}]},{\"@type\":\"WebSite\",\"@id\":\"https:\/\/www.aryup.com\/fr\/#website\",\"url\":\"https:\/\/www.aryup.com\/fr\/\",\"name\":\"AGENCE WEB PARIS METZ LUXEMBOURG - SITE INTERNET - HEBERGEMENT - MARKETING - WEBDESIGN\",\"description\":\"Internationaliser votre site Internet - Cr\u00e9ation de sites internet pour les entreprises et particuliers. Nos services: conception, CMS, h\u00e9b\u00e9rgement, r\u00e9f\u00e9rencement SEO\/SEA, nom de domaine, emailing, maintenance et support.\",\"publisher\":{\"@id\":\"https:\/\/www.aryup.com\/fr\/#organization\"},\"potentialAction\":[{\"@type\":\"SearchAction\",\"target\":{\"@type\":\"EntryPoint\",\"urlTemplate\":\"https:\/\/www.aryup.com\/fr\/?s={search_term_string}\"},\"query-input\":{\"@type\":\"PropertyValueSpecification\",\"valueRequired\":true,\"valueName\":\"search_term_string\"}}],\"inLanguage\":\"fr-FR\"},{\"@type\":\"Organization\",\"@id\":\"https:\/\/www.aryup.com\/fr\/#organization\",\"name\":\"Aryup\",\"url\":\"https:\/\/www.aryup.com\/fr\/\",\"logo\":{\"@type\":\"ImageObject\",\"inLanguage\":\"fr-FR\",\"@id\":\"https:\/\/www.aryup.com\/fr\/#\/schema\/logo\/image\/\",\"url\":\"https:\/\/www.aryup.com\/fr\/wp-content\/uploads\/2022\/01\/favicon-aryup-192.png\",\"contentUrl\":\"https:\/\/www.aryup.com\/fr\/wp-content\/uploads\/2022\/01\/favicon-aryup-192.png\",\"width\":192,\"height\":192,\"caption\":\"Aryup\"},\"image\":{\"@id\":\"https:\/\/www.aryup.com\/fr\/#\/schema\/logo\/image\/\"}}]}<\/script>\n<!-- \/ Yoast SEO plugin. -->","yoast_head_json":{"title":"Sydney \u2013 Australie - AGENCE WEB PARIS METZ LUXEMBOURG - SITE INTERNET - HEBERGEMENT - MARKETING - WEBDESIGN","robots":{"index":"index","follow":"follow","max-snippet":"max-snippet:-1","max-image-preview":"max-image-preview:large","max-video-preview":"max-video-preview:-1"},"canonical":"https:\/\/www.aryup.com\/fr\/hebergement\/notre-reseau\/datacenter-sydney-australia","og_locale":"fr_FR","og_type":"article","og_title":"Sydney \u2013 Australie - AGENCE WEB PARIS METZ LUXEMBOURG - SITE INTERNET - HEBERGEMENT - MARKETING - WEBDESIGN","og_description":"Centres de donn\u00e9es utilis\u00e9s par le r\u00e9seau Aryup : Retour \u00e0 la liste Emplacement :Sydney, Australie R\u00e9seau :Verizon, Pacific Internet Centre de donn\u00e9es :Global Switch Commentaire :Global Switch Sydney est la plus grande entreprise neutre en Australie, offrant des espaces informatiques s\u00e9curis\u00e9s et hautement r\u00e9sistants, prot\u00e9g\u00e9s par des syst\u00e8mes d\u2019alimentation et de refroidissement r\u00e9silients, une [&hellip;]","og_url":"https:\/\/www.aryup.com\/fr\/hebergement\/notre-reseau\/datacenter-sydney-australia","og_site_name":"AGENCE WEB PARIS METZ LUXEMBOURG - SITE INTERNET - HEBERGEMENT - MARKETING - WEBDESIGN","article_modified_time":"2022-03-03T13:28:37+00:00","og_image":[{"url":"https:\/\/www.aryup.com\/fr\/wp-content\/uploads\/2022\/03\/global-switch.jpg","type":"","width":"","height":""}],"twitter_card":"summary_large_image","twitter_misc":{"Dur\u00e9e de lecture estim\u00e9e":"1 minute"},"schema":{"@context":"https:\/\/schema.org","@graph":[{"@type":"WebPage","@id":"https:\/\/www.aryup.com\/fr\/hebergement\/notre-reseau\/datacenter-sydney-australia","url":"https:\/\/www.aryup.com\/fr\/hebergement\/notre-reseau\/datacenter-sydney-australia","name":"Sydney \u2013 Australie - AGENCE WEB PARIS METZ LUXEMBOURG - SITE INTERNET - HEBERGEMENT - MARKETING - WEBDESIGN","isPartOf":{"@id":"https:\/\/www.aryup.com\/fr\/#website"},"primaryImageOfPage":{"@id":"https:\/\/www.aryup.com\/fr\/hebergement\/notre-reseau\/datacenter-sydney-australia#primaryimage"},"image":{"@id":"https:\/\/www.aryup.com\/fr\/hebergement\/notre-reseau\/datacenter-sydney-australia#primaryimage"},"thumbnailUrl":"https:\/\/www.aryup.com\/fr\/wp-content\/uploads\/2022\/03\/global-switch.jpg","datePublished":"2022-03-03T13:22:50+00:00","dateModified":"2022-03-03T13:28:37+00:00","breadcrumb":{"@id":"https:\/\/www.aryup.com\/fr\/hebergement\/notre-reseau\/datacenter-sydney-australia#breadcrumb"},"inLanguage":"fr-FR","potentialAction":[{"@type":"ReadAction","target":["https:\/\/www.aryup.com\/fr\/hebergement\/notre-reseau\/datacenter-sydney-australia"]}]},{"@type":"ImageObject","inLanguage":"fr-FR","@id":"https:\/\/www.aryup.com\/fr\/hebergement\/notre-reseau\/datacenter-sydney-australia#primaryimage","url":"https:\/\/www.aryup.com\/fr\/wp-content\/uploads\/2022\/03\/global-switch.jpg","contentUrl":"https:\/\/www.aryup.com\/fr\/wp-content\/uploads\/2022\/03\/global-switch.jpg","width":109,"height":112},{"@type":"BreadcrumbList","@id":"https:\/\/www.aryup.com\/fr\/hebergement\/notre-reseau\/datacenter-sydney-australia#breadcrumb","itemListElement":[{"@type":"ListItem","position":1,"name":"Accueil","item":"https:\/\/www.aryup.com\/fr\/"},{"@type":"ListItem","position":2,"name":"H\u00e9bergement","item":"https:\/\/www.aryup.com\/fr\/hebergement"},{"@type":"ListItem","position":3,"name":"Notre r\u00e9seau d\u2019h\u00e9bergement","item":"https:\/\/www.aryup.com\/fr\/hebergement\/notre-reseau"},{"@type":"ListItem","position":4,"name":"Sydney \u2013 Australie"}]},{"@type":"WebSite","@id":"https:\/\/www.aryup.com\/fr\/#website","url":"https:\/\/www.aryup.com\/fr\/","name":"AGENCE WEB PARIS METZ LUXEMBOURG - SITE INTERNET - HEBERGEMENT - MARKETING - WEBDESIGN","description":"Internationaliser votre site Internet - Cr\u00e9ation de sites internet pour les entreprises et particuliers. Nos services: conception, CMS, h\u00e9b\u00e9rgement, r\u00e9f\u00e9rencement SEO\/SEA, nom de domaine, emailing, maintenance et support.","publisher":{"@id":"https:\/\/www.aryup.com\/fr\/#organization"},"potentialAction":[{"@type":"SearchAction","target":{"@type":"EntryPoint","urlTemplate":"https:\/\/www.aryup.com\/fr\/?s={search_term_string}"},"query-input":{"@type":"PropertyValueSpecification","valueRequired":true,"valueName":"search_term_string"}}],"inLanguage":"fr-FR"},{"@type":"Organization","@id":"https:\/\/www.aryup.com\/fr\/#organization","name":"Aryup","url":"https:\/\/www.aryup.com\/fr\/","logo":{"@type":"ImageObject","inLanguage":"fr-FR","@id":"https:\/\/www.aryup.com\/fr\/#\/schema\/logo\/image\/","url":"https:\/\/www.aryup.com\/fr\/wp-content\/uploads\/2022\/01\/favicon-aryup-192.png","contentUrl":"https:\/\/www.aryup.com\/fr\/wp-content\/uploads\/2022\/01\/favicon-aryup-192.png","width":192,"height":192,"caption":"Aryup"},"image":{"@id":"https:\/\/www.aryup.com\/fr\/#\/schema\/logo\/image\/"}}]}},"_links":{"self":[{"href":"https:\/\/www.aryup.com\/fr\/wp-json\/wp\/v2\/pages\/2127","targetHints":{"allow":["GET"]}}],"collection":[{"href":"https:\/\/www.aryup.com\/fr\/wp-json\/wp\/v2\/pages"}],"about":[{"href":"https:\/\/www.aryup.com\/fr\/wp-json\/wp\/v2\/types\/page"}],"author":[{"embeddable":true,"href":"https:\/\/www.aryup.com\/fr\/wp-json\/wp\/v2\/users\/1"}],"replies":[{"embeddable":true,"href":"https:\/\/www.aryup.com\/fr\/wp-json\/wp\/v2\/comments?post=2127"}],"version-history":[{"count":4,"href":"https:\/\/www.aryup.com\/fr\/wp-json\/wp\/v2\/pages\/2127\/revisions"}],"predecessor-version":[{"id":2135,"href":"https:\/\/www.aryup.com\/fr\/wp-json\/wp\/v2\/pages\/2127\/revisions\/2135"}],"up":[{"embeddable":true,"href":"https:\/\/www.aryup.com\/fr\/wp-json\/wp\/v2\/pages\/731"}],"wp:attachment":[{"href":"https:\/\/www.aryup.com\/fr\/wp-json\/wp\/v2\/media?parent=2127"}],"curies":[{"name":"wp","href":"https:\/\/api.w.org\/{rel}","templated":true}]}}