{"id":2077,"date":"2022-03-03T13:57:17","date_gmt":"2022-03-03T12:57:17","guid":{"rendered":"https:\/\/www.aryup.com\/fr\/?page_id=2077"},"modified":"2022-03-03T14:47:25","modified_gmt":"2022-03-03T13:47:25","slug":"datacenter-london-uk","status":"publish","type":"page","link":"https:\/\/www.aryup.com\/fr\/hebergement\/notre-reseau\/datacenter-london-uk","title":{"rendered":"Londres \u2013 Royaume-Uni"},"content":{"rendered":"\t\t<div data-elementor-type=\"wp-page\" data-elementor-id=\"2077\" class=\"elementor elementor-2077\">\n\t\t\t\t\t\t<section class=\"elementor-section elementor-top-section elementor-element elementor-element-0a3cb9d elementor-section-boxed elementor-section-height-default elementor-section-height-default\" data-id=\"0a3cb9d\" data-element_type=\"section\">\n\t\t\t\t\t\t<div class=\"elementor-container elementor-column-gap-default\">\n\t\t\t\t\t<div class=\"elementor-column elementor-col-100 elementor-top-column elementor-element elementor-element-f43fd3c\" data-id=\"f43fd3c\" data-element_type=\"column\">\n\t\t\t<div class=\"elementor-widget-wrap elementor-element-populated\">\n\t\t\t\t\t\t<div class=\"elementor-element elementor-element-4f99636 elementor-widget elementor-widget-heading\" data-id=\"4f99636\" data-element_type=\"widget\" data-widget_type=\"heading.default\">\n\t\t\t\t<div class=\"elementor-widget-container\">\n\t\t\t\t\t<h2 class=\"elementor-heading-title elementor-size-default\">Centres de donn\u00e9es utilis\u00e9s par le r\u00e9seau Aryup :<\/h2>\t\t\t\t<\/div>\n\t\t\t\t<\/div>\n\t\t\t\t<div class=\"elementor-element elementor-element-bca9ba8 elementor-widget-divider--view-line elementor-widget elementor-widget-divider\" data-id=\"bca9ba8\" data-element_type=\"widget\" data-widget_type=\"divider.default\">\n\t\t\t\t<div class=\"elementor-widget-container\">\n\t\t\t\t\t\t\t<div class=\"elementor-divider\">\n\t\t\t<span class=\"elementor-divider-separator\">\n\t\t\t\t\t\t<\/span>\n\t\t<\/div>\n\t\t\t\t\t\t<\/div>\n\t\t\t\t<\/div>\n\t\t\t\t<div class=\"elementor-element elementor-element-b4dc465 elementor-widget elementor-widget-text-editor\" data-id=\"b4dc465\" data-element_type=\"widget\" data-widget_type=\"text-editor.default\">\n\t\t\t\t<div class=\"elementor-widget-container\">\n\t\t\t\t\t\t\t\t\t<a href=\"https:\/\/www.aryup.com\/fr\/hebergement\/notre-reseau\/\">Retour \u00e0 la liste<\/a>\t\t\t\t\t\t\t\t<\/div>\n\t\t\t\t<\/div>\n\t\t\t\t<div class=\"elementor-element elementor-element-818d72f elementor-widget elementor-widget-text-editor\" data-id=\"818d72f\" data-element_type=\"widget\" data-widget_type=\"text-editor.default\">\n\t\t\t\t<div class=\"elementor-widget-container\">\n\t\t\t\t\t\t\t\t\t<p><strong><u>Emplacement :<br \/><\/u><\/strong><a href=\"https:\/\/www.google.fr\/maps?f=q&amp;source=s_q&amp;hl=fr&amp;geocode&amp;q=Priors%2BWay,%2BMaidenhead,%2BSL6%2B2HP,%2BUK&amp;sll=51.476315,-1.53778&amp;sspn=0.814287,2.449951&amp;ie=UTF8&amp;ll=51.499754,-0.709305&amp;spn=0.006358,0.01914&amp;z=16&amp;iwloc=addr\">Maidenhead, Berkshire, Royaume-Uni<\/a><\/p><p><strong><u>R\u00e9seau :<br \/><\/u><\/strong>Level3, Global Crossing, Deutsche Telekom et Tiscali<\/p><p><strong><u>Commentaire :<\/u><\/strong><br \/>RapidSwitch a la particularit\u00e9 de fournir une bande passante s\u00e9curis\u00e9e de haute capacit\u00e9, \u00e0 faible latence et s\u00e9curis\u00e9e. Les clients de Theire vont des fournisseurs de services de streaming, des entreprises de voix sur IP (VOIP) aux processeurs de transactions financi\u00e8res \u00e0 volume \u00e9lev\u00e9.<\/p><p>RapidSwitch fait partie des quelques FAI britanniques s\u00e9lectionn\u00e9s qui maintiennent une forte pr\u00e9sence de datacenters centraux, le personnel fournissant un support technique de la 1\u00e8re \u00e0 la 3\u00e8me ligne au centre de donn\u00e9es lui-m\u00eame.<\/p><p>RapidSwitch fonctionne sur les \u00e9quipements de r\u00e9seau Cisco. Pour garantir la meilleure performance \u00e0 chaque point du r\u00e9seau, tous les routages de notre r\u00e9seau sont effectu\u00e9s \u00e0 l\u2019aide de DCEF (Distributed Cisco Express Forwarding). Plut\u00f4t que de passer par un processeur unique dans un routeur, chaque routeur de notre r\u00e9seau dispose de plusieurs processeurs. r\u00e9partir la charge.<\/p><p>Le r\u00e9seau RapidSwitch vers Internet d\u00e9passe les 52 000 Mbits offerts par un certain nombre de fournisseurs, notamment Level3, Global Crossing, Deutsche Telekom et Tiscali.<\/p><p><strong>\u00c9tude de cas par Deloitte &amp; Touch<br \/><\/strong>RapidSwitch a \u00e9t\u00e9 class\u00e9 n \u00b0 10 dans le Deloitte Technology Fast 50, l\u2019un des programmes les plus prestigieux du Royaume-Uni en mati\u00e8re de technologie. Il est class\u00e9 parmi les 50 entreprises technologiques \u00e0 la croissance la plus rapide du pays.<\/p>\t\t\t\t\t\t\t\t<\/div>\n\t\t\t\t<\/div>\n\t\t\t\t<div class=\"elementor-element elementor-element-65da4e5 elementor-widget elementor-widget-image\" data-id=\"65da4e5\" data-element_type=\"widget\" data-widget_type=\"image.default\">\n\t\t\t\t<div class=\"elementor-widget-container\">\n\t\t\t\t\t\t\t\t\t\t\t\t\t\t\t<img fetchpriority=\"high\" decoding=\"async\" width=\"550\" height=\"400\" src=\"https:\/\/www.aryup.com\/fr\/wp-content\/uploads\/2022\/03\/rapidswitch-network.gif\" class=\"attachment-large size-large wp-image-2089\" alt=\"\" \/>\t\t\t\t\t\t\t\t\t\t\t\t\t\t\t<\/div>\n\t\t\t\t<\/div>\n\t\t\t\t\t<\/div>\n\t\t<\/div>\n\t\t\t\t\t<\/div>\n\t\t<\/section>\n\t\t\t\t<\/div>\n\t\t","protected":false},"excerpt":{"rendered":"<p>Centres de donn\u00e9es utilis\u00e9s par le r\u00e9seau Aryup : Retour \u00e0 la liste Emplacement : Maidenhead, Berkshire, Royaume-Uni R\u00e9seau : Level3, Global Crossing, Deutsche Telekom et Tiscali Commentaire : RapidSwitch a la particularit\u00e9 de fournir une bande passante s\u00e9curis\u00e9e de haute capacit\u00e9, \u00e0 faible latence et s\u00e9curis\u00e9e. Les clients de Theire vont des fournisseurs de [&hellip;]<\/p>\n","protected":false},"author":1,"featured_media":0,"parent":731,"menu_order":0,"comment_status":"closed","ping_status":"closed","template":"","meta":{"footnotes":""},"class_list":["post-2077","page","type-page","status-publish","hentry"],"yoast_head":"<!-- This site is optimized with the Yoast SEO plugin v26.9 - https:\/\/yoast.com\/product\/yoast-seo-wordpress\/ -->\n<title>Londres \u2013 Royaume-Uni - AGENCE WEB PARIS METZ LUXEMBOURG - SITE INTERNET - HEBERGEMENT - MARKETING - WEBDESIGN<\/title>\n<meta name=\"robots\" content=\"index, follow, max-snippet:-1, max-image-preview:large, max-video-preview:-1\" \/>\n<link rel=\"canonical\" href=\"https:\/\/www.aryup.com\/fr\/hebergement\/notre-reseau\/datacenter-london-uk\" \/>\n<meta property=\"og:locale\" content=\"fr_FR\" \/>\n<meta property=\"og:type\" content=\"article\" \/>\n<meta property=\"og:title\" content=\"Londres \u2013 Royaume-Uni - AGENCE WEB PARIS METZ LUXEMBOURG - SITE INTERNET - HEBERGEMENT - MARKETING - WEBDESIGN\" \/>\n<meta property=\"og:description\" content=\"Centres de donn\u00e9es utilis\u00e9s par le r\u00e9seau Aryup : Retour \u00e0 la liste Emplacement : Maidenhead, Berkshire, Royaume-Uni R\u00e9seau : Level3, Global Crossing, Deutsche Telekom et Tiscali Commentaire : RapidSwitch a la particularit\u00e9 de fournir une bande passante s\u00e9curis\u00e9e de haute capacit\u00e9, \u00e0 faible latence et s\u00e9curis\u00e9e. Les clients de Theire vont des fournisseurs de [&hellip;]\" \/>\n<meta property=\"og:url\" content=\"https:\/\/www.aryup.com\/fr\/hebergement\/notre-reseau\/datacenter-london-uk\" \/>\n<meta property=\"og:site_name\" content=\"AGENCE WEB PARIS METZ LUXEMBOURG - SITE INTERNET - HEBERGEMENT - MARKETING - WEBDESIGN\" \/>\n<meta property=\"article:modified_time\" content=\"2022-03-03T13:47:25+00:00\" \/>\n<meta property=\"og:image\" content=\"https:\/\/www.aryup.com\/fr\/wp-content\/uploads\/2022\/03\/rapidswitch-network.gif\" \/>\n<meta name=\"twitter:card\" content=\"summary_large_image\" \/>\n<meta name=\"twitter:label1\" content=\"Dur\u00e9e de lecture estim\u00e9e\" \/>\n\t<meta name=\"twitter:data1\" content=\"1 minute\" \/>\n<script type=\"application\/ld+json\" class=\"yoast-schema-graph\">{\"@context\":\"https:\/\/schema.org\",\"@graph\":[{\"@type\":\"WebPage\",\"@id\":\"https:\/\/www.aryup.com\/fr\/hebergement\/notre-reseau\/datacenter-london-uk\",\"url\":\"https:\/\/www.aryup.com\/fr\/hebergement\/notre-reseau\/datacenter-london-uk\",\"name\":\"Londres \u2013 Royaume-Uni - AGENCE WEB PARIS METZ LUXEMBOURG - SITE INTERNET - HEBERGEMENT - MARKETING - WEBDESIGN\",\"isPartOf\":{\"@id\":\"https:\/\/www.aryup.com\/fr\/#website\"},\"primaryImageOfPage\":{\"@id\":\"https:\/\/www.aryup.com\/fr\/hebergement\/notre-reseau\/datacenter-london-uk#primaryimage\"},\"image\":{\"@id\":\"https:\/\/www.aryup.com\/fr\/hebergement\/notre-reseau\/datacenter-london-uk#primaryimage\"},\"thumbnailUrl\":\"https:\/\/www.aryup.com\/fr\/wp-content\/uploads\/2022\/03\/rapidswitch-network.gif\",\"datePublished\":\"2022-03-03T12:57:17+00:00\",\"dateModified\":\"2022-03-03T13:47:25+00:00\",\"breadcrumb\":{\"@id\":\"https:\/\/www.aryup.com\/fr\/hebergement\/notre-reseau\/datacenter-london-uk#breadcrumb\"},\"inLanguage\":\"fr-FR\",\"potentialAction\":[{\"@type\":\"ReadAction\",\"target\":[\"https:\/\/www.aryup.com\/fr\/hebergement\/notre-reseau\/datacenter-london-uk\"]}]},{\"@type\":\"ImageObject\",\"inLanguage\":\"fr-FR\",\"@id\":\"https:\/\/www.aryup.com\/fr\/hebergement\/notre-reseau\/datacenter-london-uk#primaryimage\",\"url\":\"https:\/\/www.aryup.com\/fr\/wp-content\/uploads\/2022\/03\/rapidswitch-network.gif\",\"contentUrl\":\"https:\/\/www.aryup.com\/fr\/wp-content\/uploads\/2022\/03\/rapidswitch-network.gif\",\"width\":550,\"height\":400},{\"@type\":\"BreadcrumbList\",\"@id\":\"https:\/\/www.aryup.com\/fr\/hebergement\/notre-reseau\/datacenter-london-uk#breadcrumb\",\"itemListElement\":[{\"@type\":\"ListItem\",\"position\":1,\"name\":\"Accueil\",\"item\":\"https:\/\/www.aryup.com\/fr\/\"},{\"@type\":\"ListItem\",\"position\":2,\"name\":\"H\u00e9bergement\",\"item\":\"https:\/\/www.aryup.com\/fr\/hebergement\"},{\"@type\":\"ListItem\",\"position\":3,\"name\":\"Notre r\u00e9seau d\u2019h\u00e9bergement\",\"item\":\"https:\/\/www.aryup.com\/fr\/hebergement\/notre-reseau\"},{\"@type\":\"ListItem\",\"position\":4,\"name\":\"Londres \u2013 Royaume-Uni\"}]},{\"@type\":\"WebSite\",\"@id\":\"https:\/\/www.aryup.com\/fr\/#website\",\"url\":\"https:\/\/www.aryup.com\/fr\/\",\"name\":\"AGENCE WEB PARIS METZ LUXEMBOURG - SITE INTERNET - HEBERGEMENT - MARKETING - WEBDESIGN\",\"description\":\"Internationaliser votre site Internet - Cr\u00e9ation de sites internet pour les entreprises et particuliers. Nos services: conception, CMS, h\u00e9b\u00e9rgement, r\u00e9f\u00e9rencement SEO\/SEA, nom de domaine, emailing, maintenance et support.\",\"publisher\":{\"@id\":\"https:\/\/www.aryup.com\/fr\/#organization\"},\"potentialAction\":[{\"@type\":\"SearchAction\",\"target\":{\"@type\":\"EntryPoint\",\"urlTemplate\":\"https:\/\/www.aryup.com\/fr\/?s={search_term_string}\"},\"query-input\":{\"@type\":\"PropertyValueSpecification\",\"valueRequired\":true,\"valueName\":\"search_term_string\"}}],\"inLanguage\":\"fr-FR\"},{\"@type\":\"Organization\",\"@id\":\"https:\/\/www.aryup.com\/fr\/#organization\",\"name\":\"Aryup\",\"url\":\"https:\/\/www.aryup.com\/fr\/\",\"logo\":{\"@type\":\"ImageObject\",\"inLanguage\":\"fr-FR\",\"@id\":\"https:\/\/www.aryup.com\/fr\/#\/schema\/logo\/image\/\",\"url\":\"https:\/\/www.aryup.com\/fr\/wp-content\/uploads\/2022\/01\/favicon-aryup-192.png\",\"contentUrl\":\"https:\/\/www.aryup.com\/fr\/wp-content\/uploads\/2022\/01\/favicon-aryup-192.png\",\"width\":192,\"height\":192,\"caption\":\"Aryup\"},\"image\":{\"@id\":\"https:\/\/www.aryup.com\/fr\/#\/schema\/logo\/image\/\"}}]}<\/script>\n<!-- \/ Yoast SEO plugin. -->","yoast_head_json":{"title":"Londres \u2013 Royaume-Uni - AGENCE WEB PARIS METZ LUXEMBOURG - SITE INTERNET - HEBERGEMENT - MARKETING - WEBDESIGN","robots":{"index":"index","follow":"follow","max-snippet":"max-snippet:-1","max-image-preview":"max-image-preview:large","max-video-preview":"max-video-preview:-1"},"canonical":"https:\/\/www.aryup.com\/fr\/hebergement\/notre-reseau\/datacenter-london-uk","og_locale":"fr_FR","og_type":"article","og_title":"Londres \u2013 Royaume-Uni - AGENCE WEB PARIS METZ LUXEMBOURG - SITE INTERNET - HEBERGEMENT - MARKETING - WEBDESIGN","og_description":"Centres de donn\u00e9es utilis\u00e9s par le r\u00e9seau Aryup : Retour \u00e0 la liste Emplacement : Maidenhead, Berkshire, Royaume-Uni R\u00e9seau : Level3, Global Crossing, Deutsche Telekom et Tiscali Commentaire : RapidSwitch a la particularit\u00e9 de fournir une bande passante s\u00e9curis\u00e9e de haute capacit\u00e9, \u00e0 faible latence et s\u00e9curis\u00e9e. Les clients de Theire vont des fournisseurs de [&hellip;]","og_url":"https:\/\/www.aryup.com\/fr\/hebergement\/notre-reseau\/datacenter-london-uk","og_site_name":"AGENCE WEB PARIS METZ LUXEMBOURG - SITE INTERNET - HEBERGEMENT - MARKETING - WEBDESIGN","article_modified_time":"2022-03-03T13:47:25+00:00","og_image":[{"url":"https:\/\/www.aryup.com\/fr\/wp-content\/uploads\/2022\/03\/rapidswitch-network.gif","type":"","width":"","height":""}],"twitter_card":"summary_large_image","twitter_misc":{"Dur\u00e9e de lecture estim\u00e9e":"1 minute"},"schema":{"@context":"https:\/\/schema.org","@graph":[{"@type":"WebPage","@id":"https:\/\/www.aryup.com\/fr\/hebergement\/notre-reseau\/datacenter-london-uk","url":"https:\/\/www.aryup.com\/fr\/hebergement\/notre-reseau\/datacenter-london-uk","name":"Londres \u2013 Royaume-Uni - AGENCE WEB PARIS METZ LUXEMBOURG - SITE INTERNET - HEBERGEMENT - MARKETING - WEBDESIGN","isPartOf":{"@id":"https:\/\/www.aryup.com\/fr\/#website"},"primaryImageOfPage":{"@id":"https:\/\/www.aryup.com\/fr\/hebergement\/notre-reseau\/datacenter-london-uk#primaryimage"},"image":{"@id":"https:\/\/www.aryup.com\/fr\/hebergement\/notre-reseau\/datacenter-london-uk#primaryimage"},"thumbnailUrl":"https:\/\/www.aryup.com\/fr\/wp-content\/uploads\/2022\/03\/rapidswitch-network.gif","datePublished":"2022-03-03T12:57:17+00:00","dateModified":"2022-03-03T13:47:25+00:00","breadcrumb":{"@id":"https:\/\/www.aryup.com\/fr\/hebergement\/notre-reseau\/datacenter-london-uk#breadcrumb"},"inLanguage":"fr-FR","potentialAction":[{"@type":"ReadAction","target":["https:\/\/www.aryup.com\/fr\/hebergement\/notre-reseau\/datacenter-london-uk"]}]},{"@type":"ImageObject","inLanguage":"fr-FR","@id":"https:\/\/www.aryup.com\/fr\/hebergement\/notre-reseau\/datacenter-london-uk#primaryimage","url":"https:\/\/www.aryup.com\/fr\/wp-content\/uploads\/2022\/03\/rapidswitch-network.gif","contentUrl":"https:\/\/www.aryup.com\/fr\/wp-content\/uploads\/2022\/03\/rapidswitch-network.gif","width":550,"height":400},{"@type":"BreadcrumbList","@id":"https:\/\/www.aryup.com\/fr\/hebergement\/notre-reseau\/datacenter-london-uk#breadcrumb","itemListElement":[{"@type":"ListItem","position":1,"name":"Accueil","item":"https:\/\/www.aryup.com\/fr\/"},{"@type":"ListItem","position":2,"name":"H\u00e9bergement","item":"https:\/\/www.aryup.com\/fr\/hebergement"},{"@type":"ListItem","position":3,"name":"Notre r\u00e9seau d\u2019h\u00e9bergement","item":"https:\/\/www.aryup.com\/fr\/hebergement\/notre-reseau"},{"@type":"ListItem","position":4,"name":"Londres \u2013 Royaume-Uni"}]},{"@type":"WebSite","@id":"https:\/\/www.aryup.com\/fr\/#website","url":"https:\/\/www.aryup.com\/fr\/","name":"AGENCE WEB PARIS METZ LUXEMBOURG - SITE INTERNET - HEBERGEMENT - MARKETING - WEBDESIGN","description":"Internationaliser votre site Internet - Cr\u00e9ation de sites internet pour les entreprises et particuliers. Nos services: conception, CMS, h\u00e9b\u00e9rgement, r\u00e9f\u00e9rencement SEO\/SEA, nom de domaine, emailing, maintenance et support.","publisher":{"@id":"https:\/\/www.aryup.com\/fr\/#organization"},"potentialAction":[{"@type":"SearchAction","target":{"@type":"EntryPoint","urlTemplate":"https:\/\/www.aryup.com\/fr\/?s={search_term_string}"},"query-input":{"@type":"PropertyValueSpecification","valueRequired":true,"valueName":"search_term_string"}}],"inLanguage":"fr-FR"},{"@type":"Organization","@id":"https:\/\/www.aryup.com\/fr\/#organization","name":"Aryup","url":"https:\/\/www.aryup.com\/fr\/","logo":{"@type":"ImageObject","inLanguage":"fr-FR","@id":"https:\/\/www.aryup.com\/fr\/#\/schema\/logo\/image\/","url":"https:\/\/www.aryup.com\/fr\/wp-content\/uploads\/2022\/01\/favicon-aryup-192.png","contentUrl":"https:\/\/www.aryup.com\/fr\/wp-content\/uploads\/2022\/01\/favicon-aryup-192.png","width":192,"height":192,"caption":"Aryup"},"image":{"@id":"https:\/\/www.aryup.com\/fr\/#\/schema\/logo\/image\/"}}]}},"_links":{"self":[{"href":"https:\/\/www.aryup.com\/fr\/wp-json\/wp\/v2\/pages\/2077","targetHints":{"allow":["GET"]}}],"collection":[{"href":"https:\/\/www.aryup.com\/fr\/wp-json\/wp\/v2\/pages"}],"about":[{"href":"https:\/\/www.aryup.com\/fr\/wp-json\/wp\/v2\/types\/page"}],"author":[{"embeddable":true,"href":"https:\/\/www.aryup.com\/fr\/wp-json\/wp\/v2\/users\/1"}],"replies":[{"embeddable":true,"href":"https:\/\/www.aryup.com\/fr\/wp-json\/wp\/v2\/comments?post=2077"}],"version-history":[{"count":8,"href":"https:\/\/www.aryup.com\/fr\/wp-json\/wp\/v2\/pages\/2077\/revisions"}],"predecessor-version":[{"id":2175,"href":"https:\/\/www.aryup.com\/fr\/wp-json\/wp\/v2\/pages\/2077\/revisions\/2175"}],"up":[{"embeddable":true,"href":"https:\/\/www.aryup.com\/fr\/wp-json\/wp\/v2\/pages\/731"}],"wp:attachment":[{"href":"https:\/\/www.aryup.com\/fr\/wp-json\/wp\/v2\/media?parent=2077"}],"curies":[{"name":"wp","href":"https:\/\/api.w.org\/{rel}","templated":true}]}}