{"id":2054,"date":"2022-03-03T11:04:34","date_gmt":"2022-03-03T10:04:34","guid":{"rendered":"https:\/\/www.aryup.com\/fr\/?page_id=2054"},"modified":"2022-03-03T12:12:40","modified_gmt":"2022-03-03T11:12:40","slug":"datacenter-paris-dc1","status":"publish","type":"page","link":"https:\/\/www.aryup.com\/fr\/hebergement\/notre-reseau\/datacenter-paris-dc1","title":{"rendered":"Paris \u2013 France"},"content":{"rendered":"\t\t<div data-elementor-type=\"wp-page\" data-elementor-id=\"2054\" class=\"elementor elementor-2054\">\n\t\t\t\t\t\t<section class=\"elementor-section elementor-top-section elementor-element elementor-element-f21883c elementor-section-boxed elementor-section-height-default elementor-section-height-default\" data-id=\"f21883c\" data-element_type=\"section\">\n\t\t\t\t\t\t<div class=\"elementor-container elementor-column-gap-default\">\n\t\t\t\t\t<div class=\"elementor-column elementor-col-100 elementor-top-column elementor-element elementor-element-c996eb4\" data-id=\"c996eb4\" data-element_type=\"column\">\n\t\t\t<div class=\"elementor-widget-wrap elementor-element-populated\">\n\t\t\t\t\t\t<div class=\"elementor-element elementor-element-9245b55 elementor-widget elementor-widget-heading\" data-id=\"9245b55\" data-element_type=\"widget\" data-widget_type=\"heading.default\">\n\t\t\t\t<div class=\"elementor-widget-container\">\n\t\t\t\t\t<h2 class=\"elementor-heading-title elementor-size-default\">Centres de donn\u00e9es utilis\u00e9s par le r\u00e9seau Aryup :<\/h2>\t\t\t\t<\/div>\n\t\t\t\t<\/div>\n\t\t\t\t<div class=\"elementor-element elementor-element-391c838 elementor-widget-divider--view-line elementor-widget elementor-widget-divider\" data-id=\"391c838\" data-element_type=\"widget\" data-widget_type=\"divider.default\">\n\t\t\t\t<div class=\"elementor-widget-container\">\n\t\t\t\t\t\t\t<div class=\"elementor-divider\">\n\t\t\t<span class=\"elementor-divider-separator\">\n\t\t\t\t\t\t<\/span>\n\t\t<\/div>\n\t\t\t\t\t\t<\/div>\n\t\t\t\t<\/div>\n\t\t\t\t<div class=\"elementor-element elementor-element-964ee34 elementor-widget elementor-widget-text-editor\" data-id=\"964ee34\" data-element_type=\"widget\" data-widget_type=\"text-editor.default\">\n\t\t\t\t<div class=\"elementor-widget-container\">\n\t\t\t\t\t\t\t\t\t<a href=\"https:\/\/www.aryup.com\/fr\/hebergement\/notre-reseau\/\">Retour \u00e0 la liste<\/a>\t\t\t\t\t\t\t\t<\/div>\n\t\t\t\t<\/div>\n\t\t\t\t<div class=\"elementor-element elementor-element-aaae251 elementor-widget elementor-widget-text-editor\" data-id=\"aaae251\" data-element_type=\"widget\" data-widget_type=\"text-editor.default\">\n\t\t\t\t<div class=\"elementor-widget-container\">\n\t\t\t\t\t\t\t\t\t<p><strong><u>Emplacement :<br \/><\/u><\/strong>Rue Riquet, 75019 Paris, France<\/p><p><strong><u>R\u00e9seau :<br \/><\/u><\/strong>OVH<\/p><p><strong><u>Centre de donn\u00e9es :<br \/><\/u><\/strong>DC<\/p><p><strong><u>Photos :<\/u><\/strong><\/p>\t\t\t\t\t\t\t\t<\/div>\n\t\t\t\t<\/div>\n\t\t\t\t\t<\/div>\n\t\t<\/div>\n\t\t\t\t\t<\/div>\n\t\t<\/section>\n\t\t\t\t<section class=\"elementor-section elementor-top-section elementor-element elementor-element-1dee365 elementor-section-boxed elementor-section-height-default elementor-section-height-default\" data-id=\"1dee365\" data-element_type=\"section\">\n\t\t\t\t\t\t<div class=\"elementor-container elementor-column-gap-default\">\n\t\t\t\t\t<div class=\"elementor-column elementor-col-33 elementor-top-column elementor-element elementor-element-568c57a\" data-id=\"568c57a\" data-element_type=\"column\">\n\t\t\t<div class=\"elementor-widget-wrap elementor-element-populated\">\n\t\t\t\t\t\t<div class=\"elementor-element elementor-element-8071f3f elementor-widget elementor-widget-image\" data-id=\"8071f3f\" data-element_type=\"widget\" data-widget_type=\"image.default\">\n\t\t\t\t<div class=\"elementor-widget-container\">\n\t\t\t\t\t\t\t\t\t\t\t\t\t\t\t<img decoding=\"async\" width=\"150\" height=\"150\" src=\"https:\/\/www.aryup.com\/fr\/wp-content\/uploads\/2022\/03\/top_front-150x150.jpg\" class=\"attachment-thumbnail size-thumbnail wp-image-2072\" alt=\"\" \/>\t\t\t\t\t\t\t\t\t\t\t\t\t\t\t<\/div>\n\t\t\t\t<\/div>\n\t\t\t\t<div class=\"elementor-element elementor-element-2f5e3e3 elementor-widget elementor-widget-image\" data-id=\"2f5e3e3\" data-element_type=\"widget\" data-widget_type=\"image.default\">\n\t\t\t\t<div class=\"elementor-widget-container\">\n\t\t\t\t\t\t\t\t\t\t\t\t\t\t\t<img decoding=\"async\" width=\"150\" height=\"150\" src=\"https:\/\/www.aryup.com\/fr\/wp-content\/uploads\/2022\/03\/battery-150x150.jpg\" class=\"attachment-thumbnail size-thumbnail wp-image-2065\" alt=\"\" \/>\t\t\t\t\t\t\t\t\t\t\t\t\t\t\t<\/div>\n\t\t\t\t<\/div>\n\t\t\t\t<div class=\"elementor-element elementor-element-2541312 elementor-widget elementor-widget-image\" data-id=\"2541312\" data-element_type=\"widget\" data-widget_type=\"image.default\">\n\t\t\t\t<div class=\"elementor-widget-container\">\n\t\t\t\t\t\t\t\t\t\t\t\t\t\t\t<img decoding=\"async\" width=\"150\" height=\"150\" src=\"https:\/\/www.aryup.com\/fr\/wp-content\/uploads\/2022\/03\/back-150x150.jpg\" class=\"attachment-thumbnail size-thumbnail wp-image-2064\" alt=\"\" \/>\t\t\t\t\t\t\t\t\t\t\t\t\t\t\t<\/div>\n\t\t\t\t<\/div>\n\t\t\t\t\t<\/div>\n\t\t<\/div>\n\t\t\t\t<div class=\"elementor-column elementor-col-33 elementor-top-column elementor-element elementor-element-1f7070a\" data-id=\"1f7070a\" data-element_type=\"column\">\n\t\t\t<div class=\"elementor-widget-wrap elementor-element-populated\">\n\t\t\t\t\t\t<div class=\"elementor-element elementor-element-441eaaa elementor-widget elementor-widget-image\" data-id=\"441eaaa\" data-element_type=\"widget\" data-widget_type=\"image.default\">\n\t\t\t\t<div class=\"elementor-widget-container\">\n\t\t\t\t\t\t\t\t\t\t\t\t\t\t\t<img loading=\"lazy\" decoding=\"async\" width=\"150\" height=\"150\" src=\"https:\/\/www.aryup.com\/fr\/wp-content\/uploads\/2022\/03\/data_floor-150x150.jpg\" class=\"attachment-thumbnail size-thumbnail wp-image-2068\" alt=\"\" \/>\t\t\t\t\t\t\t\t\t\t\t\t\t\t\t<\/div>\n\t\t\t\t<\/div>\n\t\t\t\t<div class=\"elementor-element elementor-element-061ad05 elementor-widget elementor-widget-image\" data-id=\"061ad05\" data-element_type=\"widget\" data-widget_type=\"image.default\">\n\t\t\t\t<div class=\"elementor-widget-container\">\n\t\t\t\t\t\t\t\t\t\t\t\t\t\t\t<img loading=\"lazy\" decoding=\"async\" width=\"150\" height=\"150\" src=\"https:\/\/www.aryup.com\/fr\/wp-content\/uploads\/2022\/03\/middle_front-150x150.jpg\" class=\"attachment-thumbnail size-thumbnail wp-image-2071\" alt=\"\" \/>\t\t\t\t\t\t\t\t\t\t\t\t\t\t\t<\/div>\n\t\t\t\t<\/div>\n\t\t\t\t<div class=\"elementor-element elementor-element-8be0b8b elementor-widget elementor-widget-image\" data-id=\"8be0b8b\" data-element_type=\"widget\" data-widget_type=\"image.default\">\n\t\t\t\t<div class=\"elementor-widget-container\">\n\t\t\t\t\t\t\t\t\t\t\t\t\t\t\t<img loading=\"lazy\" decoding=\"async\" width=\"150\" height=\"150\" src=\"https:\/\/www.aryup.com\/fr\/wp-content\/uploads\/2022\/03\/clim-150x150.jpg\" class=\"attachment-thumbnail size-thumbnail wp-image-2066\" alt=\"\" \/>\t\t\t\t\t\t\t\t\t\t\t\t\t\t\t<\/div>\n\t\t\t\t<\/div>\n\t\t\t\t\t<\/div>\n\t\t<\/div>\n\t\t\t\t<div class=\"elementor-column elementor-col-33 elementor-top-column elementor-element elementor-element-3658bef\" data-id=\"3658bef\" data-element_type=\"column\">\n\t\t\t<div class=\"elementor-widget-wrap elementor-element-populated\">\n\t\t\t\t\t\t<div class=\"elementor-element elementor-element-569cb0a elementor-widget elementor-widget-image\" data-id=\"569cb0a\" data-element_type=\"widget\" data-widget_type=\"image.default\">\n\t\t\t\t<div class=\"elementor-widget-container\">\n\t\t\t\t\t\t\t\t\t\t\t\t\t\t\t<img loading=\"lazy\" decoding=\"async\" width=\"150\" height=\"150\" src=\"https:\/\/www.aryup.com\/fr\/wp-content\/uploads\/2022\/03\/compressor-150x150.jpg\" class=\"attachment-thumbnail size-thumbnail wp-image-2067\" alt=\"\" \/>\t\t\t\t\t\t\t\t\t\t\t\t\t\t\t<\/div>\n\t\t\t\t<\/div>\n\t\t\t\t<div class=\"elementor-element elementor-element-56e991b elementor-widget elementor-widget-image\" data-id=\"56e991b\" data-element_type=\"widget\" data-widget_type=\"image.default\">\n\t\t\t\t<div class=\"elementor-widget-container\">\n\t\t\t\t\t\t\t\t\t\t\t\t\t\t\t<img loading=\"lazy\" decoding=\"async\" width=\"150\" height=\"150\" src=\"https:\/\/www.aryup.com\/fr\/wp-content\/uploads\/2022\/03\/heat_output-150x150.jpg\" class=\"attachment-thumbnail size-thumbnail wp-image-2070\" alt=\"\" \/>\t\t\t\t\t\t\t\t\t\t\t\t\t\t\t<\/div>\n\t\t\t\t<\/div>\n\t\t\t\t<div class=\"elementor-element elementor-element-aee8f18 elementor-widget elementor-widget-image\" data-id=\"aee8f18\" data-element_type=\"widget\" data-widget_type=\"image.default\">\n\t\t\t\t<div class=\"elementor-widget-container\">\n\t\t\t\t\t\t\t\t\t\t\t\t\t\t\t<img loading=\"lazy\" decoding=\"async\" width=\"150\" height=\"150\" src=\"https:\/\/www.aryup.com\/fr\/wp-content\/uploads\/2022\/03\/groupe-150x150.jpg\" class=\"attachment-thumbnail size-thumbnail wp-image-2069\" alt=\"\" \/>\t\t\t\t\t\t\t\t\t\t\t\t\t\t\t<\/div>\n\t\t\t\t<\/div>\n\t\t\t\t\t<\/div>\n\t\t<\/div>\n\t\t\t\t\t<\/div>\n\t\t<\/section>\n\t\t\t\t<\/div>\n\t\t","protected":false},"excerpt":{"rendered":"<p>Centres de donn\u00e9es utilis\u00e9s par le r\u00e9seau Aryup : Retour \u00e0 la liste Emplacement :Rue Riquet, 75019 Paris, France R\u00e9seau :OVH Centre de donn\u00e9es :DC Photos :<\/p>\n","protected":false},"author":1,"featured_media":0,"parent":731,"menu_order":0,"comment_status":"closed","ping_status":"closed","template":"","meta":{"footnotes":""},"class_list":["post-2054","page","type-page","status-publish","hentry"],"yoast_head":"<!-- This site is optimized with the Yoast SEO plugin v26.9 - https:\/\/yoast.com\/product\/yoast-seo-wordpress\/ -->\n<title>Paris \u2013 France - AGENCE WEB PARIS METZ LUXEMBOURG - SITE INTERNET - HEBERGEMENT - MARKETING - WEBDESIGN<\/title>\n<meta name=\"robots\" content=\"index, follow, max-snippet:-1, max-image-preview:large, max-video-preview:-1\" \/>\n<link rel=\"canonical\" href=\"https:\/\/www.aryup.com\/fr\/hebergement\/notre-reseau\/datacenter-paris-dc1\" \/>\n<meta property=\"og:locale\" content=\"fr_FR\" \/>\n<meta property=\"og:type\" content=\"article\" \/>\n<meta property=\"og:title\" content=\"Paris \u2013 France - AGENCE WEB PARIS METZ LUXEMBOURG - SITE INTERNET - HEBERGEMENT - MARKETING - WEBDESIGN\" \/>\n<meta property=\"og:description\" content=\"Centres de donn\u00e9es utilis\u00e9s par le r\u00e9seau Aryup : Retour \u00e0 la liste Emplacement :Rue Riquet, 75019 Paris, France R\u00e9seau :OVH Centre de donn\u00e9es :DC Photos :\" \/>\n<meta property=\"og:url\" content=\"https:\/\/www.aryup.com\/fr\/hebergement\/notre-reseau\/datacenter-paris-dc1\" \/>\n<meta property=\"og:site_name\" content=\"AGENCE WEB PARIS METZ LUXEMBOURG - SITE INTERNET - HEBERGEMENT - MARKETING - WEBDESIGN\" \/>\n<meta property=\"article:modified_time\" content=\"2022-03-03T11:12:40+00:00\" \/>\n<meta property=\"og:image\" content=\"https:\/\/www.aryup.com\/fr\/wp-content\/uploads\/2022\/03\/top_front-150x150.jpg\" \/>\n<meta name=\"twitter:card\" content=\"summary_large_image\" \/>\n<script type=\"application\/ld+json\" class=\"yoast-schema-graph\">{\"@context\":\"https:\/\/schema.org\",\"@graph\":[{\"@type\":\"WebPage\",\"@id\":\"https:\/\/www.aryup.com\/fr\/hebergement\/notre-reseau\/datacenter-paris-dc1\",\"url\":\"https:\/\/www.aryup.com\/fr\/hebergement\/notre-reseau\/datacenter-paris-dc1\",\"name\":\"Paris \u2013 France - AGENCE WEB PARIS METZ LUXEMBOURG - SITE INTERNET - HEBERGEMENT - MARKETING - WEBDESIGN\",\"isPartOf\":{\"@id\":\"https:\/\/www.aryup.com\/fr\/#website\"},\"primaryImageOfPage\":{\"@id\":\"https:\/\/www.aryup.com\/fr\/hebergement\/notre-reseau\/datacenter-paris-dc1#primaryimage\"},\"image\":{\"@id\":\"https:\/\/www.aryup.com\/fr\/hebergement\/notre-reseau\/datacenter-paris-dc1#primaryimage\"},\"thumbnailUrl\":\"https:\/\/www.aryup.com\/fr\/wp-content\/uploads\/2022\/03\/top_front-150x150.jpg\",\"datePublished\":\"2022-03-03T10:04:34+00:00\",\"dateModified\":\"2022-03-03T11:12:40+00:00\",\"breadcrumb\":{\"@id\":\"https:\/\/www.aryup.com\/fr\/hebergement\/notre-reseau\/datacenter-paris-dc1#breadcrumb\"},\"inLanguage\":\"fr-FR\",\"potentialAction\":[{\"@type\":\"ReadAction\",\"target\":[\"https:\/\/www.aryup.com\/fr\/hebergement\/notre-reseau\/datacenter-paris-dc1\"]}]},{\"@type\":\"ImageObject\",\"inLanguage\":\"fr-FR\",\"@id\":\"https:\/\/www.aryup.com\/fr\/hebergement\/notre-reseau\/datacenter-paris-dc1#primaryimage\",\"url\":\"https:\/\/www.aryup.com\/fr\/wp-content\/uploads\/2022\/03\/top_front.jpg\",\"contentUrl\":\"https:\/\/www.aryup.com\/fr\/wp-content\/uploads\/2022\/03\/top_front.jpg\",\"width\":1056,\"height\":1408},{\"@type\":\"BreadcrumbList\",\"@id\":\"https:\/\/www.aryup.com\/fr\/hebergement\/notre-reseau\/datacenter-paris-dc1#breadcrumb\",\"itemListElement\":[{\"@type\":\"ListItem\",\"position\":1,\"name\":\"Accueil\",\"item\":\"https:\/\/www.aryup.com\/fr\/\"},{\"@type\":\"ListItem\",\"position\":2,\"name\":\"H\u00e9bergement\",\"item\":\"https:\/\/www.aryup.com\/fr\/hebergement\"},{\"@type\":\"ListItem\",\"position\":3,\"name\":\"Notre r\u00e9seau d\u2019h\u00e9bergement\",\"item\":\"https:\/\/www.aryup.com\/fr\/hebergement\/notre-reseau\"},{\"@type\":\"ListItem\",\"position\":4,\"name\":\"Paris \u2013 France\"}]},{\"@type\":\"WebSite\",\"@id\":\"https:\/\/www.aryup.com\/fr\/#website\",\"url\":\"https:\/\/www.aryup.com\/fr\/\",\"name\":\"AGENCE WEB PARIS METZ LUXEMBOURG - SITE INTERNET - HEBERGEMENT - MARKETING - WEBDESIGN\",\"description\":\"Internationaliser votre site Internet - Cr\u00e9ation de sites internet pour les entreprises et particuliers. Nos services: conception, CMS, h\u00e9b\u00e9rgement, r\u00e9f\u00e9rencement SEO\/SEA, nom de domaine, emailing, maintenance et support.\",\"publisher\":{\"@id\":\"https:\/\/www.aryup.com\/fr\/#organization\"},\"potentialAction\":[{\"@type\":\"SearchAction\",\"target\":{\"@type\":\"EntryPoint\",\"urlTemplate\":\"https:\/\/www.aryup.com\/fr\/?s={search_term_string}\"},\"query-input\":{\"@type\":\"PropertyValueSpecification\",\"valueRequired\":true,\"valueName\":\"search_term_string\"}}],\"inLanguage\":\"fr-FR\"},{\"@type\":\"Organization\",\"@id\":\"https:\/\/www.aryup.com\/fr\/#organization\",\"name\":\"Aryup\",\"url\":\"https:\/\/www.aryup.com\/fr\/\",\"logo\":{\"@type\":\"ImageObject\",\"inLanguage\":\"fr-FR\",\"@id\":\"https:\/\/www.aryup.com\/fr\/#\/schema\/logo\/image\/\",\"url\":\"https:\/\/www.aryup.com\/fr\/wp-content\/uploads\/2022\/01\/favicon-aryup-192.png\",\"contentUrl\":\"https:\/\/www.aryup.com\/fr\/wp-content\/uploads\/2022\/01\/favicon-aryup-192.png\",\"width\":192,\"height\":192,\"caption\":\"Aryup\"},\"image\":{\"@id\":\"https:\/\/www.aryup.com\/fr\/#\/schema\/logo\/image\/\"}}]}<\/script>\n<!-- \/ Yoast SEO plugin. -->","yoast_head_json":{"title":"Paris \u2013 France - AGENCE WEB PARIS METZ LUXEMBOURG - SITE INTERNET - HEBERGEMENT - MARKETING - WEBDESIGN","robots":{"index":"index","follow":"follow","max-snippet":"max-snippet:-1","max-image-preview":"max-image-preview:large","max-video-preview":"max-video-preview:-1"},"canonical":"https:\/\/www.aryup.com\/fr\/hebergement\/notre-reseau\/datacenter-paris-dc1","og_locale":"fr_FR","og_type":"article","og_title":"Paris \u2013 France - AGENCE WEB PARIS METZ LUXEMBOURG - SITE INTERNET - HEBERGEMENT - MARKETING - WEBDESIGN","og_description":"Centres de donn\u00e9es utilis\u00e9s par le r\u00e9seau Aryup : Retour \u00e0 la liste Emplacement :Rue Riquet, 75019 Paris, France R\u00e9seau :OVH Centre de donn\u00e9es :DC Photos :","og_url":"https:\/\/www.aryup.com\/fr\/hebergement\/notre-reseau\/datacenter-paris-dc1","og_site_name":"AGENCE WEB PARIS METZ LUXEMBOURG - SITE INTERNET - HEBERGEMENT - MARKETING - WEBDESIGN","article_modified_time":"2022-03-03T11:12:40+00:00","og_image":[{"url":"https:\/\/www.aryup.com\/fr\/wp-content\/uploads\/2022\/03\/top_front-150x150.jpg","type":"","width":"","height":""}],"twitter_card":"summary_large_image","schema":{"@context":"https:\/\/schema.org","@graph":[{"@type":"WebPage","@id":"https:\/\/www.aryup.com\/fr\/hebergement\/notre-reseau\/datacenter-paris-dc1","url":"https:\/\/www.aryup.com\/fr\/hebergement\/notre-reseau\/datacenter-paris-dc1","name":"Paris \u2013 France - AGENCE WEB PARIS METZ LUXEMBOURG - SITE INTERNET - HEBERGEMENT - MARKETING - WEBDESIGN","isPartOf":{"@id":"https:\/\/www.aryup.com\/fr\/#website"},"primaryImageOfPage":{"@id":"https:\/\/www.aryup.com\/fr\/hebergement\/notre-reseau\/datacenter-paris-dc1#primaryimage"},"image":{"@id":"https:\/\/www.aryup.com\/fr\/hebergement\/notre-reseau\/datacenter-paris-dc1#primaryimage"},"thumbnailUrl":"https:\/\/www.aryup.com\/fr\/wp-content\/uploads\/2022\/03\/top_front-150x150.jpg","datePublished":"2022-03-03T10:04:34+00:00","dateModified":"2022-03-03T11:12:40+00:00","breadcrumb":{"@id":"https:\/\/www.aryup.com\/fr\/hebergement\/notre-reseau\/datacenter-paris-dc1#breadcrumb"},"inLanguage":"fr-FR","potentialAction":[{"@type":"ReadAction","target":["https:\/\/www.aryup.com\/fr\/hebergement\/notre-reseau\/datacenter-paris-dc1"]}]},{"@type":"ImageObject","inLanguage":"fr-FR","@id":"https:\/\/www.aryup.com\/fr\/hebergement\/notre-reseau\/datacenter-paris-dc1#primaryimage","url":"https:\/\/www.aryup.com\/fr\/wp-content\/uploads\/2022\/03\/top_front.jpg","contentUrl":"https:\/\/www.aryup.com\/fr\/wp-content\/uploads\/2022\/03\/top_front.jpg","width":1056,"height":1408},{"@type":"BreadcrumbList","@id":"https:\/\/www.aryup.com\/fr\/hebergement\/notre-reseau\/datacenter-paris-dc1#breadcrumb","itemListElement":[{"@type":"ListItem","position":1,"name":"Accueil","item":"https:\/\/www.aryup.com\/fr\/"},{"@type":"ListItem","position":2,"name":"H\u00e9bergement","item":"https:\/\/www.aryup.com\/fr\/hebergement"},{"@type":"ListItem","position":3,"name":"Notre r\u00e9seau d\u2019h\u00e9bergement","item":"https:\/\/www.aryup.com\/fr\/hebergement\/notre-reseau"},{"@type":"ListItem","position":4,"name":"Paris \u2013 France"}]},{"@type":"WebSite","@id":"https:\/\/www.aryup.com\/fr\/#website","url":"https:\/\/www.aryup.com\/fr\/","name":"AGENCE WEB PARIS METZ LUXEMBOURG - SITE INTERNET - HEBERGEMENT - MARKETING - WEBDESIGN","description":"Internationaliser votre site Internet - Cr\u00e9ation de sites internet pour les entreprises et particuliers. Nos services: conception, CMS, h\u00e9b\u00e9rgement, r\u00e9f\u00e9rencement SEO\/SEA, nom de domaine, emailing, maintenance et support.","publisher":{"@id":"https:\/\/www.aryup.com\/fr\/#organization"},"potentialAction":[{"@type":"SearchAction","target":{"@type":"EntryPoint","urlTemplate":"https:\/\/www.aryup.com\/fr\/?s={search_term_string}"},"query-input":{"@type":"PropertyValueSpecification","valueRequired":true,"valueName":"search_term_string"}}],"inLanguage":"fr-FR"},{"@type":"Organization","@id":"https:\/\/www.aryup.com\/fr\/#organization","name":"Aryup","url":"https:\/\/www.aryup.com\/fr\/","logo":{"@type":"ImageObject","inLanguage":"fr-FR","@id":"https:\/\/www.aryup.com\/fr\/#\/schema\/logo\/image\/","url":"https:\/\/www.aryup.com\/fr\/wp-content\/uploads\/2022\/01\/favicon-aryup-192.png","contentUrl":"https:\/\/www.aryup.com\/fr\/wp-content\/uploads\/2022\/01\/favicon-aryup-192.png","width":192,"height":192,"caption":"Aryup"},"image":{"@id":"https:\/\/www.aryup.com\/fr\/#\/schema\/logo\/image\/"}}]}},"_links":{"self":[{"href":"https:\/\/www.aryup.com\/fr\/wp-json\/wp\/v2\/pages\/2054","targetHints":{"allow":["GET"]}}],"collection":[{"href":"https:\/\/www.aryup.com\/fr\/wp-json\/wp\/v2\/pages"}],"about":[{"href":"https:\/\/www.aryup.com\/fr\/wp-json\/wp\/v2\/types\/page"}],"author":[{"embeddable":true,"href":"https:\/\/www.aryup.com\/fr\/wp-json\/wp\/v2\/users\/1"}],"replies":[{"embeddable":true,"href":"https:\/\/www.aryup.com\/fr\/wp-json\/wp\/v2\/comments?post=2054"}],"version-history":[{"count":8,"href":"https:\/\/www.aryup.com\/fr\/wp-json\/wp\/v2\/pages\/2054\/revisions"}],"predecessor-version":[{"id":2076,"href":"https:\/\/www.aryup.com\/fr\/wp-json\/wp\/v2\/pages\/2054\/revisions\/2076"}],"up":[{"embeddable":true,"href":"https:\/\/www.aryup.com\/fr\/wp-json\/wp\/v2\/pages\/731"}],"wp:attachment":[{"href":"https:\/\/www.aryup.com\/fr\/wp-json\/wp\/v2\/media?parent=2054"}],"curies":[{"name":"wp","href":"https:\/\/api.w.org\/{rel}","templated":true}]}}