{"id":2029,"date":"2022-03-03T10:13:59","date_gmt":"2022-03-03T09:13:59","guid":{"rendered":"https:\/\/www.aryup.com\/fr\/?page_id=2029"},"modified":"2022-03-03T11:05:34","modified_gmt":"2022-03-03T10:05:34","slug":"datacenter-singapore-asia","status":"publish","type":"page","link":"https:\/\/www.aryup.com\/fr\/hebergement\/notre-reseau\/datacenter-singapore-asia","title":{"rendered":"Singapour \u2013 Asie"},"content":{"rendered":"\t\t<div data-elementor-type=\"wp-page\" data-elementor-id=\"2029\" class=\"elementor elementor-2029\">\n\t\t\t\t\t\t<section class=\"elementor-section elementor-top-section elementor-element elementor-element-74dd000 elementor-section-boxed elementor-section-height-default elementor-section-height-default\" data-id=\"74dd000\" data-element_type=\"section\">\n\t\t\t\t\t\t<div class=\"elementor-container elementor-column-gap-default\">\n\t\t\t\t\t<div class=\"elementor-column elementor-col-100 elementor-top-column elementor-element elementor-element-d554403\" data-id=\"d554403\" data-element_type=\"column\">\n\t\t\t<div class=\"elementor-widget-wrap elementor-element-populated\">\n\t\t\t\t\t\t<div class=\"elementor-element elementor-element-5ca567f elementor-widget elementor-widget-heading\" data-id=\"5ca567f\" data-element_type=\"widget\" data-widget_type=\"heading.default\">\n\t\t\t\t<div class=\"elementor-widget-container\">\n\t\t\t\t\t<h2 class=\"elementor-heading-title elementor-size-default\">Centres de donn\u00e9es utilis\u00e9s par le r\u00e9seau Aryup :<\/h2>\t\t\t\t<\/div>\n\t\t\t\t<\/div>\n\t\t\t\t<div class=\"elementor-element elementor-element-ee9b974 elementor-widget-divider--view-line elementor-widget elementor-widget-divider\" data-id=\"ee9b974\" data-element_type=\"widget\" data-widget_type=\"divider.default\">\n\t\t\t\t<div class=\"elementor-widget-container\">\n\t\t\t\t\t\t\t<div class=\"elementor-divider\">\n\t\t\t<span class=\"elementor-divider-separator\">\n\t\t\t\t\t\t<\/span>\n\t\t<\/div>\n\t\t\t\t\t\t<\/div>\n\t\t\t\t<\/div>\n\t\t\t\t<div class=\"elementor-element elementor-element-2a86880 elementor-widget elementor-widget-text-editor\" data-id=\"2a86880\" data-element_type=\"widget\" data-widget_type=\"text-editor.default\">\n\t\t\t\t<div class=\"elementor-widget-container\">\n\t\t\t\t\t\t\t\t\t<a href=\"https:\/\/www.aryup.com\/fr\/hebergement\/notre-reseau\/\">Retour \u00e0 la liste<\/a>\t\t\t\t\t\t\t\t<\/div>\n\t\t\t\t<\/div>\n\t\t\t\t<div class=\"elementor-element elementor-element-70ae5b8 elementor-widget elementor-widget-text-editor\" data-id=\"70ae5b8\" data-element_type=\"widget\" data-widget_type=\"text-editor.default\">\n\t\t\t\t<div class=\"elementor-widget-container\">\n\t\t\t\t\t\t\t\t\t<p><strong><u>Emplacements :<br \/><\/u><\/strong>5 avenue Kallang, n\u00b005-04<br \/>Singapour 339416 (Asie du sud-est)<\/p><p><strong><u>R\u00e9seau :<br \/><\/u><\/strong>Le nouveau DC (Ascenix) fonctionne de mani\u00e8re similaire \u00e0 Equinix en tant que centre de donn\u00e9es neutre pour les op\u00e9rateurs.<br \/>1 x 1Gbps fibre de SingTel Cross-connect \u00e0 Equinix (Croissant Ayer Rajah, West Singapore)<br \/>1 x 1Gbps fibre de SingTel Cross-connect \u00e0 1-Net Singapour (Technoparc Chaichee, East Singapore), en attente d\u2019\u00eatre pr\u00eat dans un d\u00e9lai de 3 mois.<\/p><p>Dans Equinix, nous sommes connect\u00e9s aux suivants en amont :<br \/>\u2013 R\u00e9seau IP mondial NTT (AS2914)<br \/>\u2013 China Telecom CN2 (AS4809)<br \/>\u2013 Starhub (AS4657)<\/p><p><strong><u>Centre de donn\u00e9e :<br \/><\/u><\/strong><\/p><ul><li>20 000 pieds carr\u00e9s<\/li><li>Deux alimentations \u00e9lectriques entrantes<\/li><li>Tableau secondaire \u00e0 double alimentation et tableaux de distribution de charge critiques<\/li><li>Groupes \u00e9lectrog\u00e8nes de secours<\/li><li>Plancher sur\u00e9lev\u00e9<\/li><li>Construit avec la redondance de N + 1 partout, y compris plusieurs syst\u00e8mes de la CAHT et la puissance redondante<\/li><li>Syst\u00e8mes de contr\u00f4le de temp\u00e9rature CVC<\/li><li>Zones de refroidissement s\u00e9par\u00e9es<\/li><li>Disjoncteur individuel de niveau de rack<\/li><li>Syst\u00e8me de d\u00e9tection de fum\u00e9e<\/li><li>Syst\u00e8me d\u2019extinction d\u2019incendie FM200<\/li><li>Surveillance par cam\u00e9ra vid\u00e9o<\/li><li>Acc\u00e8s individuel par carte de proximit\u00e9<\/li><li>La s\u00e9curit\u00e9 physique est confi\u00e9e \u00e0 un syst\u00e8me de surveillance en temps r\u00e9el 24 heures sur 24, 7 jours sur 7, CCTV et syst\u00e8me de contr\u00f4le d\u2019acc\u00e8s par carte<\/li><li>Murs ext\u00e9rieurs pare-balles, portes et panneaux de verre<\/li><li>R\u00e9seau enti\u00e8rement aliment\u00e9 par des syst\u00e8mes Cisco de haute technologie bien connus<\/li><\/ul><p><strong><u>Fournisseurs de r\u00e9seau en amont :<br \/><\/u><\/strong><\/p><ul><li>PacNet<\/li><li>1-Net<\/li><li>Starhub<\/li><li>STIX<\/li><li>Acc\u00e9der aux services Internet<\/li><li>MCI<\/li><li>ANC<\/li><\/ul>\t\t\t\t\t\t\t\t<\/div>\n\t\t\t\t<\/div>\n\t\t\t\t\t<\/div>\n\t\t<\/div>\n\t\t\t\t\t<\/div>\n\t\t<\/section>\n\t\t\t\t<\/div>\n\t\t","protected":false},"excerpt":{"rendered":"<p>Centres de donn\u00e9es utilis\u00e9s par le r\u00e9seau Aryup : Retour \u00e0 la liste Emplacements : 5 avenue Kallang, n\u00b005-04 Singapour 339416 (Asie du sud-est) R\u00e9seau : Le nouveau DC (Ascenix) fonctionne de mani\u00e8re similaire \u00e0 Equinix en tant que centre de donn\u00e9es neutre pour les op\u00e9rateurs. 1 x 1Gbps fibre de SingTel Cross-connect \u00e0 Equinix [&hellip;]<\/p>\n","protected":false},"author":1,"featured_media":0,"parent":731,"menu_order":0,"comment_status":"closed","ping_status":"closed","template":"","meta":{"footnotes":""},"class_list":["post-2029","page","type-page","status-publish","hentry"],"yoast_head":"<!-- This site is optimized with the Yoast SEO plugin v26.9 - https:\/\/yoast.com\/product\/yoast-seo-wordpress\/ -->\n<title>Singapour \u2013 Asie - AGENCE WEB PARIS METZ LUXEMBOURG - SITE INTERNET - HEBERGEMENT - MARKETING - WEBDESIGN<\/title>\n<meta name=\"robots\" content=\"index, follow, max-snippet:-1, max-image-preview:large, max-video-preview:-1\" \/>\n<link rel=\"canonical\" href=\"https:\/\/www.aryup.com\/fr\/hebergement\/notre-reseau\/datacenter-singapore-asia\" \/>\n<meta property=\"og:locale\" content=\"fr_FR\" \/>\n<meta property=\"og:type\" content=\"article\" \/>\n<meta property=\"og:title\" content=\"Singapour \u2013 Asie - AGENCE WEB PARIS METZ LUXEMBOURG - SITE INTERNET - HEBERGEMENT - MARKETING - WEBDESIGN\" \/>\n<meta property=\"og:description\" content=\"Centres de donn\u00e9es utilis\u00e9s par le r\u00e9seau Aryup : Retour \u00e0 la liste Emplacements : 5 avenue Kallang, n\u00b005-04 Singapour 339416 (Asie du sud-est) R\u00e9seau : Le nouveau DC (Ascenix) fonctionne de mani\u00e8re similaire \u00e0 Equinix en tant que centre de donn\u00e9es neutre pour les op\u00e9rateurs. 1 x 1Gbps fibre de SingTel Cross-connect \u00e0 Equinix [&hellip;]\" \/>\n<meta property=\"og:url\" content=\"https:\/\/www.aryup.com\/fr\/hebergement\/notre-reseau\/datacenter-singapore-asia\" \/>\n<meta property=\"og:site_name\" content=\"AGENCE WEB PARIS METZ LUXEMBOURG - SITE INTERNET - HEBERGEMENT - MARKETING - WEBDESIGN\" \/>\n<meta property=\"article:modified_time\" content=\"2022-03-03T10:05:34+00:00\" \/>\n<meta property=\"og:image\" content=\"https:\/\/www.aryup.com\/fr\/wp-content\/uploads\/2022\/01\/favicon-aryup-192.png\" \/>\n\t<meta property=\"og:image:width\" content=\"192\" \/>\n\t<meta property=\"og:image:height\" content=\"192\" \/>\n\t<meta property=\"og:image:type\" content=\"image\/png\" \/>\n<meta name=\"twitter:card\" content=\"summary_large_image\" \/>\n<meta name=\"twitter:label1\" content=\"Dur\u00e9e de lecture estim\u00e9e\" \/>\n\t<meta name=\"twitter:data1\" content=\"1 minute\" \/>\n<script type=\"application\/ld+json\" class=\"yoast-schema-graph\">{\"@context\":\"https:\/\/schema.org\",\"@graph\":[{\"@type\":\"WebPage\",\"@id\":\"https:\/\/www.aryup.com\/fr\/hebergement\/notre-reseau\/datacenter-singapore-asia\",\"url\":\"https:\/\/www.aryup.com\/fr\/hebergement\/notre-reseau\/datacenter-singapore-asia\",\"name\":\"Singapour \u2013 Asie - AGENCE WEB PARIS METZ LUXEMBOURG - SITE INTERNET - HEBERGEMENT - MARKETING - WEBDESIGN\",\"isPartOf\":{\"@id\":\"https:\/\/www.aryup.com\/fr\/#website\"},\"datePublished\":\"2022-03-03T09:13:59+00:00\",\"dateModified\":\"2022-03-03T10:05:34+00:00\",\"breadcrumb\":{\"@id\":\"https:\/\/www.aryup.com\/fr\/hebergement\/notre-reseau\/datacenter-singapore-asia#breadcrumb\"},\"inLanguage\":\"fr-FR\",\"potentialAction\":[{\"@type\":\"ReadAction\",\"target\":[\"https:\/\/www.aryup.com\/fr\/hebergement\/notre-reseau\/datacenter-singapore-asia\"]}]},{\"@type\":\"BreadcrumbList\",\"@id\":\"https:\/\/www.aryup.com\/fr\/hebergement\/notre-reseau\/datacenter-singapore-asia#breadcrumb\",\"itemListElement\":[{\"@type\":\"ListItem\",\"position\":1,\"name\":\"Accueil\",\"item\":\"https:\/\/www.aryup.com\/fr\/\"},{\"@type\":\"ListItem\",\"position\":2,\"name\":\"H\u00e9bergement\",\"item\":\"https:\/\/www.aryup.com\/fr\/hebergement\"},{\"@type\":\"ListItem\",\"position\":3,\"name\":\"Notre r\u00e9seau d\u2019h\u00e9bergement\",\"item\":\"https:\/\/www.aryup.com\/fr\/hebergement\/notre-reseau\"},{\"@type\":\"ListItem\",\"position\":4,\"name\":\"Singapour \u2013 Asie\"}]},{\"@type\":\"WebSite\",\"@id\":\"https:\/\/www.aryup.com\/fr\/#website\",\"url\":\"https:\/\/www.aryup.com\/fr\/\",\"name\":\"AGENCE WEB PARIS METZ LUXEMBOURG - SITE INTERNET - HEBERGEMENT - MARKETING - WEBDESIGN\",\"description\":\"Internationaliser votre site Internet - Cr\u00e9ation de sites internet pour les entreprises et particuliers. Nos services: conception, CMS, h\u00e9b\u00e9rgement, r\u00e9f\u00e9rencement SEO\/SEA, nom de domaine, emailing, maintenance et support.\",\"publisher\":{\"@id\":\"https:\/\/www.aryup.com\/fr\/#organization\"},\"potentialAction\":[{\"@type\":\"SearchAction\",\"target\":{\"@type\":\"EntryPoint\",\"urlTemplate\":\"https:\/\/www.aryup.com\/fr\/?s={search_term_string}\"},\"query-input\":{\"@type\":\"PropertyValueSpecification\",\"valueRequired\":true,\"valueName\":\"search_term_string\"}}],\"inLanguage\":\"fr-FR\"},{\"@type\":\"Organization\",\"@id\":\"https:\/\/www.aryup.com\/fr\/#organization\",\"name\":\"Aryup\",\"url\":\"https:\/\/www.aryup.com\/fr\/\",\"logo\":{\"@type\":\"ImageObject\",\"inLanguage\":\"fr-FR\",\"@id\":\"https:\/\/www.aryup.com\/fr\/#\/schema\/logo\/image\/\",\"url\":\"https:\/\/www.aryup.com\/fr\/wp-content\/uploads\/2022\/01\/favicon-aryup-192.png\",\"contentUrl\":\"https:\/\/www.aryup.com\/fr\/wp-content\/uploads\/2022\/01\/favicon-aryup-192.png\",\"width\":192,\"height\":192,\"caption\":\"Aryup\"},\"image\":{\"@id\":\"https:\/\/www.aryup.com\/fr\/#\/schema\/logo\/image\/\"}}]}<\/script>\n<!-- \/ Yoast SEO plugin. -->","yoast_head_json":{"title":"Singapour \u2013 Asie - AGENCE WEB PARIS METZ LUXEMBOURG - SITE INTERNET - HEBERGEMENT - MARKETING - WEBDESIGN","robots":{"index":"index","follow":"follow","max-snippet":"max-snippet:-1","max-image-preview":"max-image-preview:large","max-video-preview":"max-video-preview:-1"},"canonical":"https:\/\/www.aryup.com\/fr\/hebergement\/notre-reseau\/datacenter-singapore-asia","og_locale":"fr_FR","og_type":"article","og_title":"Singapour \u2013 Asie - AGENCE WEB PARIS METZ LUXEMBOURG - SITE INTERNET - HEBERGEMENT - MARKETING - WEBDESIGN","og_description":"Centres de donn\u00e9es utilis\u00e9s par le r\u00e9seau Aryup : Retour \u00e0 la liste Emplacements : 5 avenue Kallang, n\u00b005-04 Singapour 339416 (Asie du sud-est) R\u00e9seau : Le nouveau DC (Ascenix) fonctionne de mani\u00e8re similaire \u00e0 Equinix en tant que centre de donn\u00e9es neutre pour les op\u00e9rateurs. 1 x 1Gbps fibre de SingTel Cross-connect \u00e0 Equinix [&hellip;]","og_url":"https:\/\/www.aryup.com\/fr\/hebergement\/notre-reseau\/datacenter-singapore-asia","og_site_name":"AGENCE WEB PARIS METZ LUXEMBOURG - SITE INTERNET - HEBERGEMENT - MARKETING - WEBDESIGN","article_modified_time":"2022-03-03T10:05:34+00:00","og_image":[{"width":192,"height":192,"url":"https:\/\/www.aryup.com\/fr\/wp-content\/uploads\/2022\/01\/favicon-aryup-192.png","type":"image\/png"}],"twitter_card":"summary_large_image","twitter_misc":{"Dur\u00e9e de lecture estim\u00e9e":"1 minute"},"schema":{"@context":"https:\/\/schema.org","@graph":[{"@type":"WebPage","@id":"https:\/\/www.aryup.com\/fr\/hebergement\/notre-reseau\/datacenter-singapore-asia","url":"https:\/\/www.aryup.com\/fr\/hebergement\/notre-reseau\/datacenter-singapore-asia","name":"Singapour \u2013 Asie - AGENCE WEB PARIS METZ LUXEMBOURG - SITE INTERNET - HEBERGEMENT - MARKETING - WEBDESIGN","isPartOf":{"@id":"https:\/\/www.aryup.com\/fr\/#website"},"datePublished":"2022-03-03T09:13:59+00:00","dateModified":"2022-03-03T10:05:34+00:00","breadcrumb":{"@id":"https:\/\/www.aryup.com\/fr\/hebergement\/notre-reseau\/datacenter-singapore-asia#breadcrumb"},"inLanguage":"fr-FR","potentialAction":[{"@type":"ReadAction","target":["https:\/\/www.aryup.com\/fr\/hebergement\/notre-reseau\/datacenter-singapore-asia"]}]},{"@type":"BreadcrumbList","@id":"https:\/\/www.aryup.com\/fr\/hebergement\/notre-reseau\/datacenter-singapore-asia#breadcrumb","itemListElement":[{"@type":"ListItem","position":1,"name":"Accueil","item":"https:\/\/www.aryup.com\/fr\/"},{"@type":"ListItem","position":2,"name":"H\u00e9bergement","item":"https:\/\/www.aryup.com\/fr\/hebergement"},{"@type":"ListItem","position":3,"name":"Notre r\u00e9seau d\u2019h\u00e9bergement","item":"https:\/\/www.aryup.com\/fr\/hebergement\/notre-reseau"},{"@type":"ListItem","position":4,"name":"Singapour \u2013 Asie"}]},{"@type":"WebSite","@id":"https:\/\/www.aryup.com\/fr\/#website","url":"https:\/\/www.aryup.com\/fr\/","name":"AGENCE WEB PARIS METZ LUXEMBOURG - SITE INTERNET - HEBERGEMENT - MARKETING - WEBDESIGN","description":"Internationaliser votre site Internet - Cr\u00e9ation de sites internet pour les entreprises et particuliers. Nos services: conception, CMS, h\u00e9b\u00e9rgement, r\u00e9f\u00e9rencement SEO\/SEA, nom de domaine, emailing, maintenance et support.","publisher":{"@id":"https:\/\/www.aryup.com\/fr\/#organization"},"potentialAction":[{"@type":"SearchAction","target":{"@type":"EntryPoint","urlTemplate":"https:\/\/www.aryup.com\/fr\/?s={search_term_string}"},"query-input":{"@type":"PropertyValueSpecification","valueRequired":true,"valueName":"search_term_string"}}],"inLanguage":"fr-FR"},{"@type":"Organization","@id":"https:\/\/www.aryup.com\/fr\/#organization","name":"Aryup","url":"https:\/\/www.aryup.com\/fr\/","logo":{"@type":"ImageObject","inLanguage":"fr-FR","@id":"https:\/\/www.aryup.com\/fr\/#\/schema\/logo\/image\/","url":"https:\/\/www.aryup.com\/fr\/wp-content\/uploads\/2022\/01\/favicon-aryup-192.png","contentUrl":"https:\/\/www.aryup.com\/fr\/wp-content\/uploads\/2022\/01\/favicon-aryup-192.png","width":192,"height":192,"caption":"Aryup"},"image":{"@id":"https:\/\/www.aryup.com\/fr\/#\/schema\/logo\/image\/"}}]}},"_links":{"self":[{"href":"https:\/\/www.aryup.com\/fr\/wp-json\/wp\/v2\/pages\/2029","targetHints":{"allow":["GET"]}}],"collection":[{"href":"https:\/\/www.aryup.com\/fr\/wp-json\/wp\/v2\/pages"}],"about":[{"href":"https:\/\/www.aryup.com\/fr\/wp-json\/wp\/v2\/types\/page"}],"author":[{"embeddable":true,"href":"https:\/\/www.aryup.com\/fr\/wp-json\/wp\/v2\/users\/1"}],"replies":[{"embeddable":true,"href":"https:\/\/www.aryup.com\/fr\/wp-json\/wp\/v2\/comments?post=2029"}],"version-history":[{"count":17,"href":"https:\/\/www.aryup.com\/fr\/wp-json\/wp\/v2\/pages\/2029\/revisions"}],"predecessor-version":[{"id":2059,"href":"https:\/\/www.aryup.com\/fr\/wp-json\/wp\/v2\/pages\/2029\/revisions\/2059"}],"up":[{"embeddable":true,"href":"https:\/\/www.aryup.com\/fr\/wp-json\/wp\/v2\/pages\/731"}],"wp:attachment":[{"href":"https:\/\/www.aryup.com\/fr\/wp-json\/wp\/v2\/media?parent=2029"}],"curies":[{"name":"wp","href":"https:\/\/api.w.org\/{rel}","templated":true}]}}